{"id":56234,"date":"2022-09-26T12:21:16","date_gmt":"2022-09-26T12:21:16","guid":{"rendered":"https:\/\/sales-ai-agents.com\/templates\/website-design-brief\/"},"modified":"2023-12-27T15:43:39","modified_gmt":"2023-12-27T15:43:39","slug":"website-design-brief","status":"publish","type":"product","link":"https:\/\/sales-ai-agents.com\/tr\/templates\/website-design-brief\/","title":{"rendered":"Web Sitesi Tasar\u0131m \u00d6zeti"},"content":{"rendered":"<p>&nbsp;<\/p>\n<h2>Web Sitesi Tasar\u0131m \u00d6zeti \u015eablonu<\/h2>\n<p class=\"desc-text\">Bu tasar\u0131m \u00f6zeti \u015fablonu, t\u00fcm web sitesi tasar\u0131m s\u00fcrecinizi y\u00f6nlendirmenize yard\u0131mc\u0131 olabilir. Ayr\u0131nt\u0131l\u0131 bilgiler ekleyerek, yeni web sitesi tasar\u0131mlar\u0131n\u0131za ba\u015flamadan \u00f6nce t\u00fcm temellerinizi kapatt\u0131\u011f\u0131n\u0131zdan emin olabilirsiniz. Planlar\u0131n\u0131z\u0131 ortaya koymak ve s\u00fcrecin her a\u015famas\u0131n\u0131 takip etmek i\u00e7in bu belgeyi kullan\u0131n. Yeni sitenizin ana hatlar\u0131n\u0131 \u00e7izerken t\u00fcm ekibiniz bunu bir referans noktas\u0131 olarak kullanabilir.<\/p>\n<h5>Nas\u0131l kullan\u0131l\u0131r?<\/h5>\n<ul class=\"desc-item_list\">\n<li class=\"desc-item_list__point\">\u00d6nemli i\u015f hedeflerini dahil edin<\/li>\n<li class=\"desc-item_list__point\">\u00d6nemli tasar\u0131m fikirlerini listeleyin<\/li>\n<li class=\"desc-item_list__point\">Gerekirse tasar\u0131mlar i\u00e7in resim y\u00fckleyin<\/li>\n<li class=\"desc-item_list__point\">Temel mesajlar\u0131n\u0131zla ilgili ayr\u0131nt\u0131lar\u0131 ekleyin<\/li>\n<li class=\"desc-item_list__point\">Her bir proje a\u015famas\u0131n\u0131n tamamlanmas\u0131n\u0131 takip edin<\/li>\n<\/ul>\n","protected":false},"excerpt":{"rendered":"<p>Bu tasar\u0131m \u00f6zeti \u015fablonu, t\u00fcm web sitesi tasar\u0131m s\u00fcrecinizi y\u00f6nlendirmenize yard\u0131mc\u0131 olabilir. Yeni web sitesi tasar\u0131mlar\u0131n\u0131za ba\u015flamadan \u00f6nce ayr\u0131nt\u0131l\u0131 bilgileri ekleyin!<\/p>\n","protected":false},"featured_media":56235,"template":"","meta":{"_acf_changed":false,"inline_featured_image":false},"product_brand":[],"product_cat":[251],"product_tag":[],"class_list":{"0":"post-56234","1":"product","2":"type-product","3":"status-publish","4":"has-post-thumbnail","6":"product_cat-designer","8":"first","9":"instock","10":"virtual","11":"sold-individually","12":"product-type-simple"},"acf":[],"yoast_head":"<!-- This site is optimized with the Yoast SEO plugin v25.3.1 - https:\/\/yoast.com\/wordpress\/plugins\/seo\/ -->\n<title>Web Sitesi Tasar\u0131m \u00d6zeti \u015eablonu - Sales AI Agents<\/title>\n<meta name=\"description\" content=\"Bu tasar\u0131m \u00f6zeti \u015fablonu, t\u00fcm web sitesi tasar\u0131m s\u00fcrecinizi y\u00f6nlendirmenize yard\u0131mc\u0131 olabilir. Yeni web sitesi tasar\u0131mlar\u0131n\u0131za ba\u015flamadan \u00f6nce ayr\u0131nt\u0131l\u0131 bilgileri ekleyin!\" \/>\n<meta name=\"robots\" content=\"index, follow, max-snippet:-1, max-image-preview:large, max-video-preview:-1\" \/>\n<link rel=\"canonical\" href=\"https:\/\/sales-ai-agents.com\/tr\/templates\/website-design-brief\/\" \/>\n<meta property=\"og:locale\" content=\"tr_TR\" \/>\n<meta property=\"og:type\" content=\"article\" \/>\n<meta property=\"og:title\" content=\"Web Sitesi Tasar\u0131m \u00d6zeti \u015eablonu - Sales AI Agents\" \/>\n<meta property=\"og:description\" content=\"Bu tasar\u0131m \u00f6zeti \u015fablonu, t\u00fcm web sitesi tasar\u0131m s\u00fcrecinizi y\u00f6nlendirmenize yard\u0131mc\u0131 olabilir. Yeni web sitesi tasar\u0131mlar\u0131n\u0131za ba\u015flamadan \u00f6nce ayr\u0131nt\u0131l\u0131 bilgileri ekleyin!\" \/>\n<meta property=\"og:url\" content=\"https:\/\/sales-ai-agents.com\/tr\/templates\/website-design-brief\/\" \/>\n<meta property=\"og:site_name\" content=\"Sales AI Agents\" \/>\n<meta property=\"article:modified_time\" content=\"2023-12-27T15:43:39+00:00\" \/>\n<meta property=\"og:image\" content=\"https:\/\/sales-ai-agents.com\/wp-content\/uploads\/2022\/09\/Website-Design-Brief-Template.png\" \/>\n\t<meta property=\"og:image:width\" content=\"1700\" \/>\n\t<meta property=\"og:image:height\" content=\"1100\" \/>\n\t<meta property=\"og:image:type\" content=\"image\/png\" \/>\n<meta name=\"twitter:card\" content=\"summary_large_image\" \/>\n<script type=\"application\/ld+json\" class=\"yoast-schema-graph\">{\"@context\":\"https:\/\/schema.org\",\"@graph\":[{\"@type\":\"WebPage\",\"@id\":\"https:\/\/sales-ai-agents.com\/tr\/templates\/website-design-brief\/\",\"url\":\"https:\/\/sales-ai-agents.com\/tr\/templates\/website-design-brief\/\",\"name\":\"Web Sitesi Tasar\u0131m \u00d6zeti \u015eablonu - Sales AI Agents\",\"isPartOf\":{\"@id\":\"https:\/\/sales-ai-agents.com\/#website\"},\"primaryImageOfPage\":{\"@id\":\"https:\/\/sales-ai-agents.com\/tr\/templates\/website-design-brief\/#primaryimage\"},\"image\":{\"@id\":\"https:\/\/sales-ai-agents.com\/tr\/templates\/website-design-brief\/#primaryimage\"},\"thumbnailUrl\":\"https:\/\/sales-ai-agents.com\/wp-content\/uploads\/2022\/09\/Website-Design-Brief-Template.png\",\"datePublished\":\"2022-09-26T12:21:16+00:00\",\"dateModified\":\"2023-12-27T15:43:39+00:00\",\"description\":\"Bu tasar\u0131m \u00f6zeti \u015fablonu, t\u00fcm web sitesi tasar\u0131m s\u00fcrecinizi y\u00f6nlendirmenize yard\u0131mc\u0131 olabilir. Yeni web sitesi tasar\u0131mlar\u0131n\u0131za ba\u015flamadan \u00f6nce ayr\u0131nt\u0131l\u0131 bilgileri ekleyin!\",\"inLanguage\":\"tr\",\"potentialAction\":[{\"@type\":\"ReadAction\",\"target\":[\"https:\/\/sales-ai-agents.com\/tr\/templates\/website-design-brief\/\"]}]},{\"@type\":\"ImageObject\",\"inLanguage\":\"tr\",\"@id\":\"https:\/\/sales-ai-agents.com\/tr\/templates\/website-design-brief\/#primaryimage\",\"url\":\"https:\/\/sales-ai-agents.com\/wp-content\/uploads\/2022\/09\/Website-Design-Brief-Template.png\",\"contentUrl\":\"https:\/\/sales-ai-agents.com\/wp-content\/uploads\/2022\/09\/Website-Design-Brief-Template.png\",\"width\":1700,\"height\":1100},{\"@type\":\"WebSite\",\"@id\":\"https:\/\/sales-ai-agents.com\/#website\",\"url\":\"https:\/\/sales-ai-agents.com\/\",\"name\":\"FuseBase\",\"description\":\"Sales AI Agents - Free Online Collaboration Software for Remote Teams. Build your wikis, client portals and more with the Nimbus Platform collaboration tool ? A perfect space for online work\",\"publisher\":{\"@id\":\"https:\/\/sales-ai-agents.com\/#organization\"},\"potentialAction\":[{\"@type\":\"SearchAction\",\"target\":{\"@type\":\"EntryPoint\",\"urlTemplate\":\"https:\/\/sales-ai-agents.com\/?s={search_term_string}\"},\"query-input\":{\"@type\":\"PropertyValueSpecification\",\"valueRequired\":true,\"valueName\":\"search_term_string\"}}],\"inLanguage\":\"tr\"},{\"@type\":\"Organization\",\"@id\":\"https:\/\/sales-ai-agents.com\/#organization\",\"name\":\"FuseBase\",\"url\":\"https:\/\/sales-ai-agents.com\/\",\"logo\":{\"@type\":\"ImageObject\",\"inLanguage\":\"tr\",\"@id\":\"https:\/\/sales-ai-agents.com\/#\/schema\/logo\/image\/\",\"url\":\"https:\/\/sales-ai-agents.com\/wp-content\/uploads\/2023\/11\/icon-7.svg\",\"contentUrl\":\"https:\/\/sales-ai-agents.com\/wp-content\/uploads\/2023\/11\/icon-7.svg\",\"width\":128,\"height\":128,\"caption\":\"FuseBase\"},\"image\":{\"@id\":\"https:\/\/sales-ai-agents.com\/#\/schema\/logo\/image\/\"}}]}<\/script>\n<!-- \/ Yoast SEO plugin. -->","yoast_head_json":{"title":"Web Sitesi Tasar\u0131m \u00d6zeti \u015eablonu - Sales AI Agents","description":"Bu tasar\u0131m \u00f6zeti \u015fablonu, t\u00fcm web sitesi tasar\u0131m s\u00fcrecinizi y\u00f6nlendirmenize yard\u0131mc\u0131 olabilir. Yeni web sitesi tasar\u0131mlar\u0131n\u0131za ba\u015flamadan \u00f6nce ayr\u0131nt\u0131l\u0131 bilgileri ekleyin!","robots":{"index":"index","follow":"follow","max-snippet":"max-snippet:-1","max-image-preview":"max-image-preview:large","max-video-preview":"max-video-preview:-1"},"canonical":"https:\/\/sales-ai-agents.com\/tr\/templates\/website-design-brief\/","og_locale":"tr_TR","og_type":"article","og_title":"Web Sitesi Tasar\u0131m \u00d6zeti \u015eablonu - Sales AI Agents","og_description":"Bu tasar\u0131m \u00f6zeti \u015fablonu, t\u00fcm web sitesi tasar\u0131m s\u00fcrecinizi y\u00f6nlendirmenize yard\u0131mc\u0131 olabilir. Yeni web sitesi tasar\u0131mlar\u0131n\u0131za ba\u015flamadan \u00f6nce ayr\u0131nt\u0131l\u0131 bilgileri ekleyin!","og_url":"https:\/\/sales-ai-agents.com\/tr\/templates\/website-design-brief\/","og_site_name":"Sales AI Agents","article_modified_time":"2023-12-27T15:43:39+00:00","og_image":[{"width":1700,"height":1100,"url":"https:\/\/sales-ai-agents.com\/wp-content\/uploads\/2022\/09\/Website-Design-Brief-Template.png","type":"image\/png"}],"twitter_card":"summary_large_image","schema":{"@context":"https:\/\/schema.org","@graph":[{"@type":"WebPage","@id":"https:\/\/sales-ai-agents.com\/tr\/templates\/website-design-brief\/","url":"https:\/\/sales-ai-agents.com\/tr\/templates\/website-design-brief\/","name":"Web Sitesi Tasar\u0131m \u00d6zeti \u015eablonu - Sales AI Agents","isPartOf":{"@id":"https:\/\/sales-ai-agents.com\/#website"},"primaryImageOfPage":{"@id":"https:\/\/sales-ai-agents.com\/tr\/templates\/website-design-brief\/#primaryimage"},"image":{"@id":"https:\/\/sales-ai-agents.com\/tr\/templates\/website-design-brief\/#primaryimage"},"thumbnailUrl":"https:\/\/sales-ai-agents.com\/wp-content\/uploads\/2022\/09\/Website-Design-Brief-Template.png","datePublished":"2022-09-26T12:21:16+00:00","dateModified":"2023-12-27T15:43:39+00:00","description":"Bu tasar\u0131m \u00f6zeti \u015fablonu, t\u00fcm web sitesi tasar\u0131m s\u00fcrecinizi y\u00f6nlendirmenize yard\u0131mc\u0131 olabilir. Yeni web sitesi tasar\u0131mlar\u0131n\u0131za ba\u015flamadan \u00f6nce ayr\u0131nt\u0131l\u0131 bilgileri ekleyin!","inLanguage":"tr","potentialAction":[{"@type":"ReadAction","target":["https:\/\/sales-ai-agents.com\/tr\/templates\/website-design-brief\/"]}]},{"@type":"ImageObject","inLanguage":"tr","@id":"https:\/\/sales-ai-agents.com\/tr\/templates\/website-design-brief\/#primaryimage","url":"https:\/\/sales-ai-agents.com\/wp-content\/uploads\/2022\/09\/Website-Design-Brief-Template.png","contentUrl":"https:\/\/sales-ai-agents.com\/wp-content\/uploads\/2022\/09\/Website-Design-Brief-Template.png","width":1700,"height":1100},{"@type":"WebSite","@id":"https:\/\/sales-ai-agents.com\/#website","url":"https:\/\/sales-ai-agents.com\/","name":"FuseBase","description":"Sales AI Agents - Free Online Collaboration Software for Remote Teams. Build your wikis, client portals and more with the Nimbus Platform collaboration tool ? A perfect space for online work","publisher":{"@id":"https:\/\/sales-ai-agents.com\/#organization"},"potentialAction":[{"@type":"SearchAction","target":{"@type":"EntryPoint","urlTemplate":"https:\/\/sales-ai-agents.com\/?s={search_term_string}"},"query-input":{"@type":"PropertyValueSpecification","valueRequired":true,"valueName":"search_term_string"}}],"inLanguage":"tr"},{"@type":"Organization","@id":"https:\/\/sales-ai-agents.com\/#organization","name":"FuseBase","url":"https:\/\/sales-ai-agents.com\/","logo":{"@type":"ImageObject","inLanguage":"tr","@id":"https:\/\/sales-ai-agents.com\/#\/schema\/logo\/image\/","url":"https:\/\/sales-ai-agents.com\/wp-content\/uploads\/2023\/11\/icon-7.svg","contentUrl":"https:\/\/sales-ai-agents.com\/wp-content\/uploads\/2023\/11\/icon-7.svg","width":128,"height":128,"caption":"FuseBase"},"image":{"@id":"https:\/\/sales-ai-agents.com\/#\/schema\/logo\/image\/"}}]}},"_links":{"self":[{"href":"https:\/\/sales-ai-agents.com\/tr\/wp-json\/wp\/v2\/product\/56234","targetHints":{"allow":["GET"]}}],"collection":[{"href":"https:\/\/sales-ai-agents.com\/tr\/wp-json\/wp\/v2\/product"}],"about":[{"href":"https:\/\/sales-ai-agents.com\/tr\/wp-json\/wp\/v2\/types\/product"}],"wp:featuredmedia":[{"embeddable":true,"href":"https:\/\/sales-ai-agents.com\/tr\/wp-json\/wp\/v2\/media\/56235"}],"wp:attachment":[{"href":"https:\/\/sales-ai-agents.com\/tr\/wp-json\/wp\/v2\/media?parent=56234"}],"wp:term":[{"taxonomy":"product_brand","embeddable":true,"href":"https:\/\/sales-ai-agents.com\/tr\/wp-json\/wp\/v2\/product_brand?post=56234"},{"taxonomy":"product_cat","embeddable":true,"href":"https:\/\/sales-ai-agents.com\/tr\/wp-json\/wp\/v2\/product_cat?post=56234"},{"taxonomy":"product_tag","embeddable":true,"href":"https:\/\/sales-ai-agents.com\/tr\/wp-json\/wp\/v2\/product_tag?post=56234"}],"curies":[{"name":"wp","href":"https:\/\/api.w.org\/{rel}","templated":true}]}}