{"id":56239,"date":"2022-09-26T12:21:10","date_gmt":"2022-09-26T12:21:10","guid":{"rendered":"https:\/\/sales-ai-agents.com\/templates\/simple-agenda\/"},"modified":"2023-12-31T17:59:32","modified_gmt":"2023-12-31T17:59:32","slug":"simple-agenda","status":"publish","type":"product","link":"https:\/\/sales-ai-agents.com\/tr\/templates\/simple-agenda\/","title":{"rendered":"Basit Ajanda"},"content":{"rendered":"<p>&nbsp;<\/p>\n<h2>Basit Ajanda \u015eablonu<\/h2>\n<p class=\"desc-text\">Bu basit ajanda \u015fablonu ile ekibinizle h\u0131zl\u0131 bir \u015fekilde toplant\u0131 planlayabilirsiniz. Di\u011fer \u00fcyeleri etiketleyerek onlar\u0131 da haberdar edin. Her tart\u0131\u015fma konusunun bir a\u00e7\u0131klamas\u0131n\u0131 ekleyin ve belirlenmi\u015f bir ba\u015flang\u0131\u00e7 ve biti\u015f zaman\u0131 verin. \u00dcyeleri kendi konular\u0131na etiketleyin. Bu ajandan\u0131n okunmas\u0131 kolayd\u0131r ve ihtiya\u00e7lar\u0131n\u0131za uyacak \u015fekilde d\u00fczenlenebilir ve \u00f6zelle\u015ftirilebilir.<\/p>\n<h5>Nas\u0131l kullan\u0131l\u0131r?<\/h5>\n<ul class=\"desc-item_list\">\n<li class=\"desc-item_list__point\">Toplant\u0131 hakk\u0131nda ayr\u0131nt\u0131lar ekleyin<\/li>\n<li class=\"desc-item_list__point\">Her g\u00fcndem maddesi i\u00e7in bir a\u00e7\u0131klama yaz\u0131n<\/li>\n<li class=\"desc-item_list__point\">Tart\u0131\u015fma i\u00e7in bir ba\u015flang\u0131\u00e7 ve biti\u015f zaman\u0131 belirleyin<\/li>\n<li class=\"desc-item_list__point\">Ekip \u00fcyelerini konular\u0131na etiketleyin<\/li>\n<li class=\"desc-item_list__point\">Son b\u00f6l\u00fcme ek bilgiler ekleyin<\/li>\n<\/ul>\n","protected":false},"excerpt":{"rendered":"<p>Bu basit ajanda \u015fablonu ile ekibinizle h\u0131zl\u0131 bir \u015fekilde toplant\u0131 planlayabilirsiniz. Tart\u0131\u015fma i\u00e7in bir konu listesi haz\u0131rlay\u0131n ve bunu ekibinizle payla\u015f\u0131n.<\/p>\n","protected":false},"featured_media":56240,"template":"","meta":{"_acf_changed":false,"inline_featured_image":false},"product_brand":[],"product_cat":[231,230],"product_tag":[],"class_list":{"0":"post-56239","1":"product","2":"type-product","3":"status-publish","4":"has-post-thumbnail","6":"product_cat-project-management","7":"product_cat-meeting","9":"first","10":"instock","11":"virtual","12":"sold-individually","13":"product-type-simple"},"acf":[],"yoast_head":"<!-- This site is optimized with the Yoast SEO plugin v25.3.1 - https:\/\/yoast.com\/wordpress\/plugins\/seo\/ -->\n<title>Basit Ajanda \u015eablonu - Sales AI Agents<\/title>\n<meta name=\"description\" content=\"Bu basit ajanda \u015fablonu ile ekibinizle h\u0131zl\u0131 bir \u015fekilde toplant\u0131 planlayabilirsiniz. Tart\u0131\u015fma i\u00e7in bir konu listesi haz\u0131rlay\u0131n ve bunu ekibinizle payla\u015f\u0131n.\" \/>\n<meta name=\"robots\" content=\"index, follow, max-snippet:-1, max-image-preview:large, max-video-preview:-1\" \/>\n<link rel=\"canonical\" href=\"https:\/\/sales-ai-agents.com\/tr\/templates\/simple-agenda\/\" \/>\n<meta property=\"og:locale\" content=\"tr_TR\" \/>\n<meta property=\"og:type\" content=\"article\" \/>\n<meta property=\"og:title\" content=\"Basit Ajanda \u015eablonu - Sales AI Agents\" \/>\n<meta property=\"og:description\" content=\"Bu basit ajanda \u015fablonu ile ekibinizle h\u0131zl\u0131 bir \u015fekilde toplant\u0131 planlayabilirsiniz. Tart\u0131\u015fma i\u00e7in bir konu listesi haz\u0131rlay\u0131n ve bunu ekibinizle payla\u015f\u0131n.\" \/>\n<meta property=\"og:url\" content=\"https:\/\/sales-ai-agents.com\/tr\/templates\/simple-agenda\/\" \/>\n<meta property=\"og:site_name\" content=\"Sales AI Agents\" \/>\n<meta property=\"article:modified_time\" content=\"2023-12-31T17:59:32+00:00\" \/>\n<meta property=\"og:image\" content=\"https:\/\/sales-ai-agents.com\/wp-content\/uploads\/2022\/09\/Simple-Agenda-Template.png\" \/>\n\t<meta property=\"og:image:width\" content=\"1700\" \/>\n\t<meta property=\"og:image:height\" content=\"1100\" \/>\n\t<meta property=\"og:image:type\" content=\"image\/png\" \/>\n<meta name=\"twitter:card\" content=\"summary_large_image\" \/>\n<script type=\"application\/ld+json\" class=\"yoast-schema-graph\">{\"@context\":\"https:\/\/schema.org\",\"@graph\":[{\"@type\":\"WebPage\",\"@id\":\"https:\/\/sales-ai-agents.com\/tr\/templates\/simple-agenda\/\",\"url\":\"https:\/\/sales-ai-agents.com\/tr\/templates\/simple-agenda\/\",\"name\":\"Basit Ajanda \u015eablonu - Sales AI Agents\",\"isPartOf\":{\"@id\":\"https:\/\/sales-ai-agents.com\/#website\"},\"primaryImageOfPage\":{\"@id\":\"https:\/\/sales-ai-agents.com\/tr\/templates\/simple-agenda\/#primaryimage\"},\"image\":{\"@id\":\"https:\/\/sales-ai-agents.com\/tr\/templates\/simple-agenda\/#primaryimage\"},\"thumbnailUrl\":\"https:\/\/sales-ai-agents.com\/wp-content\/uploads\/2022\/09\/Simple-Agenda-Template.png\",\"datePublished\":\"2022-09-26T12:21:10+00:00\",\"dateModified\":\"2023-12-31T17:59:32+00:00\",\"description\":\"Bu basit ajanda \u015fablonu ile ekibinizle h\u0131zl\u0131 bir \u015fekilde toplant\u0131 planlayabilirsiniz. Tart\u0131\u015fma i\u00e7in bir konu listesi haz\u0131rlay\u0131n ve bunu ekibinizle payla\u015f\u0131n.\",\"inLanguage\":\"tr\",\"potentialAction\":[{\"@type\":\"ReadAction\",\"target\":[\"https:\/\/sales-ai-agents.com\/tr\/templates\/simple-agenda\/\"]}]},{\"@type\":\"ImageObject\",\"inLanguage\":\"tr\",\"@id\":\"https:\/\/sales-ai-agents.com\/tr\/templates\/simple-agenda\/#primaryimage\",\"url\":\"https:\/\/sales-ai-agents.com\/wp-content\/uploads\/2022\/09\/Simple-Agenda-Template.png\",\"contentUrl\":\"https:\/\/sales-ai-agents.com\/wp-content\/uploads\/2022\/09\/Simple-Agenda-Template.png\",\"width\":1700,\"height\":1100},{\"@type\":\"WebSite\",\"@id\":\"https:\/\/sales-ai-agents.com\/#website\",\"url\":\"https:\/\/sales-ai-agents.com\/\",\"name\":\"FuseBase\",\"description\":\"Sales AI Agents - Free Online Collaboration Software for Remote Teams. Build your wikis, client portals and more with the Nimbus Platform collaboration tool ? A perfect space for online work\",\"publisher\":{\"@id\":\"https:\/\/sales-ai-agents.com\/#organization\"},\"potentialAction\":[{\"@type\":\"SearchAction\",\"target\":{\"@type\":\"EntryPoint\",\"urlTemplate\":\"https:\/\/sales-ai-agents.com\/?s={search_term_string}\"},\"query-input\":{\"@type\":\"PropertyValueSpecification\",\"valueRequired\":true,\"valueName\":\"search_term_string\"}}],\"inLanguage\":\"tr\"},{\"@type\":\"Organization\",\"@id\":\"https:\/\/sales-ai-agents.com\/#organization\",\"name\":\"FuseBase\",\"url\":\"https:\/\/sales-ai-agents.com\/\",\"logo\":{\"@type\":\"ImageObject\",\"inLanguage\":\"tr\",\"@id\":\"https:\/\/sales-ai-agents.com\/#\/schema\/logo\/image\/\",\"url\":\"https:\/\/sales-ai-agents.com\/wp-content\/uploads\/2023\/11\/icon-7.svg\",\"contentUrl\":\"https:\/\/sales-ai-agents.com\/wp-content\/uploads\/2023\/11\/icon-7.svg\",\"width\":128,\"height\":128,\"caption\":\"FuseBase\"},\"image\":{\"@id\":\"https:\/\/sales-ai-agents.com\/#\/schema\/logo\/image\/\"}}]}<\/script>\n<!-- \/ Yoast SEO plugin. -->","yoast_head_json":{"title":"Basit Ajanda \u015eablonu - Sales AI Agents","description":"Bu basit ajanda \u015fablonu ile ekibinizle h\u0131zl\u0131 bir \u015fekilde toplant\u0131 planlayabilirsiniz. Tart\u0131\u015fma i\u00e7in bir konu listesi haz\u0131rlay\u0131n ve bunu ekibinizle payla\u015f\u0131n.","robots":{"index":"index","follow":"follow","max-snippet":"max-snippet:-1","max-image-preview":"max-image-preview:large","max-video-preview":"max-video-preview:-1"},"canonical":"https:\/\/sales-ai-agents.com\/tr\/templates\/simple-agenda\/","og_locale":"tr_TR","og_type":"article","og_title":"Basit Ajanda \u015eablonu - Sales AI Agents","og_description":"Bu basit ajanda \u015fablonu ile ekibinizle h\u0131zl\u0131 bir \u015fekilde toplant\u0131 planlayabilirsiniz. Tart\u0131\u015fma i\u00e7in bir konu listesi haz\u0131rlay\u0131n ve bunu ekibinizle payla\u015f\u0131n.","og_url":"https:\/\/sales-ai-agents.com\/tr\/templates\/simple-agenda\/","og_site_name":"Sales AI Agents","article_modified_time":"2023-12-31T17:59:32+00:00","og_image":[{"width":1700,"height":1100,"url":"https:\/\/sales-ai-agents.com\/wp-content\/uploads\/2022\/09\/Simple-Agenda-Template.png","type":"image\/png"}],"twitter_card":"summary_large_image","schema":{"@context":"https:\/\/schema.org","@graph":[{"@type":"WebPage","@id":"https:\/\/sales-ai-agents.com\/tr\/templates\/simple-agenda\/","url":"https:\/\/sales-ai-agents.com\/tr\/templates\/simple-agenda\/","name":"Basit Ajanda \u015eablonu - Sales AI Agents","isPartOf":{"@id":"https:\/\/sales-ai-agents.com\/#website"},"primaryImageOfPage":{"@id":"https:\/\/sales-ai-agents.com\/tr\/templates\/simple-agenda\/#primaryimage"},"image":{"@id":"https:\/\/sales-ai-agents.com\/tr\/templates\/simple-agenda\/#primaryimage"},"thumbnailUrl":"https:\/\/sales-ai-agents.com\/wp-content\/uploads\/2022\/09\/Simple-Agenda-Template.png","datePublished":"2022-09-26T12:21:10+00:00","dateModified":"2023-12-31T17:59:32+00:00","description":"Bu basit ajanda \u015fablonu ile ekibinizle h\u0131zl\u0131 bir \u015fekilde toplant\u0131 planlayabilirsiniz. Tart\u0131\u015fma i\u00e7in bir konu listesi haz\u0131rlay\u0131n ve bunu ekibinizle payla\u015f\u0131n.","inLanguage":"tr","potentialAction":[{"@type":"ReadAction","target":["https:\/\/sales-ai-agents.com\/tr\/templates\/simple-agenda\/"]}]},{"@type":"ImageObject","inLanguage":"tr","@id":"https:\/\/sales-ai-agents.com\/tr\/templates\/simple-agenda\/#primaryimage","url":"https:\/\/sales-ai-agents.com\/wp-content\/uploads\/2022\/09\/Simple-Agenda-Template.png","contentUrl":"https:\/\/sales-ai-agents.com\/wp-content\/uploads\/2022\/09\/Simple-Agenda-Template.png","width":1700,"height":1100},{"@type":"WebSite","@id":"https:\/\/sales-ai-agents.com\/#website","url":"https:\/\/sales-ai-agents.com\/","name":"FuseBase","description":"Sales AI Agents - Free Online Collaboration Software for Remote Teams. Build your wikis, client portals and more with the Nimbus Platform collaboration tool ? A perfect space for online work","publisher":{"@id":"https:\/\/sales-ai-agents.com\/#organization"},"potentialAction":[{"@type":"SearchAction","target":{"@type":"EntryPoint","urlTemplate":"https:\/\/sales-ai-agents.com\/?s={search_term_string}"},"query-input":{"@type":"PropertyValueSpecification","valueRequired":true,"valueName":"search_term_string"}}],"inLanguage":"tr"},{"@type":"Organization","@id":"https:\/\/sales-ai-agents.com\/#organization","name":"FuseBase","url":"https:\/\/sales-ai-agents.com\/","logo":{"@type":"ImageObject","inLanguage":"tr","@id":"https:\/\/sales-ai-agents.com\/#\/schema\/logo\/image\/","url":"https:\/\/sales-ai-agents.com\/wp-content\/uploads\/2023\/11\/icon-7.svg","contentUrl":"https:\/\/sales-ai-agents.com\/wp-content\/uploads\/2023\/11\/icon-7.svg","width":128,"height":128,"caption":"FuseBase"},"image":{"@id":"https:\/\/sales-ai-agents.com\/#\/schema\/logo\/image\/"}}]}},"_links":{"self":[{"href":"https:\/\/sales-ai-agents.com\/tr\/wp-json\/wp\/v2\/product\/56239","targetHints":{"allow":["GET"]}}],"collection":[{"href":"https:\/\/sales-ai-agents.com\/tr\/wp-json\/wp\/v2\/product"}],"about":[{"href":"https:\/\/sales-ai-agents.com\/tr\/wp-json\/wp\/v2\/types\/product"}],"wp:featuredmedia":[{"embeddable":true,"href":"https:\/\/sales-ai-agents.com\/tr\/wp-json\/wp\/v2\/media\/56240"}],"wp:attachment":[{"href":"https:\/\/sales-ai-agents.com\/tr\/wp-json\/wp\/v2\/media?parent=56239"}],"wp:term":[{"taxonomy":"product_brand","embeddable":true,"href":"https:\/\/sales-ai-agents.com\/tr\/wp-json\/wp\/v2\/product_brand?post=56239"},{"taxonomy":"product_cat","embeddable":true,"href":"https:\/\/sales-ai-agents.com\/tr\/wp-json\/wp\/v2\/product_cat?post=56239"},{"taxonomy":"product_tag","embeddable":true,"href":"https:\/\/sales-ai-agents.com\/tr\/wp-json\/wp\/v2\/product_tag?post=56239"}],"curies":[{"name":"wp","href":"https:\/\/api.w.org\/{rel}","templated":true}]}}