{"id":56245,"date":"2022-09-26T12:21:07","date_gmt":"2022-09-26T12:21:07","guid":{"rendered":"https:\/\/sales-ai-agents.com\/templates\/project-poster\/"},"modified":"2023-12-31T17:57:05","modified_gmt":"2023-12-31T17:57:05","slug":"project-poster","status":"publish","type":"product","link":"https:\/\/sales-ai-agents.com\/tr\/templates\/project-poster\/","title":{"rendered":"Proje Posteri"},"content":{"rendered":"<p>&nbsp;<\/p>\n<h2>Proje Poster \u015eablonu<\/h2>\n<p class=\"desc-text\">Planlar\u0131n\u0131z\u0131 \u00f6zetleyen, okunmas\u0131 kolay bir proje posteri olu\u015fturun. Fikirlerinizi payda\u015flar\u0131n\u0131zla ve sponsorlar\u0131n\u0131zla payla\u015f\u0131n ve tek bir belgeyle t\u00fcm ekibinizin kat\u0131l\u0131m\u0131n\u0131 sa\u011flay\u0131n. Sorunlar\u0131 \u00e7\u00f6zmek, sonu\u00e7lar \u00e7\u0131karmak ve buna g\u00f6re strateji belirlemek i\u00e7in bu \u015fablonu kullan\u0131n.<\/p>\n<h5>Nas\u0131l kullan\u0131l\u0131r?<\/h5>\n<ul class=\"desc-item_list\">\n<li class=\"desc-item_list__point\">\u00c7\u00f6z\u00fclecek sorunlar\u0131 belirleme<\/li>\n<li class=\"desc-item_list__point\">Arka plan bilgisini dahil edin<\/li>\n<li class=\"desc-item_list__point\">Ba\u015flamak i\u00e7in planlar haz\u0131rlay\u0131n<\/li>\n<\/ul>\n","protected":false},"excerpt":{"rendered":"<p>Planlar\u0131n\u0131z\u0131 \u00f6zetleyen, okunmas\u0131 kolay bir proje posteri olu\u015fturun. Fikirlerinizi payda\u015flar\u0131n\u0131zla payla\u015f\u0131n ve ekibinizi tek bir dok\u00fcmanla bir araya getirin!<\/p>\n","protected":false},"featured_media":56248,"template":"","meta":{"_acf_changed":false,"inline_featured_image":false},"product_brand":[],"product_cat":[217,272],"product_tag":[],"class_list":{"0":"post-56245","1":"product","2":"type-product","3":"status-publish","4":"has-post-thumbnail","6":"product_cat-entrepreneur","7":"product_cat-project-documents","9":"first","10":"instock","11":"virtual","12":"sold-individually","13":"product-type-simple"},"acf":[],"yoast_head":"<!-- This site is optimized with the Yoast SEO plugin v25.3.1 - https:\/\/yoast.com\/wordpress\/plugins\/seo\/ -->\n<title>Proje Posteri \u015eablonu - Sales AI Agents<\/title>\n<meta name=\"description\" content=\"Planlar\u0131n\u0131z\u0131 \u00f6zetleyen, okunmas\u0131 kolay bir proje posteri olu\u015fturun. Fikirlerinizi payda\u015flar\u0131n\u0131zla payla\u015f\u0131n ve ekibinizi tek bir dok\u00fcmanla bir araya getirin!\" \/>\n<meta name=\"robots\" content=\"index, follow, max-snippet:-1, max-image-preview:large, max-video-preview:-1\" \/>\n<link rel=\"canonical\" href=\"https:\/\/sales-ai-agents.com\/tr\/templates\/project-poster\/\" \/>\n<meta property=\"og:locale\" content=\"tr_TR\" \/>\n<meta property=\"og:type\" content=\"article\" \/>\n<meta property=\"og:title\" content=\"Proje Posteri \u015eablonu - Sales AI Agents\" \/>\n<meta property=\"og:description\" content=\"Planlar\u0131n\u0131z\u0131 \u00f6zetleyen, okunmas\u0131 kolay bir proje posteri olu\u015fturun. Fikirlerinizi payda\u015flar\u0131n\u0131zla payla\u015f\u0131n ve ekibinizi tek bir dok\u00fcmanla bir araya getirin!\" \/>\n<meta property=\"og:url\" content=\"https:\/\/sales-ai-agents.com\/tr\/templates\/project-poster\/\" \/>\n<meta property=\"og:site_name\" content=\"Sales AI Agents\" \/>\n<meta property=\"article:modified_time\" content=\"2023-12-31T17:57:05+00:00\" \/>\n<meta property=\"og:image\" content=\"https:\/\/sales-ai-agents.com\/wp-content\/uploads\/2022\/09\/Project-Poster-Template.png\" \/>\n\t<meta property=\"og:image:width\" content=\"1700\" \/>\n\t<meta property=\"og:image:height\" content=\"1066\" \/>\n\t<meta property=\"og:image:type\" content=\"image\/png\" \/>\n<meta name=\"twitter:card\" content=\"summary_large_image\" \/>\n<script type=\"application\/ld+json\" class=\"yoast-schema-graph\">{\"@context\":\"https:\/\/schema.org\",\"@graph\":[{\"@type\":\"WebPage\",\"@id\":\"https:\/\/sales-ai-agents.com\/tr\/templates\/project-poster\/\",\"url\":\"https:\/\/sales-ai-agents.com\/tr\/templates\/project-poster\/\",\"name\":\"Proje Posteri \u015eablonu - Sales AI Agents\",\"isPartOf\":{\"@id\":\"https:\/\/sales-ai-agents.com\/#website\"},\"primaryImageOfPage\":{\"@id\":\"https:\/\/sales-ai-agents.com\/tr\/templates\/project-poster\/#primaryimage\"},\"image\":{\"@id\":\"https:\/\/sales-ai-agents.com\/tr\/templates\/project-poster\/#primaryimage\"},\"thumbnailUrl\":\"https:\/\/sales-ai-agents.com\/wp-content\/uploads\/2022\/09\/Project-Poster-Template.png\",\"datePublished\":\"2022-09-26T12:21:07+00:00\",\"dateModified\":\"2023-12-31T17:57:05+00:00\",\"description\":\"Planlar\u0131n\u0131z\u0131 \u00f6zetleyen, okunmas\u0131 kolay bir proje posteri olu\u015fturun. Fikirlerinizi payda\u015flar\u0131n\u0131zla payla\u015f\u0131n ve ekibinizi tek bir dok\u00fcmanla bir araya getirin!\",\"inLanguage\":\"tr\",\"potentialAction\":[{\"@type\":\"ReadAction\",\"target\":[\"https:\/\/sales-ai-agents.com\/tr\/templates\/project-poster\/\"]}]},{\"@type\":\"ImageObject\",\"inLanguage\":\"tr\",\"@id\":\"https:\/\/sales-ai-agents.com\/tr\/templates\/project-poster\/#primaryimage\",\"url\":\"https:\/\/sales-ai-agents.com\/wp-content\/uploads\/2022\/09\/Project-Poster-Template.png\",\"contentUrl\":\"https:\/\/sales-ai-agents.com\/wp-content\/uploads\/2022\/09\/Project-Poster-Template.png\",\"width\":1700,\"height\":1066},{\"@type\":\"WebSite\",\"@id\":\"https:\/\/sales-ai-agents.com\/#website\",\"url\":\"https:\/\/sales-ai-agents.com\/\",\"name\":\"FuseBase\",\"description\":\"Sales AI Agents - Free Online Collaboration Software for Remote Teams. Build your wikis, client portals and more with the Nimbus Platform collaboration tool ? A perfect space for online work\",\"publisher\":{\"@id\":\"https:\/\/sales-ai-agents.com\/#organization\"},\"potentialAction\":[{\"@type\":\"SearchAction\",\"target\":{\"@type\":\"EntryPoint\",\"urlTemplate\":\"https:\/\/sales-ai-agents.com\/?s={search_term_string}\"},\"query-input\":{\"@type\":\"PropertyValueSpecification\",\"valueRequired\":true,\"valueName\":\"search_term_string\"}}],\"inLanguage\":\"tr\"},{\"@type\":\"Organization\",\"@id\":\"https:\/\/sales-ai-agents.com\/#organization\",\"name\":\"FuseBase\",\"url\":\"https:\/\/sales-ai-agents.com\/\",\"logo\":{\"@type\":\"ImageObject\",\"inLanguage\":\"tr\",\"@id\":\"https:\/\/sales-ai-agents.com\/#\/schema\/logo\/image\/\",\"url\":\"https:\/\/sales-ai-agents.com\/wp-content\/uploads\/2023\/11\/icon-7.svg\",\"contentUrl\":\"https:\/\/sales-ai-agents.com\/wp-content\/uploads\/2023\/11\/icon-7.svg\",\"width\":128,\"height\":128,\"caption\":\"FuseBase\"},\"image\":{\"@id\":\"https:\/\/sales-ai-agents.com\/#\/schema\/logo\/image\/\"}}]}<\/script>\n<!-- \/ Yoast SEO plugin. -->","yoast_head_json":{"title":"Proje Posteri \u015eablonu - Sales AI Agents","description":"Planlar\u0131n\u0131z\u0131 \u00f6zetleyen, okunmas\u0131 kolay bir proje posteri olu\u015fturun. Fikirlerinizi payda\u015flar\u0131n\u0131zla payla\u015f\u0131n ve ekibinizi tek bir dok\u00fcmanla bir araya getirin!","robots":{"index":"index","follow":"follow","max-snippet":"max-snippet:-1","max-image-preview":"max-image-preview:large","max-video-preview":"max-video-preview:-1"},"canonical":"https:\/\/sales-ai-agents.com\/tr\/templates\/project-poster\/","og_locale":"tr_TR","og_type":"article","og_title":"Proje Posteri \u015eablonu - Sales AI Agents","og_description":"Planlar\u0131n\u0131z\u0131 \u00f6zetleyen, okunmas\u0131 kolay bir proje posteri olu\u015fturun. Fikirlerinizi payda\u015flar\u0131n\u0131zla payla\u015f\u0131n ve ekibinizi tek bir dok\u00fcmanla bir araya getirin!","og_url":"https:\/\/sales-ai-agents.com\/tr\/templates\/project-poster\/","og_site_name":"Sales AI Agents","article_modified_time":"2023-12-31T17:57:05+00:00","og_image":[{"width":1700,"height":1066,"url":"https:\/\/sales-ai-agents.com\/wp-content\/uploads\/2022\/09\/Project-Poster-Template.png","type":"image\/png"}],"twitter_card":"summary_large_image","schema":{"@context":"https:\/\/schema.org","@graph":[{"@type":"WebPage","@id":"https:\/\/sales-ai-agents.com\/tr\/templates\/project-poster\/","url":"https:\/\/sales-ai-agents.com\/tr\/templates\/project-poster\/","name":"Proje Posteri \u015eablonu - Sales AI Agents","isPartOf":{"@id":"https:\/\/sales-ai-agents.com\/#website"},"primaryImageOfPage":{"@id":"https:\/\/sales-ai-agents.com\/tr\/templates\/project-poster\/#primaryimage"},"image":{"@id":"https:\/\/sales-ai-agents.com\/tr\/templates\/project-poster\/#primaryimage"},"thumbnailUrl":"https:\/\/sales-ai-agents.com\/wp-content\/uploads\/2022\/09\/Project-Poster-Template.png","datePublished":"2022-09-26T12:21:07+00:00","dateModified":"2023-12-31T17:57:05+00:00","description":"Planlar\u0131n\u0131z\u0131 \u00f6zetleyen, okunmas\u0131 kolay bir proje posteri olu\u015fturun. Fikirlerinizi payda\u015flar\u0131n\u0131zla payla\u015f\u0131n ve ekibinizi tek bir dok\u00fcmanla bir araya getirin!","inLanguage":"tr","potentialAction":[{"@type":"ReadAction","target":["https:\/\/sales-ai-agents.com\/tr\/templates\/project-poster\/"]}]},{"@type":"ImageObject","inLanguage":"tr","@id":"https:\/\/sales-ai-agents.com\/tr\/templates\/project-poster\/#primaryimage","url":"https:\/\/sales-ai-agents.com\/wp-content\/uploads\/2022\/09\/Project-Poster-Template.png","contentUrl":"https:\/\/sales-ai-agents.com\/wp-content\/uploads\/2022\/09\/Project-Poster-Template.png","width":1700,"height":1066},{"@type":"WebSite","@id":"https:\/\/sales-ai-agents.com\/#website","url":"https:\/\/sales-ai-agents.com\/","name":"FuseBase","description":"Sales AI Agents - Free Online Collaboration Software for Remote Teams. Build your wikis, client portals and more with the Nimbus Platform collaboration tool ? A perfect space for online work","publisher":{"@id":"https:\/\/sales-ai-agents.com\/#organization"},"potentialAction":[{"@type":"SearchAction","target":{"@type":"EntryPoint","urlTemplate":"https:\/\/sales-ai-agents.com\/?s={search_term_string}"},"query-input":{"@type":"PropertyValueSpecification","valueRequired":true,"valueName":"search_term_string"}}],"inLanguage":"tr"},{"@type":"Organization","@id":"https:\/\/sales-ai-agents.com\/#organization","name":"FuseBase","url":"https:\/\/sales-ai-agents.com\/","logo":{"@type":"ImageObject","inLanguage":"tr","@id":"https:\/\/sales-ai-agents.com\/#\/schema\/logo\/image\/","url":"https:\/\/sales-ai-agents.com\/wp-content\/uploads\/2023\/11\/icon-7.svg","contentUrl":"https:\/\/sales-ai-agents.com\/wp-content\/uploads\/2023\/11\/icon-7.svg","width":128,"height":128,"caption":"FuseBase"},"image":{"@id":"https:\/\/sales-ai-agents.com\/#\/schema\/logo\/image\/"}}]}},"_links":{"self":[{"href":"https:\/\/sales-ai-agents.com\/tr\/wp-json\/wp\/v2\/product\/56245","targetHints":{"allow":["GET"]}}],"collection":[{"href":"https:\/\/sales-ai-agents.com\/tr\/wp-json\/wp\/v2\/product"}],"about":[{"href":"https:\/\/sales-ai-agents.com\/tr\/wp-json\/wp\/v2\/types\/product"}],"wp:featuredmedia":[{"embeddable":true,"href":"https:\/\/sales-ai-agents.com\/tr\/wp-json\/wp\/v2\/media\/56248"}],"wp:attachment":[{"href":"https:\/\/sales-ai-agents.com\/tr\/wp-json\/wp\/v2\/media?parent=56245"}],"wp:term":[{"taxonomy":"product_brand","embeddable":true,"href":"https:\/\/sales-ai-agents.com\/tr\/wp-json\/wp\/v2\/product_brand?post=56245"},{"taxonomy":"product_cat","embeddable":true,"href":"https:\/\/sales-ai-agents.com\/tr\/wp-json\/wp\/v2\/product_cat?post=56245"},{"taxonomy":"product_tag","embeddable":true,"href":"https:\/\/sales-ai-agents.com\/tr\/wp-json\/wp\/v2\/product_tag?post=56245"}],"curies":[{"name":"wp","href":"https:\/\/api.w.org\/{rel}","templated":true}]}}