{"id":56252,"date":"2022-09-26T12:21:04","date_gmt":"2022-09-26T12:21:04","guid":{"rendered":"https:\/\/sales-ai-agents.com\/templates\/company-policy-and-procedures\/"},"modified":"2023-12-26T15:25:30","modified_gmt":"2023-12-26T15:25:30","slug":"company-policy-and-procedures","status":"publish","type":"product","link":"https:\/\/sales-ai-agents.com\/tr\/templates\/company-policy-and-procedures\/","title":{"rendered":"\u015eirket Politikas\u0131 ve Prosed\u00fcrleri"},"content":{"rendered":"<p>&nbsp;<\/p>\n<h2>\u015eirket Politikas\u0131 ve Prosed\u00fcrleri \u015eablonu<\/h2>\n<p class=\"desc-text\">Bu \u015fablonu kullanarak \u00e7al\u0131\u015fanlar\u0131n\u0131z\u0131n hayati politika ve prosed\u00fcrler hakk\u0131nda bilgilendirildi\u011finden emin olun. Unutulup gidecek ka\u011f\u0131t y\u0131\u011f\u0131nlar\u0131 da\u011f\u0131tmak yerine, bu \u015fablonu kullanarak el kitaplar\u0131na, k\u0131lavuzlara, politikalara ve prosed\u00fcrlere ekler ve ba\u011flant\u0131lar ekleyin. Her \u015feye tek bir yerden eri\u015filebilir, b\u00f6ylece t\u00fcm ekibiniz belgeleri istedikleri zaman inceleyebilir. Nimbus Note&#8217;u indirmi\u015f oldu\u011funuz s\u00fcrece dosyalara ve ba\u011flant\u0131lara her yerden eri\u015febilirsiniz. Kaynaklar\u0131 haz\u0131r hale getirerek, t\u00fcm ekibiniz neler olup bitti\u011finden haberdar ve g\u00fcncel kalabilir.<\/p>\n<h5>Nas\u0131l kullan\u0131l\u0131r?<\/h5>\n<ul class=\"desc-item_list\">\n<li class=\"desc-item_list__point\">\u015eirket politikalar\u0131 i\u00e7in ba\u011flant\u0131lar ekleyin<\/li>\n<li class=\"desc-item_list__point\">Destekleyici belgeleri ekleyin ve y\u00fckleyin<\/li>\n<li class=\"desc-item_list__point\">T\u00fcm ekibinize eri\u015fim sa\u011flay\u0131n<\/li>\n<\/ul>\n","protected":false},"excerpt":{"rendered":"<p>Bu \u015fablonu kullanarak \u00e7al\u0131\u015fanlar\u0131n\u0131z\u0131n \u015firketinizin hayati politika ve prosed\u00fcrleri hakk\u0131nda bilgi sahibi olmas\u0131n\u0131 sa\u011flay\u0131n. \u00d6nemli dosyalar\u0131, el kitaplar\u0131n\u0131 ve daha fazlas\u0131n\u0131 ekleyin.<\/p>\n","protected":false},"featured_media":56253,"template":"","meta":{"_acf_changed":false,"inline_featured_image":false},"product_brand":[],"product_cat":[218],"product_tag":[],"class_list":{"0":"post-56252","1":"product","2":"type-product","3":"status-publish","4":"has-post-thumbnail","6":"product_cat-operations","8":"first","9":"instock","10":"virtual","11":"sold-individually","12":"product-type-simple"},"acf":[],"yoast_head":"<!-- This site is optimized with the Yoast SEO plugin v25.3.1 - https:\/\/yoast.com\/wordpress\/plugins\/seo\/ -->\n<title>\u015eirket Politikas\u0131 ve Prosed\u00fcrleri \u015eablonu - Sales AI Agents<\/title>\n<meta name=\"description\" content=\"Bu \u015fablonu kullanarak \u00e7al\u0131\u015fanlar\u0131n\u0131z\u0131n \u015firketinizin hayati politika ve prosed\u00fcrleri hakk\u0131nda bilgi sahibi olmas\u0131n\u0131 sa\u011flay\u0131n. \u00d6nemli dosyalar\u0131, el kitaplar\u0131n\u0131 ve daha fazlas\u0131n\u0131 ekleyin.\" \/>\n<meta name=\"robots\" content=\"index, follow, max-snippet:-1, max-image-preview:large, max-video-preview:-1\" \/>\n<link rel=\"canonical\" href=\"https:\/\/sales-ai-agents.com\/tr\/templates\/company-policy-and-procedures\/\" \/>\n<meta property=\"og:locale\" content=\"tr_TR\" \/>\n<meta property=\"og:type\" content=\"article\" \/>\n<meta property=\"og:title\" content=\"\u015eirket Politikas\u0131 ve Prosed\u00fcrleri \u015eablonu - Sales AI Agents\" \/>\n<meta property=\"og:description\" content=\"Bu \u015fablonu kullanarak \u00e7al\u0131\u015fanlar\u0131n\u0131z\u0131n \u015firketinizin hayati politika ve prosed\u00fcrleri hakk\u0131nda bilgi sahibi olmas\u0131n\u0131 sa\u011flay\u0131n. \u00d6nemli dosyalar\u0131, el kitaplar\u0131n\u0131 ve daha fazlas\u0131n\u0131 ekleyin.\" \/>\n<meta property=\"og:url\" content=\"https:\/\/sales-ai-agents.com\/tr\/templates\/company-policy-and-procedures\/\" \/>\n<meta property=\"og:site_name\" content=\"Sales AI Agents\" \/>\n<meta property=\"article:modified_time\" content=\"2023-12-26T15:25:30+00:00\" \/>\n<meta property=\"og:image\" content=\"https:\/\/sales-ai-agents.com\/wp-content\/uploads\/2023\/01\/image-preview120928.png\" \/>\n\t<meta property=\"og:image:width\" content=\"1078\" \/>\n\t<meta property=\"og:image:height\" content=\"1137\" \/>\n\t<meta property=\"og:image:type\" content=\"image\/png\" \/>\n<meta name=\"twitter:card\" content=\"summary_large_image\" \/>\n<script type=\"application\/ld+json\" class=\"yoast-schema-graph\">{\"@context\":\"https:\/\/schema.org\",\"@graph\":[{\"@type\":\"WebPage\",\"@id\":\"https:\/\/sales-ai-agents.com\/tr\/templates\/company-policy-and-procedures\/\",\"url\":\"https:\/\/sales-ai-agents.com\/tr\/templates\/company-policy-and-procedures\/\",\"name\":\"\u015eirket Politikas\u0131 ve Prosed\u00fcrleri \u015eablonu - Sales AI Agents\",\"isPartOf\":{\"@id\":\"https:\/\/sales-ai-agents.com\/#website\"},\"primaryImageOfPage\":{\"@id\":\"https:\/\/sales-ai-agents.com\/tr\/templates\/company-policy-and-procedures\/#primaryimage\"},\"image\":{\"@id\":\"https:\/\/sales-ai-agents.com\/tr\/templates\/company-policy-and-procedures\/#primaryimage\"},\"thumbnailUrl\":\"https:\/\/sales-ai-agents.com\/wp-content\/uploads\/2023\/01\/image-preview120928.png\",\"datePublished\":\"2022-09-26T12:21:04+00:00\",\"dateModified\":\"2023-12-26T15:25:30+00:00\",\"description\":\"Bu \u015fablonu kullanarak \u00e7al\u0131\u015fanlar\u0131n\u0131z\u0131n \u015firketinizin hayati politika ve prosed\u00fcrleri hakk\u0131nda bilgi sahibi olmas\u0131n\u0131 sa\u011flay\u0131n. \u00d6nemli dosyalar\u0131, el kitaplar\u0131n\u0131 ve daha fazlas\u0131n\u0131 ekleyin.\",\"inLanguage\":\"tr\",\"potentialAction\":[{\"@type\":\"ReadAction\",\"target\":[\"https:\/\/sales-ai-agents.com\/tr\/templates\/company-policy-and-procedures\/\"]}]},{\"@type\":\"ImageObject\",\"inLanguage\":\"tr\",\"@id\":\"https:\/\/sales-ai-agents.com\/tr\/templates\/company-policy-and-procedures\/#primaryimage\",\"url\":\"https:\/\/sales-ai-agents.com\/wp-content\/uploads\/2023\/01\/image-preview120928.png\",\"contentUrl\":\"https:\/\/sales-ai-agents.com\/wp-content\/uploads\/2023\/01\/image-preview120928.png\",\"width\":1078,\"height\":1137},{\"@type\":\"WebSite\",\"@id\":\"https:\/\/sales-ai-agents.com\/#website\",\"url\":\"https:\/\/sales-ai-agents.com\/\",\"name\":\"FuseBase\",\"description\":\"Sales AI Agents - Free Online Collaboration Software for Remote Teams. Build your wikis, client portals and more with the Nimbus Platform collaboration tool ? A perfect space for online work\",\"publisher\":{\"@id\":\"https:\/\/sales-ai-agents.com\/#organization\"},\"potentialAction\":[{\"@type\":\"SearchAction\",\"target\":{\"@type\":\"EntryPoint\",\"urlTemplate\":\"https:\/\/sales-ai-agents.com\/?s={search_term_string}\"},\"query-input\":{\"@type\":\"PropertyValueSpecification\",\"valueRequired\":true,\"valueName\":\"search_term_string\"}}],\"inLanguage\":\"tr\"},{\"@type\":\"Organization\",\"@id\":\"https:\/\/sales-ai-agents.com\/#organization\",\"name\":\"FuseBase\",\"url\":\"https:\/\/sales-ai-agents.com\/\",\"logo\":{\"@type\":\"ImageObject\",\"inLanguage\":\"tr\",\"@id\":\"https:\/\/sales-ai-agents.com\/#\/schema\/logo\/image\/\",\"url\":\"https:\/\/sales-ai-agents.com\/wp-content\/uploads\/2023\/11\/icon-7.svg\",\"contentUrl\":\"https:\/\/sales-ai-agents.com\/wp-content\/uploads\/2023\/11\/icon-7.svg\",\"width\":128,\"height\":128,\"caption\":\"FuseBase\"},\"image\":{\"@id\":\"https:\/\/sales-ai-agents.com\/#\/schema\/logo\/image\/\"}}]}<\/script>\n<!-- \/ Yoast SEO plugin. -->","yoast_head_json":{"title":"\u015eirket Politikas\u0131 ve Prosed\u00fcrleri \u015eablonu - Sales AI Agents","description":"Bu \u015fablonu kullanarak \u00e7al\u0131\u015fanlar\u0131n\u0131z\u0131n \u015firketinizin hayati politika ve prosed\u00fcrleri hakk\u0131nda bilgi sahibi olmas\u0131n\u0131 sa\u011flay\u0131n. \u00d6nemli dosyalar\u0131, el kitaplar\u0131n\u0131 ve daha fazlas\u0131n\u0131 ekleyin.","robots":{"index":"index","follow":"follow","max-snippet":"max-snippet:-1","max-image-preview":"max-image-preview:large","max-video-preview":"max-video-preview:-1"},"canonical":"https:\/\/sales-ai-agents.com\/tr\/templates\/company-policy-and-procedures\/","og_locale":"tr_TR","og_type":"article","og_title":"\u015eirket Politikas\u0131 ve Prosed\u00fcrleri \u015eablonu - Sales AI Agents","og_description":"Bu \u015fablonu kullanarak \u00e7al\u0131\u015fanlar\u0131n\u0131z\u0131n \u015firketinizin hayati politika ve prosed\u00fcrleri hakk\u0131nda bilgi sahibi olmas\u0131n\u0131 sa\u011flay\u0131n. \u00d6nemli dosyalar\u0131, el kitaplar\u0131n\u0131 ve daha fazlas\u0131n\u0131 ekleyin.","og_url":"https:\/\/sales-ai-agents.com\/tr\/templates\/company-policy-and-procedures\/","og_site_name":"Sales AI Agents","article_modified_time":"2023-12-26T15:25:30+00:00","og_image":[{"width":1078,"height":1137,"url":"https:\/\/sales-ai-agents.com\/wp-content\/uploads\/2023\/01\/image-preview120928.png","type":"image\/png"}],"twitter_card":"summary_large_image","schema":{"@context":"https:\/\/schema.org","@graph":[{"@type":"WebPage","@id":"https:\/\/sales-ai-agents.com\/tr\/templates\/company-policy-and-procedures\/","url":"https:\/\/sales-ai-agents.com\/tr\/templates\/company-policy-and-procedures\/","name":"\u015eirket Politikas\u0131 ve Prosed\u00fcrleri \u015eablonu - Sales AI Agents","isPartOf":{"@id":"https:\/\/sales-ai-agents.com\/#website"},"primaryImageOfPage":{"@id":"https:\/\/sales-ai-agents.com\/tr\/templates\/company-policy-and-procedures\/#primaryimage"},"image":{"@id":"https:\/\/sales-ai-agents.com\/tr\/templates\/company-policy-and-procedures\/#primaryimage"},"thumbnailUrl":"https:\/\/sales-ai-agents.com\/wp-content\/uploads\/2023\/01\/image-preview120928.png","datePublished":"2022-09-26T12:21:04+00:00","dateModified":"2023-12-26T15:25:30+00:00","description":"Bu \u015fablonu kullanarak \u00e7al\u0131\u015fanlar\u0131n\u0131z\u0131n \u015firketinizin hayati politika ve prosed\u00fcrleri hakk\u0131nda bilgi sahibi olmas\u0131n\u0131 sa\u011flay\u0131n. \u00d6nemli dosyalar\u0131, el kitaplar\u0131n\u0131 ve daha fazlas\u0131n\u0131 ekleyin.","inLanguage":"tr","potentialAction":[{"@type":"ReadAction","target":["https:\/\/sales-ai-agents.com\/tr\/templates\/company-policy-and-procedures\/"]}]},{"@type":"ImageObject","inLanguage":"tr","@id":"https:\/\/sales-ai-agents.com\/tr\/templates\/company-policy-and-procedures\/#primaryimage","url":"https:\/\/sales-ai-agents.com\/wp-content\/uploads\/2023\/01\/image-preview120928.png","contentUrl":"https:\/\/sales-ai-agents.com\/wp-content\/uploads\/2023\/01\/image-preview120928.png","width":1078,"height":1137},{"@type":"WebSite","@id":"https:\/\/sales-ai-agents.com\/#website","url":"https:\/\/sales-ai-agents.com\/","name":"FuseBase","description":"Sales AI Agents - Free Online Collaboration Software for Remote Teams. Build your wikis, client portals and more with the Nimbus Platform collaboration tool ? A perfect space for online work","publisher":{"@id":"https:\/\/sales-ai-agents.com\/#organization"},"potentialAction":[{"@type":"SearchAction","target":{"@type":"EntryPoint","urlTemplate":"https:\/\/sales-ai-agents.com\/?s={search_term_string}"},"query-input":{"@type":"PropertyValueSpecification","valueRequired":true,"valueName":"search_term_string"}}],"inLanguage":"tr"},{"@type":"Organization","@id":"https:\/\/sales-ai-agents.com\/#organization","name":"FuseBase","url":"https:\/\/sales-ai-agents.com\/","logo":{"@type":"ImageObject","inLanguage":"tr","@id":"https:\/\/sales-ai-agents.com\/#\/schema\/logo\/image\/","url":"https:\/\/sales-ai-agents.com\/wp-content\/uploads\/2023\/11\/icon-7.svg","contentUrl":"https:\/\/sales-ai-agents.com\/wp-content\/uploads\/2023\/11\/icon-7.svg","width":128,"height":128,"caption":"FuseBase"},"image":{"@id":"https:\/\/sales-ai-agents.com\/#\/schema\/logo\/image\/"}}]}},"_links":{"self":[{"href":"https:\/\/sales-ai-agents.com\/tr\/wp-json\/wp\/v2\/product\/56252","targetHints":{"allow":["GET"]}}],"collection":[{"href":"https:\/\/sales-ai-agents.com\/tr\/wp-json\/wp\/v2\/product"}],"about":[{"href":"https:\/\/sales-ai-agents.com\/tr\/wp-json\/wp\/v2\/types\/product"}],"wp:featuredmedia":[{"embeddable":true,"href":"https:\/\/sales-ai-agents.com\/tr\/wp-json\/wp\/v2\/media\/56253"}],"wp:attachment":[{"href":"https:\/\/sales-ai-agents.com\/tr\/wp-json\/wp\/v2\/media?parent=56252"}],"wp:term":[{"taxonomy":"product_brand","embeddable":true,"href":"https:\/\/sales-ai-agents.com\/tr\/wp-json\/wp\/v2\/product_brand?post=56252"},{"taxonomy":"product_cat","embeddable":true,"href":"https:\/\/sales-ai-agents.com\/tr\/wp-json\/wp\/v2\/product_cat?post=56252"},{"taxonomy":"product_tag","embeddable":true,"href":"https:\/\/sales-ai-agents.com\/tr\/wp-json\/wp\/v2\/product_tag?post=56252"}],"curies":[{"name":"wp","href":"https:\/\/api.w.org\/{rel}","templated":true}]}}