{"id":56255,"date":"2022-09-26T12:21:00","date_gmt":"2022-09-26T12:21:00","guid":{"rendered":"https:\/\/sales-ai-agents.com\/templates\/single-project\/"},"modified":"2023-12-31T16:35:54","modified_gmt":"2023-12-31T16:35:54","slug":"single-project","status":"publish","type":"product","link":"https:\/\/sales-ai-agents.com\/tr\/templates\/single-project\/","title":{"rendered":"Tek Proje"},"content":{"rendered":"<p>&nbsp;<\/p>\n<h2>Tek Proje \u015eablonu<\/h2>\n<p class=\"desc-text\">Bu \u015fablon ile projenizin t\u00fcm temel unsurlar\u0131n\u0131 tan\u0131mlayabilirsiniz. Projenizi tamamlamak i\u00e7in \u00e7\u0131kt\u0131lar\u0131n belirlenmesi gerekir. \u00c7\u0131kt\u0131lar\u0131 belirledikten sonra, projenizin kapsam\u0131 ve olas\u0131 riskler veya sorunlar hakk\u0131nda bilgi ekleyin. \u00d6nemli hedefleri, \u00e7\u0131kt\u0131lar\u0131 ve riskleri not ederek hedeflerinize ula\u015fmak i\u00e7in stratejik planlama yapabilirsiniz.<\/p>\n<h5>Nas\u0131l kullan\u0131l\u0131r?<\/h5>\n<ul class=\"desc-item_list\">\n<li class=\"desc-item_list__point\">Proje ba\u015fl\u0131\u011f\u0131n\u0131 ve sahibini ekleyin<\/li>\n<li class=\"desc-item_list__point\">Tabloyu projenizle ilgili ayr\u0131nt\u0131larla doldurun<\/li>\n<li class=\"desc-item_list__point\">Hedefleri ve \u00e7\u0131kt\u0131lar\u0131 belirleyin<\/li>\n<li class=\"desc-item_list__point\">Kapsam\u0131 tan\u0131mlay\u0131n ve \u00f6nemli kilometre ta\u015flar\u0131n\u0131 belirleyin<\/li>\n<li class=\"desc-item_list__point\">Kullan\u0131lacak yararl\u0131 kaynaklar\u0131 yap\u0131\u015ft\u0131r\u0131n<\/li>\n<\/ul>\n","protected":false},"excerpt":{"rendered":"<p>Bu \u015fablon ile projenizin t\u00fcm temel unsurlar\u0131n\u0131 kolayca tan\u0131mlayabilirsiniz. Hedefleri, \u00e7\u0131kt\u0131lar\u0131, kapsam\u0131, kilometre ta\u015flar\u0131n\u0131, riskleri ve kaynaklar\u0131 yaz\u0131n.<\/p>\n","protected":false},"featured_media":56256,"template":"","meta":{"_acf_changed":false,"inline_featured_image":false},"product_brand":[],"product_cat":[217,231,272,252],"product_tag":[],"class_list":{"0":"post-56255","1":"product","2":"type-product","3":"status-publish","4":"has-post-thumbnail","6":"product_cat-entrepreneur","7":"product_cat-project-management","8":"product_cat-project-documents","9":"product_cat-product","11":"first","12":"instock","13":"virtual","14":"sold-individually","15":"product-type-simple"},"acf":[],"yoast_head":"<!-- This site is optimized with the Yoast SEO plugin v25.3.1 - https:\/\/yoast.com\/wordpress\/plugins\/seo\/ -->\n<title>Tek Proje \u015eablonu - Sales AI Agents<\/title>\n<meta name=\"description\" content=\"Bu \u015fablon ile projenizin t\u00fcm temel unsurlar\u0131n\u0131 kolayca tan\u0131mlayabilirsiniz. Hedefleri, \u00e7\u0131kt\u0131lar\u0131, kapsam\u0131, kilometre ta\u015flar\u0131n\u0131, riskleri ve kaynaklar\u0131 yaz\u0131n!\" \/>\n<meta name=\"robots\" content=\"index, follow, max-snippet:-1, max-image-preview:large, max-video-preview:-1\" \/>\n<link rel=\"canonical\" href=\"https:\/\/sales-ai-agents.com\/tr\/templates\/single-project\/\" \/>\n<meta property=\"og:locale\" content=\"tr_TR\" \/>\n<meta property=\"og:type\" content=\"article\" \/>\n<meta property=\"og:title\" content=\"Tek Proje \u015eablonu - Sales AI Agents\" \/>\n<meta property=\"og:description\" content=\"Bu \u015fablon ile projenizin t\u00fcm temel unsurlar\u0131n\u0131 kolayca tan\u0131mlayabilirsiniz. Hedefleri, \u00e7\u0131kt\u0131lar\u0131, kapsam\u0131, kilometre ta\u015flar\u0131n\u0131, riskleri ve kaynaklar\u0131 yaz\u0131n!\" \/>\n<meta property=\"og:url\" content=\"https:\/\/sales-ai-agents.com\/tr\/templates\/single-project\/\" \/>\n<meta property=\"og:site_name\" content=\"Sales AI Agents\" \/>\n<meta property=\"article:modified_time\" content=\"2023-12-31T16:35:54+00:00\" \/>\n<meta property=\"og:image\" content=\"https:\/\/sales-ai-agents.com\/wp-content\/uploads\/2022\/09\/Single-Project-Template.png\" \/>\n\t<meta property=\"og:image:width\" content=\"1700\" \/>\n\t<meta property=\"og:image:height\" content=\"1100\" \/>\n\t<meta property=\"og:image:type\" content=\"image\/png\" \/>\n<meta name=\"twitter:card\" content=\"summary_large_image\" \/>\n<script type=\"application\/ld+json\" class=\"yoast-schema-graph\">{\"@context\":\"https:\/\/schema.org\",\"@graph\":[{\"@type\":\"WebPage\",\"@id\":\"https:\/\/sales-ai-agents.com\/tr\/templates\/single-project\/\",\"url\":\"https:\/\/sales-ai-agents.com\/tr\/templates\/single-project\/\",\"name\":\"Tek Proje \u015eablonu - Sales AI Agents\",\"isPartOf\":{\"@id\":\"https:\/\/sales-ai-agents.com\/#website\"},\"primaryImageOfPage\":{\"@id\":\"https:\/\/sales-ai-agents.com\/tr\/templates\/single-project\/#primaryimage\"},\"image\":{\"@id\":\"https:\/\/sales-ai-agents.com\/tr\/templates\/single-project\/#primaryimage\"},\"thumbnailUrl\":\"https:\/\/sales-ai-agents.com\/wp-content\/uploads\/2022\/09\/Single-Project-Template.png\",\"datePublished\":\"2022-09-26T12:21:00+00:00\",\"dateModified\":\"2023-12-31T16:35:54+00:00\",\"description\":\"Bu \u015fablon ile projenizin t\u00fcm temel unsurlar\u0131n\u0131 kolayca tan\u0131mlayabilirsiniz. Hedefleri, \u00e7\u0131kt\u0131lar\u0131, kapsam\u0131, kilometre ta\u015flar\u0131n\u0131, riskleri ve kaynaklar\u0131 yaz\u0131n!\",\"inLanguage\":\"tr\",\"potentialAction\":[{\"@type\":\"ReadAction\",\"target\":[\"https:\/\/sales-ai-agents.com\/tr\/templates\/single-project\/\"]}]},{\"@type\":\"ImageObject\",\"inLanguage\":\"tr\",\"@id\":\"https:\/\/sales-ai-agents.com\/tr\/templates\/single-project\/#primaryimage\",\"url\":\"https:\/\/sales-ai-agents.com\/wp-content\/uploads\/2022\/09\/Single-Project-Template.png\",\"contentUrl\":\"https:\/\/sales-ai-agents.com\/wp-content\/uploads\/2022\/09\/Single-Project-Template.png\",\"width\":1700,\"height\":1100},{\"@type\":\"WebSite\",\"@id\":\"https:\/\/sales-ai-agents.com\/#website\",\"url\":\"https:\/\/sales-ai-agents.com\/\",\"name\":\"FuseBase\",\"description\":\"Sales AI Agents - Free Online Collaboration Software for Remote Teams. Build your wikis, client portals and more with the Nimbus Platform collaboration tool ? A perfect space for online work\",\"publisher\":{\"@id\":\"https:\/\/sales-ai-agents.com\/#organization\"},\"potentialAction\":[{\"@type\":\"SearchAction\",\"target\":{\"@type\":\"EntryPoint\",\"urlTemplate\":\"https:\/\/sales-ai-agents.com\/?s={search_term_string}\"},\"query-input\":{\"@type\":\"PropertyValueSpecification\",\"valueRequired\":true,\"valueName\":\"search_term_string\"}}],\"inLanguage\":\"tr\"},{\"@type\":\"Organization\",\"@id\":\"https:\/\/sales-ai-agents.com\/#organization\",\"name\":\"FuseBase\",\"url\":\"https:\/\/sales-ai-agents.com\/\",\"logo\":{\"@type\":\"ImageObject\",\"inLanguage\":\"tr\",\"@id\":\"https:\/\/sales-ai-agents.com\/#\/schema\/logo\/image\/\",\"url\":\"https:\/\/sales-ai-agents.com\/wp-content\/uploads\/2023\/11\/icon-7.svg\",\"contentUrl\":\"https:\/\/sales-ai-agents.com\/wp-content\/uploads\/2023\/11\/icon-7.svg\",\"width\":128,\"height\":128,\"caption\":\"FuseBase\"},\"image\":{\"@id\":\"https:\/\/sales-ai-agents.com\/#\/schema\/logo\/image\/\"}}]}<\/script>\n<!-- \/ Yoast SEO plugin. -->","yoast_head_json":{"title":"Tek Proje \u015eablonu - Sales AI Agents","description":"Bu \u015fablon ile projenizin t\u00fcm temel unsurlar\u0131n\u0131 kolayca tan\u0131mlayabilirsiniz. Hedefleri, \u00e7\u0131kt\u0131lar\u0131, kapsam\u0131, kilometre ta\u015flar\u0131n\u0131, riskleri ve kaynaklar\u0131 yaz\u0131n!","robots":{"index":"index","follow":"follow","max-snippet":"max-snippet:-1","max-image-preview":"max-image-preview:large","max-video-preview":"max-video-preview:-1"},"canonical":"https:\/\/sales-ai-agents.com\/tr\/templates\/single-project\/","og_locale":"tr_TR","og_type":"article","og_title":"Tek Proje \u015eablonu - Sales AI Agents","og_description":"Bu \u015fablon ile projenizin t\u00fcm temel unsurlar\u0131n\u0131 kolayca tan\u0131mlayabilirsiniz. Hedefleri, \u00e7\u0131kt\u0131lar\u0131, kapsam\u0131, kilometre ta\u015flar\u0131n\u0131, riskleri ve kaynaklar\u0131 yaz\u0131n!","og_url":"https:\/\/sales-ai-agents.com\/tr\/templates\/single-project\/","og_site_name":"Sales AI Agents","article_modified_time":"2023-12-31T16:35:54+00:00","og_image":[{"width":1700,"height":1100,"url":"https:\/\/sales-ai-agents.com\/wp-content\/uploads\/2022\/09\/Single-Project-Template.png","type":"image\/png"}],"twitter_card":"summary_large_image","schema":{"@context":"https:\/\/schema.org","@graph":[{"@type":"WebPage","@id":"https:\/\/sales-ai-agents.com\/tr\/templates\/single-project\/","url":"https:\/\/sales-ai-agents.com\/tr\/templates\/single-project\/","name":"Tek Proje \u015eablonu - Sales AI Agents","isPartOf":{"@id":"https:\/\/sales-ai-agents.com\/#website"},"primaryImageOfPage":{"@id":"https:\/\/sales-ai-agents.com\/tr\/templates\/single-project\/#primaryimage"},"image":{"@id":"https:\/\/sales-ai-agents.com\/tr\/templates\/single-project\/#primaryimage"},"thumbnailUrl":"https:\/\/sales-ai-agents.com\/wp-content\/uploads\/2022\/09\/Single-Project-Template.png","datePublished":"2022-09-26T12:21:00+00:00","dateModified":"2023-12-31T16:35:54+00:00","description":"Bu \u015fablon ile projenizin t\u00fcm temel unsurlar\u0131n\u0131 kolayca tan\u0131mlayabilirsiniz. Hedefleri, \u00e7\u0131kt\u0131lar\u0131, kapsam\u0131, kilometre ta\u015flar\u0131n\u0131, riskleri ve kaynaklar\u0131 yaz\u0131n!","inLanguage":"tr","potentialAction":[{"@type":"ReadAction","target":["https:\/\/sales-ai-agents.com\/tr\/templates\/single-project\/"]}]},{"@type":"ImageObject","inLanguage":"tr","@id":"https:\/\/sales-ai-agents.com\/tr\/templates\/single-project\/#primaryimage","url":"https:\/\/sales-ai-agents.com\/wp-content\/uploads\/2022\/09\/Single-Project-Template.png","contentUrl":"https:\/\/sales-ai-agents.com\/wp-content\/uploads\/2022\/09\/Single-Project-Template.png","width":1700,"height":1100},{"@type":"WebSite","@id":"https:\/\/sales-ai-agents.com\/#website","url":"https:\/\/sales-ai-agents.com\/","name":"FuseBase","description":"Sales AI Agents - Free Online Collaboration Software for Remote Teams. Build your wikis, client portals and more with the Nimbus Platform collaboration tool ? A perfect space for online work","publisher":{"@id":"https:\/\/sales-ai-agents.com\/#organization"},"potentialAction":[{"@type":"SearchAction","target":{"@type":"EntryPoint","urlTemplate":"https:\/\/sales-ai-agents.com\/?s={search_term_string}"},"query-input":{"@type":"PropertyValueSpecification","valueRequired":true,"valueName":"search_term_string"}}],"inLanguage":"tr"},{"@type":"Organization","@id":"https:\/\/sales-ai-agents.com\/#organization","name":"FuseBase","url":"https:\/\/sales-ai-agents.com\/","logo":{"@type":"ImageObject","inLanguage":"tr","@id":"https:\/\/sales-ai-agents.com\/#\/schema\/logo\/image\/","url":"https:\/\/sales-ai-agents.com\/wp-content\/uploads\/2023\/11\/icon-7.svg","contentUrl":"https:\/\/sales-ai-agents.com\/wp-content\/uploads\/2023\/11\/icon-7.svg","width":128,"height":128,"caption":"FuseBase"},"image":{"@id":"https:\/\/sales-ai-agents.com\/#\/schema\/logo\/image\/"}}]}},"_links":{"self":[{"href":"https:\/\/sales-ai-agents.com\/tr\/wp-json\/wp\/v2\/product\/56255","targetHints":{"allow":["GET"]}}],"collection":[{"href":"https:\/\/sales-ai-agents.com\/tr\/wp-json\/wp\/v2\/product"}],"about":[{"href":"https:\/\/sales-ai-agents.com\/tr\/wp-json\/wp\/v2\/types\/product"}],"wp:featuredmedia":[{"embeddable":true,"href":"https:\/\/sales-ai-agents.com\/tr\/wp-json\/wp\/v2\/media\/56256"}],"wp:attachment":[{"href":"https:\/\/sales-ai-agents.com\/tr\/wp-json\/wp\/v2\/media?parent=56255"}],"wp:term":[{"taxonomy":"product_brand","embeddable":true,"href":"https:\/\/sales-ai-agents.com\/tr\/wp-json\/wp\/v2\/product_brand?post=56255"},{"taxonomy":"product_cat","embeddable":true,"href":"https:\/\/sales-ai-agents.com\/tr\/wp-json\/wp\/v2\/product_cat?post=56255"},{"taxonomy":"product_tag","embeddable":true,"href":"https:\/\/sales-ai-agents.com\/tr\/wp-json\/wp\/v2\/product_tag?post=56255"}],"curies":[{"name":"wp","href":"https:\/\/api.w.org\/{rel}","templated":true}]}}