{"id":56258,"date":"2022-09-26T12:19:50","date_gmt":"2022-09-26T12:19:50","guid":{"rendered":"https:\/\/sales-ai-agents.com\/templates\/brainstorm-pros-and-cons\/"},"modified":"2024-01-02T11:02:16","modified_gmt":"2024-01-02T11:02:16","slug":"brainstorm-pros-and-cons","status":"publish","type":"product","link":"https:\/\/sales-ai-agents.com\/tr\/templates\/brainstorm-pros-and-cons\/","title":{"rendered":"Beyin F\u0131rt\u0131nas\u0131 Art\u0131lar\u0131 ve Eksileri"},"content":{"rendered":"<p>&nbsp;<\/p>\n<h2>Beyin F\u0131rt\u0131nas\u0131 Art\u0131lar\u0131 ve Eksileri \u015eablonu<\/h2>\n<p class=\"desc-text\">Bir karar verirken, art\u0131lar\u0131 ve eksileri listelemek s\u00fcreci kolayla\u015ft\u0131rabilir. Bu \u015fablon, d\u00fc\u015f\u00fcnd\u00fc\u011f\u00fcn\u00fcz her \u015feyin avantajlar\u0131n\u0131 ve dezavantajlar\u0131n\u0131 d\u00fc\u015f\u00fcnmenizi sa\u011flar. \u0130ki \u00fcr\u00fcn aras\u0131nda karar vermeniz mi gerekiyor? Ard\u0131ndan art\u0131lar\u0131 ve eksileri analiz edin. Bir \u015feyin lehinde veya aleyhindeki arg\u00fcmanlar\u0131 de\u011ferlendirerek, bir se\u00e7im yapmak i\u00e7in daha donan\u0131ml\u0131 olabilirsiniz.<\/p>\n<p>\u015eablonu ekibinizle payla\u015f\u0131n ve herkesin d\u00fc\u015f\u00fcncelerini toplay\u0131n.<\/p>\n<p>&nbsp;<\/p>\n<h5>Nas\u0131l kullan\u0131l\u0131r?<\/h5>\n<ul class=\"desc-item_list\">\n<li class=\"desc-item_list__point\">\u00c7\u00f6z\u00fclecek bir sorun belirleyin<\/li>\n<li class=\"desc-item_list__point\">Art\u0131lar\u0131 ve avantajlar\u0131 sol tarafta listeleyin<\/li>\n<li class=\"desc-item_list__point\">Sa\u011f taraftaki eksileri ve dezavantajlar\u0131 belirleyin<\/li>\n<li class=\"desc-item_list__point\">Alt\u0131na herhangi bir not ekleyin<\/li>\n<li class=\"desc-item_list__point\">Bir se\u00e7im yapmak i\u00e7in se\u00e7eneklerinizi de\u011ferlendirin<\/li>\n<\/ul>\n","protected":false},"excerpt":{"rendered":"<p>Bir karar verirken, art\u0131lar\u0131 ve eksileri listelemek s\u00fcreci kolayla\u015ft\u0131rabilir. Bu \u00fccretsiz \u015fablon, avantaj ve dezavantajlar\u0131 d\u00fc\u015f\u00fcnmenizi sa\u011flar.<\/p>\n","protected":false},"featured_media":56259,"template":"","meta":{"_acf_changed":false,"inline_featured_image":false},"product_brand":[],"product_cat":[256,231],"product_tag":[],"class_list":{"0":"post-56258","1":"product","2":"type-product","3":"status-publish","4":"has-post-thumbnail","6":"product_cat-organizers-planners","7":"product_cat-project-management","8":"collections-team","10":"first","11":"instock","12":"virtual","13":"sold-individually","14":"product-type-simple"},"acf":[],"yoast_head":"<!-- This site is optimized with the Yoast SEO plugin v25.3.1 - https:\/\/yoast.com\/wordpress\/plugins\/seo\/ -->\n<title>Beyin F\u0131rt\u0131nas\u0131 Art\u0131lar\u0131 ve Eksileri \u015eablonu - Sales AI Agents<\/title>\n<meta name=\"description\" content=\"Bir karar verirken, art\u0131lar\u0131 ve eksileri listelemek s\u00fcreci kolayla\u015ft\u0131rabilir. Bu \u00fccretsiz \u015fablon, avantaj ve dezavantajlar\u0131 d\u00fc\u015f\u00fcnmenizi sa\u011flar.\" \/>\n<meta name=\"robots\" content=\"index, follow, max-snippet:-1, max-image-preview:large, max-video-preview:-1\" \/>\n<link rel=\"canonical\" href=\"https:\/\/sales-ai-agents.com\/tr\/templates\/brainstorm-pros-and-cons\/\" \/>\n<meta property=\"og:locale\" content=\"tr_TR\" \/>\n<meta property=\"og:type\" content=\"article\" \/>\n<meta property=\"og:title\" content=\"Beyin F\u0131rt\u0131nas\u0131 Art\u0131lar\u0131 ve Eksileri \u015eablonu - Sales AI Agents\" \/>\n<meta property=\"og:description\" content=\"Bir karar verirken, art\u0131lar\u0131 ve eksileri listelemek s\u00fcreci kolayla\u015ft\u0131rabilir. Bu \u00fccretsiz \u015fablon, avantaj ve dezavantajlar\u0131 d\u00fc\u015f\u00fcnmenizi sa\u011flar.\" \/>\n<meta property=\"og:url\" content=\"https:\/\/sales-ai-agents.com\/tr\/templates\/brainstorm-pros-and-cons\/\" \/>\n<meta property=\"og:site_name\" content=\"Sales AI Agents\" \/>\n<meta property=\"article:modified_time\" content=\"2024-01-02T11:02:16+00:00\" \/>\n<meta property=\"og:image\" content=\"https:\/\/sales-ai-agents.com\/wp-content\/uploads\/2023\/01\/image-preview121323.png\" \/>\n\t<meta property=\"og:image:width\" content=\"1078\" \/>\n\t<meta property=\"og:image:height\" content=\"760\" \/>\n\t<meta property=\"og:image:type\" content=\"image\/png\" \/>\n<meta name=\"twitter:card\" content=\"summary_large_image\" \/>\n<script type=\"application\/ld+json\" class=\"yoast-schema-graph\">{\"@context\":\"https:\/\/schema.org\",\"@graph\":[{\"@type\":\"WebPage\",\"@id\":\"https:\/\/sales-ai-agents.com\/tr\/templates\/brainstorm-pros-and-cons\/\",\"url\":\"https:\/\/sales-ai-agents.com\/tr\/templates\/brainstorm-pros-and-cons\/\",\"name\":\"Beyin F\u0131rt\u0131nas\u0131 Art\u0131lar\u0131 ve Eksileri \u015eablonu - Sales AI Agents\",\"isPartOf\":{\"@id\":\"https:\/\/sales-ai-agents.com\/#website\"},\"primaryImageOfPage\":{\"@id\":\"https:\/\/sales-ai-agents.com\/tr\/templates\/brainstorm-pros-and-cons\/#primaryimage\"},\"image\":{\"@id\":\"https:\/\/sales-ai-agents.com\/tr\/templates\/brainstorm-pros-and-cons\/#primaryimage\"},\"thumbnailUrl\":\"https:\/\/sales-ai-agents.com\/wp-content\/uploads\/2023\/01\/image-preview121323.png\",\"datePublished\":\"2022-09-26T12:19:50+00:00\",\"dateModified\":\"2024-01-02T11:02:16+00:00\",\"description\":\"Bir karar verirken, art\u0131lar\u0131 ve eksileri listelemek s\u00fcreci kolayla\u015ft\u0131rabilir. Bu \u00fccretsiz \u015fablon, avantaj ve dezavantajlar\u0131 d\u00fc\u015f\u00fcnmenizi sa\u011flar.\",\"inLanguage\":\"tr\",\"potentialAction\":[{\"@type\":\"ReadAction\",\"target\":[\"https:\/\/sales-ai-agents.com\/tr\/templates\/brainstorm-pros-and-cons\/\"]}]},{\"@type\":\"ImageObject\",\"inLanguage\":\"tr\",\"@id\":\"https:\/\/sales-ai-agents.com\/tr\/templates\/brainstorm-pros-and-cons\/#primaryimage\",\"url\":\"https:\/\/sales-ai-agents.com\/wp-content\/uploads\/2023\/01\/image-preview121323.png\",\"contentUrl\":\"https:\/\/sales-ai-agents.com\/wp-content\/uploads\/2023\/01\/image-preview121323.png\",\"width\":1078,\"height\":760},{\"@type\":\"WebSite\",\"@id\":\"https:\/\/sales-ai-agents.com\/#website\",\"url\":\"https:\/\/sales-ai-agents.com\/\",\"name\":\"FuseBase\",\"description\":\"Sales AI Agents - Free Online Collaboration Software for Remote Teams. Build your wikis, client portals and more with the Nimbus Platform collaboration tool ? A perfect space for online work\",\"publisher\":{\"@id\":\"https:\/\/sales-ai-agents.com\/#organization\"},\"potentialAction\":[{\"@type\":\"SearchAction\",\"target\":{\"@type\":\"EntryPoint\",\"urlTemplate\":\"https:\/\/sales-ai-agents.com\/?s={search_term_string}\"},\"query-input\":{\"@type\":\"PropertyValueSpecification\",\"valueRequired\":true,\"valueName\":\"search_term_string\"}}],\"inLanguage\":\"tr\"},{\"@type\":\"Organization\",\"@id\":\"https:\/\/sales-ai-agents.com\/#organization\",\"name\":\"FuseBase\",\"url\":\"https:\/\/sales-ai-agents.com\/\",\"logo\":{\"@type\":\"ImageObject\",\"inLanguage\":\"tr\",\"@id\":\"https:\/\/sales-ai-agents.com\/#\/schema\/logo\/image\/\",\"url\":\"https:\/\/sales-ai-agents.com\/wp-content\/uploads\/2023\/11\/icon-7.svg\",\"contentUrl\":\"https:\/\/sales-ai-agents.com\/wp-content\/uploads\/2023\/11\/icon-7.svg\",\"width\":128,\"height\":128,\"caption\":\"FuseBase\"},\"image\":{\"@id\":\"https:\/\/sales-ai-agents.com\/#\/schema\/logo\/image\/\"}}]}<\/script>\n<!-- \/ Yoast SEO plugin. -->","yoast_head_json":{"title":"Beyin F\u0131rt\u0131nas\u0131 Art\u0131lar\u0131 ve Eksileri \u015eablonu - Sales AI Agents","description":"Bir karar verirken, art\u0131lar\u0131 ve eksileri listelemek s\u00fcreci kolayla\u015ft\u0131rabilir. Bu \u00fccretsiz \u015fablon, avantaj ve dezavantajlar\u0131 d\u00fc\u015f\u00fcnmenizi sa\u011flar.","robots":{"index":"index","follow":"follow","max-snippet":"max-snippet:-1","max-image-preview":"max-image-preview:large","max-video-preview":"max-video-preview:-1"},"canonical":"https:\/\/sales-ai-agents.com\/tr\/templates\/brainstorm-pros-and-cons\/","og_locale":"tr_TR","og_type":"article","og_title":"Beyin F\u0131rt\u0131nas\u0131 Art\u0131lar\u0131 ve Eksileri \u015eablonu - Sales AI Agents","og_description":"Bir karar verirken, art\u0131lar\u0131 ve eksileri listelemek s\u00fcreci kolayla\u015ft\u0131rabilir. Bu \u00fccretsiz \u015fablon, avantaj ve dezavantajlar\u0131 d\u00fc\u015f\u00fcnmenizi sa\u011flar.","og_url":"https:\/\/sales-ai-agents.com\/tr\/templates\/brainstorm-pros-and-cons\/","og_site_name":"Sales AI Agents","article_modified_time":"2024-01-02T11:02:16+00:00","og_image":[{"width":1078,"height":760,"url":"https:\/\/sales-ai-agents.com\/wp-content\/uploads\/2023\/01\/image-preview121323.png","type":"image\/png"}],"twitter_card":"summary_large_image","schema":{"@context":"https:\/\/schema.org","@graph":[{"@type":"WebPage","@id":"https:\/\/sales-ai-agents.com\/tr\/templates\/brainstorm-pros-and-cons\/","url":"https:\/\/sales-ai-agents.com\/tr\/templates\/brainstorm-pros-and-cons\/","name":"Beyin F\u0131rt\u0131nas\u0131 Art\u0131lar\u0131 ve Eksileri \u015eablonu - Sales AI Agents","isPartOf":{"@id":"https:\/\/sales-ai-agents.com\/#website"},"primaryImageOfPage":{"@id":"https:\/\/sales-ai-agents.com\/tr\/templates\/brainstorm-pros-and-cons\/#primaryimage"},"image":{"@id":"https:\/\/sales-ai-agents.com\/tr\/templates\/brainstorm-pros-and-cons\/#primaryimage"},"thumbnailUrl":"https:\/\/sales-ai-agents.com\/wp-content\/uploads\/2023\/01\/image-preview121323.png","datePublished":"2022-09-26T12:19:50+00:00","dateModified":"2024-01-02T11:02:16+00:00","description":"Bir karar verirken, art\u0131lar\u0131 ve eksileri listelemek s\u00fcreci kolayla\u015ft\u0131rabilir. Bu \u00fccretsiz \u015fablon, avantaj ve dezavantajlar\u0131 d\u00fc\u015f\u00fcnmenizi sa\u011flar.","inLanguage":"tr","potentialAction":[{"@type":"ReadAction","target":["https:\/\/sales-ai-agents.com\/tr\/templates\/brainstorm-pros-and-cons\/"]}]},{"@type":"ImageObject","inLanguage":"tr","@id":"https:\/\/sales-ai-agents.com\/tr\/templates\/brainstorm-pros-and-cons\/#primaryimage","url":"https:\/\/sales-ai-agents.com\/wp-content\/uploads\/2023\/01\/image-preview121323.png","contentUrl":"https:\/\/sales-ai-agents.com\/wp-content\/uploads\/2023\/01\/image-preview121323.png","width":1078,"height":760},{"@type":"WebSite","@id":"https:\/\/sales-ai-agents.com\/#website","url":"https:\/\/sales-ai-agents.com\/","name":"FuseBase","description":"Sales AI Agents - Free Online Collaboration Software for Remote Teams. Build your wikis, client portals and more with the Nimbus Platform collaboration tool ? A perfect space for online work","publisher":{"@id":"https:\/\/sales-ai-agents.com\/#organization"},"potentialAction":[{"@type":"SearchAction","target":{"@type":"EntryPoint","urlTemplate":"https:\/\/sales-ai-agents.com\/?s={search_term_string}"},"query-input":{"@type":"PropertyValueSpecification","valueRequired":true,"valueName":"search_term_string"}}],"inLanguage":"tr"},{"@type":"Organization","@id":"https:\/\/sales-ai-agents.com\/#organization","name":"FuseBase","url":"https:\/\/sales-ai-agents.com\/","logo":{"@type":"ImageObject","inLanguage":"tr","@id":"https:\/\/sales-ai-agents.com\/#\/schema\/logo\/image\/","url":"https:\/\/sales-ai-agents.com\/wp-content\/uploads\/2023\/11\/icon-7.svg","contentUrl":"https:\/\/sales-ai-agents.com\/wp-content\/uploads\/2023\/11\/icon-7.svg","width":128,"height":128,"caption":"FuseBase"},"image":{"@id":"https:\/\/sales-ai-agents.com\/#\/schema\/logo\/image\/"}}]}},"_links":{"self":[{"href":"https:\/\/sales-ai-agents.com\/tr\/wp-json\/wp\/v2\/product\/56258","targetHints":{"allow":["GET"]}}],"collection":[{"href":"https:\/\/sales-ai-agents.com\/tr\/wp-json\/wp\/v2\/product"}],"about":[{"href":"https:\/\/sales-ai-agents.com\/tr\/wp-json\/wp\/v2\/types\/product"}],"wp:featuredmedia":[{"embeddable":true,"href":"https:\/\/sales-ai-agents.com\/tr\/wp-json\/wp\/v2\/media\/56259"}],"wp:attachment":[{"href":"https:\/\/sales-ai-agents.com\/tr\/wp-json\/wp\/v2\/media?parent=56258"}],"wp:term":[{"taxonomy":"product_brand","embeddable":true,"href":"https:\/\/sales-ai-agents.com\/tr\/wp-json\/wp\/v2\/product_brand?post=56258"},{"taxonomy":"product_cat","embeddable":true,"href":"https:\/\/sales-ai-agents.com\/tr\/wp-json\/wp\/v2\/product_cat?post=56258"},{"taxonomy":"product_tag","embeddable":true,"href":"https:\/\/sales-ai-agents.com\/tr\/wp-json\/wp\/v2\/product_tag?post=56258"}],"curies":[{"name":"wp","href":"https:\/\/api.w.org\/{rel}","templated":true}]}}