{"id":56261,"date":"2022-09-26T12:19:46","date_gmt":"2022-09-26T12:19:46","guid":{"rendered":"https:\/\/sales-ai-agents.com\/templates\/course-homepage\/"},"modified":"2023-12-27T15:03:34","modified_gmt":"2023-12-27T15:03:34","slug":"course-homepage","status":"publish","type":"product","link":"https:\/\/sales-ai-agents.com\/tr\/templates\/course-homepage\/","title":{"rendered":"Kurs Ana Sayfas\u0131"},"content":{"rendered":"<p>&nbsp;<\/p>\n<h2>Kurs Ana Sayfas\u0131 \u015eablonu<\/h2>\n<p class=\"desc-text\">Bu ana sayfa \u015fablonunda, \u00f6zel \u00f6\u011fretim ara\u00e7 kutusunu kullanarak t\u00fcm temel kurs bilgilerini ekleyebilirsiniz. \u00d6rne\u011fin, bir m\u00fcfredat, program, dijital bilgi kartlar\u0131 ve yeni duyurular ekleyebilirsiniz. Ger\u00e7ek zamanl\u0131 g\u00fcncellemeleri takip edebilmeleri i\u00e7in \u00f6\u011frencilerinize eri\u015fim izni verin. Bilgilerinizi birbirinden ay\u0131rmak i\u00e7in ay\u0131rt edici renkler kullan\u0131n. Payla\u015f\u0131m yaparak, etiketler ve bahsedenler kullanarak herkesi d\u00f6ng\u00fcden haberdar edin.<\/p>\n<h5>Nas\u0131l kullan\u0131l\u0131r?<\/h5>\n<ul class=\"desc-item_list\">\n<li class=\"desc-item_list__point\">Temel kurs bilgilerini ba\u011flay\u0131n veya ekleyin<\/li>\n<li class=\"desc-item_list__point\">Renk kodlu bir program olu\u015fturun<\/li>\n<li class=\"desc-item_list__point\">S\u0131n\u0131f temalar\u0131n\u0131 uygun s\u00fctunlarda listeleyin<\/li>\n<li class=\"desc-item_list__point\">Duyurular\u0131 g\u00f6ndermek i\u00e7in tabloyu kullan\u0131n<\/li>\n<li class=\"desc-item_list__point\">Ge\u00e7erli tarihi se\u00e7in ve ilgili ekleri y\u00fckleyin<\/li>\n<\/ul>\n","protected":false},"excerpt":{"rendered":"<p>Bu \u00fccretsiz \u00f6zelle\u015ftirilebilir ana sayfa \u015fablonunda, m\u00fcfredat, program, yeni duyurular gibi e\u011fitiminiz i\u00e7in gerekli t\u00fcm kurs bilgilerini ekleyebilirsiniz.<\/p>\n","protected":false},"featured_media":56262,"template":"","meta":{"_acf_changed":false,"inline_featured_image":false},"product_brand":[],"product_cat":[268],"product_tag":[],"class_list":{"0":"post-56261","1":"product","2":"type-product","3":"status-publish","4":"has-post-thumbnail","6":"product_cat-teacher","8":"first","9":"instock","10":"virtual","11":"sold-individually","12":"product-type-simple"},"acf":[],"yoast_head":"<!-- This site is optimized with the Yoast SEO plugin v25.3.1 - https:\/\/yoast.com\/wordpress\/plugins\/seo\/ -->\n<title>Kurs Ana Sayfas\u0131 \u015eablonu - Sales AI Agents<\/title>\n<meta name=\"description\" content=\"Bu \u00fccretsiz \u00f6zelle\u015ftirilebilir ana sayfa \u015fablonunda, m\u00fcfredat, program, yeni duyurular gibi e\u011fitiminiz i\u00e7in gerekli t\u00fcm kurs bilgilerini ekleyebilirsiniz.\" \/>\n<meta name=\"robots\" content=\"index, follow, max-snippet:-1, max-image-preview:large, max-video-preview:-1\" \/>\n<link rel=\"canonical\" href=\"https:\/\/sales-ai-agents.com\/tr\/templates\/course-homepage\/\" \/>\n<meta property=\"og:locale\" content=\"tr_TR\" \/>\n<meta property=\"og:type\" content=\"article\" \/>\n<meta property=\"og:title\" content=\"Kurs Ana Sayfas\u0131 \u015eablonu - Sales AI Agents\" \/>\n<meta property=\"og:description\" content=\"Bu \u00fccretsiz \u00f6zelle\u015ftirilebilir ana sayfa \u015fablonunda, m\u00fcfredat, program, yeni duyurular gibi e\u011fitiminiz i\u00e7in gerekli t\u00fcm kurs bilgilerini ekleyebilirsiniz.\" \/>\n<meta property=\"og:url\" content=\"https:\/\/sales-ai-agents.com\/tr\/templates\/course-homepage\/\" \/>\n<meta property=\"og:site_name\" content=\"Sales AI Agents\" \/>\n<meta property=\"article:modified_time\" content=\"2023-12-27T15:03:34+00:00\" \/>\n<meta property=\"og:image\" content=\"https:\/\/sales-ai-agents.com\/wp-content\/uploads\/2023\/01\/image-preview121241.png\" \/>\n\t<meta property=\"og:image:width\" content=\"1078\" \/>\n\t<meta property=\"og:image:height\" content=\"907\" \/>\n\t<meta property=\"og:image:type\" content=\"image\/png\" \/>\n<meta name=\"twitter:card\" content=\"summary_large_image\" \/>\n<script type=\"application\/ld+json\" class=\"yoast-schema-graph\">{\"@context\":\"https:\/\/schema.org\",\"@graph\":[{\"@type\":\"WebPage\",\"@id\":\"https:\/\/sales-ai-agents.com\/tr\/templates\/course-homepage\/\",\"url\":\"https:\/\/sales-ai-agents.com\/tr\/templates\/course-homepage\/\",\"name\":\"Kurs Ana Sayfas\u0131 \u015eablonu - Sales AI Agents\",\"isPartOf\":{\"@id\":\"https:\/\/sales-ai-agents.com\/#website\"},\"primaryImageOfPage\":{\"@id\":\"https:\/\/sales-ai-agents.com\/tr\/templates\/course-homepage\/#primaryimage\"},\"image\":{\"@id\":\"https:\/\/sales-ai-agents.com\/tr\/templates\/course-homepage\/#primaryimage\"},\"thumbnailUrl\":\"https:\/\/sales-ai-agents.com\/wp-content\/uploads\/2023\/01\/image-preview121241.png\",\"datePublished\":\"2022-09-26T12:19:46+00:00\",\"dateModified\":\"2023-12-27T15:03:34+00:00\",\"description\":\"Bu \u00fccretsiz \u00f6zelle\u015ftirilebilir ana sayfa \u015fablonunda, m\u00fcfredat, program, yeni duyurular gibi e\u011fitiminiz i\u00e7in gerekli t\u00fcm kurs bilgilerini ekleyebilirsiniz.\",\"inLanguage\":\"tr\",\"potentialAction\":[{\"@type\":\"ReadAction\",\"target\":[\"https:\/\/sales-ai-agents.com\/tr\/templates\/course-homepage\/\"]}]},{\"@type\":\"ImageObject\",\"inLanguage\":\"tr\",\"@id\":\"https:\/\/sales-ai-agents.com\/tr\/templates\/course-homepage\/#primaryimage\",\"url\":\"https:\/\/sales-ai-agents.com\/wp-content\/uploads\/2023\/01\/image-preview121241.png\",\"contentUrl\":\"https:\/\/sales-ai-agents.com\/wp-content\/uploads\/2023\/01\/image-preview121241.png\",\"width\":1078,\"height\":907},{\"@type\":\"WebSite\",\"@id\":\"https:\/\/sales-ai-agents.com\/#website\",\"url\":\"https:\/\/sales-ai-agents.com\/\",\"name\":\"FuseBase\",\"description\":\"Sales AI Agents - Free Online Collaboration Software for Remote Teams. Build your wikis, client portals and more with the Nimbus Platform collaboration tool ? A perfect space for online work\",\"publisher\":{\"@id\":\"https:\/\/sales-ai-agents.com\/#organization\"},\"potentialAction\":[{\"@type\":\"SearchAction\",\"target\":{\"@type\":\"EntryPoint\",\"urlTemplate\":\"https:\/\/sales-ai-agents.com\/?s={search_term_string}\"},\"query-input\":{\"@type\":\"PropertyValueSpecification\",\"valueRequired\":true,\"valueName\":\"search_term_string\"}}],\"inLanguage\":\"tr\"},{\"@type\":\"Organization\",\"@id\":\"https:\/\/sales-ai-agents.com\/#organization\",\"name\":\"FuseBase\",\"url\":\"https:\/\/sales-ai-agents.com\/\",\"logo\":{\"@type\":\"ImageObject\",\"inLanguage\":\"tr\",\"@id\":\"https:\/\/sales-ai-agents.com\/#\/schema\/logo\/image\/\",\"url\":\"https:\/\/sales-ai-agents.com\/wp-content\/uploads\/2023\/11\/icon-7.svg\",\"contentUrl\":\"https:\/\/sales-ai-agents.com\/wp-content\/uploads\/2023\/11\/icon-7.svg\",\"width\":128,\"height\":128,\"caption\":\"FuseBase\"},\"image\":{\"@id\":\"https:\/\/sales-ai-agents.com\/#\/schema\/logo\/image\/\"}}]}<\/script>\n<!-- \/ Yoast SEO plugin. -->","yoast_head_json":{"title":"Kurs Ana Sayfas\u0131 \u015eablonu - Sales AI Agents","description":"Bu \u00fccretsiz \u00f6zelle\u015ftirilebilir ana sayfa \u015fablonunda, m\u00fcfredat, program, yeni duyurular gibi e\u011fitiminiz i\u00e7in gerekli t\u00fcm kurs bilgilerini ekleyebilirsiniz.","robots":{"index":"index","follow":"follow","max-snippet":"max-snippet:-1","max-image-preview":"max-image-preview:large","max-video-preview":"max-video-preview:-1"},"canonical":"https:\/\/sales-ai-agents.com\/tr\/templates\/course-homepage\/","og_locale":"tr_TR","og_type":"article","og_title":"Kurs Ana Sayfas\u0131 \u015eablonu - Sales AI Agents","og_description":"Bu \u00fccretsiz \u00f6zelle\u015ftirilebilir ana sayfa \u015fablonunda, m\u00fcfredat, program, yeni duyurular gibi e\u011fitiminiz i\u00e7in gerekli t\u00fcm kurs bilgilerini ekleyebilirsiniz.","og_url":"https:\/\/sales-ai-agents.com\/tr\/templates\/course-homepage\/","og_site_name":"Sales AI Agents","article_modified_time":"2023-12-27T15:03:34+00:00","og_image":[{"width":1078,"height":907,"url":"https:\/\/sales-ai-agents.com\/wp-content\/uploads\/2023\/01\/image-preview121241.png","type":"image\/png"}],"twitter_card":"summary_large_image","schema":{"@context":"https:\/\/schema.org","@graph":[{"@type":"WebPage","@id":"https:\/\/sales-ai-agents.com\/tr\/templates\/course-homepage\/","url":"https:\/\/sales-ai-agents.com\/tr\/templates\/course-homepage\/","name":"Kurs Ana Sayfas\u0131 \u015eablonu - Sales AI Agents","isPartOf":{"@id":"https:\/\/sales-ai-agents.com\/#website"},"primaryImageOfPage":{"@id":"https:\/\/sales-ai-agents.com\/tr\/templates\/course-homepage\/#primaryimage"},"image":{"@id":"https:\/\/sales-ai-agents.com\/tr\/templates\/course-homepage\/#primaryimage"},"thumbnailUrl":"https:\/\/sales-ai-agents.com\/wp-content\/uploads\/2023\/01\/image-preview121241.png","datePublished":"2022-09-26T12:19:46+00:00","dateModified":"2023-12-27T15:03:34+00:00","description":"Bu \u00fccretsiz \u00f6zelle\u015ftirilebilir ana sayfa \u015fablonunda, m\u00fcfredat, program, yeni duyurular gibi e\u011fitiminiz i\u00e7in gerekli t\u00fcm kurs bilgilerini ekleyebilirsiniz.","inLanguage":"tr","potentialAction":[{"@type":"ReadAction","target":["https:\/\/sales-ai-agents.com\/tr\/templates\/course-homepage\/"]}]},{"@type":"ImageObject","inLanguage":"tr","@id":"https:\/\/sales-ai-agents.com\/tr\/templates\/course-homepage\/#primaryimage","url":"https:\/\/sales-ai-agents.com\/wp-content\/uploads\/2023\/01\/image-preview121241.png","contentUrl":"https:\/\/sales-ai-agents.com\/wp-content\/uploads\/2023\/01\/image-preview121241.png","width":1078,"height":907},{"@type":"WebSite","@id":"https:\/\/sales-ai-agents.com\/#website","url":"https:\/\/sales-ai-agents.com\/","name":"FuseBase","description":"Sales AI Agents - Free Online Collaboration Software for Remote Teams. Build your wikis, client portals and more with the Nimbus Platform collaboration tool ? A perfect space for online work","publisher":{"@id":"https:\/\/sales-ai-agents.com\/#organization"},"potentialAction":[{"@type":"SearchAction","target":{"@type":"EntryPoint","urlTemplate":"https:\/\/sales-ai-agents.com\/?s={search_term_string}"},"query-input":{"@type":"PropertyValueSpecification","valueRequired":true,"valueName":"search_term_string"}}],"inLanguage":"tr"},{"@type":"Organization","@id":"https:\/\/sales-ai-agents.com\/#organization","name":"FuseBase","url":"https:\/\/sales-ai-agents.com\/","logo":{"@type":"ImageObject","inLanguage":"tr","@id":"https:\/\/sales-ai-agents.com\/#\/schema\/logo\/image\/","url":"https:\/\/sales-ai-agents.com\/wp-content\/uploads\/2023\/11\/icon-7.svg","contentUrl":"https:\/\/sales-ai-agents.com\/wp-content\/uploads\/2023\/11\/icon-7.svg","width":128,"height":128,"caption":"FuseBase"},"image":{"@id":"https:\/\/sales-ai-agents.com\/#\/schema\/logo\/image\/"}}]}},"_links":{"self":[{"href":"https:\/\/sales-ai-agents.com\/tr\/wp-json\/wp\/v2\/product\/56261","targetHints":{"allow":["GET"]}}],"collection":[{"href":"https:\/\/sales-ai-agents.com\/tr\/wp-json\/wp\/v2\/product"}],"about":[{"href":"https:\/\/sales-ai-agents.com\/tr\/wp-json\/wp\/v2\/types\/product"}],"wp:featuredmedia":[{"embeddable":true,"href":"https:\/\/sales-ai-agents.com\/tr\/wp-json\/wp\/v2\/media\/56262"}],"wp:attachment":[{"href":"https:\/\/sales-ai-agents.com\/tr\/wp-json\/wp\/v2\/media?parent=56261"}],"wp:term":[{"taxonomy":"product_brand","embeddable":true,"href":"https:\/\/sales-ai-agents.com\/tr\/wp-json\/wp\/v2\/product_brand?post=56261"},{"taxonomy":"product_cat","embeddable":true,"href":"https:\/\/sales-ai-agents.com\/tr\/wp-json\/wp\/v2\/product_cat?post=56261"},{"taxonomy":"product_tag","embeddable":true,"href":"https:\/\/sales-ai-agents.com\/tr\/wp-json\/wp\/v2\/product_tag?post=56261"}],"curies":[{"name":"wp","href":"https:\/\/api.w.org\/{rel}","templated":true}]}}