{"id":56264,"date":"2022-09-26T12:19:42","date_gmt":"2022-09-26T12:19:42","guid":{"rendered":"https:\/\/sales-ai-agents.com\/templates\/healthy-eating-plan\/"},"modified":"2023-12-31T17:05:25","modified_gmt":"2023-12-31T17:05:25","slug":"healthy-eating-plan","status":"publish","type":"product","link":"https:\/\/sales-ai-agents.com\/tr\/templates\/healthy-eating-plan\/","title":{"rendered":"Sa\u011fl\u0131kl\u0131 Beslenme Plan\u0131"},"content":{"rendered":"<p>&nbsp;<\/p>\n<h2>Sa\u011fl\u0131kl\u0131 Beslenme Plan\u0131 \u015eablonu<\/h2>\n<p class=\"desc-text\">Bu yemek planlay\u0131c\u0131 \u015fablonu ile kahvalt\u0131, \u00f6\u011fle yeme\u011fi, ak\u015fam yeme\u011fi ve at\u0131\u015ft\u0131rmal\u0131klar i\u00e7in ne oldu\u011funu bilin. Yemek planlay\u0131c\u0131s\u0131 kullanarak daha iyi beslenin, son dakikada d\u0131\u015far\u0131dan yemek almaya gitmeyi unutun ve buzdolab\u0131nda ne oldu\u011funu bilece\u011finiz i\u00e7in israf\u0131 azalt\u0131n.<\/p>\n<h5>Nas\u0131l kullan\u0131l\u0131r?<\/h5>\n<ul class=\"desc-item_list\">\n<li class=\"desc-item_list__point\">\u00d6n\u00fcn\u00fczdeki t\u00fcm hafta i\u00e7in bir plan yap\u0131n &#8211; her g\u00fcn i\u00e7in \u00f6\u011f\u00fcn ekleyin<\/li>\n<li class=\"desc-item_list__point\">Kahvalt\u0131, \u00f6\u011fle yeme\u011fi, ak\u015fam yeme\u011fi ve at\u0131\u015ft\u0131rmal\u0131klar i\u00e7in ne servis edece\u011finizi girin<\/li>\n<li class=\"desc-item_list__point\">Gerekirse not ekleyin<\/li>\n<\/ul>\n","protected":false},"excerpt":{"rendered":"<p>Bu \u00fccretsiz \u00f6zelle\u015ftirilebilir yemek planlay\u0131c\u0131 \u015fablonu ile kahvalt\u0131, \u00f6\u011fle yeme\u011fi, ak\u015fam yeme\u011fi ve at\u0131\u015ft\u0131rmal\u0131klar i\u00e7in ne oldu\u011funu bilin. Daha iyi beslenin ve son dakika at\u0131\u015ft\u0131rmal\u0131klar\u0131n\u0131 unutun.<\/p>\n","protected":false},"featured_media":56265,"template":"","meta":{"_acf_changed":false,"inline_featured_image":false},"product_brand":[],"product_cat":[257,259,256],"product_tag":[],"class_list":{"0":"post-56264","1":"product","2":"type-product","3":"status-publish","4":"has-post-thumbnail","6":"product_cat-personal","7":"product_cat-personal-health","8":"product_cat-organizers-planners","10":"first","11":"instock","12":"virtual","13":"sold-individually","14":"product-type-simple"},"acf":[],"yoast_head":"<!-- This site is optimized with the Yoast SEO plugin v25.3.1 - https:\/\/yoast.com\/wordpress\/plugins\/seo\/ -->\n<title>Sa\u011fl\u0131kl\u0131 Beslenme Plan\u0131 \u015eablonu - Sales AI Agents<\/title>\n<meta name=\"description\" content=\"Bu \u00fccretsiz \u00f6zelle\u015ftirilebilir yemek planlay\u0131c\u0131 \u015fablonu ile kahvalt\u0131, \u00f6\u011fle yeme\u011fi, ak\u015fam yeme\u011fi ve at\u0131\u015ft\u0131rmal\u0131klar i\u00e7in ne oldu\u011funu bilin. Daha iyi beslenin ve son dakika at\u0131\u015ft\u0131rmal\u0131klar\u0131n\u0131 unutun.\" \/>\n<meta name=\"robots\" content=\"index, follow, max-snippet:-1, max-image-preview:large, max-video-preview:-1\" \/>\n<link rel=\"canonical\" href=\"https:\/\/sales-ai-agents.com\/tr\/templates\/healthy-eating-plan\/\" \/>\n<meta property=\"og:locale\" content=\"tr_TR\" \/>\n<meta property=\"og:type\" content=\"article\" \/>\n<meta property=\"og:title\" content=\"Sa\u011fl\u0131kl\u0131 Beslenme Plan\u0131 \u015eablonu - Sales AI Agents\" \/>\n<meta property=\"og:description\" content=\"Bu \u00fccretsiz \u00f6zelle\u015ftirilebilir yemek planlay\u0131c\u0131 \u015fablonu ile kahvalt\u0131, \u00f6\u011fle yeme\u011fi, ak\u015fam yeme\u011fi ve at\u0131\u015ft\u0131rmal\u0131klar i\u00e7in ne oldu\u011funu bilin. Daha iyi beslenin ve son dakika at\u0131\u015ft\u0131rmal\u0131klar\u0131n\u0131 unutun.\" \/>\n<meta property=\"og:url\" content=\"https:\/\/sales-ai-agents.com\/tr\/templates\/healthy-eating-plan\/\" \/>\n<meta property=\"og:site_name\" content=\"Sales AI Agents\" \/>\n<meta property=\"article:modified_time\" content=\"2023-12-31T17:05:25+00:00\" \/>\n<meta property=\"og:image\" content=\"https:\/\/sales-ai-agents.com\/wp-content\/uploads\/2023\/01\/image-preview121359.png\" \/>\n\t<meta property=\"og:image:width\" content=\"1078\" \/>\n\t<meta property=\"og:image:height\" content=\"858\" \/>\n\t<meta property=\"og:image:type\" content=\"image\/png\" \/>\n<meta name=\"twitter:card\" content=\"summary_large_image\" \/>\n<script type=\"application\/ld+json\" class=\"yoast-schema-graph\">{\"@context\":\"https:\/\/schema.org\",\"@graph\":[{\"@type\":\"WebPage\",\"@id\":\"https:\/\/sales-ai-agents.com\/tr\/templates\/healthy-eating-plan\/\",\"url\":\"https:\/\/sales-ai-agents.com\/tr\/templates\/healthy-eating-plan\/\",\"name\":\"Sa\u011fl\u0131kl\u0131 Beslenme Plan\u0131 \u015eablonu - Sales AI Agents\",\"isPartOf\":{\"@id\":\"https:\/\/sales-ai-agents.com\/#website\"},\"primaryImageOfPage\":{\"@id\":\"https:\/\/sales-ai-agents.com\/tr\/templates\/healthy-eating-plan\/#primaryimage\"},\"image\":{\"@id\":\"https:\/\/sales-ai-agents.com\/tr\/templates\/healthy-eating-plan\/#primaryimage\"},\"thumbnailUrl\":\"https:\/\/sales-ai-agents.com\/wp-content\/uploads\/2023\/01\/image-preview121359.png\",\"datePublished\":\"2022-09-26T12:19:42+00:00\",\"dateModified\":\"2023-12-31T17:05:25+00:00\",\"description\":\"Bu \u00fccretsiz \u00f6zelle\u015ftirilebilir yemek planlay\u0131c\u0131 \u015fablonu ile kahvalt\u0131, \u00f6\u011fle yeme\u011fi, ak\u015fam yeme\u011fi ve at\u0131\u015ft\u0131rmal\u0131klar i\u00e7in ne oldu\u011funu bilin. Daha iyi beslenin ve son dakika at\u0131\u015ft\u0131rmal\u0131klar\u0131n\u0131 unutun.\",\"inLanguage\":\"tr\",\"potentialAction\":[{\"@type\":\"ReadAction\",\"target\":[\"https:\/\/sales-ai-agents.com\/tr\/templates\/healthy-eating-plan\/\"]}]},{\"@type\":\"ImageObject\",\"inLanguage\":\"tr\",\"@id\":\"https:\/\/sales-ai-agents.com\/tr\/templates\/healthy-eating-plan\/#primaryimage\",\"url\":\"https:\/\/sales-ai-agents.com\/wp-content\/uploads\/2023\/01\/image-preview121359.png\",\"contentUrl\":\"https:\/\/sales-ai-agents.com\/wp-content\/uploads\/2023\/01\/image-preview121359.png\",\"width\":1078,\"height\":858},{\"@type\":\"WebSite\",\"@id\":\"https:\/\/sales-ai-agents.com\/#website\",\"url\":\"https:\/\/sales-ai-agents.com\/\",\"name\":\"FuseBase\",\"description\":\"Sales AI Agents - Free Online Collaboration Software for Remote Teams. Build your wikis, client portals and more with the Nimbus Platform collaboration tool ? A perfect space for online work\",\"publisher\":{\"@id\":\"https:\/\/sales-ai-agents.com\/#organization\"},\"potentialAction\":[{\"@type\":\"SearchAction\",\"target\":{\"@type\":\"EntryPoint\",\"urlTemplate\":\"https:\/\/sales-ai-agents.com\/?s={search_term_string}\"},\"query-input\":{\"@type\":\"PropertyValueSpecification\",\"valueRequired\":true,\"valueName\":\"search_term_string\"}}],\"inLanguage\":\"tr\"},{\"@type\":\"Organization\",\"@id\":\"https:\/\/sales-ai-agents.com\/#organization\",\"name\":\"FuseBase\",\"url\":\"https:\/\/sales-ai-agents.com\/\",\"logo\":{\"@type\":\"ImageObject\",\"inLanguage\":\"tr\",\"@id\":\"https:\/\/sales-ai-agents.com\/#\/schema\/logo\/image\/\",\"url\":\"https:\/\/sales-ai-agents.com\/wp-content\/uploads\/2023\/11\/icon-7.svg\",\"contentUrl\":\"https:\/\/sales-ai-agents.com\/wp-content\/uploads\/2023\/11\/icon-7.svg\",\"width\":128,\"height\":128,\"caption\":\"FuseBase\"},\"image\":{\"@id\":\"https:\/\/sales-ai-agents.com\/#\/schema\/logo\/image\/\"}}]}<\/script>\n<!-- \/ Yoast SEO plugin. -->","yoast_head_json":{"title":"Sa\u011fl\u0131kl\u0131 Beslenme Plan\u0131 \u015eablonu - Sales AI Agents","description":"Bu \u00fccretsiz \u00f6zelle\u015ftirilebilir yemek planlay\u0131c\u0131 \u015fablonu ile kahvalt\u0131, \u00f6\u011fle yeme\u011fi, ak\u015fam yeme\u011fi ve at\u0131\u015ft\u0131rmal\u0131klar i\u00e7in ne oldu\u011funu bilin. Daha iyi beslenin ve son dakika at\u0131\u015ft\u0131rmal\u0131klar\u0131n\u0131 unutun.","robots":{"index":"index","follow":"follow","max-snippet":"max-snippet:-1","max-image-preview":"max-image-preview:large","max-video-preview":"max-video-preview:-1"},"canonical":"https:\/\/sales-ai-agents.com\/tr\/templates\/healthy-eating-plan\/","og_locale":"tr_TR","og_type":"article","og_title":"Sa\u011fl\u0131kl\u0131 Beslenme Plan\u0131 \u015eablonu - Sales AI Agents","og_description":"Bu \u00fccretsiz \u00f6zelle\u015ftirilebilir yemek planlay\u0131c\u0131 \u015fablonu ile kahvalt\u0131, \u00f6\u011fle yeme\u011fi, ak\u015fam yeme\u011fi ve at\u0131\u015ft\u0131rmal\u0131klar i\u00e7in ne oldu\u011funu bilin. Daha iyi beslenin ve son dakika at\u0131\u015ft\u0131rmal\u0131klar\u0131n\u0131 unutun.","og_url":"https:\/\/sales-ai-agents.com\/tr\/templates\/healthy-eating-plan\/","og_site_name":"Sales AI Agents","article_modified_time":"2023-12-31T17:05:25+00:00","og_image":[{"width":1078,"height":858,"url":"https:\/\/sales-ai-agents.com\/wp-content\/uploads\/2023\/01\/image-preview121359.png","type":"image\/png"}],"twitter_card":"summary_large_image","schema":{"@context":"https:\/\/schema.org","@graph":[{"@type":"WebPage","@id":"https:\/\/sales-ai-agents.com\/tr\/templates\/healthy-eating-plan\/","url":"https:\/\/sales-ai-agents.com\/tr\/templates\/healthy-eating-plan\/","name":"Sa\u011fl\u0131kl\u0131 Beslenme Plan\u0131 \u015eablonu - Sales AI Agents","isPartOf":{"@id":"https:\/\/sales-ai-agents.com\/#website"},"primaryImageOfPage":{"@id":"https:\/\/sales-ai-agents.com\/tr\/templates\/healthy-eating-plan\/#primaryimage"},"image":{"@id":"https:\/\/sales-ai-agents.com\/tr\/templates\/healthy-eating-plan\/#primaryimage"},"thumbnailUrl":"https:\/\/sales-ai-agents.com\/wp-content\/uploads\/2023\/01\/image-preview121359.png","datePublished":"2022-09-26T12:19:42+00:00","dateModified":"2023-12-31T17:05:25+00:00","description":"Bu \u00fccretsiz \u00f6zelle\u015ftirilebilir yemek planlay\u0131c\u0131 \u015fablonu ile kahvalt\u0131, \u00f6\u011fle yeme\u011fi, ak\u015fam yeme\u011fi ve at\u0131\u015ft\u0131rmal\u0131klar i\u00e7in ne oldu\u011funu bilin. Daha iyi beslenin ve son dakika at\u0131\u015ft\u0131rmal\u0131klar\u0131n\u0131 unutun.","inLanguage":"tr","potentialAction":[{"@type":"ReadAction","target":["https:\/\/sales-ai-agents.com\/tr\/templates\/healthy-eating-plan\/"]}]},{"@type":"ImageObject","inLanguage":"tr","@id":"https:\/\/sales-ai-agents.com\/tr\/templates\/healthy-eating-plan\/#primaryimage","url":"https:\/\/sales-ai-agents.com\/wp-content\/uploads\/2023\/01\/image-preview121359.png","contentUrl":"https:\/\/sales-ai-agents.com\/wp-content\/uploads\/2023\/01\/image-preview121359.png","width":1078,"height":858},{"@type":"WebSite","@id":"https:\/\/sales-ai-agents.com\/#website","url":"https:\/\/sales-ai-agents.com\/","name":"FuseBase","description":"Sales AI Agents - Free Online Collaboration Software for Remote Teams. Build your wikis, client portals and more with the Nimbus Platform collaboration tool ? A perfect space for online work","publisher":{"@id":"https:\/\/sales-ai-agents.com\/#organization"},"potentialAction":[{"@type":"SearchAction","target":{"@type":"EntryPoint","urlTemplate":"https:\/\/sales-ai-agents.com\/?s={search_term_string}"},"query-input":{"@type":"PropertyValueSpecification","valueRequired":true,"valueName":"search_term_string"}}],"inLanguage":"tr"},{"@type":"Organization","@id":"https:\/\/sales-ai-agents.com\/#organization","name":"FuseBase","url":"https:\/\/sales-ai-agents.com\/","logo":{"@type":"ImageObject","inLanguage":"tr","@id":"https:\/\/sales-ai-agents.com\/#\/schema\/logo\/image\/","url":"https:\/\/sales-ai-agents.com\/wp-content\/uploads\/2023\/11\/icon-7.svg","contentUrl":"https:\/\/sales-ai-agents.com\/wp-content\/uploads\/2023\/11\/icon-7.svg","width":128,"height":128,"caption":"FuseBase"},"image":{"@id":"https:\/\/sales-ai-agents.com\/#\/schema\/logo\/image\/"}}]}},"_links":{"self":[{"href":"https:\/\/sales-ai-agents.com\/tr\/wp-json\/wp\/v2\/product\/56264","targetHints":{"allow":["GET"]}}],"collection":[{"href":"https:\/\/sales-ai-agents.com\/tr\/wp-json\/wp\/v2\/product"}],"about":[{"href":"https:\/\/sales-ai-agents.com\/tr\/wp-json\/wp\/v2\/types\/product"}],"wp:featuredmedia":[{"embeddable":true,"href":"https:\/\/sales-ai-agents.com\/tr\/wp-json\/wp\/v2\/media\/56265"}],"wp:attachment":[{"href":"https:\/\/sales-ai-agents.com\/tr\/wp-json\/wp\/v2\/media?parent=56264"}],"wp:term":[{"taxonomy":"product_brand","embeddable":true,"href":"https:\/\/sales-ai-agents.com\/tr\/wp-json\/wp\/v2\/product_brand?post=56264"},{"taxonomy":"product_cat","embeddable":true,"href":"https:\/\/sales-ai-agents.com\/tr\/wp-json\/wp\/v2\/product_cat?post=56264"},{"taxonomy":"product_tag","embeddable":true,"href":"https:\/\/sales-ai-agents.com\/tr\/wp-json\/wp\/v2\/product_tag?post=56264"}],"curies":[{"name":"wp","href":"https:\/\/api.w.org\/{rel}","templated":true}]}}