{"id":56268,"date":"2022-09-26T12:19:24","date_gmt":"2022-09-26T12:19:24","guid":{"rendered":"https:\/\/sales-ai-agents.com\/templates\/performance-review\/"},"modified":"2023-12-27T15:56:09","modified_gmt":"2023-12-27T15:56:09","slug":"performance-review","status":"publish","type":"product","link":"https:\/\/sales-ai-agents.com\/tr\/templates\/performance-review\/","title":{"rendered":"Performans \u0130ncelemesi"},"content":{"rendered":"<p>&nbsp;<\/p>\n<h2>Performans \u0130nceleme \u015eablonu<\/h2>\n<p class=\"desc-text\">\u00c7eyrek d\u00f6nem sonunda \u00e7al\u0131\u015fanlar\u0131 de\u011ferlendirmek i\u00e7in bu performans de\u011ferlendirme \u015fablonunu kullan\u0131n. \u00c7al\u0131\u015fanlar\u0131n kendi geli\u015fimlerini, ba\u015far\u0131lar\u0131n\u0131 ve geli\u015fim alanlar\u0131n\u0131 de\u011ferlendirmeleri i\u00e7in \u00fc\u00e7 b\u00f6l\u00fcm bulunmaktad\u0131r. G\u00f6zetmenler de not ve yorum ekleyebilir. Verimli bire bir toplant\u0131lar olu\u015fturmak i\u00e7in bu belgeyi payla\u015f\u0131n.<\/p>\n<h5>Nas\u0131l kullan\u0131l\u0131r?<\/h5>\n<ul class=\"desc-item_list\">\n<li class=\"desc-item_list__point\">\u0130ncelenecek \u00e7al\u0131\u015fan\u0131 etiketleyin<\/li>\n<li class=\"desc-item_list__point\">\u00c7al\u0131\u015fanlara her bir tabloyu doldurmalar\u0131n\u0131 s\u00f6yleyin<\/li>\n<li class=\"desc-item_list__point\">\u00c7al\u0131\u015fan her bir alan i\u00e7in \u00f6rnekler verir<\/li>\n<li class=\"desc-item_list__point\">\u00c7al\u0131\u015fan\u0131n yorumcusunu etiketleyin<\/li>\n<li class=\"desc-item_list__point\">G\u00f6zden ge\u00e7iren ki\u015fi ba\u015far\u0131lar\u0131 ve geli\u015ftirilmesi gereken alanlar\u0131 not eder<\/li>\n<\/ul>\n","protected":false},"excerpt":{"rendered":"<p>\u00c7al\u0131\u015fanlar\u0131 \u00e7eyrek d\u00f6nem sonunda de\u011ferlendirmek i\u00e7in bu \u00fccretsiz \u00f6zelle\u015ftirilebilir performans de\u011ferlendirme \u015fablonunu kullan\u0131n. Verimli bire bir toplant\u0131lar olu\u015fturmak i\u00e7in bu belgeyi payla\u015f\u0131n.<\/p>\n","protected":false},"featured_media":56269,"template":"","meta":{"_acf_changed":false,"inline_featured_image":false},"product_brand":[],"product_cat":[218],"product_tag":[],"class_list":{"0":"post-56268","1":"product","2":"type-product","3":"status-publish","4":"has-post-thumbnail","6":"product_cat-operations","7":"collections-team","9":"first","10":"instock","11":"virtual","12":"sold-individually","13":"product-type-simple"},"acf":[],"yoast_head":"<!-- This site is optimized with the Yoast SEO plugin v25.3.1 - https:\/\/yoast.com\/wordpress\/plugins\/seo\/ -->\n<title>Performans De\u011ferlendirme \u015eablonu - Sales AI Agents<\/title>\n<meta name=\"description\" content=\"\u00c7al\u0131\u015fanlar\u0131 \u00e7eyrek d\u00f6nem sonunda de\u011ferlendirmek i\u00e7in bu \u00fccretsiz \u00f6zelle\u015ftirilebilir performans de\u011ferlendirme \u015fablonunu kullan\u0131n. Verimli toplant\u0131lar olu\u015fturmak i\u00e7in bu belgeyi payla\u015f\u0131n.\" \/>\n<meta name=\"robots\" content=\"index, follow, max-snippet:-1, max-image-preview:large, max-video-preview:-1\" \/>\n<link rel=\"canonical\" href=\"https:\/\/sales-ai-agents.com\/tr\/templates\/performance-review\/\" \/>\n<meta property=\"og:locale\" content=\"tr_TR\" \/>\n<meta property=\"og:type\" content=\"article\" \/>\n<meta property=\"og:title\" content=\"Performans De\u011ferlendirme \u015eablonu - Sales AI Agents\" \/>\n<meta property=\"og:description\" content=\"\u00c7al\u0131\u015fanlar\u0131 \u00e7eyrek d\u00f6nem sonunda de\u011ferlendirmek i\u00e7in bu \u00fccretsiz \u00f6zelle\u015ftirilebilir performans de\u011ferlendirme \u015fablonunu kullan\u0131n. Verimli toplant\u0131lar olu\u015fturmak i\u00e7in bu belgeyi payla\u015f\u0131n.\" \/>\n<meta property=\"og:url\" content=\"https:\/\/sales-ai-agents.com\/tr\/templates\/performance-review\/\" \/>\n<meta property=\"og:site_name\" content=\"Sales AI Agents\" \/>\n<meta property=\"article:modified_time\" content=\"2023-12-27T15:56:09+00:00\" \/>\n<meta property=\"og:image\" content=\"https:\/\/sales-ai-agents.com\/wp-content\/uploads\/2022\/09\/Performance-Review-Template.png\" \/>\n\t<meta property=\"og:image:width\" content=\"1700\" \/>\n\t<meta property=\"og:image:height\" content=\"1100\" \/>\n\t<meta property=\"og:image:type\" content=\"image\/png\" \/>\n<meta name=\"twitter:card\" content=\"summary_large_image\" \/>\n<script type=\"application\/ld+json\" class=\"yoast-schema-graph\">{\"@context\":\"https:\/\/schema.org\",\"@graph\":[{\"@type\":\"WebPage\",\"@id\":\"https:\/\/sales-ai-agents.com\/tr\/templates\/performance-review\/\",\"url\":\"https:\/\/sales-ai-agents.com\/tr\/templates\/performance-review\/\",\"name\":\"Performans De\u011ferlendirme \u015eablonu - Sales AI Agents\",\"isPartOf\":{\"@id\":\"https:\/\/sales-ai-agents.com\/#website\"},\"primaryImageOfPage\":{\"@id\":\"https:\/\/sales-ai-agents.com\/tr\/templates\/performance-review\/#primaryimage\"},\"image\":{\"@id\":\"https:\/\/sales-ai-agents.com\/tr\/templates\/performance-review\/#primaryimage\"},\"thumbnailUrl\":\"https:\/\/sales-ai-agents.com\/wp-content\/uploads\/2022\/09\/Performance-Review-Template.png\",\"datePublished\":\"2022-09-26T12:19:24+00:00\",\"dateModified\":\"2023-12-27T15:56:09+00:00\",\"description\":\"\u00c7al\u0131\u015fanlar\u0131 \u00e7eyrek d\u00f6nem sonunda de\u011ferlendirmek i\u00e7in bu \u00fccretsiz \u00f6zelle\u015ftirilebilir performans de\u011ferlendirme \u015fablonunu kullan\u0131n. Verimli toplant\u0131lar olu\u015fturmak i\u00e7in bu belgeyi payla\u015f\u0131n.\",\"inLanguage\":\"tr\",\"potentialAction\":[{\"@type\":\"ReadAction\",\"target\":[\"https:\/\/sales-ai-agents.com\/tr\/templates\/performance-review\/\"]}]},{\"@type\":\"ImageObject\",\"inLanguage\":\"tr\",\"@id\":\"https:\/\/sales-ai-agents.com\/tr\/templates\/performance-review\/#primaryimage\",\"url\":\"https:\/\/sales-ai-agents.com\/wp-content\/uploads\/2022\/09\/Performance-Review-Template.png\",\"contentUrl\":\"https:\/\/sales-ai-agents.com\/wp-content\/uploads\/2022\/09\/Performance-Review-Template.png\",\"width\":1700,\"height\":1100},{\"@type\":\"WebSite\",\"@id\":\"https:\/\/sales-ai-agents.com\/#website\",\"url\":\"https:\/\/sales-ai-agents.com\/\",\"name\":\"FuseBase\",\"description\":\"Sales AI Agents - Free Online Collaboration Software for Remote Teams. Build your wikis, client portals and more with the Nimbus Platform collaboration tool ? A perfect space for online work\",\"publisher\":{\"@id\":\"https:\/\/sales-ai-agents.com\/#organization\"},\"potentialAction\":[{\"@type\":\"SearchAction\",\"target\":{\"@type\":\"EntryPoint\",\"urlTemplate\":\"https:\/\/sales-ai-agents.com\/?s={search_term_string}\"},\"query-input\":{\"@type\":\"PropertyValueSpecification\",\"valueRequired\":true,\"valueName\":\"search_term_string\"}}],\"inLanguage\":\"tr\"},{\"@type\":\"Organization\",\"@id\":\"https:\/\/sales-ai-agents.com\/#organization\",\"name\":\"FuseBase\",\"url\":\"https:\/\/sales-ai-agents.com\/\",\"logo\":{\"@type\":\"ImageObject\",\"inLanguage\":\"tr\",\"@id\":\"https:\/\/sales-ai-agents.com\/#\/schema\/logo\/image\/\",\"url\":\"https:\/\/sales-ai-agents.com\/wp-content\/uploads\/2023\/11\/icon-7.svg\",\"contentUrl\":\"https:\/\/sales-ai-agents.com\/wp-content\/uploads\/2023\/11\/icon-7.svg\",\"width\":128,\"height\":128,\"caption\":\"FuseBase\"},\"image\":{\"@id\":\"https:\/\/sales-ai-agents.com\/#\/schema\/logo\/image\/\"}}]}<\/script>\n<!-- \/ Yoast SEO plugin. -->","yoast_head_json":{"title":"Performans De\u011ferlendirme \u015eablonu - Sales AI Agents","description":"\u00c7al\u0131\u015fanlar\u0131 \u00e7eyrek d\u00f6nem sonunda de\u011ferlendirmek i\u00e7in bu \u00fccretsiz \u00f6zelle\u015ftirilebilir performans de\u011ferlendirme \u015fablonunu kullan\u0131n. Verimli toplant\u0131lar olu\u015fturmak i\u00e7in bu belgeyi payla\u015f\u0131n.","robots":{"index":"index","follow":"follow","max-snippet":"max-snippet:-1","max-image-preview":"max-image-preview:large","max-video-preview":"max-video-preview:-1"},"canonical":"https:\/\/sales-ai-agents.com\/tr\/templates\/performance-review\/","og_locale":"tr_TR","og_type":"article","og_title":"Performans De\u011ferlendirme \u015eablonu - Sales AI Agents","og_description":"\u00c7al\u0131\u015fanlar\u0131 \u00e7eyrek d\u00f6nem sonunda de\u011ferlendirmek i\u00e7in bu \u00fccretsiz \u00f6zelle\u015ftirilebilir performans de\u011ferlendirme \u015fablonunu kullan\u0131n. Verimli toplant\u0131lar olu\u015fturmak i\u00e7in bu belgeyi payla\u015f\u0131n.","og_url":"https:\/\/sales-ai-agents.com\/tr\/templates\/performance-review\/","og_site_name":"Sales AI Agents","article_modified_time":"2023-12-27T15:56:09+00:00","og_image":[{"width":1700,"height":1100,"url":"https:\/\/sales-ai-agents.com\/wp-content\/uploads\/2022\/09\/Performance-Review-Template.png","type":"image\/png"}],"twitter_card":"summary_large_image","schema":{"@context":"https:\/\/schema.org","@graph":[{"@type":"WebPage","@id":"https:\/\/sales-ai-agents.com\/tr\/templates\/performance-review\/","url":"https:\/\/sales-ai-agents.com\/tr\/templates\/performance-review\/","name":"Performans De\u011ferlendirme \u015eablonu - Sales AI Agents","isPartOf":{"@id":"https:\/\/sales-ai-agents.com\/#website"},"primaryImageOfPage":{"@id":"https:\/\/sales-ai-agents.com\/tr\/templates\/performance-review\/#primaryimage"},"image":{"@id":"https:\/\/sales-ai-agents.com\/tr\/templates\/performance-review\/#primaryimage"},"thumbnailUrl":"https:\/\/sales-ai-agents.com\/wp-content\/uploads\/2022\/09\/Performance-Review-Template.png","datePublished":"2022-09-26T12:19:24+00:00","dateModified":"2023-12-27T15:56:09+00:00","description":"\u00c7al\u0131\u015fanlar\u0131 \u00e7eyrek d\u00f6nem sonunda de\u011ferlendirmek i\u00e7in bu \u00fccretsiz \u00f6zelle\u015ftirilebilir performans de\u011ferlendirme \u015fablonunu kullan\u0131n. Verimli toplant\u0131lar olu\u015fturmak i\u00e7in bu belgeyi payla\u015f\u0131n.","inLanguage":"tr","potentialAction":[{"@type":"ReadAction","target":["https:\/\/sales-ai-agents.com\/tr\/templates\/performance-review\/"]}]},{"@type":"ImageObject","inLanguage":"tr","@id":"https:\/\/sales-ai-agents.com\/tr\/templates\/performance-review\/#primaryimage","url":"https:\/\/sales-ai-agents.com\/wp-content\/uploads\/2022\/09\/Performance-Review-Template.png","contentUrl":"https:\/\/sales-ai-agents.com\/wp-content\/uploads\/2022\/09\/Performance-Review-Template.png","width":1700,"height":1100},{"@type":"WebSite","@id":"https:\/\/sales-ai-agents.com\/#website","url":"https:\/\/sales-ai-agents.com\/","name":"FuseBase","description":"Sales AI Agents - Free Online Collaboration Software for Remote Teams. Build your wikis, client portals and more with the Nimbus Platform collaboration tool ? A perfect space for online work","publisher":{"@id":"https:\/\/sales-ai-agents.com\/#organization"},"potentialAction":[{"@type":"SearchAction","target":{"@type":"EntryPoint","urlTemplate":"https:\/\/sales-ai-agents.com\/?s={search_term_string}"},"query-input":{"@type":"PropertyValueSpecification","valueRequired":true,"valueName":"search_term_string"}}],"inLanguage":"tr"},{"@type":"Organization","@id":"https:\/\/sales-ai-agents.com\/#organization","name":"FuseBase","url":"https:\/\/sales-ai-agents.com\/","logo":{"@type":"ImageObject","inLanguage":"tr","@id":"https:\/\/sales-ai-agents.com\/#\/schema\/logo\/image\/","url":"https:\/\/sales-ai-agents.com\/wp-content\/uploads\/2023\/11\/icon-7.svg","contentUrl":"https:\/\/sales-ai-agents.com\/wp-content\/uploads\/2023\/11\/icon-7.svg","width":128,"height":128,"caption":"FuseBase"},"image":{"@id":"https:\/\/sales-ai-agents.com\/#\/schema\/logo\/image\/"}}]}},"_links":{"self":[{"href":"https:\/\/sales-ai-agents.com\/tr\/wp-json\/wp\/v2\/product\/56268","targetHints":{"allow":["GET"]}}],"collection":[{"href":"https:\/\/sales-ai-agents.com\/tr\/wp-json\/wp\/v2\/product"}],"about":[{"href":"https:\/\/sales-ai-agents.com\/tr\/wp-json\/wp\/v2\/types\/product"}],"wp:featuredmedia":[{"embeddable":true,"href":"https:\/\/sales-ai-agents.com\/tr\/wp-json\/wp\/v2\/media\/56269"}],"wp:attachment":[{"href":"https:\/\/sales-ai-agents.com\/tr\/wp-json\/wp\/v2\/media?parent=56268"}],"wp:term":[{"taxonomy":"product_brand","embeddable":true,"href":"https:\/\/sales-ai-agents.com\/tr\/wp-json\/wp\/v2\/product_brand?post=56268"},{"taxonomy":"product_cat","embeddable":true,"href":"https:\/\/sales-ai-agents.com\/tr\/wp-json\/wp\/v2\/product_cat?post=56268"},{"taxonomy":"product_tag","embeddable":true,"href":"https:\/\/sales-ai-agents.com\/tr\/wp-json\/wp\/v2\/product_tag?post=56268"}],"curies":[{"name":"wp","href":"https:\/\/api.w.org\/{rel}","templated":true}]}}