{"id":56272,"date":"2022-09-26T12:19:20","date_gmt":"2022-09-26T12:19:20","guid":{"rendered":"https:\/\/sales-ai-agents.com\/templates\/new-years-resolutions\/"},"modified":"2024-01-02T13:18:56","modified_gmt":"2024-01-02T13:18:56","slug":"new-years-resolutions","status":"publish","type":"product","link":"https:\/\/sales-ai-agents.com\/tr\/templates\/new-years-resolutions\/","title":{"rendered":"Yeni Y\u0131l Kararlar\u0131"},"content":{"rendered":"<p>&nbsp;<\/p>\n<h2>Yeni Y\u0131l Kararlar\u0131 \u015eablonu<\/h2>\n<p class=\"desc-text\">Yeni Y\u0131l kararlar\u0131 alarak y\u0131la do\u011fru bir ba\u015flang\u0131\u00e7 yap\u0131n. Bu yararl\u0131 \u015fablonla, y\u0131l boyunca ger\u00e7ekle\u015ftirmeyi umdu\u011funuz t\u00fcm hedefleri listeleyebilirsiniz. \u00d6nemli kararlar\u0131 birbirinden ay\u0131rmak i\u00e7in renk ekleyin. Bitenleri kontrol edin ve bir sonraki y\u0131ldan \u00f6nce listenin sonuna ula\u015fmaya \u00e7al\u0131\u015f\u0131n!<\/p>\n<h5>Nas\u0131l kullan\u0131l\u0131r?<\/h5>\n<ul class=\"desc-item_list\">\n<li class=\"desc-item_list__point\">Ne elde etmek istedi\u011finizi belirleyin<\/li>\n<li class=\"desc-item_list__point\">T\u00fcm \u00f6nemli kararlar\u0131 listeleyin<\/li>\n<li class=\"desc-item_list__point\">\u00d6nemi vurgulamak i\u00e7in renk ekleyin<\/li>\n<li class=\"desc-item_list__point\">Tamamland\u0131\u011f\u0131nda her bir karar\u0131 i\u015faretleyin<\/li>\n<\/ul>\n","protected":false},"excerpt":{"rendered":"<p>Yeni Y\u0131l kararlar\u0131 alarak y\u0131la do\u011fru bir ba\u015flang\u0131\u00e7 yap\u0131n. Bu yararl\u0131 \u015fablonla, \u00f6n\u00fcm\u00fczdeki y\u0131l i\u00e7in ger\u00e7ekle\u015ftirmeyi umdu\u011funuz t\u00fcm hedefleri listeleyebilirsiniz.<\/p>\n","protected":false},"featured_media":56273,"template":"","meta":{"_acf_changed":false,"inline_featured_image":false},"product_brand":[],"product_cat":[277,276],"product_tag":[],"class_list":{"0":"post-56272","1":"product","2":"type-product","3":"status-publish","4":"has-post-thumbnail","6":"product_cat-personal-fun","7":"product_cat-holidays-planning","9":"first","10":"instock","11":"virtual","12":"sold-individually","13":"product-type-simple"},"acf":[],"yoast_head":"<!-- This site is optimized with the Yoast SEO plugin v25.3.1 - https:\/\/yoast.com\/wordpress\/plugins\/seo\/ -->\n<title>Yeni Y\u0131l Kararlar\u0131 \u015eablonu - Sales AI Agents<\/title>\n<meta name=\"description\" content=\"Yeni Y\u0131l kararlar\u0131 alarak y\u0131la do\u011fru bir ba\u015flang\u0131\u00e7 yap\u0131n. Bu yararl\u0131 \u015fablonla, \u00f6n\u00fcm\u00fczdeki y\u0131l i\u00e7in ger\u00e7ekle\u015ftirmeyi umdu\u011funuz t\u00fcm hedefleri listeleyebilirsiniz.\" \/>\n<meta name=\"robots\" content=\"index, follow, max-snippet:-1, max-image-preview:large, max-video-preview:-1\" \/>\n<link rel=\"canonical\" href=\"https:\/\/sales-ai-agents.com\/tr\/templates\/new-years-resolutions\/\" \/>\n<meta property=\"og:locale\" content=\"tr_TR\" \/>\n<meta property=\"og:type\" content=\"article\" \/>\n<meta property=\"og:title\" content=\"Yeni Y\u0131l Kararlar\u0131 \u015eablonu - Sales AI Agents\" \/>\n<meta property=\"og:description\" content=\"Yeni Y\u0131l kararlar\u0131 alarak y\u0131la do\u011fru bir ba\u015flang\u0131\u00e7 yap\u0131n. Bu yararl\u0131 \u015fablonla, \u00f6n\u00fcm\u00fczdeki y\u0131l i\u00e7in ger\u00e7ekle\u015ftirmeyi umdu\u011funuz t\u00fcm hedefleri listeleyebilirsiniz.\" \/>\n<meta property=\"og:url\" content=\"https:\/\/sales-ai-agents.com\/tr\/templates\/new-years-resolutions\/\" \/>\n<meta property=\"og:site_name\" content=\"Sales AI Agents\" \/>\n<meta property=\"article:modified_time\" content=\"2024-01-02T13:18:56+00:00\" \/>\n<meta property=\"og:image\" content=\"https:\/\/sales-ai-agents.com\/wp-content\/uploads\/2023\/01\/image-preview120732.png\" \/>\n\t<meta property=\"og:image:width\" content=\"1078\" \/>\n\t<meta property=\"og:image:height\" content=\"760\" \/>\n\t<meta property=\"og:image:type\" content=\"image\/png\" \/>\n<meta name=\"twitter:card\" content=\"summary_large_image\" \/>\n<script type=\"application\/ld+json\" class=\"yoast-schema-graph\">{\"@context\":\"https:\/\/schema.org\",\"@graph\":[{\"@type\":\"WebPage\",\"@id\":\"https:\/\/sales-ai-agents.com\/tr\/templates\/new-years-resolutions\/\",\"url\":\"https:\/\/sales-ai-agents.com\/tr\/templates\/new-years-resolutions\/\",\"name\":\"Yeni Y\u0131l Kararlar\u0131 \u015eablonu - Sales AI Agents\",\"isPartOf\":{\"@id\":\"https:\/\/sales-ai-agents.com\/#website\"},\"primaryImageOfPage\":{\"@id\":\"https:\/\/sales-ai-agents.com\/tr\/templates\/new-years-resolutions\/#primaryimage\"},\"image\":{\"@id\":\"https:\/\/sales-ai-agents.com\/tr\/templates\/new-years-resolutions\/#primaryimage\"},\"thumbnailUrl\":\"https:\/\/sales-ai-agents.com\/wp-content\/uploads\/2023\/01\/image-preview120732.png\",\"datePublished\":\"2022-09-26T12:19:20+00:00\",\"dateModified\":\"2024-01-02T13:18:56+00:00\",\"description\":\"Yeni Y\u0131l kararlar\u0131 alarak y\u0131la do\u011fru bir ba\u015flang\u0131\u00e7 yap\u0131n. Bu yararl\u0131 \u015fablonla, \u00f6n\u00fcm\u00fczdeki y\u0131l i\u00e7in ger\u00e7ekle\u015ftirmeyi umdu\u011funuz t\u00fcm hedefleri listeleyebilirsiniz.\",\"inLanguage\":\"tr\",\"potentialAction\":[{\"@type\":\"ReadAction\",\"target\":[\"https:\/\/sales-ai-agents.com\/tr\/templates\/new-years-resolutions\/\"]}]},{\"@type\":\"ImageObject\",\"inLanguage\":\"tr\",\"@id\":\"https:\/\/sales-ai-agents.com\/tr\/templates\/new-years-resolutions\/#primaryimage\",\"url\":\"https:\/\/sales-ai-agents.com\/wp-content\/uploads\/2023\/01\/image-preview120732.png\",\"contentUrl\":\"https:\/\/sales-ai-agents.com\/wp-content\/uploads\/2023\/01\/image-preview120732.png\",\"width\":1078,\"height\":760},{\"@type\":\"WebSite\",\"@id\":\"https:\/\/sales-ai-agents.com\/#website\",\"url\":\"https:\/\/sales-ai-agents.com\/\",\"name\":\"FuseBase\",\"description\":\"Sales AI Agents - Free Online Collaboration Software for Remote Teams. Build your wikis, client portals and more with the Nimbus Platform collaboration tool ? A perfect space for online work\",\"publisher\":{\"@id\":\"https:\/\/sales-ai-agents.com\/#organization\"},\"potentialAction\":[{\"@type\":\"SearchAction\",\"target\":{\"@type\":\"EntryPoint\",\"urlTemplate\":\"https:\/\/sales-ai-agents.com\/?s={search_term_string}\"},\"query-input\":{\"@type\":\"PropertyValueSpecification\",\"valueRequired\":true,\"valueName\":\"search_term_string\"}}],\"inLanguage\":\"tr\"},{\"@type\":\"Organization\",\"@id\":\"https:\/\/sales-ai-agents.com\/#organization\",\"name\":\"FuseBase\",\"url\":\"https:\/\/sales-ai-agents.com\/\",\"logo\":{\"@type\":\"ImageObject\",\"inLanguage\":\"tr\",\"@id\":\"https:\/\/sales-ai-agents.com\/#\/schema\/logo\/image\/\",\"url\":\"https:\/\/sales-ai-agents.com\/wp-content\/uploads\/2023\/11\/icon-7.svg\",\"contentUrl\":\"https:\/\/sales-ai-agents.com\/wp-content\/uploads\/2023\/11\/icon-7.svg\",\"width\":128,\"height\":128,\"caption\":\"FuseBase\"},\"image\":{\"@id\":\"https:\/\/sales-ai-agents.com\/#\/schema\/logo\/image\/\"}}]}<\/script>\n<!-- \/ Yoast SEO plugin. -->","yoast_head_json":{"title":"Yeni Y\u0131l Kararlar\u0131 \u015eablonu - Sales AI Agents","description":"Yeni Y\u0131l kararlar\u0131 alarak y\u0131la do\u011fru bir ba\u015flang\u0131\u00e7 yap\u0131n. Bu yararl\u0131 \u015fablonla, \u00f6n\u00fcm\u00fczdeki y\u0131l i\u00e7in ger\u00e7ekle\u015ftirmeyi umdu\u011funuz t\u00fcm hedefleri listeleyebilirsiniz.","robots":{"index":"index","follow":"follow","max-snippet":"max-snippet:-1","max-image-preview":"max-image-preview:large","max-video-preview":"max-video-preview:-1"},"canonical":"https:\/\/sales-ai-agents.com\/tr\/templates\/new-years-resolutions\/","og_locale":"tr_TR","og_type":"article","og_title":"Yeni Y\u0131l Kararlar\u0131 \u015eablonu - Sales AI Agents","og_description":"Yeni Y\u0131l kararlar\u0131 alarak y\u0131la do\u011fru bir ba\u015flang\u0131\u00e7 yap\u0131n. Bu yararl\u0131 \u015fablonla, \u00f6n\u00fcm\u00fczdeki y\u0131l i\u00e7in ger\u00e7ekle\u015ftirmeyi umdu\u011funuz t\u00fcm hedefleri listeleyebilirsiniz.","og_url":"https:\/\/sales-ai-agents.com\/tr\/templates\/new-years-resolutions\/","og_site_name":"Sales AI Agents","article_modified_time":"2024-01-02T13:18:56+00:00","og_image":[{"width":1078,"height":760,"url":"https:\/\/sales-ai-agents.com\/wp-content\/uploads\/2023\/01\/image-preview120732.png","type":"image\/png"}],"twitter_card":"summary_large_image","schema":{"@context":"https:\/\/schema.org","@graph":[{"@type":"WebPage","@id":"https:\/\/sales-ai-agents.com\/tr\/templates\/new-years-resolutions\/","url":"https:\/\/sales-ai-agents.com\/tr\/templates\/new-years-resolutions\/","name":"Yeni Y\u0131l Kararlar\u0131 \u015eablonu - Sales AI Agents","isPartOf":{"@id":"https:\/\/sales-ai-agents.com\/#website"},"primaryImageOfPage":{"@id":"https:\/\/sales-ai-agents.com\/tr\/templates\/new-years-resolutions\/#primaryimage"},"image":{"@id":"https:\/\/sales-ai-agents.com\/tr\/templates\/new-years-resolutions\/#primaryimage"},"thumbnailUrl":"https:\/\/sales-ai-agents.com\/wp-content\/uploads\/2023\/01\/image-preview120732.png","datePublished":"2022-09-26T12:19:20+00:00","dateModified":"2024-01-02T13:18:56+00:00","description":"Yeni Y\u0131l kararlar\u0131 alarak y\u0131la do\u011fru bir ba\u015flang\u0131\u00e7 yap\u0131n. Bu yararl\u0131 \u015fablonla, \u00f6n\u00fcm\u00fczdeki y\u0131l i\u00e7in ger\u00e7ekle\u015ftirmeyi umdu\u011funuz t\u00fcm hedefleri listeleyebilirsiniz.","inLanguage":"tr","potentialAction":[{"@type":"ReadAction","target":["https:\/\/sales-ai-agents.com\/tr\/templates\/new-years-resolutions\/"]}]},{"@type":"ImageObject","inLanguage":"tr","@id":"https:\/\/sales-ai-agents.com\/tr\/templates\/new-years-resolutions\/#primaryimage","url":"https:\/\/sales-ai-agents.com\/wp-content\/uploads\/2023\/01\/image-preview120732.png","contentUrl":"https:\/\/sales-ai-agents.com\/wp-content\/uploads\/2023\/01\/image-preview120732.png","width":1078,"height":760},{"@type":"WebSite","@id":"https:\/\/sales-ai-agents.com\/#website","url":"https:\/\/sales-ai-agents.com\/","name":"FuseBase","description":"Sales AI Agents - Free Online Collaboration Software for Remote Teams. Build your wikis, client portals and more with the Nimbus Platform collaboration tool ? A perfect space for online work","publisher":{"@id":"https:\/\/sales-ai-agents.com\/#organization"},"potentialAction":[{"@type":"SearchAction","target":{"@type":"EntryPoint","urlTemplate":"https:\/\/sales-ai-agents.com\/?s={search_term_string}"},"query-input":{"@type":"PropertyValueSpecification","valueRequired":true,"valueName":"search_term_string"}}],"inLanguage":"tr"},{"@type":"Organization","@id":"https:\/\/sales-ai-agents.com\/#organization","name":"FuseBase","url":"https:\/\/sales-ai-agents.com\/","logo":{"@type":"ImageObject","inLanguage":"tr","@id":"https:\/\/sales-ai-agents.com\/#\/schema\/logo\/image\/","url":"https:\/\/sales-ai-agents.com\/wp-content\/uploads\/2023\/11\/icon-7.svg","contentUrl":"https:\/\/sales-ai-agents.com\/wp-content\/uploads\/2023\/11\/icon-7.svg","width":128,"height":128,"caption":"FuseBase"},"image":{"@id":"https:\/\/sales-ai-agents.com\/#\/schema\/logo\/image\/"}}]}},"_links":{"self":[{"href":"https:\/\/sales-ai-agents.com\/tr\/wp-json\/wp\/v2\/product\/56272","targetHints":{"allow":["GET"]}}],"collection":[{"href":"https:\/\/sales-ai-agents.com\/tr\/wp-json\/wp\/v2\/product"}],"about":[{"href":"https:\/\/sales-ai-agents.com\/tr\/wp-json\/wp\/v2\/types\/product"}],"wp:featuredmedia":[{"embeddable":true,"href":"https:\/\/sales-ai-agents.com\/tr\/wp-json\/wp\/v2\/media\/56273"}],"wp:attachment":[{"href":"https:\/\/sales-ai-agents.com\/tr\/wp-json\/wp\/v2\/media?parent=56272"}],"wp:term":[{"taxonomy":"product_brand","embeddable":true,"href":"https:\/\/sales-ai-agents.com\/tr\/wp-json\/wp\/v2\/product_brand?post=56272"},{"taxonomy":"product_cat","embeddable":true,"href":"https:\/\/sales-ai-agents.com\/tr\/wp-json\/wp\/v2\/product_cat?post=56272"},{"taxonomy":"product_tag","embeddable":true,"href":"https:\/\/sales-ai-agents.com\/tr\/wp-json\/wp\/v2\/product_tag?post=56272"}],"curies":[{"name":"wp","href":"https:\/\/api.w.org\/{rel}","templated":true}]}}