{"id":56275,"date":"2022-09-26T12:19:13","date_gmt":"2022-09-26T12:19:13","guid":{"rendered":"https:\/\/sales-ai-agents.com\/templates\/onboarding-new-teammates\/"},"modified":"2023-12-26T15:06:52","modified_gmt":"2023-12-26T15:06:52","slug":"onboarding-new-teammates","status":"publish","type":"product","link":"https:\/\/sales-ai-agents.com\/tr\/templates\/onboarding-new-teammates\/","title":{"rendered":"Yeni Ekip Arkada\u015flar\u0131n\u0131 \u0130\u015fe Al\u0131\u015ft\u0131rma"},"content":{"rendered":"<p>&nbsp;<\/p>\n<h2>Yeni Ekip Arkada\u015flar\u0131n\u0131 \u0130\u015fe Al\u0131\u015ft\u0131rma \u015eablonu<\/h2>\n<p class=\"desc-text\">\u015eirketiniz i\u00e7in do\u011fru i\u015fe al\u0131m\u0131 bulduktan sonra, bundan sonra ne yapmal\u0131s\u0131n\u0131z? \u0130\u015fe al\u0131m \u015fablonumuzu kullanarak yeni \u00e7al\u0131\u015fanlar\u0131n\u0131z\u0131n h\u0131z kazanmas\u0131n\u0131 sa\u011flay\u0131n. Yeni bir \u015firkete kat\u0131lmak heyecan verici oldu\u011fu kadar bunalt\u0131c\u0131 da olabilir. Yeni i\u015fe ald\u0131\u011f\u0131n\u0131z ki\u015filere ba\u015far\u0131l\u0131 olmalar\u0131 i\u00e7in gerekli ara\u00e7lar\u0131 sa\u011flayarak rollerinin \u00fcstesinden gelmeye haz\u0131r olduklar\u0131ndan emin olun. Hi\u00e7bir \u015feyi ka\u00e7\u0131rmad\u0131\u011f\u0131n\u0131zdan emin olmak i\u00e7in yol boyunca farkl\u0131 ad\u0131mlar\u0131 takip edin ve planlay\u0131n.<\/p>\n<h5>Nas\u0131l kullan\u0131l\u0131r?<\/h5>\n<ul class=\"desc-item_list\">\n<li class=\"desc-item_list__point\">Her kategorideki i\u015fe al\u0131m ad\u0131mlar\u0131n\u0131 listeleyin<\/li>\n<li class=\"desc-item_list__point\">Durumu g\u00f6stermek i\u00e7in onay kutular\u0131n\u0131 kullan\u0131n<\/li>\n<li class=\"desc-item_list__point\">\u00d6ncelik seviyesi i\u00e7in renkli bir etiket se\u00e7in<\/li>\n<li class=\"desc-item_list__point\">Ki\u015fileri etiketleyin ve onlardan bahsedin<\/li>\n<li class=\"desc-item_list__point\">Tablolara notlar ekleyin<\/li>\n<li class=\"desc-item_list__point\">\u00d6nemli belgeleri ekleyin ve ba\u011flay\u0131n<\/li>\n<\/ul>\n","protected":false},"excerpt":{"rendered":"<p>\u015eirketiniz i\u00e7in do\u011fru i\u015fe al\u0131m\u0131 bulduktan sonra, bundan sonra ne yapmal\u0131s\u0131n\u0131z? \u0130\u015fe al\u0131m \u015fablonumuzu kullanarak yeni \u00e7al\u0131\u015fanlar\u0131n\u0131z\u0131n h\u0131z kazanmas\u0131n\u0131 sa\u011flay\u0131n.<\/p>\n","protected":false},"featured_media":56276,"template":"","meta":{"_acf_changed":false,"inline_featured_image":false},"product_brand":[],"product_cat":[218],"product_tag":[],"class_list":{"0":"post-56275","1":"product","2":"type-product","3":"status-publish","4":"has-post-thumbnail","6":"product_cat-operations","8":"first","9":"instock","10":"virtual","11":"sold-individually","12":"product-type-simple"},"acf":[],"yoast_head":"<!-- This site is optimized with the Yoast SEO plugin v25.3.1 - https:\/\/yoast.com\/wordpress\/plugins\/seo\/ -->\n<title>Yeni Ekip Arkada\u015flar\u0131n\u0131 \u0130\u015fe Al\u0131\u015ft\u0131rma \u015eablonu - Sales AI Agents<\/title>\n<meta name=\"description\" content=\"\u015eirketiniz i\u00e7in do\u011fru i\u015fe al\u0131m\u0131 bulduktan sonra, bundan sonra ne yapmal\u0131s\u0131n\u0131z? \u0130\u015fe al\u0131m \u015fablonumuzu kullanarak yeni \u00e7al\u0131\u015fanlar\u0131n\u0131z\u0131n h\u0131z kazanmas\u0131n\u0131 sa\u011flay\u0131n.\" \/>\n<meta name=\"robots\" content=\"index, follow, max-snippet:-1, max-image-preview:large, max-video-preview:-1\" \/>\n<link rel=\"canonical\" href=\"https:\/\/sales-ai-agents.com\/tr\/templates\/onboarding-new-teammates\/\" \/>\n<meta property=\"og:locale\" content=\"tr_TR\" \/>\n<meta property=\"og:type\" content=\"article\" \/>\n<meta property=\"og:title\" content=\"Yeni Ekip Arkada\u015flar\u0131n\u0131 \u0130\u015fe Al\u0131\u015ft\u0131rma \u015eablonu - Sales AI Agents\" \/>\n<meta property=\"og:description\" content=\"\u015eirketiniz i\u00e7in do\u011fru i\u015fe al\u0131m\u0131 bulduktan sonra, bundan sonra ne yapmal\u0131s\u0131n\u0131z? \u0130\u015fe al\u0131m \u015fablonumuzu kullanarak yeni \u00e7al\u0131\u015fanlar\u0131n\u0131z\u0131n h\u0131z kazanmas\u0131n\u0131 sa\u011flay\u0131n.\" \/>\n<meta property=\"og:url\" content=\"https:\/\/sales-ai-agents.com\/tr\/templates\/onboarding-new-teammates\/\" \/>\n<meta property=\"og:site_name\" content=\"Sales AI Agents\" \/>\n<meta property=\"article:modified_time\" content=\"2023-12-26T15:06:52+00:00\" \/>\n<meta property=\"og:image\" content=\"https:\/\/sales-ai-agents.com\/wp-content\/uploads\/2023\/01\/image-preview120730.png\" \/>\n\t<meta property=\"og:image:width\" content=\"1078\" \/>\n\t<meta property=\"og:image:height\" content=\"1045\" \/>\n\t<meta property=\"og:image:type\" content=\"image\/png\" \/>\n<meta name=\"twitter:card\" content=\"summary_large_image\" \/>\n<script type=\"application\/ld+json\" class=\"yoast-schema-graph\">{\"@context\":\"https:\/\/schema.org\",\"@graph\":[{\"@type\":\"WebPage\",\"@id\":\"https:\/\/sales-ai-agents.com\/tr\/templates\/onboarding-new-teammates\/\",\"url\":\"https:\/\/sales-ai-agents.com\/tr\/templates\/onboarding-new-teammates\/\",\"name\":\"Yeni Ekip Arkada\u015flar\u0131n\u0131 \u0130\u015fe Al\u0131\u015ft\u0131rma \u015eablonu - Sales AI Agents\",\"isPartOf\":{\"@id\":\"https:\/\/sales-ai-agents.com\/#website\"},\"primaryImageOfPage\":{\"@id\":\"https:\/\/sales-ai-agents.com\/tr\/templates\/onboarding-new-teammates\/#primaryimage\"},\"image\":{\"@id\":\"https:\/\/sales-ai-agents.com\/tr\/templates\/onboarding-new-teammates\/#primaryimage\"},\"thumbnailUrl\":\"https:\/\/sales-ai-agents.com\/wp-content\/uploads\/2023\/01\/image-preview120730.png\",\"datePublished\":\"2022-09-26T12:19:13+00:00\",\"dateModified\":\"2023-12-26T15:06:52+00:00\",\"description\":\"\u015eirketiniz i\u00e7in do\u011fru i\u015fe al\u0131m\u0131 bulduktan sonra, bundan sonra ne yapmal\u0131s\u0131n\u0131z? \u0130\u015fe al\u0131m \u015fablonumuzu kullanarak yeni \u00e7al\u0131\u015fanlar\u0131n\u0131z\u0131n h\u0131z kazanmas\u0131n\u0131 sa\u011flay\u0131n.\",\"inLanguage\":\"tr\",\"potentialAction\":[{\"@type\":\"ReadAction\",\"target\":[\"https:\/\/sales-ai-agents.com\/tr\/templates\/onboarding-new-teammates\/\"]}]},{\"@type\":\"ImageObject\",\"inLanguage\":\"tr\",\"@id\":\"https:\/\/sales-ai-agents.com\/tr\/templates\/onboarding-new-teammates\/#primaryimage\",\"url\":\"https:\/\/sales-ai-agents.com\/wp-content\/uploads\/2023\/01\/image-preview120730.png\",\"contentUrl\":\"https:\/\/sales-ai-agents.com\/wp-content\/uploads\/2023\/01\/image-preview120730.png\",\"width\":1078,\"height\":1045},{\"@type\":\"WebSite\",\"@id\":\"https:\/\/sales-ai-agents.com\/#website\",\"url\":\"https:\/\/sales-ai-agents.com\/\",\"name\":\"FuseBase\",\"description\":\"Sales AI Agents - Free Online Collaboration Software for Remote Teams. Build your wikis, client portals and more with the Nimbus Platform collaboration tool ? A perfect space for online work\",\"publisher\":{\"@id\":\"https:\/\/sales-ai-agents.com\/#organization\"},\"potentialAction\":[{\"@type\":\"SearchAction\",\"target\":{\"@type\":\"EntryPoint\",\"urlTemplate\":\"https:\/\/sales-ai-agents.com\/?s={search_term_string}\"},\"query-input\":{\"@type\":\"PropertyValueSpecification\",\"valueRequired\":true,\"valueName\":\"search_term_string\"}}],\"inLanguage\":\"tr\"},{\"@type\":\"Organization\",\"@id\":\"https:\/\/sales-ai-agents.com\/#organization\",\"name\":\"FuseBase\",\"url\":\"https:\/\/sales-ai-agents.com\/\",\"logo\":{\"@type\":\"ImageObject\",\"inLanguage\":\"tr\",\"@id\":\"https:\/\/sales-ai-agents.com\/#\/schema\/logo\/image\/\",\"url\":\"https:\/\/sales-ai-agents.com\/wp-content\/uploads\/2023\/11\/icon-7.svg\",\"contentUrl\":\"https:\/\/sales-ai-agents.com\/wp-content\/uploads\/2023\/11\/icon-7.svg\",\"width\":128,\"height\":128,\"caption\":\"FuseBase\"},\"image\":{\"@id\":\"https:\/\/sales-ai-agents.com\/#\/schema\/logo\/image\/\"}}]}<\/script>\n<!-- \/ Yoast SEO plugin. -->","yoast_head_json":{"title":"Yeni Ekip Arkada\u015flar\u0131n\u0131 \u0130\u015fe Al\u0131\u015ft\u0131rma \u015eablonu - Sales AI Agents","description":"\u015eirketiniz i\u00e7in do\u011fru i\u015fe al\u0131m\u0131 bulduktan sonra, bundan sonra ne yapmal\u0131s\u0131n\u0131z? \u0130\u015fe al\u0131m \u015fablonumuzu kullanarak yeni \u00e7al\u0131\u015fanlar\u0131n\u0131z\u0131n h\u0131z kazanmas\u0131n\u0131 sa\u011flay\u0131n.","robots":{"index":"index","follow":"follow","max-snippet":"max-snippet:-1","max-image-preview":"max-image-preview:large","max-video-preview":"max-video-preview:-1"},"canonical":"https:\/\/sales-ai-agents.com\/tr\/templates\/onboarding-new-teammates\/","og_locale":"tr_TR","og_type":"article","og_title":"Yeni Ekip Arkada\u015flar\u0131n\u0131 \u0130\u015fe Al\u0131\u015ft\u0131rma \u015eablonu - Sales AI Agents","og_description":"\u015eirketiniz i\u00e7in do\u011fru i\u015fe al\u0131m\u0131 bulduktan sonra, bundan sonra ne yapmal\u0131s\u0131n\u0131z? \u0130\u015fe al\u0131m \u015fablonumuzu kullanarak yeni \u00e7al\u0131\u015fanlar\u0131n\u0131z\u0131n h\u0131z kazanmas\u0131n\u0131 sa\u011flay\u0131n.","og_url":"https:\/\/sales-ai-agents.com\/tr\/templates\/onboarding-new-teammates\/","og_site_name":"Sales AI Agents","article_modified_time":"2023-12-26T15:06:52+00:00","og_image":[{"width":1078,"height":1045,"url":"https:\/\/sales-ai-agents.com\/wp-content\/uploads\/2023\/01\/image-preview120730.png","type":"image\/png"}],"twitter_card":"summary_large_image","schema":{"@context":"https:\/\/schema.org","@graph":[{"@type":"WebPage","@id":"https:\/\/sales-ai-agents.com\/tr\/templates\/onboarding-new-teammates\/","url":"https:\/\/sales-ai-agents.com\/tr\/templates\/onboarding-new-teammates\/","name":"Yeni Ekip Arkada\u015flar\u0131n\u0131 \u0130\u015fe Al\u0131\u015ft\u0131rma \u015eablonu - Sales AI Agents","isPartOf":{"@id":"https:\/\/sales-ai-agents.com\/#website"},"primaryImageOfPage":{"@id":"https:\/\/sales-ai-agents.com\/tr\/templates\/onboarding-new-teammates\/#primaryimage"},"image":{"@id":"https:\/\/sales-ai-agents.com\/tr\/templates\/onboarding-new-teammates\/#primaryimage"},"thumbnailUrl":"https:\/\/sales-ai-agents.com\/wp-content\/uploads\/2023\/01\/image-preview120730.png","datePublished":"2022-09-26T12:19:13+00:00","dateModified":"2023-12-26T15:06:52+00:00","description":"\u015eirketiniz i\u00e7in do\u011fru i\u015fe al\u0131m\u0131 bulduktan sonra, bundan sonra ne yapmal\u0131s\u0131n\u0131z? \u0130\u015fe al\u0131m \u015fablonumuzu kullanarak yeni \u00e7al\u0131\u015fanlar\u0131n\u0131z\u0131n h\u0131z kazanmas\u0131n\u0131 sa\u011flay\u0131n.","inLanguage":"tr","potentialAction":[{"@type":"ReadAction","target":["https:\/\/sales-ai-agents.com\/tr\/templates\/onboarding-new-teammates\/"]}]},{"@type":"ImageObject","inLanguage":"tr","@id":"https:\/\/sales-ai-agents.com\/tr\/templates\/onboarding-new-teammates\/#primaryimage","url":"https:\/\/sales-ai-agents.com\/wp-content\/uploads\/2023\/01\/image-preview120730.png","contentUrl":"https:\/\/sales-ai-agents.com\/wp-content\/uploads\/2023\/01\/image-preview120730.png","width":1078,"height":1045},{"@type":"WebSite","@id":"https:\/\/sales-ai-agents.com\/#website","url":"https:\/\/sales-ai-agents.com\/","name":"FuseBase","description":"Sales AI Agents - Free Online Collaboration Software for Remote Teams. Build your wikis, client portals and more with the Nimbus Platform collaboration tool ? A perfect space for online work","publisher":{"@id":"https:\/\/sales-ai-agents.com\/#organization"},"potentialAction":[{"@type":"SearchAction","target":{"@type":"EntryPoint","urlTemplate":"https:\/\/sales-ai-agents.com\/?s={search_term_string}"},"query-input":{"@type":"PropertyValueSpecification","valueRequired":true,"valueName":"search_term_string"}}],"inLanguage":"tr"},{"@type":"Organization","@id":"https:\/\/sales-ai-agents.com\/#organization","name":"FuseBase","url":"https:\/\/sales-ai-agents.com\/","logo":{"@type":"ImageObject","inLanguage":"tr","@id":"https:\/\/sales-ai-agents.com\/#\/schema\/logo\/image\/","url":"https:\/\/sales-ai-agents.com\/wp-content\/uploads\/2023\/11\/icon-7.svg","contentUrl":"https:\/\/sales-ai-agents.com\/wp-content\/uploads\/2023\/11\/icon-7.svg","width":128,"height":128,"caption":"FuseBase"},"image":{"@id":"https:\/\/sales-ai-agents.com\/#\/schema\/logo\/image\/"}}]}},"_links":{"self":[{"href":"https:\/\/sales-ai-agents.com\/tr\/wp-json\/wp\/v2\/product\/56275","targetHints":{"allow":["GET"]}}],"collection":[{"href":"https:\/\/sales-ai-agents.com\/tr\/wp-json\/wp\/v2\/product"}],"about":[{"href":"https:\/\/sales-ai-agents.com\/tr\/wp-json\/wp\/v2\/types\/product"}],"wp:featuredmedia":[{"embeddable":true,"href":"https:\/\/sales-ai-agents.com\/tr\/wp-json\/wp\/v2\/media\/56276"}],"wp:attachment":[{"href":"https:\/\/sales-ai-agents.com\/tr\/wp-json\/wp\/v2\/media?parent=56275"}],"wp:term":[{"taxonomy":"product_brand","embeddable":true,"href":"https:\/\/sales-ai-agents.com\/tr\/wp-json\/wp\/v2\/product_brand?post=56275"},{"taxonomy":"product_cat","embeddable":true,"href":"https:\/\/sales-ai-agents.com\/tr\/wp-json\/wp\/v2\/product_cat?post=56275"},{"taxonomy":"product_tag","embeddable":true,"href":"https:\/\/sales-ai-agents.com\/tr\/wp-json\/wp\/v2\/product_tag?post=56275"}],"curies":[{"name":"wp","href":"https:\/\/api.w.org\/{rel}","templated":true}]}}