{"id":56279,"date":"2022-09-26T12:18:48","date_gmt":"2022-09-26T12:18:48","guid":{"rendered":"https:\/\/sales-ai-agents.com\/templates\/campaign-plan\/"},"modified":"2024-01-02T11:24:40","modified_gmt":"2024-01-02T11:24:40","slug":"campaign-plan","status":"publish","type":"product","link":"https:\/\/sales-ai-agents.com\/tr\/templates\/campaign-plan\/","title":{"rendered":"Kampanya Plan\u0131"},"content":{"rendered":"<p>&nbsp;<\/p>\n<h2>Kampanya Plan\u0131 \u015eablonu<\/h2>\n<p class=\"desc-text\">Pazarlama planlar\u0131n\u0131z\u0131 takip etmek i\u00e7in bu \u00f6zelle\u015ftirilebilir kampanya \u015fablonunu kullan\u0131n. Bunu t\u00fcm ekibinizle payla\u015f\u0131n, b\u00f6ylece herkes gerekli bilgilere ula\u015fabilsin. Grubunuzla beyin f\u0131rt\u0131nas\u0131 yap\u0131n ve \u00fcr\u00fcn veya hizmetlerinizi nas\u0131l etkili bir \u015fekilde tan\u0131taca\u011f\u0131n\u0131za karar verin.<\/p>\n<h5>Nas\u0131l kullan\u0131l\u0131r?<\/h5>\n<ul class=\"desc-item_list\">\n<li class=\"desc-item_list__point\">Raporlara veya di\u011fer sayfalara ba\u011flant\u0131lar ekleyin<\/li>\n<li class=\"desc-item_list__point\">Kampanyan\u0131z i\u00e7in bir isim \u00fczerinde beyin f\u0131rt\u0131nas\u0131 yap\u0131n<\/li>\n<li class=\"desc-item_list__point\">\u00c7al\u0131\u015f\u0131rken kampanyan\u0131z\u0131n durumunu g\u00fcncelleyin<\/li>\n<li class=\"desc-item_list__point\">Ba\u015flang\u0131\u00e7 ve biti\u015f tarihine karar verin<\/li>\n<li class=\"desc-item_list__point\">Hedef kitlenizle ilgili ayr\u0131nt\u0131lar\u0131 ekleyin<\/li>\n<\/ul>\n","protected":false},"excerpt":{"rendered":"<p>Pazarlama planlar\u0131n\u0131z\u0131 takip etmek i\u00e7in bu \u00f6zelle\u015ftirilebilir kampanya \u015fablonunu kullan\u0131n. Bunu t\u00fcm ekibinizle payla\u015f\u0131n, b\u00f6ylece herkes gerekli bilgilere ula\u015fabilsin.<\/p>\n","protected":false},"featured_media":56281,"template":"","meta":{"_acf_changed":false,"inline_featured_image":false},"product_brand":[],"product_cat":[250,269],"product_tag":[],"class_list":{"0":"post-56279","1":"product","2":"type-product","3":"status-publish","4":"has-post-thumbnail","6":"product_cat-marketing","7":"product_cat-marketing-campaign","9":"first","10":"instock","11":"virtual","12":"sold-individually","13":"product-type-simple"},"acf":[],"yoast_head":"<!-- This site is optimized with the Yoast SEO plugin v25.3.1 - https:\/\/yoast.com\/wordpress\/plugins\/seo\/ -->\n<title>Kampanya Plan\u0131 \u015eablonu - Sales AI Agents<\/title>\n<meta name=\"description\" content=\"Pazarlama planlar\u0131n\u0131z\u0131 takip etmek i\u00e7in bu \u00f6zelle\u015ftirilebilir kampanya \u015fablonunu kullan\u0131n. Ayn\u0131 sayfada olmak i\u00e7in bunu t\u00fcm ekibinizle payla\u015f\u0131n!\" \/>\n<meta name=\"robots\" content=\"index, follow, max-snippet:-1, max-image-preview:large, max-video-preview:-1\" \/>\n<link rel=\"canonical\" href=\"https:\/\/sales-ai-agents.com\/tr\/templates\/campaign-plan\/\" \/>\n<meta property=\"og:locale\" content=\"tr_TR\" \/>\n<meta property=\"og:type\" content=\"article\" \/>\n<meta property=\"og:title\" content=\"Kampanya Plan\u0131 \u015eablonu - Sales AI Agents\" \/>\n<meta property=\"og:description\" content=\"Pazarlama planlar\u0131n\u0131z\u0131 takip etmek i\u00e7in bu \u00f6zelle\u015ftirilebilir kampanya \u015fablonunu kullan\u0131n. Ayn\u0131 sayfada olmak i\u00e7in bunu t\u00fcm ekibinizle payla\u015f\u0131n!\" \/>\n<meta property=\"og:url\" content=\"https:\/\/sales-ai-agents.com\/tr\/templates\/campaign-plan\/\" \/>\n<meta property=\"og:site_name\" content=\"Sales AI Agents\" \/>\n<meta property=\"article:modified_time\" content=\"2024-01-02T11:24:40+00:00\" \/>\n<meta property=\"og:image\" content=\"https:\/\/sales-ai-agents.com\/wp-content\/uploads\/2022\/09\/Campaign-Plan-Template-1.png\" \/>\n\t<meta property=\"og:image:width\" content=\"1700\" \/>\n\t<meta property=\"og:image:height\" content=\"1100\" \/>\n\t<meta property=\"og:image:type\" content=\"image\/png\" \/>\n<meta name=\"twitter:card\" content=\"summary_large_image\" \/>\n<script type=\"application\/ld+json\" class=\"yoast-schema-graph\">{\"@context\":\"https:\/\/schema.org\",\"@graph\":[{\"@type\":\"WebPage\",\"@id\":\"https:\/\/sales-ai-agents.com\/tr\/templates\/campaign-plan\/\",\"url\":\"https:\/\/sales-ai-agents.com\/tr\/templates\/campaign-plan\/\",\"name\":\"Kampanya Plan\u0131 \u015eablonu - Sales AI Agents\",\"isPartOf\":{\"@id\":\"https:\/\/sales-ai-agents.com\/#website\"},\"primaryImageOfPage\":{\"@id\":\"https:\/\/sales-ai-agents.com\/tr\/templates\/campaign-plan\/#primaryimage\"},\"image\":{\"@id\":\"https:\/\/sales-ai-agents.com\/tr\/templates\/campaign-plan\/#primaryimage\"},\"thumbnailUrl\":\"https:\/\/sales-ai-agents.com\/wp-content\/uploads\/2022\/09\/Campaign-Plan-Template-1.png\",\"datePublished\":\"2022-09-26T12:18:48+00:00\",\"dateModified\":\"2024-01-02T11:24:40+00:00\",\"description\":\"Pazarlama planlar\u0131n\u0131z\u0131 takip etmek i\u00e7in bu \u00f6zelle\u015ftirilebilir kampanya \u015fablonunu kullan\u0131n. Ayn\u0131 sayfada olmak i\u00e7in bunu t\u00fcm ekibinizle payla\u015f\u0131n!\",\"inLanguage\":\"tr\",\"potentialAction\":[{\"@type\":\"ReadAction\",\"target\":[\"https:\/\/sales-ai-agents.com\/tr\/templates\/campaign-plan\/\"]}]},{\"@type\":\"ImageObject\",\"inLanguage\":\"tr\",\"@id\":\"https:\/\/sales-ai-agents.com\/tr\/templates\/campaign-plan\/#primaryimage\",\"url\":\"https:\/\/sales-ai-agents.com\/wp-content\/uploads\/2022\/09\/Campaign-Plan-Template-1.png\",\"contentUrl\":\"https:\/\/sales-ai-agents.com\/wp-content\/uploads\/2022\/09\/Campaign-Plan-Template-1.png\",\"width\":1700,\"height\":1100},{\"@type\":\"WebSite\",\"@id\":\"https:\/\/sales-ai-agents.com\/#website\",\"url\":\"https:\/\/sales-ai-agents.com\/\",\"name\":\"FuseBase\",\"description\":\"Sales AI Agents - Free Online Collaboration Software for Remote Teams. Build your wikis, client portals and more with the Nimbus Platform collaboration tool ? A perfect space for online work\",\"publisher\":{\"@id\":\"https:\/\/sales-ai-agents.com\/#organization\"},\"potentialAction\":[{\"@type\":\"SearchAction\",\"target\":{\"@type\":\"EntryPoint\",\"urlTemplate\":\"https:\/\/sales-ai-agents.com\/?s={search_term_string}\"},\"query-input\":{\"@type\":\"PropertyValueSpecification\",\"valueRequired\":true,\"valueName\":\"search_term_string\"}}],\"inLanguage\":\"tr\"},{\"@type\":\"Organization\",\"@id\":\"https:\/\/sales-ai-agents.com\/#organization\",\"name\":\"FuseBase\",\"url\":\"https:\/\/sales-ai-agents.com\/\",\"logo\":{\"@type\":\"ImageObject\",\"inLanguage\":\"tr\",\"@id\":\"https:\/\/sales-ai-agents.com\/#\/schema\/logo\/image\/\",\"url\":\"https:\/\/sales-ai-agents.com\/wp-content\/uploads\/2023\/11\/icon-7.svg\",\"contentUrl\":\"https:\/\/sales-ai-agents.com\/wp-content\/uploads\/2023\/11\/icon-7.svg\",\"width\":128,\"height\":128,\"caption\":\"FuseBase\"},\"image\":{\"@id\":\"https:\/\/sales-ai-agents.com\/#\/schema\/logo\/image\/\"}}]}<\/script>\n<!-- \/ Yoast SEO plugin. -->","yoast_head_json":{"title":"Kampanya Plan\u0131 \u015eablonu - Sales AI Agents","description":"Pazarlama planlar\u0131n\u0131z\u0131 takip etmek i\u00e7in bu \u00f6zelle\u015ftirilebilir kampanya \u015fablonunu kullan\u0131n. Ayn\u0131 sayfada olmak i\u00e7in bunu t\u00fcm ekibinizle payla\u015f\u0131n!","robots":{"index":"index","follow":"follow","max-snippet":"max-snippet:-1","max-image-preview":"max-image-preview:large","max-video-preview":"max-video-preview:-1"},"canonical":"https:\/\/sales-ai-agents.com\/tr\/templates\/campaign-plan\/","og_locale":"tr_TR","og_type":"article","og_title":"Kampanya Plan\u0131 \u015eablonu - Sales AI Agents","og_description":"Pazarlama planlar\u0131n\u0131z\u0131 takip etmek i\u00e7in bu \u00f6zelle\u015ftirilebilir kampanya \u015fablonunu kullan\u0131n. Ayn\u0131 sayfada olmak i\u00e7in bunu t\u00fcm ekibinizle payla\u015f\u0131n!","og_url":"https:\/\/sales-ai-agents.com\/tr\/templates\/campaign-plan\/","og_site_name":"Sales AI Agents","article_modified_time":"2024-01-02T11:24:40+00:00","og_image":[{"width":1700,"height":1100,"url":"https:\/\/sales-ai-agents.com\/wp-content\/uploads\/2022\/09\/Campaign-Plan-Template-1.png","type":"image\/png"}],"twitter_card":"summary_large_image","schema":{"@context":"https:\/\/schema.org","@graph":[{"@type":"WebPage","@id":"https:\/\/sales-ai-agents.com\/tr\/templates\/campaign-plan\/","url":"https:\/\/sales-ai-agents.com\/tr\/templates\/campaign-plan\/","name":"Kampanya Plan\u0131 \u015eablonu - Sales AI Agents","isPartOf":{"@id":"https:\/\/sales-ai-agents.com\/#website"},"primaryImageOfPage":{"@id":"https:\/\/sales-ai-agents.com\/tr\/templates\/campaign-plan\/#primaryimage"},"image":{"@id":"https:\/\/sales-ai-agents.com\/tr\/templates\/campaign-plan\/#primaryimage"},"thumbnailUrl":"https:\/\/sales-ai-agents.com\/wp-content\/uploads\/2022\/09\/Campaign-Plan-Template-1.png","datePublished":"2022-09-26T12:18:48+00:00","dateModified":"2024-01-02T11:24:40+00:00","description":"Pazarlama planlar\u0131n\u0131z\u0131 takip etmek i\u00e7in bu \u00f6zelle\u015ftirilebilir kampanya \u015fablonunu kullan\u0131n. Ayn\u0131 sayfada olmak i\u00e7in bunu t\u00fcm ekibinizle payla\u015f\u0131n!","inLanguage":"tr","potentialAction":[{"@type":"ReadAction","target":["https:\/\/sales-ai-agents.com\/tr\/templates\/campaign-plan\/"]}]},{"@type":"ImageObject","inLanguage":"tr","@id":"https:\/\/sales-ai-agents.com\/tr\/templates\/campaign-plan\/#primaryimage","url":"https:\/\/sales-ai-agents.com\/wp-content\/uploads\/2022\/09\/Campaign-Plan-Template-1.png","contentUrl":"https:\/\/sales-ai-agents.com\/wp-content\/uploads\/2022\/09\/Campaign-Plan-Template-1.png","width":1700,"height":1100},{"@type":"WebSite","@id":"https:\/\/sales-ai-agents.com\/#website","url":"https:\/\/sales-ai-agents.com\/","name":"FuseBase","description":"Sales AI Agents - Free Online Collaboration Software for Remote Teams. Build your wikis, client portals and more with the Nimbus Platform collaboration tool ? A perfect space for online work","publisher":{"@id":"https:\/\/sales-ai-agents.com\/#organization"},"potentialAction":[{"@type":"SearchAction","target":{"@type":"EntryPoint","urlTemplate":"https:\/\/sales-ai-agents.com\/?s={search_term_string}"},"query-input":{"@type":"PropertyValueSpecification","valueRequired":true,"valueName":"search_term_string"}}],"inLanguage":"tr"},{"@type":"Organization","@id":"https:\/\/sales-ai-agents.com\/#organization","name":"FuseBase","url":"https:\/\/sales-ai-agents.com\/","logo":{"@type":"ImageObject","inLanguage":"tr","@id":"https:\/\/sales-ai-agents.com\/#\/schema\/logo\/image\/","url":"https:\/\/sales-ai-agents.com\/wp-content\/uploads\/2023\/11\/icon-7.svg","contentUrl":"https:\/\/sales-ai-agents.com\/wp-content\/uploads\/2023\/11\/icon-7.svg","width":128,"height":128,"caption":"FuseBase"},"image":{"@id":"https:\/\/sales-ai-agents.com\/#\/schema\/logo\/image\/"}}]}},"_links":{"self":[{"href":"https:\/\/sales-ai-agents.com\/tr\/wp-json\/wp\/v2\/product\/56279","targetHints":{"allow":["GET"]}}],"collection":[{"href":"https:\/\/sales-ai-agents.com\/tr\/wp-json\/wp\/v2\/product"}],"about":[{"href":"https:\/\/sales-ai-agents.com\/tr\/wp-json\/wp\/v2\/types\/product"}],"wp:featuredmedia":[{"embeddable":true,"href":"https:\/\/sales-ai-agents.com\/tr\/wp-json\/wp\/v2\/media\/56281"}],"wp:attachment":[{"href":"https:\/\/sales-ai-agents.com\/tr\/wp-json\/wp\/v2\/media?parent=56279"}],"wp:term":[{"taxonomy":"product_brand","embeddable":true,"href":"https:\/\/sales-ai-agents.com\/tr\/wp-json\/wp\/v2\/product_brand?post=56279"},{"taxonomy":"product_cat","embeddable":true,"href":"https:\/\/sales-ai-agents.com\/tr\/wp-json\/wp\/v2\/product_cat?post=56279"},{"taxonomy":"product_tag","embeddable":true,"href":"https:\/\/sales-ai-agents.com\/tr\/wp-json\/wp\/v2\/product_tag?post=56279"}],"curies":[{"name":"wp","href":"https:\/\/api.w.org\/{rel}","templated":true}]}}