{"id":56283,"date":"2022-09-26T12:18:45","date_gmt":"2022-09-26T12:18:45","guid":{"rendered":"https:\/\/sales-ai-agents.com\/templates\/bill-payments-checklist\/"},"modified":"2024-01-02T11:23:37","modified_gmt":"2024-01-02T11:23:37","slug":"bill-payments-checklist","status":"publish","type":"product","link":"https:\/\/sales-ai-agents.com\/tr\/templates\/bill-payments-checklist\/","title":{"rendered":"Fatura \u00d6demeleri Kontrol Listesi"},"content":{"rendered":"<p>&nbsp;<\/p>\n<h2>Fatura \u00d6demeleri Kontrol Listesi \u015eablonu<\/h2>\n<p class=\"desc-text\">\u00d6demeniz gereken birden fazla fatura varsa, ay boyunca takip edemeyebilirsiniz. Eksik \u00f6demelerden ve ekstra \u00fccretlerden ka\u00e7\u0131nmak i\u00e7in bu fatura \u00f6deme \u015fablonuna g\u00f6z at\u0131n. \u00dccretlerinizi takip etmek i\u00e7in tamamen i\u015flevsel bir tablo i\u00e7erir. Her ay di\u011ferinden farkl\u0131 renklerle ayr\u0131lm\u0131\u015ft\u0131r. Her \u015feyi tek bir yerden takip edin, b\u00f6ylece gecikmi\u015f i\u015flemlerden ve maliyetlerden ka\u00e7\u0131nabilirsiniz.<\/p>\n<h5>Nas\u0131l kullan\u0131l\u0131r?<\/h5>\n<ul class=\"desc-item_list\">\n<li class=\"desc-item_list__point\">Fatura t\u00fcrlerinizi listeleyin<\/li>\n<li class=\"desc-item_list__point\">Son tarihlerini ekleyin<\/li>\n<li class=\"desc-item_list__point\">Her ay \u00f6denmesi gereken tutar\u0131 belirtiniz<\/li>\n<li class=\"desc-item_list__point\">Her fatura i\u00e7in notlar ekleyin<\/li>\n<li class=\"desc-item_list__point\">Gittik\u00e7e \u00f6denen ay\u0131 kontrol edin<\/li>\n<\/ul>\n","protected":false},"excerpt":{"rendered":"<p>Eksik \u00f6demeleri \u00f6nlemek i\u00e7in bu fatura \u00f6deme \u015fablonuna g\u00f6z at\u0131n. \u00dccretlerinizi takip etmek i\u00e7in tamamen i\u015flevsel bir tablo i\u00e7erir<\/p>\n","protected":false},"featured_media":56284,"template":"","meta":{"_acf_changed":false,"inline_featured_image":false},"product_brand":[],"product_cat":[273],"product_tag":[],"class_list":{"0":"post-56283","1":"product","2":"type-product","3":"status-publish","4":"has-post-thumbnail","6":"product_cat-personal-money","8":"first","9":"instock","10":"virtual","11":"sold-individually","12":"product-type-simple"},"acf":[],"yoast_head":"<!-- This site is optimized with the Yoast SEO plugin v25.3.1 - https:\/\/yoast.com\/wordpress\/plugins\/seo\/ -->\n<title>Fatura \u00f6demeleri kontrol listesi \u015eablonu - Sales AI Agents<\/title>\n<meta name=\"description\" content=\"Eksik \u00f6demeleri \u00f6nlemek i\u00e7in bu fatura \u00f6deme \u015fablonuna g\u00f6z at\u0131n. \u00dccretlerinizi takip etmek i\u00e7in tamamen i\u015flevsel bir tablo i\u00e7erir.\" \/>\n<meta name=\"robots\" content=\"index, follow, max-snippet:-1, max-image-preview:large, max-video-preview:-1\" \/>\n<link rel=\"canonical\" href=\"https:\/\/sales-ai-agents.com\/tr\/templates\/bill-payments-checklist\/\" \/>\n<meta property=\"og:locale\" content=\"tr_TR\" \/>\n<meta property=\"og:type\" content=\"article\" \/>\n<meta property=\"og:title\" content=\"Fatura \u00f6demeleri kontrol listesi \u015eablonu - Sales AI Agents\" \/>\n<meta property=\"og:description\" content=\"Eksik \u00f6demeleri \u00f6nlemek i\u00e7in bu fatura \u00f6deme \u015fablonuna g\u00f6z at\u0131n. \u00dccretlerinizi takip etmek i\u00e7in tamamen i\u015flevsel bir tablo i\u00e7erir.\" \/>\n<meta property=\"og:url\" content=\"https:\/\/sales-ai-agents.com\/tr\/templates\/bill-payments-checklist\/\" \/>\n<meta property=\"og:site_name\" content=\"Sales AI Agents\" \/>\n<meta property=\"article:modified_time\" content=\"2024-01-02T11:23:37+00:00\" \/>\n<meta property=\"og:image\" content=\"https:\/\/sales-ai-agents.com\/wp-content\/uploads\/2023\/01\/image-preview121305.png\" \/>\n\t<meta property=\"og:image:width\" content=\"1078\" \/>\n\t<meta property=\"og:image:height\" content=\"760\" \/>\n\t<meta property=\"og:image:type\" content=\"image\/png\" \/>\n<meta name=\"twitter:card\" content=\"summary_large_image\" \/>\n<script type=\"application\/ld+json\" class=\"yoast-schema-graph\">{\"@context\":\"https:\/\/schema.org\",\"@graph\":[{\"@type\":\"WebPage\",\"@id\":\"https:\/\/sales-ai-agents.com\/tr\/templates\/bill-payments-checklist\/\",\"url\":\"https:\/\/sales-ai-agents.com\/tr\/templates\/bill-payments-checklist\/\",\"name\":\"Fatura \u00f6demeleri kontrol listesi \u015eablonu - Sales AI Agents\",\"isPartOf\":{\"@id\":\"https:\/\/sales-ai-agents.com\/#website\"},\"primaryImageOfPage\":{\"@id\":\"https:\/\/sales-ai-agents.com\/tr\/templates\/bill-payments-checklist\/#primaryimage\"},\"image\":{\"@id\":\"https:\/\/sales-ai-agents.com\/tr\/templates\/bill-payments-checklist\/#primaryimage\"},\"thumbnailUrl\":\"https:\/\/sales-ai-agents.com\/wp-content\/uploads\/2023\/01\/image-preview121305.png\",\"datePublished\":\"2022-09-26T12:18:45+00:00\",\"dateModified\":\"2024-01-02T11:23:37+00:00\",\"description\":\"Eksik \u00f6demeleri \u00f6nlemek i\u00e7in bu fatura \u00f6deme \u015fablonuna g\u00f6z at\u0131n. \u00dccretlerinizi takip etmek i\u00e7in tamamen i\u015flevsel bir tablo i\u00e7erir.\",\"inLanguage\":\"tr\",\"potentialAction\":[{\"@type\":\"ReadAction\",\"target\":[\"https:\/\/sales-ai-agents.com\/tr\/templates\/bill-payments-checklist\/\"]}]},{\"@type\":\"ImageObject\",\"inLanguage\":\"tr\",\"@id\":\"https:\/\/sales-ai-agents.com\/tr\/templates\/bill-payments-checklist\/#primaryimage\",\"url\":\"https:\/\/sales-ai-agents.com\/wp-content\/uploads\/2023\/01\/image-preview121305.png\",\"contentUrl\":\"https:\/\/sales-ai-agents.com\/wp-content\/uploads\/2023\/01\/image-preview121305.png\",\"width\":1078,\"height\":760},{\"@type\":\"WebSite\",\"@id\":\"https:\/\/sales-ai-agents.com\/#website\",\"url\":\"https:\/\/sales-ai-agents.com\/\",\"name\":\"FuseBase\",\"description\":\"Sales AI Agents - Free Online Collaboration Software for Remote Teams. Build your wikis, client portals and more with the Nimbus Platform collaboration tool ? A perfect space for online work\",\"publisher\":{\"@id\":\"https:\/\/sales-ai-agents.com\/#organization\"},\"potentialAction\":[{\"@type\":\"SearchAction\",\"target\":{\"@type\":\"EntryPoint\",\"urlTemplate\":\"https:\/\/sales-ai-agents.com\/?s={search_term_string}\"},\"query-input\":{\"@type\":\"PropertyValueSpecification\",\"valueRequired\":true,\"valueName\":\"search_term_string\"}}],\"inLanguage\":\"tr\"},{\"@type\":\"Organization\",\"@id\":\"https:\/\/sales-ai-agents.com\/#organization\",\"name\":\"FuseBase\",\"url\":\"https:\/\/sales-ai-agents.com\/\",\"logo\":{\"@type\":\"ImageObject\",\"inLanguage\":\"tr\",\"@id\":\"https:\/\/sales-ai-agents.com\/#\/schema\/logo\/image\/\",\"url\":\"https:\/\/sales-ai-agents.com\/wp-content\/uploads\/2023\/11\/icon-7.svg\",\"contentUrl\":\"https:\/\/sales-ai-agents.com\/wp-content\/uploads\/2023\/11\/icon-7.svg\",\"width\":128,\"height\":128,\"caption\":\"FuseBase\"},\"image\":{\"@id\":\"https:\/\/sales-ai-agents.com\/#\/schema\/logo\/image\/\"}}]}<\/script>\n<!-- \/ Yoast SEO plugin. -->","yoast_head_json":{"title":"Fatura \u00f6demeleri kontrol listesi \u015eablonu - Sales AI Agents","description":"Eksik \u00f6demeleri \u00f6nlemek i\u00e7in bu fatura \u00f6deme \u015fablonuna g\u00f6z at\u0131n. \u00dccretlerinizi takip etmek i\u00e7in tamamen i\u015flevsel bir tablo i\u00e7erir.","robots":{"index":"index","follow":"follow","max-snippet":"max-snippet:-1","max-image-preview":"max-image-preview:large","max-video-preview":"max-video-preview:-1"},"canonical":"https:\/\/sales-ai-agents.com\/tr\/templates\/bill-payments-checklist\/","og_locale":"tr_TR","og_type":"article","og_title":"Fatura \u00f6demeleri kontrol listesi \u015eablonu - Sales AI Agents","og_description":"Eksik \u00f6demeleri \u00f6nlemek i\u00e7in bu fatura \u00f6deme \u015fablonuna g\u00f6z at\u0131n. \u00dccretlerinizi takip etmek i\u00e7in tamamen i\u015flevsel bir tablo i\u00e7erir.","og_url":"https:\/\/sales-ai-agents.com\/tr\/templates\/bill-payments-checklist\/","og_site_name":"Sales AI Agents","article_modified_time":"2024-01-02T11:23:37+00:00","og_image":[{"width":1078,"height":760,"url":"https:\/\/sales-ai-agents.com\/wp-content\/uploads\/2023\/01\/image-preview121305.png","type":"image\/png"}],"twitter_card":"summary_large_image","schema":{"@context":"https:\/\/schema.org","@graph":[{"@type":"WebPage","@id":"https:\/\/sales-ai-agents.com\/tr\/templates\/bill-payments-checklist\/","url":"https:\/\/sales-ai-agents.com\/tr\/templates\/bill-payments-checklist\/","name":"Fatura \u00f6demeleri kontrol listesi \u015eablonu - Sales AI Agents","isPartOf":{"@id":"https:\/\/sales-ai-agents.com\/#website"},"primaryImageOfPage":{"@id":"https:\/\/sales-ai-agents.com\/tr\/templates\/bill-payments-checklist\/#primaryimage"},"image":{"@id":"https:\/\/sales-ai-agents.com\/tr\/templates\/bill-payments-checklist\/#primaryimage"},"thumbnailUrl":"https:\/\/sales-ai-agents.com\/wp-content\/uploads\/2023\/01\/image-preview121305.png","datePublished":"2022-09-26T12:18:45+00:00","dateModified":"2024-01-02T11:23:37+00:00","description":"Eksik \u00f6demeleri \u00f6nlemek i\u00e7in bu fatura \u00f6deme \u015fablonuna g\u00f6z at\u0131n. \u00dccretlerinizi takip etmek i\u00e7in tamamen i\u015flevsel bir tablo i\u00e7erir.","inLanguage":"tr","potentialAction":[{"@type":"ReadAction","target":["https:\/\/sales-ai-agents.com\/tr\/templates\/bill-payments-checklist\/"]}]},{"@type":"ImageObject","inLanguage":"tr","@id":"https:\/\/sales-ai-agents.com\/tr\/templates\/bill-payments-checklist\/#primaryimage","url":"https:\/\/sales-ai-agents.com\/wp-content\/uploads\/2023\/01\/image-preview121305.png","contentUrl":"https:\/\/sales-ai-agents.com\/wp-content\/uploads\/2023\/01\/image-preview121305.png","width":1078,"height":760},{"@type":"WebSite","@id":"https:\/\/sales-ai-agents.com\/#website","url":"https:\/\/sales-ai-agents.com\/","name":"FuseBase","description":"Sales AI Agents - Free Online Collaboration Software for Remote Teams. Build your wikis, client portals and more with the Nimbus Platform collaboration tool ? A perfect space for online work","publisher":{"@id":"https:\/\/sales-ai-agents.com\/#organization"},"potentialAction":[{"@type":"SearchAction","target":{"@type":"EntryPoint","urlTemplate":"https:\/\/sales-ai-agents.com\/?s={search_term_string}"},"query-input":{"@type":"PropertyValueSpecification","valueRequired":true,"valueName":"search_term_string"}}],"inLanguage":"tr"},{"@type":"Organization","@id":"https:\/\/sales-ai-agents.com\/#organization","name":"FuseBase","url":"https:\/\/sales-ai-agents.com\/","logo":{"@type":"ImageObject","inLanguage":"tr","@id":"https:\/\/sales-ai-agents.com\/#\/schema\/logo\/image\/","url":"https:\/\/sales-ai-agents.com\/wp-content\/uploads\/2023\/11\/icon-7.svg","contentUrl":"https:\/\/sales-ai-agents.com\/wp-content\/uploads\/2023\/11\/icon-7.svg","width":128,"height":128,"caption":"FuseBase"},"image":{"@id":"https:\/\/sales-ai-agents.com\/#\/schema\/logo\/image\/"}}]}},"_links":{"self":[{"href":"https:\/\/sales-ai-agents.com\/tr\/wp-json\/wp\/v2\/product\/56283","targetHints":{"allow":["GET"]}}],"collection":[{"href":"https:\/\/sales-ai-agents.com\/tr\/wp-json\/wp\/v2\/product"}],"about":[{"href":"https:\/\/sales-ai-agents.com\/tr\/wp-json\/wp\/v2\/types\/product"}],"wp:featuredmedia":[{"embeddable":true,"href":"https:\/\/sales-ai-agents.com\/tr\/wp-json\/wp\/v2\/media\/56284"}],"wp:attachment":[{"href":"https:\/\/sales-ai-agents.com\/tr\/wp-json\/wp\/v2\/media?parent=56283"}],"wp:term":[{"taxonomy":"product_brand","embeddable":true,"href":"https:\/\/sales-ai-agents.com\/tr\/wp-json\/wp\/v2\/product_brand?post=56283"},{"taxonomy":"product_cat","embeddable":true,"href":"https:\/\/sales-ai-agents.com\/tr\/wp-json\/wp\/v2\/product_cat?post=56283"},{"taxonomy":"product_tag","embeddable":true,"href":"https:\/\/sales-ai-agents.com\/tr\/wp-json\/wp\/v2\/product_tag?post=56283"}],"curies":[{"name":"wp","href":"https:\/\/api.w.org\/{rel}","templated":true}]}}