{"id":56286,"date":"2022-09-26T12:18:38","date_gmt":"2022-09-26T12:18:38","guid":{"rendered":"https:\/\/sales-ai-agents.com\/templates\/okr\/"},"modified":"2024-01-02T12:56:55","modified_gmt":"2024-01-02T12:56:55","slug":"okr","status":"publish","type":"product","link":"https:\/\/sales-ai-agents.com\/tr\/templates\/okr\/","title":{"rendered":"OKR"},"content":{"rendered":"<p>&nbsp;<\/p>\n<h2>OKR \u015eablonu<\/h2>\n<p class=\"desc-text\">Bu OKR \u015fablonu, ekibinizin hedefler belirlemek ve bunlara ula\u015fmak i\u00e7in planlama yapmas\u0131n\u0131 ve birbirleriyle ileti\u015fim kurmas\u0131n\u0131 sa\u011flayacakt\u0131r. Bu i\u015fbirli\u011fi belgesi ile t\u00fcm grup, her bir \u00fcyeden ne beklendi\u011fini anlayabilir. Herkesi hesap verebilir tutun ve ba\u015far\u0131lar\u0131 somut yollarla \u00f6l\u00e7\u00fcn &#8211; bu kadar basit!<\/p>\n<h5>Nas\u0131l kullan\u0131l\u0131r?<\/h5>\n<ul class=\"desc-item_list\">\n<li class=\"desc-item_list__point\">Hedefleri masan\u0131n \u00fczerine \u00e7izin<\/li>\n<li class=\"desc-item_list__point\">\u0130lgili anahtar sonu\u00e7lar\u0131 ekleyin<\/li>\n<li class=\"desc-item_list__point\">mention&#8217;lar ile i\u015f atay\u0131n<\/li>\n<li class=\"desc-item_list__point\">Her hedef i\u00e7in ilerlemeyi kaydedin<\/li>\n<\/ul>\n","protected":false},"excerpt":{"rendered":"<p>Bu OKR \u015fablonu, ekibinizin hedefler belirlemek ve bunlara ula\u015fmak i\u00e7in planlama yapmas\u0131n\u0131 ve birbirleriyle ileti\u015fim kurmas\u0131n\u0131 sa\u011flayacakt\u0131r. Ne yap\u0131lmas\u0131 gerekti\u011fini belirleyin ve bunun \u00fczerinde \u00e7al\u0131\u015f\u0131n.<\/p>\n","protected":false},"featured_media":56287,"template":"","meta":{"_acf_changed":false,"inline_featured_image":false},"product_brand":[],"product_cat":[218,231],"product_tag":[],"class_list":{"0":"post-56286","1":"product","2":"type-product","3":"status-publish","4":"has-post-thumbnail","6":"product_cat-operations","7":"product_cat-project-management","8":"collections-team","10":"first","11":"instock","12":"virtual","13":"sold-individually","14":"product-type-simple"},"acf":[],"yoast_head":"<!-- This site is optimized with the Yoast SEO plugin v25.3.1 - https:\/\/yoast.com\/wordpress\/plugins\/seo\/ -->\n<title>OKR \u015eablonu - Sales AI Agents<\/title>\n<meta name=\"description\" content=\"Bu OKR \u015fablonu, ekibinizin hedefler belirlemek ve bunlara ula\u015fmak i\u00e7in planlama yapmas\u0131n\u0131 ve birbirleriyle ileti\u015fim kurmas\u0131n\u0131 sa\u011flayacakt\u0131r. Ne yap\u0131lmas\u0131 gerekti\u011fini belirleyin ve bunun \u00fczerinde \u00e7al\u0131\u015f\u0131n.\" \/>\n<meta name=\"robots\" content=\"index, follow, max-snippet:-1, max-image-preview:large, max-video-preview:-1\" \/>\n<link rel=\"canonical\" href=\"https:\/\/sales-ai-agents.com\/tr\/templates\/okr\/\" \/>\n<meta property=\"og:locale\" content=\"tr_TR\" \/>\n<meta property=\"og:type\" content=\"article\" \/>\n<meta property=\"og:title\" content=\"OKR \u015eablonu - Sales AI Agents\" \/>\n<meta property=\"og:description\" content=\"Bu OKR \u015fablonu, ekibinizin hedefler belirlemek ve bunlara ula\u015fmak i\u00e7in planlama yapmas\u0131n\u0131 ve birbirleriyle ileti\u015fim kurmas\u0131n\u0131 sa\u011flayacakt\u0131r. Ne yap\u0131lmas\u0131 gerekti\u011fini belirleyin ve bunun \u00fczerinde \u00e7al\u0131\u015f\u0131n.\" \/>\n<meta property=\"og:url\" content=\"https:\/\/sales-ai-agents.com\/tr\/templates\/okr\/\" \/>\n<meta property=\"og:site_name\" content=\"Sales AI Agents\" \/>\n<meta property=\"article:modified_time\" content=\"2024-01-02T12:56:55+00:00\" \/>\n<meta property=\"og:image\" content=\"https:\/\/sales-ai-agents.com\/wp-content\/uploads\/2023\/01\/image-preview120750.png\" \/>\n\t<meta property=\"og:image:width\" content=\"1078\" \/>\n\t<meta property=\"og:image:height\" content=\"1013\" \/>\n\t<meta property=\"og:image:type\" content=\"image\/png\" \/>\n<meta name=\"twitter:card\" content=\"summary_large_image\" \/>\n<script type=\"application\/ld+json\" class=\"yoast-schema-graph\">{\"@context\":\"https:\/\/schema.org\",\"@graph\":[{\"@type\":\"WebPage\",\"@id\":\"https:\/\/sales-ai-agents.com\/tr\/templates\/okr\/\",\"url\":\"https:\/\/sales-ai-agents.com\/tr\/templates\/okr\/\",\"name\":\"OKR \u015eablonu - Sales AI Agents\",\"isPartOf\":{\"@id\":\"https:\/\/sales-ai-agents.com\/#website\"},\"primaryImageOfPage\":{\"@id\":\"https:\/\/sales-ai-agents.com\/tr\/templates\/okr\/#primaryimage\"},\"image\":{\"@id\":\"https:\/\/sales-ai-agents.com\/tr\/templates\/okr\/#primaryimage\"},\"thumbnailUrl\":\"https:\/\/sales-ai-agents.com\/wp-content\/uploads\/2023\/01\/image-preview120750.png\",\"datePublished\":\"2022-09-26T12:18:38+00:00\",\"dateModified\":\"2024-01-02T12:56:55+00:00\",\"description\":\"Bu OKR \u015fablonu, ekibinizin hedefler belirlemek ve bunlara ula\u015fmak i\u00e7in planlama yapmas\u0131n\u0131 ve birbirleriyle ileti\u015fim kurmas\u0131n\u0131 sa\u011flayacakt\u0131r. Ne yap\u0131lmas\u0131 gerekti\u011fini belirleyin ve bunun \u00fczerinde \u00e7al\u0131\u015f\u0131n.\",\"inLanguage\":\"tr\",\"potentialAction\":[{\"@type\":\"ReadAction\",\"target\":[\"https:\/\/sales-ai-agents.com\/tr\/templates\/okr\/\"]}]},{\"@type\":\"ImageObject\",\"inLanguage\":\"tr\",\"@id\":\"https:\/\/sales-ai-agents.com\/tr\/templates\/okr\/#primaryimage\",\"url\":\"https:\/\/sales-ai-agents.com\/wp-content\/uploads\/2023\/01\/image-preview120750.png\",\"contentUrl\":\"https:\/\/sales-ai-agents.com\/wp-content\/uploads\/2023\/01\/image-preview120750.png\",\"width\":1078,\"height\":1013},{\"@type\":\"WebSite\",\"@id\":\"https:\/\/sales-ai-agents.com\/#website\",\"url\":\"https:\/\/sales-ai-agents.com\/\",\"name\":\"FuseBase\",\"description\":\"Sales AI Agents - Free Online Collaboration Software for Remote Teams. Build your wikis, client portals and more with the Nimbus Platform collaboration tool ? A perfect space for online work\",\"publisher\":{\"@id\":\"https:\/\/sales-ai-agents.com\/#organization\"},\"potentialAction\":[{\"@type\":\"SearchAction\",\"target\":{\"@type\":\"EntryPoint\",\"urlTemplate\":\"https:\/\/sales-ai-agents.com\/?s={search_term_string}\"},\"query-input\":{\"@type\":\"PropertyValueSpecification\",\"valueRequired\":true,\"valueName\":\"search_term_string\"}}],\"inLanguage\":\"tr\"},{\"@type\":\"Organization\",\"@id\":\"https:\/\/sales-ai-agents.com\/#organization\",\"name\":\"FuseBase\",\"url\":\"https:\/\/sales-ai-agents.com\/\",\"logo\":{\"@type\":\"ImageObject\",\"inLanguage\":\"tr\",\"@id\":\"https:\/\/sales-ai-agents.com\/#\/schema\/logo\/image\/\",\"url\":\"https:\/\/sales-ai-agents.com\/wp-content\/uploads\/2023\/11\/icon-7.svg\",\"contentUrl\":\"https:\/\/sales-ai-agents.com\/wp-content\/uploads\/2023\/11\/icon-7.svg\",\"width\":128,\"height\":128,\"caption\":\"FuseBase\"},\"image\":{\"@id\":\"https:\/\/sales-ai-agents.com\/#\/schema\/logo\/image\/\"}}]}<\/script>\n<!-- \/ Yoast SEO plugin. -->","yoast_head_json":{"title":"OKR \u015eablonu - Sales AI Agents","description":"Bu OKR \u015fablonu, ekibinizin hedefler belirlemek ve bunlara ula\u015fmak i\u00e7in planlama yapmas\u0131n\u0131 ve birbirleriyle ileti\u015fim kurmas\u0131n\u0131 sa\u011flayacakt\u0131r. Ne yap\u0131lmas\u0131 gerekti\u011fini belirleyin ve bunun \u00fczerinde \u00e7al\u0131\u015f\u0131n.","robots":{"index":"index","follow":"follow","max-snippet":"max-snippet:-1","max-image-preview":"max-image-preview:large","max-video-preview":"max-video-preview:-1"},"canonical":"https:\/\/sales-ai-agents.com\/tr\/templates\/okr\/","og_locale":"tr_TR","og_type":"article","og_title":"OKR \u015eablonu - Sales AI Agents","og_description":"Bu OKR \u015fablonu, ekibinizin hedefler belirlemek ve bunlara ula\u015fmak i\u00e7in planlama yapmas\u0131n\u0131 ve birbirleriyle ileti\u015fim kurmas\u0131n\u0131 sa\u011flayacakt\u0131r. Ne yap\u0131lmas\u0131 gerekti\u011fini belirleyin ve bunun \u00fczerinde \u00e7al\u0131\u015f\u0131n.","og_url":"https:\/\/sales-ai-agents.com\/tr\/templates\/okr\/","og_site_name":"Sales AI Agents","article_modified_time":"2024-01-02T12:56:55+00:00","og_image":[{"width":1078,"height":1013,"url":"https:\/\/sales-ai-agents.com\/wp-content\/uploads\/2023\/01\/image-preview120750.png","type":"image\/png"}],"twitter_card":"summary_large_image","schema":{"@context":"https:\/\/schema.org","@graph":[{"@type":"WebPage","@id":"https:\/\/sales-ai-agents.com\/tr\/templates\/okr\/","url":"https:\/\/sales-ai-agents.com\/tr\/templates\/okr\/","name":"OKR \u015eablonu - Sales AI Agents","isPartOf":{"@id":"https:\/\/sales-ai-agents.com\/#website"},"primaryImageOfPage":{"@id":"https:\/\/sales-ai-agents.com\/tr\/templates\/okr\/#primaryimage"},"image":{"@id":"https:\/\/sales-ai-agents.com\/tr\/templates\/okr\/#primaryimage"},"thumbnailUrl":"https:\/\/sales-ai-agents.com\/wp-content\/uploads\/2023\/01\/image-preview120750.png","datePublished":"2022-09-26T12:18:38+00:00","dateModified":"2024-01-02T12:56:55+00:00","description":"Bu OKR \u015fablonu, ekibinizin hedefler belirlemek ve bunlara ula\u015fmak i\u00e7in planlama yapmas\u0131n\u0131 ve birbirleriyle ileti\u015fim kurmas\u0131n\u0131 sa\u011flayacakt\u0131r. Ne yap\u0131lmas\u0131 gerekti\u011fini belirleyin ve bunun \u00fczerinde \u00e7al\u0131\u015f\u0131n.","inLanguage":"tr","potentialAction":[{"@type":"ReadAction","target":["https:\/\/sales-ai-agents.com\/tr\/templates\/okr\/"]}]},{"@type":"ImageObject","inLanguage":"tr","@id":"https:\/\/sales-ai-agents.com\/tr\/templates\/okr\/#primaryimage","url":"https:\/\/sales-ai-agents.com\/wp-content\/uploads\/2023\/01\/image-preview120750.png","contentUrl":"https:\/\/sales-ai-agents.com\/wp-content\/uploads\/2023\/01\/image-preview120750.png","width":1078,"height":1013},{"@type":"WebSite","@id":"https:\/\/sales-ai-agents.com\/#website","url":"https:\/\/sales-ai-agents.com\/","name":"FuseBase","description":"Sales AI Agents - Free Online Collaboration Software for Remote Teams. Build your wikis, client portals and more with the Nimbus Platform collaboration tool ? A perfect space for online work","publisher":{"@id":"https:\/\/sales-ai-agents.com\/#organization"},"potentialAction":[{"@type":"SearchAction","target":{"@type":"EntryPoint","urlTemplate":"https:\/\/sales-ai-agents.com\/?s={search_term_string}"},"query-input":{"@type":"PropertyValueSpecification","valueRequired":true,"valueName":"search_term_string"}}],"inLanguage":"tr"},{"@type":"Organization","@id":"https:\/\/sales-ai-agents.com\/#organization","name":"FuseBase","url":"https:\/\/sales-ai-agents.com\/","logo":{"@type":"ImageObject","inLanguage":"tr","@id":"https:\/\/sales-ai-agents.com\/#\/schema\/logo\/image\/","url":"https:\/\/sales-ai-agents.com\/wp-content\/uploads\/2023\/11\/icon-7.svg","contentUrl":"https:\/\/sales-ai-agents.com\/wp-content\/uploads\/2023\/11\/icon-7.svg","width":128,"height":128,"caption":"FuseBase"},"image":{"@id":"https:\/\/sales-ai-agents.com\/#\/schema\/logo\/image\/"}}]}},"_links":{"self":[{"href":"https:\/\/sales-ai-agents.com\/tr\/wp-json\/wp\/v2\/product\/56286","targetHints":{"allow":["GET"]}}],"collection":[{"href":"https:\/\/sales-ai-agents.com\/tr\/wp-json\/wp\/v2\/product"}],"about":[{"href":"https:\/\/sales-ai-agents.com\/tr\/wp-json\/wp\/v2\/types\/product"}],"wp:featuredmedia":[{"embeddable":true,"href":"https:\/\/sales-ai-agents.com\/tr\/wp-json\/wp\/v2\/media\/56287"}],"wp:attachment":[{"href":"https:\/\/sales-ai-agents.com\/tr\/wp-json\/wp\/v2\/media?parent=56286"}],"wp:term":[{"taxonomy":"product_brand","embeddable":true,"href":"https:\/\/sales-ai-agents.com\/tr\/wp-json\/wp\/v2\/product_brand?post=56286"},{"taxonomy":"product_cat","embeddable":true,"href":"https:\/\/sales-ai-agents.com\/tr\/wp-json\/wp\/v2\/product_cat?post=56286"},{"taxonomy":"product_tag","embeddable":true,"href":"https:\/\/sales-ai-agents.com\/tr\/wp-json\/wp\/v2\/product_tag?post=56286"}],"curies":[{"name":"wp","href":"https:\/\/api.w.org\/{rel}","templated":true}]}}