{"id":56290,"date":"2022-09-26T12:18:35","date_gmt":"2022-09-26T12:18:35","guid":{"rendered":"https:\/\/sales-ai-agents.com\/templates\/set-your-financial-goals\/"},"modified":"2024-01-02T11:36:40","modified_gmt":"2024-01-02T11:36:40","slug":"set-your-financial-goals","status":"publish","type":"product","link":"https:\/\/sales-ai-agents.com\/tr\/templates\/set-your-financial-goals\/","title":{"rendered":"Finansal Hedeflerinizi Belirleyin"},"content":{"rendered":"<p>&nbsp;<\/p>\n<h2>Finansal Hedeflerinizi Belirleyin \u015eablonu<\/h2>\n<p class=\"desc-text\">Uzun vadeli finansal hedefleriniz i\u00e7in bir plan yap\u0131n &#8211; bu, finansal olarak g\u00fcvende olma yolunda \u00f6nemli bir ad\u0131md\u0131r. Belirli bir \u015fey i\u00e7in \u00e7al\u0131\u015fm\u0131yorsan\u0131z, yapman\u0131z gerekenden daha fazla harcama yapman\u0131z muhtemeldir.<\/p>\n<h5>Nas\u0131l kullan\u0131l\u0131r?<\/h5>\n<ul class=\"desc-item_list\">\n<li class=\"desc-item_list__point\">Finansal hedefleriniz i\u00e7in d\u00f6nem se\u00e7in<\/li>\n<li class=\"desc-item_list__point\">Belirli bir s\u00fcre i\u00e7inde ula\u015fmak istedi\u011finiz finansal hedeflerinizi numaraland\u0131r\u0131n<\/li>\n<li class=\"desc-item_list__point\">Hedeflerinize ula\u015fman\u0131za yard\u0131mc\u0131 olacak eylemi doldurun<\/li>\n<li class=\"desc-item_list__point\">Gerekirse not ekleyin<\/li>\n<\/ul>\n","protected":false},"excerpt":{"rendered":"<p>Bu \u00fccretsiz \u015fablon ile uzun vadeli finansal hedefleriniz i\u00e7in planlar yap\u0131n ve finansal olarak g\u00fcvende olun. Hedeflerinizi ve bunlar i\u00e7in yap\u0131lmas\u0131 gerekenleri yaz\u0131n.<\/p>\n","protected":false},"featured_media":56291,"template":"","meta":{"_acf_changed":false,"inline_featured_image":false},"product_brand":[],"product_cat":[257,273],"product_tag":[],"class_list":{"0":"post-56290","1":"product","2":"type-product","3":"status-publish","4":"has-post-thumbnail","6":"product_cat-personal","7":"product_cat-personal-money","9":"first","10":"instock","11":"virtual","12":"sold-individually","13":"product-type-simple"},"acf":[],"yoast_head":"<!-- This site is optimized with the Yoast SEO plugin v25.3.1 - https:\/\/yoast.com\/wordpress\/plugins\/seo\/ -->\n<title>Finansal Hedeflerinizi Belirleyin \u015eablonu - Sales AI Agents<\/title>\n<meta name=\"description\" content=\"Bu \u00fccretsiz \u015fablon ile uzun vadeli finansal hedefleriniz i\u00e7in planlar yap\u0131n ve finansal olarak g\u00fcvende olun. Nimbus ile yap\u0131lmas\u0131 gerekenleri kontrol edin!\" \/>\n<meta name=\"robots\" content=\"index, follow, max-snippet:-1, max-image-preview:large, max-video-preview:-1\" \/>\n<link rel=\"canonical\" href=\"https:\/\/sales-ai-agents.com\/tr\/templates\/set-your-financial-goals\/\" \/>\n<meta property=\"og:locale\" content=\"tr_TR\" \/>\n<meta property=\"og:type\" content=\"article\" \/>\n<meta property=\"og:title\" content=\"Finansal Hedeflerinizi Belirleyin \u015eablonu - Sales AI Agents\" \/>\n<meta property=\"og:description\" content=\"Bu \u00fccretsiz \u015fablon ile uzun vadeli finansal hedefleriniz i\u00e7in planlar yap\u0131n ve finansal olarak g\u00fcvende olun. Nimbus ile yap\u0131lmas\u0131 gerekenleri kontrol edin!\" \/>\n<meta property=\"og:url\" content=\"https:\/\/sales-ai-agents.com\/tr\/templates\/set-your-financial-goals\/\" \/>\n<meta property=\"og:site_name\" content=\"Sales AI Agents\" \/>\n<meta property=\"article:modified_time\" content=\"2024-01-02T11:36:40+00:00\" \/>\n<meta property=\"og:image\" content=\"https:\/\/sales-ai-agents.com\/wp-content\/uploads\/2023\/01\/image-preview120748.png\" \/>\n\t<meta property=\"og:image:width\" content=\"1078\" \/>\n\t<meta property=\"og:image:height\" content=\"760\" \/>\n\t<meta property=\"og:image:type\" content=\"image\/png\" \/>\n<meta name=\"twitter:card\" content=\"summary_large_image\" \/>\n<script type=\"application\/ld+json\" class=\"yoast-schema-graph\">{\"@context\":\"https:\/\/schema.org\",\"@graph\":[{\"@type\":\"WebPage\",\"@id\":\"https:\/\/sales-ai-agents.com\/tr\/templates\/set-your-financial-goals\/\",\"url\":\"https:\/\/sales-ai-agents.com\/tr\/templates\/set-your-financial-goals\/\",\"name\":\"Finansal Hedeflerinizi Belirleyin \u015eablonu - Sales AI Agents\",\"isPartOf\":{\"@id\":\"https:\/\/sales-ai-agents.com\/#website\"},\"primaryImageOfPage\":{\"@id\":\"https:\/\/sales-ai-agents.com\/tr\/templates\/set-your-financial-goals\/#primaryimage\"},\"image\":{\"@id\":\"https:\/\/sales-ai-agents.com\/tr\/templates\/set-your-financial-goals\/#primaryimage\"},\"thumbnailUrl\":\"https:\/\/sales-ai-agents.com\/wp-content\/uploads\/2023\/01\/image-preview120748.png\",\"datePublished\":\"2022-09-26T12:18:35+00:00\",\"dateModified\":\"2024-01-02T11:36:40+00:00\",\"description\":\"Bu \u00fccretsiz \u015fablon ile uzun vadeli finansal hedefleriniz i\u00e7in planlar yap\u0131n ve finansal olarak g\u00fcvende olun. Nimbus ile yap\u0131lmas\u0131 gerekenleri kontrol edin!\",\"inLanguage\":\"tr\",\"potentialAction\":[{\"@type\":\"ReadAction\",\"target\":[\"https:\/\/sales-ai-agents.com\/tr\/templates\/set-your-financial-goals\/\"]}]},{\"@type\":\"ImageObject\",\"inLanguage\":\"tr\",\"@id\":\"https:\/\/sales-ai-agents.com\/tr\/templates\/set-your-financial-goals\/#primaryimage\",\"url\":\"https:\/\/sales-ai-agents.com\/wp-content\/uploads\/2023\/01\/image-preview120748.png\",\"contentUrl\":\"https:\/\/sales-ai-agents.com\/wp-content\/uploads\/2023\/01\/image-preview120748.png\",\"width\":1078,\"height\":760},{\"@type\":\"WebSite\",\"@id\":\"https:\/\/sales-ai-agents.com\/#website\",\"url\":\"https:\/\/sales-ai-agents.com\/\",\"name\":\"FuseBase\",\"description\":\"Sales AI Agents - Free Online Collaboration Software for Remote Teams. Build your wikis, client portals and more with the Nimbus Platform collaboration tool ? A perfect space for online work\",\"publisher\":{\"@id\":\"https:\/\/sales-ai-agents.com\/#organization\"},\"potentialAction\":[{\"@type\":\"SearchAction\",\"target\":{\"@type\":\"EntryPoint\",\"urlTemplate\":\"https:\/\/sales-ai-agents.com\/?s={search_term_string}\"},\"query-input\":{\"@type\":\"PropertyValueSpecification\",\"valueRequired\":true,\"valueName\":\"search_term_string\"}}],\"inLanguage\":\"tr\"},{\"@type\":\"Organization\",\"@id\":\"https:\/\/sales-ai-agents.com\/#organization\",\"name\":\"FuseBase\",\"url\":\"https:\/\/sales-ai-agents.com\/\",\"logo\":{\"@type\":\"ImageObject\",\"inLanguage\":\"tr\",\"@id\":\"https:\/\/sales-ai-agents.com\/#\/schema\/logo\/image\/\",\"url\":\"https:\/\/sales-ai-agents.com\/wp-content\/uploads\/2023\/11\/icon-7.svg\",\"contentUrl\":\"https:\/\/sales-ai-agents.com\/wp-content\/uploads\/2023\/11\/icon-7.svg\",\"width\":128,\"height\":128,\"caption\":\"FuseBase\"},\"image\":{\"@id\":\"https:\/\/sales-ai-agents.com\/#\/schema\/logo\/image\/\"}}]}<\/script>\n<!-- \/ Yoast SEO plugin. -->","yoast_head_json":{"title":"Finansal Hedeflerinizi Belirleyin \u015eablonu - Sales AI Agents","description":"Bu \u00fccretsiz \u015fablon ile uzun vadeli finansal hedefleriniz i\u00e7in planlar yap\u0131n ve finansal olarak g\u00fcvende olun. Nimbus ile yap\u0131lmas\u0131 gerekenleri kontrol edin!","robots":{"index":"index","follow":"follow","max-snippet":"max-snippet:-1","max-image-preview":"max-image-preview:large","max-video-preview":"max-video-preview:-1"},"canonical":"https:\/\/sales-ai-agents.com\/tr\/templates\/set-your-financial-goals\/","og_locale":"tr_TR","og_type":"article","og_title":"Finansal Hedeflerinizi Belirleyin \u015eablonu - Sales AI Agents","og_description":"Bu \u00fccretsiz \u015fablon ile uzun vadeli finansal hedefleriniz i\u00e7in planlar yap\u0131n ve finansal olarak g\u00fcvende olun. Nimbus ile yap\u0131lmas\u0131 gerekenleri kontrol edin!","og_url":"https:\/\/sales-ai-agents.com\/tr\/templates\/set-your-financial-goals\/","og_site_name":"Sales AI Agents","article_modified_time":"2024-01-02T11:36:40+00:00","og_image":[{"width":1078,"height":760,"url":"https:\/\/sales-ai-agents.com\/wp-content\/uploads\/2023\/01\/image-preview120748.png","type":"image\/png"}],"twitter_card":"summary_large_image","schema":{"@context":"https:\/\/schema.org","@graph":[{"@type":"WebPage","@id":"https:\/\/sales-ai-agents.com\/tr\/templates\/set-your-financial-goals\/","url":"https:\/\/sales-ai-agents.com\/tr\/templates\/set-your-financial-goals\/","name":"Finansal Hedeflerinizi Belirleyin \u015eablonu - Sales AI Agents","isPartOf":{"@id":"https:\/\/sales-ai-agents.com\/#website"},"primaryImageOfPage":{"@id":"https:\/\/sales-ai-agents.com\/tr\/templates\/set-your-financial-goals\/#primaryimage"},"image":{"@id":"https:\/\/sales-ai-agents.com\/tr\/templates\/set-your-financial-goals\/#primaryimage"},"thumbnailUrl":"https:\/\/sales-ai-agents.com\/wp-content\/uploads\/2023\/01\/image-preview120748.png","datePublished":"2022-09-26T12:18:35+00:00","dateModified":"2024-01-02T11:36:40+00:00","description":"Bu \u00fccretsiz \u015fablon ile uzun vadeli finansal hedefleriniz i\u00e7in planlar yap\u0131n ve finansal olarak g\u00fcvende olun. Nimbus ile yap\u0131lmas\u0131 gerekenleri kontrol edin!","inLanguage":"tr","potentialAction":[{"@type":"ReadAction","target":["https:\/\/sales-ai-agents.com\/tr\/templates\/set-your-financial-goals\/"]}]},{"@type":"ImageObject","inLanguage":"tr","@id":"https:\/\/sales-ai-agents.com\/tr\/templates\/set-your-financial-goals\/#primaryimage","url":"https:\/\/sales-ai-agents.com\/wp-content\/uploads\/2023\/01\/image-preview120748.png","contentUrl":"https:\/\/sales-ai-agents.com\/wp-content\/uploads\/2023\/01\/image-preview120748.png","width":1078,"height":760},{"@type":"WebSite","@id":"https:\/\/sales-ai-agents.com\/#website","url":"https:\/\/sales-ai-agents.com\/","name":"FuseBase","description":"Sales AI Agents - Free Online Collaboration Software for Remote Teams. Build your wikis, client portals and more with the Nimbus Platform collaboration tool ? A perfect space for online work","publisher":{"@id":"https:\/\/sales-ai-agents.com\/#organization"},"potentialAction":[{"@type":"SearchAction","target":{"@type":"EntryPoint","urlTemplate":"https:\/\/sales-ai-agents.com\/?s={search_term_string}"},"query-input":{"@type":"PropertyValueSpecification","valueRequired":true,"valueName":"search_term_string"}}],"inLanguage":"tr"},{"@type":"Organization","@id":"https:\/\/sales-ai-agents.com\/#organization","name":"FuseBase","url":"https:\/\/sales-ai-agents.com\/","logo":{"@type":"ImageObject","inLanguage":"tr","@id":"https:\/\/sales-ai-agents.com\/#\/schema\/logo\/image\/","url":"https:\/\/sales-ai-agents.com\/wp-content\/uploads\/2023\/11\/icon-7.svg","contentUrl":"https:\/\/sales-ai-agents.com\/wp-content\/uploads\/2023\/11\/icon-7.svg","width":128,"height":128,"caption":"FuseBase"},"image":{"@id":"https:\/\/sales-ai-agents.com\/#\/schema\/logo\/image\/"}}]}},"_links":{"self":[{"href":"https:\/\/sales-ai-agents.com\/tr\/wp-json\/wp\/v2\/product\/56290","targetHints":{"allow":["GET"]}}],"collection":[{"href":"https:\/\/sales-ai-agents.com\/tr\/wp-json\/wp\/v2\/product"}],"about":[{"href":"https:\/\/sales-ai-agents.com\/tr\/wp-json\/wp\/v2\/types\/product"}],"wp:featuredmedia":[{"embeddable":true,"href":"https:\/\/sales-ai-agents.com\/tr\/wp-json\/wp\/v2\/media\/56291"}],"wp:attachment":[{"href":"https:\/\/sales-ai-agents.com\/tr\/wp-json\/wp\/v2\/media?parent=56290"}],"wp:term":[{"taxonomy":"product_brand","embeddable":true,"href":"https:\/\/sales-ai-agents.com\/tr\/wp-json\/wp\/v2\/product_brand?post=56290"},{"taxonomy":"product_cat","embeddable":true,"href":"https:\/\/sales-ai-agents.com\/tr\/wp-json\/wp\/v2\/product_cat?post=56290"},{"taxonomy":"product_tag","embeddable":true,"href":"https:\/\/sales-ai-agents.com\/tr\/wp-json\/wp\/v2\/product_tag?post=56290"}],"curies":[{"name":"wp","href":"https:\/\/api.w.org\/{rel}","templated":true}]}}