{"id":56294,"date":"2022-09-26T12:18:09","date_gmt":"2022-09-26T12:18:09","guid":{"rendered":"https:\/\/sales-ai-agents.com\/templates\/weekly-updates-meeting\/"},"modified":"2024-01-02T13:14:24","modified_gmt":"2024-01-02T13:14:24","slug":"weekly-updates-meeting","status":"publish","type":"product","link":"https:\/\/sales-ai-agents.com\/tr\/templates\/weekly-updates-meeting\/","title":{"rendered":"Haftal\u0131k G\u00fcncellemeler Toplant\u0131s\u0131"},"content":{"rendered":"<p>&nbsp;<\/p>\n<h2>Haftal\u0131k G\u00fcncellemeler Toplant\u0131 \u015eablonu<\/h2>\n<p class=\"desc-text\">Toplant\u0131lar, g\u00fcncellemeleri duyurmak, sorunlar\u0131 \u00e7\u00f6zmek ve herkesin h\u0131z kazanmas\u0131n\u0131 sa\u011flamak i\u00e7in harika bir yoldur. Ekibinizle yapaca\u011f\u0131n\u0131z g\u00f6r\u00fc\u015fmeleri planlayabilmek i\u00e7in toplant\u0131lar\u0131n\u0131zdan \u00f6nce bu \u015fablonu doldurun. Hi\u00e7bir maddeyi ka\u00e7\u0131rmamak i\u00e7in bir ajanda olu\u015fturun. Herkesin neler olup bitti\u011finden haberdar olabilmesi i\u00e7in notlar ve eylem ad\u0131mlar\u0131 tasla\u011f\u0131 haz\u0131rlay\u0131n.<\/p>\n<h5>Nas\u0131l kullan\u0131l\u0131r?<\/h5>\n<ul class=\"desc-item_list\">\n<li class=\"desc-item_list__point\">Toplant\u0131n\u0131zla ilgili \u00f6nemli ayr\u0131nt\u0131lar\u0131 yaz\u0131n<\/li>\n<li class=\"desc-item_list__point\">Ajanda olu\u015fturmak i\u00e7in onay kutular\u0131n\u0131 kullan\u0131n<\/li>\n<li class=\"desc-item_list__point\">Toplant\u0131da ele al\u0131nd\u0131ktan sonra her bir maddeyi i\u015faretleyin<\/li>\n<li class=\"desc-item_list__point\">Kat\u0131l\u0131mc\u0131lar\u0131 etiketleyin ve onlardan bahsedin<\/li>\n<li class=\"desc-item_list__point\">Toplant\u0131 i\u00e7in taslak notlar ve konular<\/li>\n<li class=\"desc-item_list__point\">G\u00f6revler ve takip ad\u0131mlar\u0131 i\u00e7in bir kontrol listesi olu\u015fturun<\/li>\n<\/ul>\n","protected":false},"excerpt":{"rendered":"<p>Retrospektifler, ekibinizin veya kurulu\u015funuzun projeleri g\u00f6zden ge\u00e7irmesine ve neyin iyi gitti\u011fini ve neyin iyile\u015ftirilmesi gerekti\u011fini belirlemesine yard\u0131mc\u0131 olabilir. Bunun i\u00e7in bu \u00fccretsiz \u015fablonu kullan\u0131n.<\/p>\n","protected":false},"featured_media":56295,"template":"","meta":{"_acf_changed":false,"inline_featured_image":false},"product_brand":[],"product_cat":[218,231,230],"product_tag":[],"class_list":{"0":"post-56294","1":"product","2":"type-product","3":"status-publish","4":"has-post-thumbnail","6":"product_cat-operations","7":"product_cat-project-management","8":"product_cat-meeting","9":"collections-team","11":"first","12":"instock","13":"virtual","14":"sold-individually","15":"product-type-simple"},"acf":[],"yoast_head":"<!-- This site is optimized with the Yoast SEO plugin v25.3.1 - https:\/\/yoast.com\/wordpress\/plugins\/seo\/ -->\n<title>Haftal\u0131k G\u00fcncellemeler Toplant\u0131 \u015eablonu - Sales AI Agents<\/title>\n<meta name=\"description\" content=\"Retrospektifler, ekibinizin veya kurulu\u015funuzun projeleri g\u00f6zden ge\u00e7irmesine ve neyin iyi gitti\u011fini ve neyin iyile\u015ftirilmesi gerekti\u011fini belirlemesine yard\u0131mc\u0131 olabilir. Bunun i\u00e7in bu \u00fccretsiz \u015fablonu kullan\u0131n.\" \/>\n<meta name=\"robots\" content=\"index, follow, max-snippet:-1, max-image-preview:large, max-video-preview:-1\" \/>\n<link rel=\"canonical\" href=\"https:\/\/sales-ai-agents.com\/tr\/templates\/weekly-updates-meeting\/\" \/>\n<meta property=\"og:locale\" content=\"tr_TR\" \/>\n<meta property=\"og:type\" content=\"article\" \/>\n<meta property=\"og:title\" content=\"Haftal\u0131k G\u00fcncellemeler Toplant\u0131 \u015eablonu - Sales AI Agents\" \/>\n<meta property=\"og:description\" content=\"Retrospektifler, ekibinizin veya kurulu\u015funuzun projeleri g\u00f6zden ge\u00e7irmesine ve neyin iyi gitti\u011fini ve neyin iyile\u015ftirilmesi gerekti\u011fini belirlemesine yard\u0131mc\u0131 olabilir. Bunun i\u00e7in bu \u00fccretsiz \u015fablonu kullan\u0131n.\" \/>\n<meta property=\"og:url\" content=\"https:\/\/sales-ai-agents.com\/tr\/templates\/weekly-updates-meeting\/\" \/>\n<meta property=\"og:site_name\" content=\"Sales AI Agents\" \/>\n<meta property=\"article:modified_time\" content=\"2024-01-02T13:14:24+00:00\" \/>\n<meta property=\"og:image\" content=\"https:\/\/sales-ai-agents.com\/wp-content\/uploads\/2023\/01\/image-preview121214.png\" \/>\n\t<meta property=\"og:image:width\" content=\"1078\" \/>\n\t<meta property=\"og:image:height\" content=\"969\" \/>\n\t<meta property=\"og:image:type\" content=\"image\/png\" \/>\n<meta name=\"twitter:card\" content=\"summary_large_image\" \/>\n<script type=\"application\/ld+json\" class=\"yoast-schema-graph\">{\"@context\":\"https:\/\/schema.org\",\"@graph\":[{\"@type\":\"WebPage\",\"@id\":\"https:\/\/sales-ai-agents.com\/tr\/templates\/weekly-updates-meeting\/\",\"url\":\"https:\/\/sales-ai-agents.com\/tr\/templates\/weekly-updates-meeting\/\",\"name\":\"Haftal\u0131k G\u00fcncellemeler Toplant\u0131 \u015eablonu - Sales AI Agents\",\"isPartOf\":{\"@id\":\"https:\/\/sales-ai-agents.com\/#website\"},\"primaryImageOfPage\":{\"@id\":\"https:\/\/sales-ai-agents.com\/tr\/templates\/weekly-updates-meeting\/#primaryimage\"},\"image\":{\"@id\":\"https:\/\/sales-ai-agents.com\/tr\/templates\/weekly-updates-meeting\/#primaryimage\"},\"thumbnailUrl\":\"https:\/\/sales-ai-agents.com\/wp-content\/uploads\/2023\/01\/image-preview121214.png\",\"datePublished\":\"2022-09-26T12:18:09+00:00\",\"dateModified\":\"2024-01-02T13:14:24+00:00\",\"description\":\"Retrospektifler, ekibinizin veya kurulu\u015funuzun projeleri g\u00f6zden ge\u00e7irmesine ve neyin iyi gitti\u011fini ve neyin iyile\u015ftirilmesi gerekti\u011fini belirlemesine yard\u0131mc\u0131 olabilir. Bunun i\u00e7in bu \u00fccretsiz \u015fablonu kullan\u0131n.\",\"inLanguage\":\"tr\",\"potentialAction\":[{\"@type\":\"ReadAction\",\"target\":[\"https:\/\/sales-ai-agents.com\/tr\/templates\/weekly-updates-meeting\/\"]}]},{\"@type\":\"ImageObject\",\"inLanguage\":\"tr\",\"@id\":\"https:\/\/sales-ai-agents.com\/tr\/templates\/weekly-updates-meeting\/#primaryimage\",\"url\":\"https:\/\/sales-ai-agents.com\/wp-content\/uploads\/2023\/01\/image-preview121214.png\",\"contentUrl\":\"https:\/\/sales-ai-agents.com\/wp-content\/uploads\/2023\/01\/image-preview121214.png\",\"width\":1078,\"height\":969},{\"@type\":\"WebSite\",\"@id\":\"https:\/\/sales-ai-agents.com\/#website\",\"url\":\"https:\/\/sales-ai-agents.com\/\",\"name\":\"FuseBase\",\"description\":\"Sales AI Agents - Free Online Collaboration Software for Remote Teams. Build your wikis, client portals and more with the Nimbus Platform collaboration tool ? A perfect space for online work\",\"publisher\":{\"@id\":\"https:\/\/sales-ai-agents.com\/#organization\"},\"potentialAction\":[{\"@type\":\"SearchAction\",\"target\":{\"@type\":\"EntryPoint\",\"urlTemplate\":\"https:\/\/sales-ai-agents.com\/?s={search_term_string}\"},\"query-input\":{\"@type\":\"PropertyValueSpecification\",\"valueRequired\":true,\"valueName\":\"search_term_string\"}}],\"inLanguage\":\"tr\"},{\"@type\":\"Organization\",\"@id\":\"https:\/\/sales-ai-agents.com\/#organization\",\"name\":\"FuseBase\",\"url\":\"https:\/\/sales-ai-agents.com\/\",\"logo\":{\"@type\":\"ImageObject\",\"inLanguage\":\"tr\",\"@id\":\"https:\/\/sales-ai-agents.com\/#\/schema\/logo\/image\/\",\"url\":\"https:\/\/sales-ai-agents.com\/wp-content\/uploads\/2023\/11\/icon-7.svg\",\"contentUrl\":\"https:\/\/sales-ai-agents.com\/wp-content\/uploads\/2023\/11\/icon-7.svg\",\"width\":128,\"height\":128,\"caption\":\"FuseBase\"},\"image\":{\"@id\":\"https:\/\/sales-ai-agents.com\/#\/schema\/logo\/image\/\"}}]}<\/script>\n<!-- \/ Yoast SEO plugin. -->","yoast_head_json":{"title":"Haftal\u0131k G\u00fcncellemeler Toplant\u0131 \u015eablonu - Sales AI Agents","description":"Retrospektifler, ekibinizin veya kurulu\u015funuzun projeleri g\u00f6zden ge\u00e7irmesine ve neyin iyi gitti\u011fini ve neyin iyile\u015ftirilmesi gerekti\u011fini belirlemesine yard\u0131mc\u0131 olabilir. Bunun i\u00e7in bu \u00fccretsiz \u015fablonu kullan\u0131n.","robots":{"index":"index","follow":"follow","max-snippet":"max-snippet:-1","max-image-preview":"max-image-preview:large","max-video-preview":"max-video-preview:-1"},"canonical":"https:\/\/sales-ai-agents.com\/tr\/templates\/weekly-updates-meeting\/","og_locale":"tr_TR","og_type":"article","og_title":"Haftal\u0131k G\u00fcncellemeler Toplant\u0131 \u015eablonu - Sales AI Agents","og_description":"Retrospektifler, ekibinizin veya kurulu\u015funuzun projeleri g\u00f6zden ge\u00e7irmesine ve neyin iyi gitti\u011fini ve neyin iyile\u015ftirilmesi gerekti\u011fini belirlemesine yard\u0131mc\u0131 olabilir. Bunun i\u00e7in bu \u00fccretsiz \u015fablonu kullan\u0131n.","og_url":"https:\/\/sales-ai-agents.com\/tr\/templates\/weekly-updates-meeting\/","og_site_name":"Sales AI Agents","article_modified_time":"2024-01-02T13:14:24+00:00","og_image":[{"width":1078,"height":969,"url":"https:\/\/sales-ai-agents.com\/wp-content\/uploads\/2023\/01\/image-preview121214.png","type":"image\/png"}],"twitter_card":"summary_large_image","schema":{"@context":"https:\/\/schema.org","@graph":[{"@type":"WebPage","@id":"https:\/\/sales-ai-agents.com\/tr\/templates\/weekly-updates-meeting\/","url":"https:\/\/sales-ai-agents.com\/tr\/templates\/weekly-updates-meeting\/","name":"Haftal\u0131k G\u00fcncellemeler Toplant\u0131 \u015eablonu - Sales AI Agents","isPartOf":{"@id":"https:\/\/sales-ai-agents.com\/#website"},"primaryImageOfPage":{"@id":"https:\/\/sales-ai-agents.com\/tr\/templates\/weekly-updates-meeting\/#primaryimage"},"image":{"@id":"https:\/\/sales-ai-agents.com\/tr\/templates\/weekly-updates-meeting\/#primaryimage"},"thumbnailUrl":"https:\/\/sales-ai-agents.com\/wp-content\/uploads\/2023\/01\/image-preview121214.png","datePublished":"2022-09-26T12:18:09+00:00","dateModified":"2024-01-02T13:14:24+00:00","description":"Retrospektifler, ekibinizin veya kurulu\u015funuzun projeleri g\u00f6zden ge\u00e7irmesine ve neyin iyi gitti\u011fini ve neyin iyile\u015ftirilmesi gerekti\u011fini belirlemesine yard\u0131mc\u0131 olabilir. Bunun i\u00e7in bu \u00fccretsiz \u015fablonu kullan\u0131n.","inLanguage":"tr","potentialAction":[{"@type":"ReadAction","target":["https:\/\/sales-ai-agents.com\/tr\/templates\/weekly-updates-meeting\/"]}]},{"@type":"ImageObject","inLanguage":"tr","@id":"https:\/\/sales-ai-agents.com\/tr\/templates\/weekly-updates-meeting\/#primaryimage","url":"https:\/\/sales-ai-agents.com\/wp-content\/uploads\/2023\/01\/image-preview121214.png","contentUrl":"https:\/\/sales-ai-agents.com\/wp-content\/uploads\/2023\/01\/image-preview121214.png","width":1078,"height":969},{"@type":"WebSite","@id":"https:\/\/sales-ai-agents.com\/#website","url":"https:\/\/sales-ai-agents.com\/","name":"FuseBase","description":"Sales AI Agents - Free Online Collaboration Software for Remote Teams. Build your wikis, client portals and more with the Nimbus Platform collaboration tool ? A perfect space for online work","publisher":{"@id":"https:\/\/sales-ai-agents.com\/#organization"},"potentialAction":[{"@type":"SearchAction","target":{"@type":"EntryPoint","urlTemplate":"https:\/\/sales-ai-agents.com\/?s={search_term_string}"},"query-input":{"@type":"PropertyValueSpecification","valueRequired":true,"valueName":"search_term_string"}}],"inLanguage":"tr"},{"@type":"Organization","@id":"https:\/\/sales-ai-agents.com\/#organization","name":"FuseBase","url":"https:\/\/sales-ai-agents.com\/","logo":{"@type":"ImageObject","inLanguage":"tr","@id":"https:\/\/sales-ai-agents.com\/#\/schema\/logo\/image\/","url":"https:\/\/sales-ai-agents.com\/wp-content\/uploads\/2023\/11\/icon-7.svg","contentUrl":"https:\/\/sales-ai-agents.com\/wp-content\/uploads\/2023\/11\/icon-7.svg","width":128,"height":128,"caption":"FuseBase"},"image":{"@id":"https:\/\/sales-ai-agents.com\/#\/schema\/logo\/image\/"}}]}},"_links":{"self":[{"href":"https:\/\/sales-ai-agents.com\/tr\/wp-json\/wp\/v2\/product\/56294","targetHints":{"allow":["GET"]}}],"collection":[{"href":"https:\/\/sales-ai-agents.com\/tr\/wp-json\/wp\/v2\/product"}],"about":[{"href":"https:\/\/sales-ai-agents.com\/tr\/wp-json\/wp\/v2\/types\/product"}],"wp:featuredmedia":[{"embeddable":true,"href":"https:\/\/sales-ai-agents.com\/tr\/wp-json\/wp\/v2\/media\/56295"}],"wp:attachment":[{"href":"https:\/\/sales-ai-agents.com\/tr\/wp-json\/wp\/v2\/media?parent=56294"}],"wp:term":[{"taxonomy":"product_brand","embeddable":true,"href":"https:\/\/sales-ai-agents.com\/tr\/wp-json\/wp\/v2\/product_brand?post=56294"},{"taxonomy":"product_cat","embeddable":true,"href":"https:\/\/sales-ai-agents.com\/tr\/wp-json\/wp\/v2\/product_cat?post=56294"},{"taxonomy":"product_tag","embeddable":true,"href":"https:\/\/sales-ai-agents.com\/tr\/wp-json\/wp\/v2\/product_tag?post=56294"}],"curies":[{"name":"wp","href":"https:\/\/api.w.org\/{rel}","templated":true}]}}