{"id":56298,"date":"2022-09-26T12:18:06","date_gmt":"2022-09-26T12:18:06","guid":{"rendered":"https:\/\/sales-ai-agents.com\/templates\/retrospective\/"},"modified":"2024-01-02T13:09:25","modified_gmt":"2024-01-02T13:09:25","slug":"retrospective","status":"publish","type":"product","link":"https:\/\/sales-ai-agents.com\/tr\/templates\/retrospective\/","title":{"rendered":"Ge\u00e7mi\u015fe d\u00f6n\u00fck"},"content":{"rendered":"<p>&nbsp;<\/p>\n<h2>Ge\u00e7mi\u015fe D\u00f6n\u00fck \u015eablon<\/h2>\n<p class=\"desc-text\">Retrospektifler, ekibinizin veya kurulu\u015funuzun projeleri g\u00f6zden ge\u00e7irmesine ve neyin iyi gitti\u011fini ve neyin iyile\u015ftirilmesi gerekti\u011fini belirlemesine yard\u0131mc\u0131 olabilir. Neyin i\u015fe yaray\u0131p neyin yaramad\u0131\u011f\u0131n\u0131 anlayarak ekipler gelecekteki projeler i\u00e7in daha donan\u0131ml\u0131 hale gelebilir. Bu \u015fablon, uygulamaya ba\u015flanacak veya durdurulacak eylemler hakk\u0131nda bilgilerle doldurulacak bir tablo i\u00e7erir. Ekipler yap\u0131c\u0131 geri bildirimler sunabilir ve \u00e7al\u0131\u015fmalar\u0131n\u0131 yans\u0131tabilirler.<\/p>\n<h5>Nas\u0131l kullan\u0131l\u0131r?<\/h5>\n<ul class=\"desc-item_list\">\n<li class=\"desc-item_list__point\">Proje hakk\u0131nda arka plan bilgisi ekleyin<\/li>\n<li class=\"desc-item_list__point\">Yapmaya ba\u015flamak i\u00e7in yeni ad\u0131mlar belirleyin<\/li>\n<li class=\"desc-item_list__point\">Durdurulmas\u0131 gereken eylemleri not edin<\/li>\n<li class=\"desc-item_list__point\">Ekip \u00fcyeleri i\u00e7in yeni g\u00f6revler olu\u015fturun<\/li>\n<\/ul>\n","protected":false},"excerpt":{"rendered":"<p>Ge\u00e7mi\u015fe bak\u0131\u015f, projelerinizi de\u011ferlendirmenize ve gelece\u011finize y\u00f6n vermenize yard\u0131mc\u0131 olabilir. Nelerin iyi gitti\u011fini ve nelerin iyile\u015ftirilmesi gerekti\u011fini incelemek i\u00e7in bu \u00fccretsiz \u015fablonu kontrol edin.<\/p>\n","protected":false},"featured_media":56299,"template":"","meta":{"_acf_changed":false,"inline_featured_image":false},"product_brand":[],"product_cat":[257,273],"product_tag":[],"class_list":{"0":"post-56298","1":"product","2":"type-product","3":"status-publish","4":"has-post-thumbnail","6":"product_cat-personal","7":"product_cat-personal-money","9":"first","10":"instock","11":"virtual","12":"sold-individually","13":"product-type-simple"},"acf":[],"yoast_head":"<!-- This site is optimized with the Yoast SEO plugin v25.3.1 - https:\/\/yoast.com\/wordpress\/plugins\/seo\/ -->\n<title>Ge\u00e7mi\u015fe D\u00f6n\u00fck \u015eablon - Sales AI Agents<\/title>\n<meta name=\"description\" content=\"Ge\u00e7mi\u015fe bak\u0131\u015f, projelerinizi de\u011ferlendirmenize ve gelece\u011finize y\u00f6n vermenize yard\u0131mc\u0131 olabilir. Nelerin iyi gitti\u011fini ve nelerin iyile\u015ftirilmesi gerekti\u011fini incelemek i\u00e7in bu \u00fccretsiz \u015fablonu kontrol edin.\" \/>\n<meta name=\"robots\" content=\"index, follow, max-snippet:-1, max-image-preview:large, max-video-preview:-1\" \/>\n<link rel=\"canonical\" href=\"https:\/\/sales-ai-agents.com\/tr\/templates\/retrospective\/\" \/>\n<meta property=\"og:locale\" content=\"tr_TR\" \/>\n<meta property=\"og:type\" content=\"article\" \/>\n<meta property=\"og:title\" content=\"Ge\u00e7mi\u015fe D\u00f6n\u00fck \u015eablon - Sales AI Agents\" \/>\n<meta property=\"og:description\" content=\"Ge\u00e7mi\u015fe bak\u0131\u015f, projelerinizi de\u011ferlendirmenize ve gelece\u011finize y\u00f6n vermenize yard\u0131mc\u0131 olabilir. Nelerin iyi gitti\u011fini ve nelerin iyile\u015ftirilmesi gerekti\u011fini incelemek i\u00e7in bu \u00fccretsiz \u015fablonu kontrol edin.\" \/>\n<meta property=\"og:url\" content=\"https:\/\/sales-ai-agents.com\/tr\/templates\/retrospective\/\" \/>\n<meta property=\"og:site_name\" content=\"Sales AI Agents\" \/>\n<meta property=\"article:modified_time\" content=\"2024-01-02T13:09:25+00:00\" \/>\n<meta property=\"og:image\" content=\"https:\/\/sales-ai-agents.com\/wp-content\/uploads\/2022\/09\/Retrospective-Template.png\" \/>\n\t<meta property=\"og:image:width\" content=\"1700\" \/>\n\t<meta property=\"og:image:height\" content=\"1100\" \/>\n\t<meta property=\"og:image:type\" content=\"image\/png\" \/>\n<meta name=\"twitter:card\" content=\"summary_large_image\" \/>\n<script type=\"application\/ld+json\" class=\"yoast-schema-graph\">{\"@context\":\"https:\/\/schema.org\",\"@graph\":[{\"@type\":\"WebPage\",\"@id\":\"https:\/\/sales-ai-agents.com\/tr\/templates\/retrospective\/\",\"url\":\"https:\/\/sales-ai-agents.com\/tr\/templates\/retrospective\/\",\"name\":\"Ge\u00e7mi\u015fe D\u00f6n\u00fck \u015eablon - Sales AI Agents\",\"isPartOf\":{\"@id\":\"https:\/\/sales-ai-agents.com\/#website\"},\"primaryImageOfPage\":{\"@id\":\"https:\/\/sales-ai-agents.com\/tr\/templates\/retrospective\/#primaryimage\"},\"image\":{\"@id\":\"https:\/\/sales-ai-agents.com\/tr\/templates\/retrospective\/#primaryimage\"},\"thumbnailUrl\":\"https:\/\/sales-ai-agents.com\/wp-content\/uploads\/2022\/09\/Retrospective-Template.png\",\"datePublished\":\"2022-09-26T12:18:06+00:00\",\"dateModified\":\"2024-01-02T13:09:25+00:00\",\"description\":\"Ge\u00e7mi\u015fe bak\u0131\u015f, projelerinizi de\u011ferlendirmenize ve gelece\u011finize y\u00f6n vermenize yard\u0131mc\u0131 olabilir. Nelerin iyi gitti\u011fini ve nelerin iyile\u015ftirilmesi gerekti\u011fini incelemek i\u00e7in bu \u00fccretsiz \u015fablonu kontrol edin.\",\"inLanguage\":\"tr\",\"potentialAction\":[{\"@type\":\"ReadAction\",\"target\":[\"https:\/\/sales-ai-agents.com\/tr\/templates\/retrospective\/\"]}]},{\"@type\":\"ImageObject\",\"inLanguage\":\"tr\",\"@id\":\"https:\/\/sales-ai-agents.com\/tr\/templates\/retrospective\/#primaryimage\",\"url\":\"https:\/\/sales-ai-agents.com\/wp-content\/uploads\/2022\/09\/Retrospective-Template.png\",\"contentUrl\":\"https:\/\/sales-ai-agents.com\/wp-content\/uploads\/2022\/09\/Retrospective-Template.png\",\"width\":1700,\"height\":1100},{\"@type\":\"WebSite\",\"@id\":\"https:\/\/sales-ai-agents.com\/#website\",\"url\":\"https:\/\/sales-ai-agents.com\/\",\"name\":\"FuseBase\",\"description\":\"Sales AI Agents - Free Online Collaboration Software for Remote Teams. Build your wikis, client portals and more with the Nimbus Platform collaboration tool ? A perfect space for online work\",\"publisher\":{\"@id\":\"https:\/\/sales-ai-agents.com\/#organization\"},\"potentialAction\":[{\"@type\":\"SearchAction\",\"target\":{\"@type\":\"EntryPoint\",\"urlTemplate\":\"https:\/\/sales-ai-agents.com\/?s={search_term_string}\"},\"query-input\":{\"@type\":\"PropertyValueSpecification\",\"valueRequired\":true,\"valueName\":\"search_term_string\"}}],\"inLanguage\":\"tr\"},{\"@type\":\"Organization\",\"@id\":\"https:\/\/sales-ai-agents.com\/#organization\",\"name\":\"FuseBase\",\"url\":\"https:\/\/sales-ai-agents.com\/\",\"logo\":{\"@type\":\"ImageObject\",\"inLanguage\":\"tr\",\"@id\":\"https:\/\/sales-ai-agents.com\/#\/schema\/logo\/image\/\",\"url\":\"https:\/\/sales-ai-agents.com\/wp-content\/uploads\/2023\/11\/icon-7.svg\",\"contentUrl\":\"https:\/\/sales-ai-agents.com\/wp-content\/uploads\/2023\/11\/icon-7.svg\",\"width\":128,\"height\":128,\"caption\":\"FuseBase\"},\"image\":{\"@id\":\"https:\/\/sales-ai-agents.com\/#\/schema\/logo\/image\/\"}}]}<\/script>\n<!-- \/ Yoast SEO plugin. -->","yoast_head_json":{"title":"Ge\u00e7mi\u015fe D\u00f6n\u00fck \u015eablon - Sales AI Agents","description":"Ge\u00e7mi\u015fe bak\u0131\u015f, projelerinizi de\u011ferlendirmenize ve gelece\u011finize y\u00f6n vermenize yard\u0131mc\u0131 olabilir. Nelerin iyi gitti\u011fini ve nelerin iyile\u015ftirilmesi gerekti\u011fini incelemek i\u00e7in bu \u00fccretsiz \u015fablonu kontrol edin.","robots":{"index":"index","follow":"follow","max-snippet":"max-snippet:-1","max-image-preview":"max-image-preview:large","max-video-preview":"max-video-preview:-1"},"canonical":"https:\/\/sales-ai-agents.com\/tr\/templates\/retrospective\/","og_locale":"tr_TR","og_type":"article","og_title":"Ge\u00e7mi\u015fe D\u00f6n\u00fck \u015eablon - Sales AI Agents","og_description":"Ge\u00e7mi\u015fe bak\u0131\u015f, projelerinizi de\u011ferlendirmenize ve gelece\u011finize y\u00f6n vermenize yard\u0131mc\u0131 olabilir. Nelerin iyi gitti\u011fini ve nelerin iyile\u015ftirilmesi gerekti\u011fini incelemek i\u00e7in bu \u00fccretsiz \u015fablonu kontrol edin.","og_url":"https:\/\/sales-ai-agents.com\/tr\/templates\/retrospective\/","og_site_name":"Sales AI Agents","article_modified_time":"2024-01-02T13:09:25+00:00","og_image":[{"width":1700,"height":1100,"url":"https:\/\/sales-ai-agents.com\/wp-content\/uploads\/2022\/09\/Retrospective-Template.png","type":"image\/png"}],"twitter_card":"summary_large_image","schema":{"@context":"https:\/\/schema.org","@graph":[{"@type":"WebPage","@id":"https:\/\/sales-ai-agents.com\/tr\/templates\/retrospective\/","url":"https:\/\/sales-ai-agents.com\/tr\/templates\/retrospective\/","name":"Ge\u00e7mi\u015fe D\u00f6n\u00fck \u015eablon - Sales AI Agents","isPartOf":{"@id":"https:\/\/sales-ai-agents.com\/#website"},"primaryImageOfPage":{"@id":"https:\/\/sales-ai-agents.com\/tr\/templates\/retrospective\/#primaryimage"},"image":{"@id":"https:\/\/sales-ai-agents.com\/tr\/templates\/retrospective\/#primaryimage"},"thumbnailUrl":"https:\/\/sales-ai-agents.com\/wp-content\/uploads\/2022\/09\/Retrospective-Template.png","datePublished":"2022-09-26T12:18:06+00:00","dateModified":"2024-01-02T13:09:25+00:00","description":"Ge\u00e7mi\u015fe bak\u0131\u015f, projelerinizi de\u011ferlendirmenize ve gelece\u011finize y\u00f6n vermenize yard\u0131mc\u0131 olabilir. Nelerin iyi gitti\u011fini ve nelerin iyile\u015ftirilmesi gerekti\u011fini incelemek i\u00e7in bu \u00fccretsiz \u015fablonu kontrol edin.","inLanguage":"tr","potentialAction":[{"@type":"ReadAction","target":["https:\/\/sales-ai-agents.com\/tr\/templates\/retrospective\/"]}]},{"@type":"ImageObject","inLanguage":"tr","@id":"https:\/\/sales-ai-agents.com\/tr\/templates\/retrospective\/#primaryimage","url":"https:\/\/sales-ai-agents.com\/wp-content\/uploads\/2022\/09\/Retrospective-Template.png","contentUrl":"https:\/\/sales-ai-agents.com\/wp-content\/uploads\/2022\/09\/Retrospective-Template.png","width":1700,"height":1100},{"@type":"WebSite","@id":"https:\/\/sales-ai-agents.com\/#website","url":"https:\/\/sales-ai-agents.com\/","name":"FuseBase","description":"Sales AI Agents - Free Online Collaboration Software for Remote Teams. Build your wikis, client portals and more with the Nimbus Platform collaboration tool ? A perfect space for online work","publisher":{"@id":"https:\/\/sales-ai-agents.com\/#organization"},"potentialAction":[{"@type":"SearchAction","target":{"@type":"EntryPoint","urlTemplate":"https:\/\/sales-ai-agents.com\/?s={search_term_string}"},"query-input":{"@type":"PropertyValueSpecification","valueRequired":true,"valueName":"search_term_string"}}],"inLanguage":"tr"},{"@type":"Organization","@id":"https:\/\/sales-ai-agents.com\/#organization","name":"FuseBase","url":"https:\/\/sales-ai-agents.com\/","logo":{"@type":"ImageObject","inLanguage":"tr","@id":"https:\/\/sales-ai-agents.com\/#\/schema\/logo\/image\/","url":"https:\/\/sales-ai-agents.com\/wp-content\/uploads\/2023\/11\/icon-7.svg","contentUrl":"https:\/\/sales-ai-agents.com\/wp-content\/uploads\/2023\/11\/icon-7.svg","width":128,"height":128,"caption":"FuseBase"},"image":{"@id":"https:\/\/sales-ai-agents.com\/#\/schema\/logo\/image\/"}}]}},"_links":{"self":[{"href":"https:\/\/sales-ai-agents.com\/tr\/wp-json\/wp\/v2\/product\/56298","targetHints":{"allow":["GET"]}}],"collection":[{"href":"https:\/\/sales-ai-agents.com\/tr\/wp-json\/wp\/v2\/product"}],"about":[{"href":"https:\/\/sales-ai-agents.com\/tr\/wp-json\/wp\/v2\/types\/product"}],"wp:featuredmedia":[{"embeddable":true,"href":"https:\/\/sales-ai-agents.com\/tr\/wp-json\/wp\/v2\/media\/56299"}],"wp:attachment":[{"href":"https:\/\/sales-ai-agents.com\/tr\/wp-json\/wp\/v2\/media?parent=56298"}],"wp:term":[{"taxonomy":"product_brand","embeddable":true,"href":"https:\/\/sales-ai-agents.com\/tr\/wp-json\/wp\/v2\/product_brand?post=56298"},{"taxonomy":"product_cat","embeddable":true,"href":"https:\/\/sales-ai-agents.com\/tr\/wp-json\/wp\/v2\/product_cat?post=56298"},{"taxonomy":"product_tag","embeddable":true,"href":"https:\/\/sales-ai-agents.com\/tr\/wp-json\/wp\/v2\/product_tag?post=56298"}],"curies":[{"name":"wp","href":"https:\/\/api.w.org\/{rel}","templated":true}]}}