{"id":56302,"date":"2022-09-26T12:18:03","date_gmt":"2022-09-26T12:18:03","guid":{"rendered":"https:\/\/sales-ai-agents.com\/templates\/year-goals\/"},"modified":"2024-01-02T12:59:43","modified_gmt":"2024-01-02T12:59:43","slug":"year-goals","status":"publish","type":"product","link":"https:\/\/sales-ai-agents.com\/tr\/templates\/year-goals\/","title":{"rendered":"Y\u0131l Hedefleri"},"content":{"rendered":"<p>&nbsp;<\/p>\n<h2>Y\u0131l Hedefleri \u015eablonu<\/h2>\n<p class=\"desc-text\">Hedef belirlemek \u00f6nemli miktarda d\u00fc\u015f\u00fcnce, planlama ve \u00f6z fark\u0131ndal\u0131k gerektirir. Bu olmadan, hedefleriniz net, \u00f6l\u00e7\u00fclebilir veya muhtemelen ula\u015f\u0131labilir olmayacakt\u0131r. T\u00fcm y\u0131l boyunca hedeflerinizi belirlemek i\u00e7in Y\u0131l Hedefleri \u015fablonunu kullan\u0131n. Listeyi zaman zaman kontrol edin ve gerekirse plan\u0131n\u0131z\u0131 d\u00fczenleyin.<\/p>\n<h5>Nas\u0131l kullan\u0131l\u0131r?<\/h5>\n<ul class=\"desc-item_list\">\n<li class=\"desc-item_list__point\">Hedef planlad\u0131\u011f\u0131n\u0131z y\u0131l\u0131 ekleyin<\/li>\n<li class=\"desc-item_list__point\">T\u00fcm y\u0131l i\u00e7in hedefler belirleyin<\/li>\n<li class=\"desc-item_list__point\">Y\u0131l\u0131n her ay\u0131 i\u00e7in hedefler belirleyin<\/li>\n<\/ul>\n","protected":false},"excerpt":{"rendered":"<p>Hedef belirlemek \u00f6nemli miktarda d\u00fc\u015f\u00fcnce, planlama ve \u00f6z fark\u0131ndal\u0131k gerektirir. T\u00fcm y\u0131l boyunca her \u015feyi planlamak i\u00e7in \u00fccretsiz Y\u0131l Hedefleri \u015fablonunu kullan\u0131n.<\/p>\n","protected":false},"featured_media":56303,"template":"","meta":{"_acf_changed":false,"inline_featured_image":false},"product_brand":[],"product_cat":[257,256],"product_tag":[],"class_list":{"0":"post-56302","1":"product","2":"type-product","3":"status-publish","4":"has-post-thumbnail","6":"product_cat-personal","7":"product_cat-organizers-planners","9":"first","10":"instock","11":"virtual","12":"sold-individually","13":"product-type-simple"},"acf":[],"yoast_head":"<!-- This site is optimized with the Yoast SEO plugin v25.3.1 - https:\/\/yoast.com\/wordpress\/plugins\/seo\/ -->\n<title>Y\u0131l Hedefleri \u015eablonu - Sales AI Agents<\/title>\n<meta name=\"description\" content=\"Hedef belirlemek \u00f6nemli miktarda d\u00fc\u015f\u00fcnce, planlama ve \u00f6z fark\u0131ndal\u0131k gerektirir. T\u00fcm y\u0131l boyunca her \u015feyi planlamak i\u00e7in \u00fccretsiz Y\u0131l Hedefleri \u015fablonunu kullan\u0131n.\" \/>\n<meta name=\"robots\" content=\"index, follow, max-snippet:-1, max-image-preview:large, max-video-preview:-1\" \/>\n<link rel=\"canonical\" href=\"https:\/\/sales-ai-agents.com\/tr\/templates\/year-goals\/\" \/>\n<meta property=\"og:locale\" content=\"tr_TR\" \/>\n<meta property=\"og:type\" content=\"article\" \/>\n<meta property=\"og:title\" content=\"Y\u0131l Hedefleri \u015eablonu - Sales AI Agents\" \/>\n<meta property=\"og:description\" content=\"Hedef belirlemek \u00f6nemli miktarda d\u00fc\u015f\u00fcnce, planlama ve \u00f6z fark\u0131ndal\u0131k gerektirir. T\u00fcm y\u0131l boyunca her \u015feyi planlamak i\u00e7in \u00fccretsiz Y\u0131l Hedefleri \u015fablonunu kullan\u0131n.\" \/>\n<meta property=\"og:url\" content=\"https:\/\/sales-ai-agents.com\/tr\/templates\/year-goals\/\" \/>\n<meta property=\"og:site_name\" content=\"Sales AI Agents\" \/>\n<meta property=\"article:modified_time\" content=\"2024-01-02T12:59:43+00:00\" \/>\n<meta property=\"og:image\" content=\"https:\/\/sales-ai-agents.com\/wp-content\/uploads\/2023\/01\/image-preview121138.png\" \/>\n\t<meta property=\"og:image:width\" content=\"1078\" \/>\n\t<meta property=\"og:image:height\" content=\"946\" \/>\n\t<meta property=\"og:image:type\" content=\"image\/png\" \/>\n<meta name=\"twitter:card\" content=\"summary_large_image\" \/>\n<script type=\"application\/ld+json\" class=\"yoast-schema-graph\">{\"@context\":\"https:\/\/schema.org\",\"@graph\":[{\"@type\":\"WebPage\",\"@id\":\"https:\/\/sales-ai-agents.com\/tr\/templates\/year-goals\/\",\"url\":\"https:\/\/sales-ai-agents.com\/tr\/templates\/year-goals\/\",\"name\":\"Y\u0131l Hedefleri \u015eablonu - Sales AI Agents\",\"isPartOf\":{\"@id\":\"https:\/\/sales-ai-agents.com\/#website\"},\"primaryImageOfPage\":{\"@id\":\"https:\/\/sales-ai-agents.com\/tr\/templates\/year-goals\/#primaryimage\"},\"image\":{\"@id\":\"https:\/\/sales-ai-agents.com\/tr\/templates\/year-goals\/#primaryimage\"},\"thumbnailUrl\":\"https:\/\/sales-ai-agents.com\/wp-content\/uploads\/2023\/01\/image-preview121138.png\",\"datePublished\":\"2022-09-26T12:18:03+00:00\",\"dateModified\":\"2024-01-02T12:59:43+00:00\",\"description\":\"Hedef belirlemek \u00f6nemli miktarda d\u00fc\u015f\u00fcnce, planlama ve \u00f6z fark\u0131ndal\u0131k gerektirir. T\u00fcm y\u0131l boyunca her \u015feyi planlamak i\u00e7in \u00fccretsiz Y\u0131l Hedefleri \u015fablonunu kullan\u0131n.\",\"inLanguage\":\"tr\",\"potentialAction\":[{\"@type\":\"ReadAction\",\"target\":[\"https:\/\/sales-ai-agents.com\/tr\/templates\/year-goals\/\"]}]},{\"@type\":\"ImageObject\",\"inLanguage\":\"tr\",\"@id\":\"https:\/\/sales-ai-agents.com\/tr\/templates\/year-goals\/#primaryimage\",\"url\":\"https:\/\/sales-ai-agents.com\/wp-content\/uploads\/2023\/01\/image-preview121138.png\",\"contentUrl\":\"https:\/\/sales-ai-agents.com\/wp-content\/uploads\/2023\/01\/image-preview121138.png\",\"width\":1078,\"height\":946},{\"@type\":\"WebSite\",\"@id\":\"https:\/\/sales-ai-agents.com\/#website\",\"url\":\"https:\/\/sales-ai-agents.com\/\",\"name\":\"FuseBase\",\"description\":\"Sales AI Agents - Free Online Collaboration Software for Remote Teams. Build your wikis, client portals and more with the Nimbus Platform collaboration tool ? A perfect space for online work\",\"publisher\":{\"@id\":\"https:\/\/sales-ai-agents.com\/#organization\"},\"potentialAction\":[{\"@type\":\"SearchAction\",\"target\":{\"@type\":\"EntryPoint\",\"urlTemplate\":\"https:\/\/sales-ai-agents.com\/?s={search_term_string}\"},\"query-input\":{\"@type\":\"PropertyValueSpecification\",\"valueRequired\":true,\"valueName\":\"search_term_string\"}}],\"inLanguage\":\"tr\"},{\"@type\":\"Organization\",\"@id\":\"https:\/\/sales-ai-agents.com\/#organization\",\"name\":\"FuseBase\",\"url\":\"https:\/\/sales-ai-agents.com\/\",\"logo\":{\"@type\":\"ImageObject\",\"inLanguage\":\"tr\",\"@id\":\"https:\/\/sales-ai-agents.com\/#\/schema\/logo\/image\/\",\"url\":\"https:\/\/sales-ai-agents.com\/wp-content\/uploads\/2023\/11\/icon-7.svg\",\"contentUrl\":\"https:\/\/sales-ai-agents.com\/wp-content\/uploads\/2023\/11\/icon-7.svg\",\"width\":128,\"height\":128,\"caption\":\"FuseBase\"},\"image\":{\"@id\":\"https:\/\/sales-ai-agents.com\/#\/schema\/logo\/image\/\"}}]}<\/script>\n<!-- \/ Yoast SEO plugin. -->","yoast_head_json":{"title":"Y\u0131l Hedefleri \u015eablonu - Sales AI Agents","description":"Hedef belirlemek \u00f6nemli miktarda d\u00fc\u015f\u00fcnce, planlama ve \u00f6z fark\u0131ndal\u0131k gerektirir. T\u00fcm y\u0131l boyunca her \u015feyi planlamak i\u00e7in \u00fccretsiz Y\u0131l Hedefleri \u015fablonunu kullan\u0131n.","robots":{"index":"index","follow":"follow","max-snippet":"max-snippet:-1","max-image-preview":"max-image-preview:large","max-video-preview":"max-video-preview:-1"},"canonical":"https:\/\/sales-ai-agents.com\/tr\/templates\/year-goals\/","og_locale":"tr_TR","og_type":"article","og_title":"Y\u0131l Hedefleri \u015eablonu - Sales AI Agents","og_description":"Hedef belirlemek \u00f6nemli miktarda d\u00fc\u015f\u00fcnce, planlama ve \u00f6z fark\u0131ndal\u0131k gerektirir. T\u00fcm y\u0131l boyunca her \u015feyi planlamak i\u00e7in \u00fccretsiz Y\u0131l Hedefleri \u015fablonunu kullan\u0131n.","og_url":"https:\/\/sales-ai-agents.com\/tr\/templates\/year-goals\/","og_site_name":"Sales AI Agents","article_modified_time":"2024-01-02T12:59:43+00:00","og_image":[{"width":1078,"height":946,"url":"https:\/\/sales-ai-agents.com\/wp-content\/uploads\/2023\/01\/image-preview121138.png","type":"image\/png"}],"twitter_card":"summary_large_image","schema":{"@context":"https:\/\/schema.org","@graph":[{"@type":"WebPage","@id":"https:\/\/sales-ai-agents.com\/tr\/templates\/year-goals\/","url":"https:\/\/sales-ai-agents.com\/tr\/templates\/year-goals\/","name":"Y\u0131l Hedefleri \u015eablonu - Sales AI Agents","isPartOf":{"@id":"https:\/\/sales-ai-agents.com\/#website"},"primaryImageOfPage":{"@id":"https:\/\/sales-ai-agents.com\/tr\/templates\/year-goals\/#primaryimage"},"image":{"@id":"https:\/\/sales-ai-agents.com\/tr\/templates\/year-goals\/#primaryimage"},"thumbnailUrl":"https:\/\/sales-ai-agents.com\/wp-content\/uploads\/2023\/01\/image-preview121138.png","datePublished":"2022-09-26T12:18:03+00:00","dateModified":"2024-01-02T12:59:43+00:00","description":"Hedef belirlemek \u00f6nemli miktarda d\u00fc\u015f\u00fcnce, planlama ve \u00f6z fark\u0131ndal\u0131k gerektirir. T\u00fcm y\u0131l boyunca her \u015feyi planlamak i\u00e7in \u00fccretsiz Y\u0131l Hedefleri \u015fablonunu kullan\u0131n.","inLanguage":"tr","potentialAction":[{"@type":"ReadAction","target":["https:\/\/sales-ai-agents.com\/tr\/templates\/year-goals\/"]}]},{"@type":"ImageObject","inLanguage":"tr","@id":"https:\/\/sales-ai-agents.com\/tr\/templates\/year-goals\/#primaryimage","url":"https:\/\/sales-ai-agents.com\/wp-content\/uploads\/2023\/01\/image-preview121138.png","contentUrl":"https:\/\/sales-ai-agents.com\/wp-content\/uploads\/2023\/01\/image-preview121138.png","width":1078,"height":946},{"@type":"WebSite","@id":"https:\/\/sales-ai-agents.com\/#website","url":"https:\/\/sales-ai-agents.com\/","name":"FuseBase","description":"Sales AI Agents - Free Online Collaboration Software for Remote Teams. Build your wikis, client portals and more with the Nimbus Platform collaboration tool ? A perfect space for online work","publisher":{"@id":"https:\/\/sales-ai-agents.com\/#organization"},"potentialAction":[{"@type":"SearchAction","target":{"@type":"EntryPoint","urlTemplate":"https:\/\/sales-ai-agents.com\/?s={search_term_string}"},"query-input":{"@type":"PropertyValueSpecification","valueRequired":true,"valueName":"search_term_string"}}],"inLanguage":"tr"},{"@type":"Organization","@id":"https:\/\/sales-ai-agents.com\/#organization","name":"FuseBase","url":"https:\/\/sales-ai-agents.com\/","logo":{"@type":"ImageObject","inLanguage":"tr","@id":"https:\/\/sales-ai-agents.com\/#\/schema\/logo\/image\/","url":"https:\/\/sales-ai-agents.com\/wp-content\/uploads\/2023\/11\/icon-7.svg","contentUrl":"https:\/\/sales-ai-agents.com\/wp-content\/uploads\/2023\/11\/icon-7.svg","width":128,"height":128,"caption":"FuseBase"},"image":{"@id":"https:\/\/sales-ai-agents.com\/#\/schema\/logo\/image\/"}}]}},"_links":{"self":[{"href":"https:\/\/sales-ai-agents.com\/tr\/wp-json\/wp\/v2\/product\/56302","targetHints":{"allow":["GET"]}}],"collection":[{"href":"https:\/\/sales-ai-agents.com\/tr\/wp-json\/wp\/v2\/product"}],"about":[{"href":"https:\/\/sales-ai-agents.com\/tr\/wp-json\/wp\/v2\/types\/product"}],"wp:featuredmedia":[{"embeddable":true,"href":"https:\/\/sales-ai-agents.com\/tr\/wp-json\/wp\/v2\/media\/56303"}],"wp:attachment":[{"href":"https:\/\/sales-ai-agents.com\/tr\/wp-json\/wp\/v2\/media?parent=56302"}],"wp:term":[{"taxonomy":"product_brand","embeddable":true,"href":"https:\/\/sales-ai-agents.com\/tr\/wp-json\/wp\/v2\/product_brand?post=56302"},{"taxonomy":"product_cat","embeddable":true,"href":"https:\/\/sales-ai-agents.com\/tr\/wp-json\/wp\/v2\/product_cat?post=56302"},{"taxonomy":"product_tag","embeddable":true,"href":"https:\/\/sales-ai-agents.com\/tr\/wp-json\/wp\/v2\/product_tag?post=56302"}],"curies":[{"name":"wp","href":"https:\/\/api.w.org\/{rel}","templated":true}]}}