{"id":56306,"date":"2022-09-26T12:18:00","date_gmt":"2022-09-26T12:18:00","guid":{"rendered":"https:\/\/sales-ai-agents.com\/templates\/youve-got-this\/"},"modified":"2024-01-02T13:04:33","modified_gmt":"2024-01-02T13:04:33","slug":"youve-got-this","status":"publish","type":"product","link":"https:\/\/sales-ai-agents.com\/tr\/templates\/youve-got-this\/","title":{"rendered":"Bu Sende Var"},"content":{"rendered":"<p>&nbsp;<\/p>\n<h2>Bu \u015eablon Sizde Var<\/h2>\n<p class=\"desc-text\">Birden fazla g\u00f6rev, \u00f6dev, proje ve son teslim tarihi ile hokkabazl\u0131k yap\u0131yorsan\u0131z, i\u015f takibini kaybetmek kolayd\u0131r. Her \u015feyi yap\u0131land\u0131r\u0131lm\u0131\u015f tablolar ve kontrol listeleri ile d\u00fczenlemek, hi\u00e7bir \u015feyi g\u00f6zden ka\u00e7\u0131rmaman\u0131z i\u00e7in organize olman\u0131za yard\u0131mc\u0131 olur. T\u00fcm haftan\u0131z\u0131n haritas\u0131n\u0131 \u00e7\u0131karmak i\u00e7in okul planlay\u0131c\u0131m\u0131za g\u00f6z at\u0131n. Son teslim tarihlerini d\u00fczenlemek, \u00f6nemli sorumluluklar\u0131 hat\u0131rlamak ve i\u015flerinizi halletmek i\u00e7in kendinizi motive etmek i\u00e7in kullan\u0131n.<\/p>\n<h5>Nas\u0131l kullan\u0131l\u0131r?<\/h5>\n<ul class=\"desc-item_list\">\n<li class=\"desc-item_list__point\">Son tarihler, g\u00fcnl\u00fck g\u00f6revler ve \u00f6\u011feler ekleyin<\/li>\n<li class=\"desc-item_list__point\">T\u00fcm haftan\u0131z\u0131 planlay\u0131n<\/li>\n<li class=\"desc-item_list__point\">Yap\u0131lacaklar i\u00e7in \u00e7evrimi\u00e7i bir kontrol listesi olu\u015fturun<\/li>\n<li class=\"desc-item_list__point\">Tamamlad\u0131\u011f\u0131n\u0131z her bir maddeyi i\u015faretleyin<\/li>\n<li class=\"desc-item_list__point\">Her hafta g\u00f6revlerinizi ve ilerlemenizi takip edin<\/li>\n<\/ul>\n","protected":false},"excerpt":{"rendered":"<p>G\u00f6revler, projeler ve son teslim tarihleri aras\u0131nda hokkabazl\u0131k yap\u0131yorsan\u0131z, i\u015finizin izini kaybetmek kolayd\u0131r. Hi\u00e7bir \u015feyi g\u00f6zden ka\u00e7\u0131rmamak i\u00e7in bu \u015fablonu kullanarak organize olun.<\/p>\n","protected":false},"featured_media":56308,"template":"","meta":{"_acf_changed":false,"inline_featured_image":false},"product_brand":[],"product_cat":[257,267,256],"product_tag":[],"class_list":{"0":"post-56306","1":"product","2":"type-product","3":"status-publish","4":"has-post-thumbnail","6":"product_cat-personal","7":"product_cat-student","8":"product_cat-organizers-planners","10":"first","11":"instock","12":"virtual","13":"sold-individually","14":"product-type-simple"},"acf":[],"yoast_head":"<!-- This site is optimized with the Yoast SEO plugin v25.3.1 - https:\/\/yoast.com\/wordpress\/plugins\/seo\/ -->\n<title>Bu \u015eablon Sizde Var - Sales AI Agents<\/title>\n<meta name=\"description\" content=\"G\u00f6revler, projeler ve son teslim tarihleri aras\u0131nda hokkabazl\u0131k yap\u0131yorsan\u0131z, i\u015finizin izini kaybetmek kolayd\u0131r. D\u00fczenli kalmak i\u00e7in bu \u015fablonu kullan\u0131n!\" \/>\n<meta name=\"robots\" content=\"index, follow, max-snippet:-1, max-image-preview:large, max-video-preview:-1\" \/>\n<link rel=\"canonical\" href=\"https:\/\/sales-ai-agents.com\/tr\/templates\/youve-got-this\/\" \/>\n<meta property=\"og:locale\" content=\"tr_TR\" \/>\n<meta property=\"og:type\" content=\"article\" \/>\n<meta property=\"og:title\" content=\"Bu \u015eablon Sizde Var - Sales AI Agents\" \/>\n<meta property=\"og:description\" content=\"G\u00f6revler, projeler ve son teslim tarihleri aras\u0131nda hokkabazl\u0131k yap\u0131yorsan\u0131z, i\u015finizin izini kaybetmek kolayd\u0131r. D\u00fczenli kalmak i\u00e7in bu \u015fablonu kullan\u0131n!\" \/>\n<meta property=\"og:url\" content=\"https:\/\/sales-ai-agents.com\/tr\/templates\/youve-got-this\/\" \/>\n<meta property=\"og:site_name\" content=\"Sales AI Agents\" \/>\n<meta property=\"article:modified_time\" content=\"2024-01-02T13:04:33+00:00\" \/>\n<meta property=\"og:image\" content=\"https:\/\/sales-ai-agents.com\/wp-content\/uploads\/2022\/09\/Youve-Got-This-Template-1.png\" \/>\n\t<meta property=\"og:image:width\" content=\"1700\" \/>\n\t<meta property=\"og:image:height\" content=\"1100\" \/>\n\t<meta property=\"og:image:type\" content=\"image\/png\" \/>\n<meta name=\"twitter:card\" content=\"summary_large_image\" \/>\n<script type=\"application\/ld+json\" class=\"yoast-schema-graph\">{\"@context\":\"https:\/\/schema.org\",\"@graph\":[{\"@type\":\"WebPage\",\"@id\":\"https:\/\/sales-ai-agents.com\/tr\/templates\/youve-got-this\/\",\"url\":\"https:\/\/sales-ai-agents.com\/tr\/templates\/youve-got-this\/\",\"name\":\"Bu \u015eablon Sizde Var - Sales AI Agents\",\"isPartOf\":{\"@id\":\"https:\/\/sales-ai-agents.com\/#website\"},\"primaryImageOfPage\":{\"@id\":\"https:\/\/sales-ai-agents.com\/tr\/templates\/youve-got-this\/#primaryimage\"},\"image\":{\"@id\":\"https:\/\/sales-ai-agents.com\/tr\/templates\/youve-got-this\/#primaryimage\"},\"thumbnailUrl\":\"https:\/\/sales-ai-agents.com\/wp-content\/uploads\/2022\/09\/Youve-Got-This-Template-1.png\",\"datePublished\":\"2022-09-26T12:18:00+00:00\",\"dateModified\":\"2024-01-02T13:04:33+00:00\",\"description\":\"G\u00f6revler, projeler ve son teslim tarihleri aras\u0131nda hokkabazl\u0131k yap\u0131yorsan\u0131z, i\u015finizin izini kaybetmek kolayd\u0131r. D\u00fczenli kalmak i\u00e7in bu \u015fablonu kullan\u0131n!\",\"inLanguage\":\"tr\",\"potentialAction\":[{\"@type\":\"ReadAction\",\"target\":[\"https:\/\/sales-ai-agents.com\/tr\/templates\/youve-got-this\/\"]}]},{\"@type\":\"ImageObject\",\"inLanguage\":\"tr\",\"@id\":\"https:\/\/sales-ai-agents.com\/tr\/templates\/youve-got-this\/#primaryimage\",\"url\":\"https:\/\/sales-ai-agents.com\/wp-content\/uploads\/2022\/09\/Youve-Got-This-Template-1.png\",\"contentUrl\":\"https:\/\/sales-ai-agents.com\/wp-content\/uploads\/2022\/09\/Youve-Got-This-Template-1.png\",\"width\":1700,\"height\":1100},{\"@type\":\"WebSite\",\"@id\":\"https:\/\/sales-ai-agents.com\/#website\",\"url\":\"https:\/\/sales-ai-agents.com\/\",\"name\":\"FuseBase\",\"description\":\"Sales AI Agents - Free Online Collaboration Software for Remote Teams. Build your wikis, client portals and more with the Nimbus Platform collaboration tool ? A perfect space for online work\",\"publisher\":{\"@id\":\"https:\/\/sales-ai-agents.com\/#organization\"},\"potentialAction\":[{\"@type\":\"SearchAction\",\"target\":{\"@type\":\"EntryPoint\",\"urlTemplate\":\"https:\/\/sales-ai-agents.com\/?s={search_term_string}\"},\"query-input\":{\"@type\":\"PropertyValueSpecification\",\"valueRequired\":true,\"valueName\":\"search_term_string\"}}],\"inLanguage\":\"tr\"},{\"@type\":\"Organization\",\"@id\":\"https:\/\/sales-ai-agents.com\/#organization\",\"name\":\"FuseBase\",\"url\":\"https:\/\/sales-ai-agents.com\/\",\"logo\":{\"@type\":\"ImageObject\",\"inLanguage\":\"tr\",\"@id\":\"https:\/\/sales-ai-agents.com\/#\/schema\/logo\/image\/\",\"url\":\"https:\/\/sales-ai-agents.com\/wp-content\/uploads\/2023\/11\/icon-7.svg\",\"contentUrl\":\"https:\/\/sales-ai-agents.com\/wp-content\/uploads\/2023\/11\/icon-7.svg\",\"width\":128,\"height\":128,\"caption\":\"FuseBase\"},\"image\":{\"@id\":\"https:\/\/sales-ai-agents.com\/#\/schema\/logo\/image\/\"}}]}<\/script>\n<!-- \/ Yoast SEO plugin. -->","yoast_head_json":{"title":"Bu \u015eablon Sizde Var - Sales AI Agents","description":"G\u00f6revler, projeler ve son teslim tarihleri aras\u0131nda hokkabazl\u0131k yap\u0131yorsan\u0131z, i\u015finizin izini kaybetmek kolayd\u0131r. D\u00fczenli kalmak i\u00e7in bu \u015fablonu kullan\u0131n!","robots":{"index":"index","follow":"follow","max-snippet":"max-snippet:-1","max-image-preview":"max-image-preview:large","max-video-preview":"max-video-preview:-1"},"canonical":"https:\/\/sales-ai-agents.com\/tr\/templates\/youve-got-this\/","og_locale":"tr_TR","og_type":"article","og_title":"Bu \u015eablon Sizde Var - Sales AI Agents","og_description":"G\u00f6revler, projeler ve son teslim tarihleri aras\u0131nda hokkabazl\u0131k yap\u0131yorsan\u0131z, i\u015finizin izini kaybetmek kolayd\u0131r. D\u00fczenli kalmak i\u00e7in bu \u015fablonu kullan\u0131n!","og_url":"https:\/\/sales-ai-agents.com\/tr\/templates\/youve-got-this\/","og_site_name":"Sales AI Agents","article_modified_time":"2024-01-02T13:04:33+00:00","og_image":[{"width":1700,"height":1100,"url":"https:\/\/sales-ai-agents.com\/wp-content\/uploads\/2022\/09\/Youve-Got-This-Template-1.png","type":"image\/png"}],"twitter_card":"summary_large_image","schema":{"@context":"https:\/\/schema.org","@graph":[{"@type":"WebPage","@id":"https:\/\/sales-ai-agents.com\/tr\/templates\/youve-got-this\/","url":"https:\/\/sales-ai-agents.com\/tr\/templates\/youve-got-this\/","name":"Bu \u015eablon Sizde Var - Sales AI Agents","isPartOf":{"@id":"https:\/\/sales-ai-agents.com\/#website"},"primaryImageOfPage":{"@id":"https:\/\/sales-ai-agents.com\/tr\/templates\/youve-got-this\/#primaryimage"},"image":{"@id":"https:\/\/sales-ai-agents.com\/tr\/templates\/youve-got-this\/#primaryimage"},"thumbnailUrl":"https:\/\/sales-ai-agents.com\/wp-content\/uploads\/2022\/09\/Youve-Got-This-Template-1.png","datePublished":"2022-09-26T12:18:00+00:00","dateModified":"2024-01-02T13:04:33+00:00","description":"G\u00f6revler, projeler ve son teslim tarihleri aras\u0131nda hokkabazl\u0131k yap\u0131yorsan\u0131z, i\u015finizin izini kaybetmek kolayd\u0131r. D\u00fczenli kalmak i\u00e7in bu \u015fablonu kullan\u0131n!","inLanguage":"tr","potentialAction":[{"@type":"ReadAction","target":["https:\/\/sales-ai-agents.com\/tr\/templates\/youve-got-this\/"]}]},{"@type":"ImageObject","inLanguage":"tr","@id":"https:\/\/sales-ai-agents.com\/tr\/templates\/youve-got-this\/#primaryimage","url":"https:\/\/sales-ai-agents.com\/wp-content\/uploads\/2022\/09\/Youve-Got-This-Template-1.png","contentUrl":"https:\/\/sales-ai-agents.com\/wp-content\/uploads\/2022\/09\/Youve-Got-This-Template-1.png","width":1700,"height":1100},{"@type":"WebSite","@id":"https:\/\/sales-ai-agents.com\/#website","url":"https:\/\/sales-ai-agents.com\/","name":"FuseBase","description":"Sales AI Agents - Free Online Collaboration Software for Remote Teams. Build your wikis, client portals and more with the Nimbus Platform collaboration tool ? A perfect space for online work","publisher":{"@id":"https:\/\/sales-ai-agents.com\/#organization"},"potentialAction":[{"@type":"SearchAction","target":{"@type":"EntryPoint","urlTemplate":"https:\/\/sales-ai-agents.com\/?s={search_term_string}"},"query-input":{"@type":"PropertyValueSpecification","valueRequired":true,"valueName":"search_term_string"}}],"inLanguage":"tr"},{"@type":"Organization","@id":"https:\/\/sales-ai-agents.com\/#organization","name":"FuseBase","url":"https:\/\/sales-ai-agents.com\/","logo":{"@type":"ImageObject","inLanguage":"tr","@id":"https:\/\/sales-ai-agents.com\/#\/schema\/logo\/image\/","url":"https:\/\/sales-ai-agents.com\/wp-content\/uploads\/2023\/11\/icon-7.svg","contentUrl":"https:\/\/sales-ai-agents.com\/wp-content\/uploads\/2023\/11\/icon-7.svg","width":128,"height":128,"caption":"FuseBase"},"image":{"@id":"https:\/\/sales-ai-agents.com\/#\/schema\/logo\/image\/"}}]}},"_links":{"self":[{"href":"https:\/\/sales-ai-agents.com\/tr\/wp-json\/wp\/v2\/product\/56306","targetHints":{"allow":["GET"]}}],"collection":[{"href":"https:\/\/sales-ai-agents.com\/tr\/wp-json\/wp\/v2\/product"}],"about":[{"href":"https:\/\/sales-ai-agents.com\/tr\/wp-json\/wp\/v2\/types\/product"}],"wp:featuredmedia":[{"embeddable":true,"href":"https:\/\/sales-ai-agents.com\/tr\/wp-json\/wp\/v2\/media\/56308"}],"wp:attachment":[{"href":"https:\/\/sales-ai-agents.com\/tr\/wp-json\/wp\/v2\/media?parent=56306"}],"wp:term":[{"taxonomy":"product_brand","embeddable":true,"href":"https:\/\/sales-ai-agents.com\/tr\/wp-json\/wp\/v2\/product_brand?post=56306"},{"taxonomy":"product_cat","embeddable":true,"href":"https:\/\/sales-ai-agents.com\/tr\/wp-json\/wp\/v2\/product_cat?post=56306"},{"taxonomy":"product_tag","embeddable":true,"href":"https:\/\/sales-ai-agents.com\/tr\/wp-json\/wp\/v2\/product_tag?post=56306"}],"curies":[{"name":"wp","href":"https:\/\/api.w.org\/{rel}","templated":true}]}}