{"id":56316,"date":"2022-09-26T12:17:54","date_gmt":"2022-09-26T12:17:54","guid":{"rendered":"https:\/\/sales-ai-agents.com\/templates\/it-requests\/"},"modified":"2024-01-02T13:35:55","modified_gmt":"2024-01-02T13:35:55","slug":"it-requests","status":"publish","type":"product","link":"https:\/\/sales-ai-agents.com\/tr\/templates\/it-requests\/","title":{"rendered":"BT Talepleri"},"content":{"rendered":"<p>&nbsp;<\/p>\n<h2>BT Talepleri \u015eablonu<\/h2>\n<p class=\"desc-text\">BT taleplerini y\u00f6netmek \u00e7ok zor olabilir. Biletlerin izini kaybetmek ve \u00f6ncelik seviyeleri konusunda kafa kar\u0131\u015f\u0131kl\u0131\u011f\u0131 ya\u015famak kolayd\u0131r. BT taleplerini takip etmek i\u00e7in standartla\u015ft\u0131r\u0131lm\u0131\u015f bir sistem kullanarak her \u015feyin verimli ve d\u00fczenli bir \u015fekilde \u00e7\u00f6z\u00fclmesini sa\u011flayabilirsiniz. BT taleplerinizi takip etmek ve d\u00fczenlemek i\u00e7in BT talepleri \u015fablonumuza g\u00f6z at\u0131n. Her bir \u00f6\u011feyi \u00f6nceli\u011fine g\u00f6re renklerle etiketleyin ve do\u011fru kategoriye yerle\u015ftirin. Daha fazlas\u0131n\u0131 yapabilmeniz i\u00e7in her \u015feyi tek bir yerde organize edin.<\/p>\n<h5>Nas\u0131l kullan\u0131l\u0131r?<\/h5>\n<ul class=\"desc-item_list\">\n<li class=\"desc-item_list__point\">Her bir BT bilet talebini listeleyin<\/li>\n<li class=\"desc-item_list__point\">\u0130\u015fbirlik\u00e7ileri etiketleyin<\/li>\n<li class=\"desc-item_list__point\">\u00d6ncelik seviyesini etiketleyin<\/li>\n<li class=\"desc-item_list__point\">Durumu izlemek i\u00e7in renkleri kullan\u0131n<\/li>\n<li class=\"desc-item_list__point\">Son tabloya ayr\u0131nt\u0131lar\u0131 ekleyin<\/li>\n<li class=\"desc-item_list__point\">\u00dcyelere atama<\/li>\n<\/ul>\n","protected":false},"excerpt":{"rendered":"<p>BT taleplerini y\u00f6netmek \u00e7ok zor olabilir. BT taleplerini takip etmek i\u00e7in standartla\u015ft\u0131r\u0131lm\u0131\u015f bir sistem kullanarak her \u015feyin verimli bir \u015fekilde \u00e7\u00f6z\u00fclmesini sa\u011flayabilirsiniz.<\/p>\n","protected":false},"featured_media":56317,"template":"","meta":{"_acf_changed":false,"inline_featured_image":false},"product_brand":[],"product_cat":[218,278,231],"product_tag":[],"class_list":{"0":"post-56316","1":"product","2":"type-product","3":"status-publish","4":"has-post-thumbnail","6":"product_cat-operations","7":"product_cat-programmer-engineer","8":"product_cat-project-management","10":"first","11":"instock","12":"virtual","13":"sold-individually","14":"product-type-simple"},"acf":[],"yoast_head":"<!-- This site is optimized with the Yoast SEO plugin v25.3.1 - https:\/\/yoast.com\/wordpress\/plugins\/seo\/ -->\n<title>BT Talepleri \u015eablonu - Sales AI Agents<\/title>\n<meta name=\"description\" content=\"BT taleplerini y\u00f6netmek \u00e7ok zor olabilir. Nimbus&#039;un standartla\u015ft\u0131r\u0131lm\u0131\u015f sistemi ile her \u015feyin verimli bir \u015fekilde \u00e7\u00f6z\u00fcld\u00fc\u011f\u00fcnden emin olun!\" \/>\n<meta name=\"robots\" content=\"index, follow, max-snippet:-1, max-image-preview:large, max-video-preview:-1\" \/>\n<link rel=\"canonical\" href=\"https:\/\/sales-ai-agents.com\/tr\/templates\/it-requests\/\" \/>\n<meta property=\"og:locale\" content=\"tr_TR\" \/>\n<meta property=\"og:type\" content=\"article\" \/>\n<meta property=\"og:title\" content=\"BT Talepleri \u015eablonu - Sales AI Agents\" \/>\n<meta property=\"og:description\" content=\"BT taleplerini y\u00f6netmek \u00e7ok zor olabilir. Nimbus&#039;un standartla\u015ft\u0131r\u0131lm\u0131\u015f sistemi ile her \u015feyin verimli bir \u015fekilde \u00e7\u00f6z\u00fcld\u00fc\u011f\u00fcnden emin olun!\" \/>\n<meta property=\"og:url\" content=\"https:\/\/sales-ai-agents.com\/tr\/templates\/it-requests\/\" \/>\n<meta property=\"og:site_name\" content=\"Sales AI Agents\" \/>\n<meta property=\"article:modified_time\" content=\"2024-01-02T13:35:55+00:00\" \/>\n<meta property=\"og:image\" content=\"https:\/\/sales-ai-agents.com\/wp-content\/uploads\/2023\/01\/image-preview121105.png\" \/>\n\t<meta property=\"og:image:width\" content=\"1078\" \/>\n\t<meta property=\"og:image:height\" content=\"1262\" \/>\n\t<meta property=\"og:image:type\" content=\"image\/png\" \/>\n<meta name=\"twitter:card\" content=\"summary_large_image\" \/>\n<script type=\"application\/ld+json\" class=\"yoast-schema-graph\">{\"@context\":\"https:\/\/schema.org\",\"@graph\":[{\"@type\":\"WebPage\",\"@id\":\"https:\/\/sales-ai-agents.com\/tr\/templates\/it-requests\/\",\"url\":\"https:\/\/sales-ai-agents.com\/tr\/templates\/it-requests\/\",\"name\":\"BT Talepleri \u015eablonu - Sales AI Agents\",\"isPartOf\":{\"@id\":\"https:\/\/sales-ai-agents.com\/#website\"},\"primaryImageOfPage\":{\"@id\":\"https:\/\/sales-ai-agents.com\/tr\/templates\/it-requests\/#primaryimage\"},\"image\":{\"@id\":\"https:\/\/sales-ai-agents.com\/tr\/templates\/it-requests\/#primaryimage\"},\"thumbnailUrl\":\"https:\/\/sales-ai-agents.com\/wp-content\/uploads\/2023\/01\/image-preview121105.png\",\"datePublished\":\"2022-09-26T12:17:54+00:00\",\"dateModified\":\"2024-01-02T13:35:55+00:00\",\"description\":\"BT taleplerini y\u00f6netmek \u00e7ok zor olabilir. Nimbus'un standartla\u015ft\u0131r\u0131lm\u0131\u015f sistemi ile her \u015feyin verimli bir \u015fekilde \u00e7\u00f6z\u00fcld\u00fc\u011f\u00fcnden emin olun!\",\"inLanguage\":\"tr\",\"potentialAction\":[{\"@type\":\"ReadAction\",\"target\":[\"https:\/\/sales-ai-agents.com\/tr\/templates\/it-requests\/\"]}]},{\"@type\":\"ImageObject\",\"inLanguage\":\"tr\",\"@id\":\"https:\/\/sales-ai-agents.com\/tr\/templates\/it-requests\/#primaryimage\",\"url\":\"https:\/\/sales-ai-agents.com\/wp-content\/uploads\/2023\/01\/image-preview121105.png\",\"contentUrl\":\"https:\/\/sales-ai-agents.com\/wp-content\/uploads\/2023\/01\/image-preview121105.png\",\"width\":1078,\"height\":1262},{\"@type\":\"WebSite\",\"@id\":\"https:\/\/sales-ai-agents.com\/#website\",\"url\":\"https:\/\/sales-ai-agents.com\/\",\"name\":\"FuseBase\",\"description\":\"Sales AI Agents - Free Online Collaboration Software for Remote Teams. Build your wikis, client portals and more with the Nimbus Platform collaboration tool ? A perfect space for online work\",\"publisher\":{\"@id\":\"https:\/\/sales-ai-agents.com\/#organization\"},\"potentialAction\":[{\"@type\":\"SearchAction\",\"target\":{\"@type\":\"EntryPoint\",\"urlTemplate\":\"https:\/\/sales-ai-agents.com\/?s={search_term_string}\"},\"query-input\":{\"@type\":\"PropertyValueSpecification\",\"valueRequired\":true,\"valueName\":\"search_term_string\"}}],\"inLanguage\":\"tr\"},{\"@type\":\"Organization\",\"@id\":\"https:\/\/sales-ai-agents.com\/#organization\",\"name\":\"FuseBase\",\"url\":\"https:\/\/sales-ai-agents.com\/\",\"logo\":{\"@type\":\"ImageObject\",\"inLanguage\":\"tr\",\"@id\":\"https:\/\/sales-ai-agents.com\/#\/schema\/logo\/image\/\",\"url\":\"https:\/\/sales-ai-agents.com\/wp-content\/uploads\/2023\/11\/icon-7.svg\",\"contentUrl\":\"https:\/\/sales-ai-agents.com\/wp-content\/uploads\/2023\/11\/icon-7.svg\",\"width\":128,\"height\":128,\"caption\":\"FuseBase\"},\"image\":{\"@id\":\"https:\/\/sales-ai-agents.com\/#\/schema\/logo\/image\/\"}}]}<\/script>\n<!-- \/ Yoast SEO plugin. -->","yoast_head_json":{"title":"BT Talepleri \u015eablonu - Sales AI Agents","description":"BT taleplerini y\u00f6netmek \u00e7ok zor olabilir. Nimbus'un standartla\u015ft\u0131r\u0131lm\u0131\u015f sistemi ile her \u015feyin verimli bir \u015fekilde \u00e7\u00f6z\u00fcld\u00fc\u011f\u00fcnden emin olun!","robots":{"index":"index","follow":"follow","max-snippet":"max-snippet:-1","max-image-preview":"max-image-preview:large","max-video-preview":"max-video-preview:-1"},"canonical":"https:\/\/sales-ai-agents.com\/tr\/templates\/it-requests\/","og_locale":"tr_TR","og_type":"article","og_title":"BT Talepleri \u015eablonu - Sales AI Agents","og_description":"BT taleplerini y\u00f6netmek \u00e7ok zor olabilir. Nimbus'un standartla\u015ft\u0131r\u0131lm\u0131\u015f sistemi ile her \u015feyin verimli bir \u015fekilde \u00e7\u00f6z\u00fcld\u00fc\u011f\u00fcnden emin olun!","og_url":"https:\/\/sales-ai-agents.com\/tr\/templates\/it-requests\/","og_site_name":"Sales AI Agents","article_modified_time":"2024-01-02T13:35:55+00:00","og_image":[{"width":1078,"height":1262,"url":"https:\/\/sales-ai-agents.com\/wp-content\/uploads\/2023\/01\/image-preview121105.png","type":"image\/png"}],"twitter_card":"summary_large_image","schema":{"@context":"https:\/\/schema.org","@graph":[{"@type":"WebPage","@id":"https:\/\/sales-ai-agents.com\/tr\/templates\/it-requests\/","url":"https:\/\/sales-ai-agents.com\/tr\/templates\/it-requests\/","name":"BT Talepleri \u015eablonu - Sales AI Agents","isPartOf":{"@id":"https:\/\/sales-ai-agents.com\/#website"},"primaryImageOfPage":{"@id":"https:\/\/sales-ai-agents.com\/tr\/templates\/it-requests\/#primaryimage"},"image":{"@id":"https:\/\/sales-ai-agents.com\/tr\/templates\/it-requests\/#primaryimage"},"thumbnailUrl":"https:\/\/sales-ai-agents.com\/wp-content\/uploads\/2023\/01\/image-preview121105.png","datePublished":"2022-09-26T12:17:54+00:00","dateModified":"2024-01-02T13:35:55+00:00","description":"BT taleplerini y\u00f6netmek \u00e7ok zor olabilir. Nimbus'un standartla\u015ft\u0131r\u0131lm\u0131\u015f sistemi ile her \u015feyin verimli bir \u015fekilde \u00e7\u00f6z\u00fcld\u00fc\u011f\u00fcnden emin olun!","inLanguage":"tr","potentialAction":[{"@type":"ReadAction","target":["https:\/\/sales-ai-agents.com\/tr\/templates\/it-requests\/"]}]},{"@type":"ImageObject","inLanguage":"tr","@id":"https:\/\/sales-ai-agents.com\/tr\/templates\/it-requests\/#primaryimage","url":"https:\/\/sales-ai-agents.com\/wp-content\/uploads\/2023\/01\/image-preview121105.png","contentUrl":"https:\/\/sales-ai-agents.com\/wp-content\/uploads\/2023\/01\/image-preview121105.png","width":1078,"height":1262},{"@type":"WebSite","@id":"https:\/\/sales-ai-agents.com\/#website","url":"https:\/\/sales-ai-agents.com\/","name":"FuseBase","description":"Sales AI Agents - Free Online Collaboration Software for Remote Teams. Build your wikis, client portals and more with the Nimbus Platform collaboration tool ? A perfect space for online work","publisher":{"@id":"https:\/\/sales-ai-agents.com\/#organization"},"potentialAction":[{"@type":"SearchAction","target":{"@type":"EntryPoint","urlTemplate":"https:\/\/sales-ai-agents.com\/?s={search_term_string}"},"query-input":{"@type":"PropertyValueSpecification","valueRequired":true,"valueName":"search_term_string"}}],"inLanguage":"tr"},{"@type":"Organization","@id":"https:\/\/sales-ai-agents.com\/#organization","name":"FuseBase","url":"https:\/\/sales-ai-agents.com\/","logo":{"@type":"ImageObject","inLanguage":"tr","@id":"https:\/\/sales-ai-agents.com\/#\/schema\/logo\/image\/","url":"https:\/\/sales-ai-agents.com\/wp-content\/uploads\/2023\/11\/icon-7.svg","contentUrl":"https:\/\/sales-ai-agents.com\/wp-content\/uploads\/2023\/11\/icon-7.svg","width":128,"height":128,"caption":"FuseBase"},"image":{"@id":"https:\/\/sales-ai-agents.com\/#\/schema\/logo\/image\/"}}]}},"_links":{"self":[{"href":"https:\/\/sales-ai-agents.com\/tr\/wp-json\/wp\/v2\/product\/56316","targetHints":{"allow":["GET"]}}],"collection":[{"href":"https:\/\/sales-ai-agents.com\/tr\/wp-json\/wp\/v2\/product"}],"about":[{"href":"https:\/\/sales-ai-agents.com\/tr\/wp-json\/wp\/v2\/types\/product"}],"wp:featuredmedia":[{"embeddable":true,"href":"https:\/\/sales-ai-agents.com\/tr\/wp-json\/wp\/v2\/media\/56317"}],"wp:attachment":[{"href":"https:\/\/sales-ai-agents.com\/tr\/wp-json\/wp\/v2\/media?parent=56316"}],"wp:term":[{"taxonomy":"product_brand","embeddable":true,"href":"https:\/\/sales-ai-agents.com\/tr\/wp-json\/wp\/v2\/product_brand?post=56316"},{"taxonomy":"product_cat","embeddable":true,"href":"https:\/\/sales-ai-agents.com\/tr\/wp-json\/wp\/v2\/product_cat?post=56316"},{"taxonomy":"product_tag","embeddable":true,"href":"https:\/\/sales-ai-agents.com\/tr\/wp-json\/wp\/v2\/product_tag?post=56316"}],"curies":[{"name":"wp","href":"https:\/\/api.w.org\/{rel}","templated":true}]}}