{"id":56320,"date":"2022-09-26T12:17:51","date_gmt":"2022-09-26T12:17:51","guid":{"rendered":"https:\/\/sales-ai-agents.com\/templates\/habit-tracker-2\/"},"modified":"2023-12-31T18:00:37","modified_gmt":"2023-12-31T18:00:37","slug":"habit-tracker-2","status":"publish","type":"product","link":"https:\/\/sales-ai-agents.com\/tr\/templates\/habit-tracker-2\/","title":{"rendered":"Al\u0131\u015fkanl\u0131k \u0130zleyici"},"content":{"rendered":"<p>&nbsp;<\/p>\n<h2>Al\u0131\u015fkanl\u0131k Takip \u015eablonu<\/h2>\n<p class=\"desc-text\">Yeni, sa\u011fl\u0131kl\u0131 al\u0131\u015fkanl\u0131klar olu\u015fturmak biraz zaman ve kendi kendini organize etmeyi gerektirir. Bu nedenle, bir ay boyunca faaliyetlerinizi takip etmek ve bir al\u0131\u015fkanl\u0131k geli\u015ftirmeyi ba\u015fard\u0131\u011f\u0131n\u0131z g\u00fcnleri i\u015faretlemek i\u00e7in bu \u015fablonu kullanman\u0131z\u0131 \u00f6neririz.<\/p>\n<h5>Nas\u0131l kullan\u0131l\u0131r?<\/h5>\n<ul class=\"desc-item_list\">\n<li class=\"desc-item_list__point\">Edinmek istedi\u011finiz al\u0131\u015fkanl\u0131klar\u0131 yaz\u0131n<\/li>\n<li class=\"desc-item_list__point\">Ay\u0131n her g\u00fcn\u00fc i\u00e7in ba\u015far\u0131 veya ba\u015far\u0131s\u0131zl\u0131\u011f\u0131 tan\u0131mlamak i\u00e7in renkli kalemler kullan\u0131n (ye\u015fil ve k\u0131rm\u0131z\u0131 \u00f6nerilir)<\/li>\n<\/ul>\n","protected":false},"excerpt":{"rendered":"<p>Yeni ve sa\u011fl\u0131kl\u0131 al\u0131\u015fkanl\u0131klar edinmek zaman al\u0131r. Bir ay boyunca faaliyetlerinizi takip etmek ve bir al\u0131\u015fkanl\u0131k geli\u015ftirmeyi ba\u015fard\u0131\u011f\u0131n\u0131z g\u00fcnleri i\u015faretlemek i\u00e7in bu \u015fablonu kullan\u0131n.<\/p>\n","protected":false},"featured_media":56321,"template":"","meta":{"_acf_changed":false,"inline_featured_image":false},"product_brand":[],"product_cat":[257,256],"product_tag":[],"class_list":{"0":"post-56320","1":"product","2":"type-product","3":"status-publish","4":"has-post-thumbnail","6":"product_cat-personal","7":"product_cat-organizers-planners","9":"first","10":"instock","11":"virtual","12":"sold-individually","13":"product-type-simple"},"acf":[],"yoast_head":"<!-- This site is optimized with the Yoast SEO plugin v25.3.1 - https:\/\/yoast.com\/wordpress\/plugins\/seo\/ -->\n<title>Al\u0131\u015fkanl\u0131k Takip \u015eablonu - Sales AI Agents<\/title>\n<meta name=\"description\" content=\"Yeni ve sa\u011fl\u0131kl\u0131 al\u0131\u015fkanl\u0131klar edinmek zaman al\u0131r. Faaliyetlerinizi takip etmek ve bir al\u0131\u015fkanl\u0131k geli\u015ftirmeyi ba\u015fard\u0131\u011f\u0131n\u0131z g\u00fcnleri i\u015faretlemek i\u00e7in bu \u015fablonu kullan\u0131n.\" \/>\n<meta name=\"robots\" content=\"index, follow, max-snippet:-1, max-image-preview:large, max-video-preview:-1\" \/>\n<link rel=\"canonical\" href=\"https:\/\/sales-ai-agents.com\/tr\/templates\/habit-tracker-2\/\" \/>\n<meta property=\"og:locale\" content=\"tr_TR\" \/>\n<meta property=\"og:type\" content=\"article\" \/>\n<meta property=\"og:title\" content=\"Al\u0131\u015fkanl\u0131k Takip \u015eablonu - Sales AI Agents\" \/>\n<meta property=\"og:description\" content=\"Yeni ve sa\u011fl\u0131kl\u0131 al\u0131\u015fkanl\u0131klar edinmek zaman al\u0131r. Faaliyetlerinizi takip etmek ve bir al\u0131\u015fkanl\u0131k geli\u015ftirmeyi ba\u015fard\u0131\u011f\u0131n\u0131z g\u00fcnleri i\u015faretlemek i\u00e7in bu \u015fablonu kullan\u0131n.\" \/>\n<meta property=\"og:url\" content=\"https:\/\/sales-ai-agents.com\/tr\/templates\/habit-tracker-2\/\" \/>\n<meta property=\"og:site_name\" content=\"Sales AI Agents\" \/>\n<meta property=\"article:modified_time\" content=\"2023-12-31T18:00:37+00:00\" \/>\n<meta property=\"og:image\" content=\"https:\/\/sales-ai-agents.com\/wp-content\/uploads\/2023\/01\/image-preview121103.png\" \/>\n\t<meta property=\"og:image:width\" content=\"1078\" \/>\n\t<meta property=\"og:image:height\" content=\"760\" \/>\n\t<meta property=\"og:image:type\" content=\"image\/png\" \/>\n<meta name=\"twitter:card\" content=\"summary_large_image\" \/>\n<script type=\"application\/ld+json\" class=\"yoast-schema-graph\">{\"@context\":\"https:\/\/schema.org\",\"@graph\":[{\"@type\":\"WebPage\",\"@id\":\"https:\/\/sales-ai-agents.com\/tr\/templates\/habit-tracker-2\/\",\"url\":\"https:\/\/sales-ai-agents.com\/tr\/templates\/habit-tracker-2\/\",\"name\":\"Al\u0131\u015fkanl\u0131k Takip \u015eablonu - Sales AI Agents\",\"isPartOf\":{\"@id\":\"https:\/\/sales-ai-agents.com\/#website\"},\"primaryImageOfPage\":{\"@id\":\"https:\/\/sales-ai-agents.com\/tr\/templates\/habit-tracker-2\/#primaryimage\"},\"image\":{\"@id\":\"https:\/\/sales-ai-agents.com\/tr\/templates\/habit-tracker-2\/#primaryimage\"},\"thumbnailUrl\":\"https:\/\/sales-ai-agents.com\/wp-content\/uploads\/2023\/01\/image-preview121103.png\",\"datePublished\":\"2022-09-26T12:17:51+00:00\",\"dateModified\":\"2023-12-31T18:00:37+00:00\",\"description\":\"Yeni ve sa\u011fl\u0131kl\u0131 al\u0131\u015fkanl\u0131klar edinmek zaman al\u0131r. Faaliyetlerinizi takip etmek ve bir al\u0131\u015fkanl\u0131k geli\u015ftirmeyi ba\u015fard\u0131\u011f\u0131n\u0131z g\u00fcnleri i\u015faretlemek i\u00e7in bu \u015fablonu kullan\u0131n.\",\"inLanguage\":\"tr\",\"potentialAction\":[{\"@type\":\"ReadAction\",\"target\":[\"https:\/\/sales-ai-agents.com\/tr\/templates\/habit-tracker-2\/\"]}]},{\"@type\":\"ImageObject\",\"inLanguage\":\"tr\",\"@id\":\"https:\/\/sales-ai-agents.com\/tr\/templates\/habit-tracker-2\/#primaryimage\",\"url\":\"https:\/\/sales-ai-agents.com\/wp-content\/uploads\/2023\/01\/image-preview121103.png\",\"contentUrl\":\"https:\/\/sales-ai-agents.com\/wp-content\/uploads\/2023\/01\/image-preview121103.png\",\"width\":1078,\"height\":760},{\"@type\":\"WebSite\",\"@id\":\"https:\/\/sales-ai-agents.com\/#website\",\"url\":\"https:\/\/sales-ai-agents.com\/\",\"name\":\"FuseBase\",\"description\":\"Sales AI Agents - Free Online Collaboration Software for Remote Teams. Build your wikis, client portals and more with the Nimbus Platform collaboration tool ? A perfect space for online work\",\"publisher\":{\"@id\":\"https:\/\/sales-ai-agents.com\/#organization\"},\"potentialAction\":[{\"@type\":\"SearchAction\",\"target\":{\"@type\":\"EntryPoint\",\"urlTemplate\":\"https:\/\/sales-ai-agents.com\/?s={search_term_string}\"},\"query-input\":{\"@type\":\"PropertyValueSpecification\",\"valueRequired\":true,\"valueName\":\"search_term_string\"}}],\"inLanguage\":\"tr\"},{\"@type\":\"Organization\",\"@id\":\"https:\/\/sales-ai-agents.com\/#organization\",\"name\":\"FuseBase\",\"url\":\"https:\/\/sales-ai-agents.com\/\",\"logo\":{\"@type\":\"ImageObject\",\"inLanguage\":\"tr\",\"@id\":\"https:\/\/sales-ai-agents.com\/#\/schema\/logo\/image\/\",\"url\":\"https:\/\/sales-ai-agents.com\/wp-content\/uploads\/2023\/11\/icon-7.svg\",\"contentUrl\":\"https:\/\/sales-ai-agents.com\/wp-content\/uploads\/2023\/11\/icon-7.svg\",\"width\":128,\"height\":128,\"caption\":\"FuseBase\"},\"image\":{\"@id\":\"https:\/\/sales-ai-agents.com\/#\/schema\/logo\/image\/\"}}]}<\/script>\n<!-- \/ Yoast SEO plugin. -->","yoast_head_json":{"title":"Al\u0131\u015fkanl\u0131k Takip \u015eablonu - Sales AI Agents","description":"Yeni ve sa\u011fl\u0131kl\u0131 al\u0131\u015fkanl\u0131klar edinmek zaman al\u0131r. Faaliyetlerinizi takip etmek ve bir al\u0131\u015fkanl\u0131k geli\u015ftirmeyi ba\u015fard\u0131\u011f\u0131n\u0131z g\u00fcnleri i\u015faretlemek i\u00e7in bu \u015fablonu kullan\u0131n.","robots":{"index":"index","follow":"follow","max-snippet":"max-snippet:-1","max-image-preview":"max-image-preview:large","max-video-preview":"max-video-preview:-1"},"canonical":"https:\/\/sales-ai-agents.com\/tr\/templates\/habit-tracker-2\/","og_locale":"tr_TR","og_type":"article","og_title":"Al\u0131\u015fkanl\u0131k Takip \u015eablonu - Sales AI Agents","og_description":"Yeni ve sa\u011fl\u0131kl\u0131 al\u0131\u015fkanl\u0131klar edinmek zaman al\u0131r. Faaliyetlerinizi takip etmek ve bir al\u0131\u015fkanl\u0131k geli\u015ftirmeyi ba\u015fard\u0131\u011f\u0131n\u0131z g\u00fcnleri i\u015faretlemek i\u00e7in bu \u015fablonu kullan\u0131n.","og_url":"https:\/\/sales-ai-agents.com\/tr\/templates\/habit-tracker-2\/","og_site_name":"Sales AI Agents","article_modified_time":"2023-12-31T18:00:37+00:00","og_image":[{"width":1078,"height":760,"url":"https:\/\/sales-ai-agents.com\/wp-content\/uploads\/2023\/01\/image-preview121103.png","type":"image\/png"}],"twitter_card":"summary_large_image","schema":{"@context":"https:\/\/schema.org","@graph":[{"@type":"WebPage","@id":"https:\/\/sales-ai-agents.com\/tr\/templates\/habit-tracker-2\/","url":"https:\/\/sales-ai-agents.com\/tr\/templates\/habit-tracker-2\/","name":"Al\u0131\u015fkanl\u0131k Takip \u015eablonu - Sales AI Agents","isPartOf":{"@id":"https:\/\/sales-ai-agents.com\/#website"},"primaryImageOfPage":{"@id":"https:\/\/sales-ai-agents.com\/tr\/templates\/habit-tracker-2\/#primaryimage"},"image":{"@id":"https:\/\/sales-ai-agents.com\/tr\/templates\/habit-tracker-2\/#primaryimage"},"thumbnailUrl":"https:\/\/sales-ai-agents.com\/wp-content\/uploads\/2023\/01\/image-preview121103.png","datePublished":"2022-09-26T12:17:51+00:00","dateModified":"2023-12-31T18:00:37+00:00","description":"Yeni ve sa\u011fl\u0131kl\u0131 al\u0131\u015fkanl\u0131klar edinmek zaman al\u0131r. Faaliyetlerinizi takip etmek ve bir al\u0131\u015fkanl\u0131k geli\u015ftirmeyi ba\u015fard\u0131\u011f\u0131n\u0131z g\u00fcnleri i\u015faretlemek i\u00e7in bu \u015fablonu kullan\u0131n.","inLanguage":"tr","potentialAction":[{"@type":"ReadAction","target":["https:\/\/sales-ai-agents.com\/tr\/templates\/habit-tracker-2\/"]}]},{"@type":"ImageObject","inLanguage":"tr","@id":"https:\/\/sales-ai-agents.com\/tr\/templates\/habit-tracker-2\/#primaryimage","url":"https:\/\/sales-ai-agents.com\/wp-content\/uploads\/2023\/01\/image-preview121103.png","contentUrl":"https:\/\/sales-ai-agents.com\/wp-content\/uploads\/2023\/01\/image-preview121103.png","width":1078,"height":760},{"@type":"WebSite","@id":"https:\/\/sales-ai-agents.com\/#website","url":"https:\/\/sales-ai-agents.com\/","name":"FuseBase","description":"Sales AI Agents - Free Online Collaboration Software for Remote Teams. Build your wikis, client portals and more with the Nimbus Platform collaboration tool ? A perfect space for online work","publisher":{"@id":"https:\/\/sales-ai-agents.com\/#organization"},"potentialAction":[{"@type":"SearchAction","target":{"@type":"EntryPoint","urlTemplate":"https:\/\/sales-ai-agents.com\/?s={search_term_string}"},"query-input":{"@type":"PropertyValueSpecification","valueRequired":true,"valueName":"search_term_string"}}],"inLanguage":"tr"},{"@type":"Organization","@id":"https:\/\/sales-ai-agents.com\/#organization","name":"FuseBase","url":"https:\/\/sales-ai-agents.com\/","logo":{"@type":"ImageObject","inLanguage":"tr","@id":"https:\/\/sales-ai-agents.com\/#\/schema\/logo\/image\/","url":"https:\/\/sales-ai-agents.com\/wp-content\/uploads\/2023\/11\/icon-7.svg","contentUrl":"https:\/\/sales-ai-agents.com\/wp-content\/uploads\/2023\/11\/icon-7.svg","width":128,"height":128,"caption":"FuseBase"},"image":{"@id":"https:\/\/sales-ai-agents.com\/#\/schema\/logo\/image\/"}}]}},"_links":{"self":[{"href":"https:\/\/sales-ai-agents.com\/tr\/wp-json\/wp\/v2\/product\/56320","targetHints":{"allow":["GET"]}}],"collection":[{"href":"https:\/\/sales-ai-agents.com\/tr\/wp-json\/wp\/v2\/product"}],"about":[{"href":"https:\/\/sales-ai-agents.com\/tr\/wp-json\/wp\/v2\/types\/product"}],"wp:featuredmedia":[{"embeddable":true,"href":"https:\/\/sales-ai-agents.com\/tr\/wp-json\/wp\/v2\/media\/56321"}],"wp:attachment":[{"href":"https:\/\/sales-ai-agents.com\/tr\/wp-json\/wp\/v2\/media?parent=56320"}],"wp:term":[{"taxonomy":"product_brand","embeddable":true,"href":"https:\/\/sales-ai-agents.com\/tr\/wp-json\/wp\/v2\/product_brand?post=56320"},{"taxonomy":"product_cat","embeddable":true,"href":"https:\/\/sales-ai-agents.com\/tr\/wp-json\/wp\/v2\/product_cat?post=56320"},{"taxonomy":"product_tag","embeddable":true,"href":"https:\/\/sales-ai-agents.com\/tr\/wp-json\/wp\/v2\/product_tag?post=56320"}],"curies":[{"name":"wp","href":"https:\/\/api.w.org\/{rel}","templated":true}]}}