{"id":56329,"date":"2022-09-26T12:17:48","date_gmt":"2022-09-26T12:17:48","guid":{"rendered":"https:\/\/sales-ai-agents.com\/templates\/interview-feedback\/"},"modified":"2023-12-26T15:46:31","modified_gmt":"2023-12-26T15:46:31","slug":"interview-feedback","status":"publish","type":"product","link":"https:\/\/sales-ai-agents.com\/tr\/templates\/interview-feedback\/","title":{"rendered":"M\u00fclakat Geri Bildirimi"},"content":{"rendered":"<p>&nbsp;<\/p>\n<h2>M\u00fclakat Geri Bildirim \u015eablonu<\/h2>\n<p class=\"desc-text\">Kapsaml\u0131 m\u00fclakatlar, etkili i\u015fe al\u0131m s\u00fcre\u00e7lerinin ayr\u0131lmaz bir par\u00e7as\u0131d\u0131r. Bu \u015fablon, m\u00fclakat geri bildirimlerini takip etmenize yard\u0131mc\u0131 olur. Her aday\u0131 ileti\u015fim becerileri, sunum ve \u015firket uyumu gibi \u00e7e\u015fitli temel beceriler ve yetkinlikler a\u00e7\u0131s\u0131ndan de\u011ferlendirin. Bu notlar\u0131 i\u015fe al\u0131m kararlar\u0131n\u0131z\u0131 bilgilendirmek ve s\u00fcreci a\u00e7\u0131k ve verimli hale getirmek i\u00e7in kullan\u0131n.<\/p>\n<h5>Nas\u0131l kullan\u0131l\u0131r?<\/h5>\n<ul class=\"desc-item_list\">\n<li class=\"desc-item_list__point\">Aday ve rol hakk\u0131nda bilgi ekleyin<\/li>\n<li class=\"desc-item_list__point\">M\u00fclakat s\u0131ras\u0131nda de\u011ferlendirilen temel becerileri listeleyin<\/li>\n<li class=\"desc-item_list__point\">Her beceriyi birden be\u015fe kadar derecelendirmek i\u00e7in y\u0131ld\u0131zlar\u0131 kullan\u0131n<\/li>\n<li class=\"desc-item_list__point\">Adaya genel izlenim i\u00e7in bir puan verin<\/li>\n<\/ul>\n","protected":false},"excerpt":{"rendered":"<p>Kapsaml\u0131 m\u00fclakatlar, etkili i\u015fe al\u0131m s\u00fcre\u00e7lerinin ayr\u0131lmaz bir par\u00e7as\u0131d\u0131r. Bu \u00fccretsiz \u00f6zelle\u015ftirilebilir \u015fablon, m\u00fclakat geri bildirimlerini takip etmenize ve hayalinizdeki i\u015fe girmenize yard\u0131mc\u0131 olur.<\/p>\n","protected":false},"featured_media":56330,"template":"","meta":{"_acf_changed":false,"inline_featured_image":false},"product_brand":[],"product_cat":[218],"product_tag":[],"class_list":{"0":"post-56329","1":"product","2":"type-product","3":"status-publish","4":"has-post-thumbnail","6":"product_cat-operations","8":"first","9":"instock","10":"virtual","11":"sold-individually","12":"product-type-simple"},"acf":[],"yoast_head":"<!-- This site is optimized with the Yoast SEO plugin v25.3.1 - https:\/\/yoast.com\/wordpress\/plugins\/seo\/ -->\n<title>M\u00fclakat Geri Bildirim \u015eablonu - Sales AI Agents<\/title>\n<meta name=\"description\" content=\"Kapsaml\u0131 m\u00fclakatlar, etkili i\u015fe al\u0131m s\u00fcre\u00e7lerinin ayr\u0131lmaz bir par\u00e7as\u0131d\u0131r. Bu \u00fccretsiz \u00f6zelle\u015ftirilebilir \u015fablon, geri bildirimleri takip etmenize ve hayalinizdeki i\u015fi bulman\u0131za yard\u0131mc\u0131 olur!\" \/>\n<meta name=\"robots\" content=\"index, follow, max-snippet:-1, max-image-preview:large, max-video-preview:-1\" \/>\n<link rel=\"canonical\" href=\"https:\/\/sales-ai-agents.com\/tr\/templates\/interview-feedback\/\" \/>\n<meta property=\"og:locale\" content=\"tr_TR\" \/>\n<meta property=\"og:type\" content=\"article\" \/>\n<meta property=\"og:title\" content=\"M\u00fclakat Geri Bildirim \u015eablonu - Sales AI Agents\" \/>\n<meta property=\"og:description\" content=\"Kapsaml\u0131 m\u00fclakatlar, etkili i\u015fe al\u0131m s\u00fcre\u00e7lerinin ayr\u0131lmaz bir par\u00e7as\u0131d\u0131r. Bu \u00fccretsiz \u00f6zelle\u015ftirilebilir \u015fablon, geri bildirimleri takip etmenize ve hayalinizdeki i\u015fi bulman\u0131za yard\u0131mc\u0131 olur!\" \/>\n<meta property=\"og:url\" content=\"https:\/\/sales-ai-agents.com\/tr\/templates\/interview-feedback\/\" \/>\n<meta property=\"og:site_name\" content=\"Sales AI Agents\" \/>\n<meta property=\"article:modified_time\" content=\"2023-12-26T15:46:31+00:00\" \/>\n<meta property=\"og:image\" content=\"https:\/\/sales-ai-agents.com\/wp-content\/uploads\/2023\/01\/image-preview121101.png\" \/>\n\t<meta property=\"og:image:width\" content=\"1078\" \/>\n\t<meta property=\"og:image:height\" content=\"760\" \/>\n\t<meta property=\"og:image:type\" content=\"image\/png\" \/>\n<meta name=\"twitter:card\" content=\"summary_large_image\" \/>\n<script type=\"application\/ld+json\" class=\"yoast-schema-graph\">{\"@context\":\"https:\/\/schema.org\",\"@graph\":[{\"@type\":\"WebPage\",\"@id\":\"https:\/\/sales-ai-agents.com\/tr\/templates\/interview-feedback\/\",\"url\":\"https:\/\/sales-ai-agents.com\/tr\/templates\/interview-feedback\/\",\"name\":\"M\u00fclakat Geri Bildirim \u015eablonu - Sales AI Agents\",\"isPartOf\":{\"@id\":\"https:\/\/sales-ai-agents.com\/#website\"},\"primaryImageOfPage\":{\"@id\":\"https:\/\/sales-ai-agents.com\/tr\/templates\/interview-feedback\/#primaryimage\"},\"image\":{\"@id\":\"https:\/\/sales-ai-agents.com\/tr\/templates\/interview-feedback\/#primaryimage\"},\"thumbnailUrl\":\"https:\/\/sales-ai-agents.com\/wp-content\/uploads\/2023\/01\/image-preview121101.png\",\"datePublished\":\"2022-09-26T12:17:48+00:00\",\"dateModified\":\"2023-12-26T15:46:31+00:00\",\"description\":\"Kapsaml\u0131 m\u00fclakatlar, etkili i\u015fe al\u0131m s\u00fcre\u00e7lerinin ayr\u0131lmaz bir par\u00e7as\u0131d\u0131r. Bu \u00fccretsiz \u00f6zelle\u015ftirilebilir \u015fablon, geri bildirimleri takip etmenize ve hayalinizdeki i\u015fi bulman\u0131za yard\u0131mc\u0131 olur!\",\"inLanguage\":\"tr\",\"potentialAction\":[{\"@type\":\"ReadAction\",\"target\":[\"https:\/\/sales-ai-agents.com\/tr\/templates\/interview-feedback\/\"]}]},{\"@type\":\"ImageObject\",\"inLanguage\":\"tr\",\"@id\":\"https:\/\/sales-ai-agents.com\/tr\/templates\/interview-feedback\/#primaryimage\",\"url\":\"https:\/\/sales-ai-agents.com\/wp-content\/uploads\/2023\/01\/image-preview121101.png\",\"contentUrl\":\"https:\/\/sales-ai-agents.com\/wp-content\/uploads\/2023\/01\/image-preview121101.png\",\"width\":1078,\"height\":760},{\"@type\":\"WebSite\",\"@id\":\"https:\/\/sales-ai-agents.com\/#website\",\"url\":\"https:\/\/sales-ai-agents.com\/\",\"name\":\"FuseBase\",\"description\":\"Sales AI Agents - Free Online Collaboration Software for Remote Teams. Build your wikis, client portals and more with the Nimbus Platform collaboration tool ? A perfect space for online work\",\"publisher\":{\"@id\":\"https:\/\/sales-ai-agents.com\/#organization\"},\"potentialAction\":[{\"@type\":\"SearchAction\",\"target\":{\"@type\":\"EntryPoint\",\"urlTemplate\":\"https:\/\/sales-ai-agents.com\/?s={search_term_string}\"},\"query-input\":{\"@type\":\"PropertyValueSpecification\",\"valueRequired\":true,\"valueName\":\"search_term_string\"}}],\"inLanguage\":\"tr\"},{\"@type\":\"Organization\",\"@id\":\"https:\/\/sales-ai-agents.com\/#organization\",\"name\":\"FuseBase\",\"url\":\"https:\/\/sales-ai-agents.com\/\",\"logo\":{\"@type\":\"ImageObject\",\"inLanguage\":\"tr\",\"@id\":\"https:\/\/sales-ai-agents.com\/#\/schema\/logo\/image\/\",\"url\":\"https:\/\/sales-ai-agents.com\/wp-content\/uploads\/2023\/11\/icon-7.svg\",\"contentUrl\":\"https:\/\/sales-ai-agents.com\/wp-content\/uploads\/2023\/11\/icon-7.svg\",\"width\":128,\"height\":128,\"caption\":\"FuseBase\"},\"image\":{\"@id\":\"https:\/\/sales-ai-agents.com\/#\/schema\/logo\/image\/\"}}]}<\/script>\n<!-- \/ Yoast SEO plugin. -->","yoast_head_json":{"title":"M\u00fclakat Geri Bildirim \u015eablonu - Sales AI Agents","description":"Kapsaml\u0131 m\u00fclakatlar, etkili i\u015fe al\u0131m s\u00fcre\u00e7lerinin ayr\u0131lmaz bir par\u00e7as\u0131d\u0131r. Bu \u00fccretsiz \u00f6zelle\u015ftirilebilir \u015fablon, geri bildirimleri takip etmenize ve hayalinizdeki i\u015fi bulman\u0131za yard\u0131mc\u0131 olur!","robots":{"index":"index","follow":"follow","max-snippet":"max-snippet:-1","max-image-preview":"max-image-preview:large","max-video-preview":"max-video-preview:-1"},"canonical":"https:\/\/sales-ai-agents.com\/tr\/templates\/interview-feedback\/","og_locale":"tr_TR","og_type":"article","og_title":"M\u00fclakat Geri Bildirim \u015eablonu - Sales AI Agents","og_description":"Kapsaml\u0131 m\u00fclakatlar, etkili i\u015fe al\u0131m s\u00fcre\u00e7lerinin ayr\u0131lmaz bir par\u00e7as\u0131d\u0131r. Bu \u00fccretsiz \u00f6zelle\u015ftirilebilir \u015fablon, geri bildirimleri takip etmenize ve hayalinizdeki i\u015fi bulman\u0131za yard\u0131mc\u0131 olur!","og_url":"https:\/\/sales-ai-agents.com\/tr\/templates\/interview-feedback\/","og_site_name":"Sales AI Agents","article_modified_time":"2023-12-26T15:46:31+00:00","og_image":[{"width":1078,"height":760,"url":"https:\/\/sales-ai-agents.com\/wp-content\/uploads\/2023\/01\/image-preview121101.png","type":"image\/png"}],"twitter_card":"summary_large_image","schema":{"@context":"https:\/\/schema.org","@graph":[{"@type":"WebPage","@id":"https:\/\/sales-ai-agents.com\/tr\/templates\/interview-feedback\/","url":"https:\/\/sales-ai-agents.com\/tr\/templates\/interview-feedback\/","name":"M\u00fclakat Geri Bildirim \u015eablonu - Sales AI Agents","isPartOf":{"@id":"https:\/\/sales-ai-agents.com\/#website"},"primaryImageOfPage":{"@id":"https:\/\/sales-ai-agents.com\/tr\/templates\/interview-feedback\/#primaryimage"},"image":{"@id":"https:\/\/sales-ai-agents.com\/tr\/templates\/interview-feedback\/#primaryimage"},"thumbnailUrl":"https:\/\/sales-ai-agents.com\/wp-content\/uploads\/2023\/01\/image-preview121101.png","datePublished":"2022-09-26T12:17:48+00:00","dateModified":"2023-12-26T15:46:31+00:00","description":"Kapsaml\u0131 m\u00fclakatlar, etkili i\u015fe al\u0131m s\u00fcre\u00e7lerinin ayr\u0131lmaz bir par\u00e7as\u0131d\u0131r. Bu \u00fccretsiz \u00f6zelle\u015ftirilebilir \u015fablon, geri bildirimleri takip etmenize ve hayalinizdeki i\u015fi bulman\u0131za yard\u0131mc\u0131 olur!","inLanguage":"tr","potentialAction":[{"@type":"ReadAction","target":["https:\/\/sales-ai-agents.com\/tr\/templates\/interview-feedback\/"]}]},{"@type":"ImageObject","inLanguage":"tr","@id":"https:\/\/sales-ai-agents.com\/tr\/templates\/interview-feedback\/#primaryimage","url":"https:\/\/sales-ai-agents.com\/wp-content\/uploads\/2023\/01\/image-preview121101.png","contentUrl":"https:\/\/sales-ai-agents.com\/wp-content\/uploads\/2023\/01\/image-preview121101.png","width":1078,"height":760},{"@type":"WebSite","@id":"https:\/\/sales-ai-agents.com\/#website","url":"https:\/\/sales-ai-agents.com\/","name":"FuseBase","description":"Sales AI Agents - Free Online Collaboration Software for Remote Teams. Build your wikis, client portals and more with the Nimbus Platform collaboration tool ? A perfect space for online work","publisher":{"@id":"https:\/\/sales-ai-agents.com\/#organization"},"potentialAction":[{"@type":"SearchAction","target":{"@type":"EntryPoint","urlTemplate":"https:\/\/sales-ai-agents.com\/?s={search_term_string}"},"query-input":{"@type":"PropertyValueSpecification","valueRequired":true,"valueName":"search_term_string"}}],"inLanguage":"tr"},{"@type":"Organization","@id":"https:\/\/sales-ai-agents.com\/#organization","name":"FuseBase","url":"https:\/\/sales-ai-agents.com\/","logo":{"@type":"ImageObject","inLanguage":"tr","@id":"https:\/\/sales-ai-agents.com\/#\/schema\/logo\/image\/","url":"https:\/\/sales-ai-agents.com\/wp-content\/uploads\/2023\/11\/icon-7.svg","contentUrl":"https:\/\/sales-ai-agents.com\/wp-content\/uploads\/2023\/11\/icon-7.svg","width":128,"height":128,"caption":"FuseBase"},"image":{"@id":"https:\/\/sales-ai-agents.com\/#\/schema\/logo\/image\/"}}]}},"_links":{"self":[{"href":"https:\/\/sales-ai-agents.com\/tr\/wp-json\/wp\/v2\/product\/56329","targetHints":{"allow":["GET"]}}],"collection":[{"href":"https:\/\/sales-ai-agents.com\/tr\/wp-json\/wp\/v2\/product"}],"about":[{"href":"https:\/\/sales-ai-agents.com\/tr\/wp-json\/wp\/v2\/types\/product"}],"wp:featuredmedia":[{"embeddable":true,"href":"https:\/\/sales-ai-agents.com\/tr\/wp-json\/wp\/v2\/media\/56330"}],"wp:attachment":[{"href":"https:\/\/sales-ai-agents.com\/tr\/wp-json\/wp\/v2\/media?parent=56329"}],"wp:term":[{"taxonomy":"product_brand","embeddable":true,"href":"https:\/\/sales-ai-agents.com\/tr\/wp-json\/wp\/v2\/product_brand?post=56329"},{"taxonomy":"product_cat","embeddable":true,"href":"https:\/\/sales-ai-agents.com\/tr\/wp-json\/wp\/v2\/product_cat?post=56329"},{"taxonomy":"product_tag","embeddable":true,"href":"https:\/\/sales-ai-agents.com\/tr\/wp-json\/wp\/v2\/product_tag?post=56329"}],"curies":[{"name":"wp","href":"https:\/\/api.w.org\/{rel}","templated":true}]}}