{"id":56332,"date":"2022-09-26T12:17:45","date_gmt":"2022-09-26T12:17:45","guid":{"rendered":"https:\/\/sales-ai-agents.com\/templates\/digital-asset-management\/"},"modified":"2023-12-27T15:26:58","modified_gmt":"2023-12-27T15:26:58","slug":"digital-asset-management","status":"publish","type":"product","link":"https:\/\/sales-ai-agents.com\/tr\/templates\/digital-asset-management\/","title":{"rendered":"Dijital Varl\u0131k Y\u00f6netimi"},"content":{"rendered":"<p>&nbsp;<\/p>\n<h2>Dijital Varl\u0131k Y\u00f6netimi \u015eablonu<\/h2>\n<p class=\"desc-text\">Varl\u0131k y\u00f6netimi \u015fablonumuzla t\u00fcm dijital varl\u0131klar\u0131n\u0131z\u0131 tek bir yerde saklay\u0131n. \u0130ster \u00f6\u011frenci, ister tasar\u0131mc\u0131, ister giri\u015fimci olun, bu \u015fablona PDF&#8217;ler, ses dosyalar\u0131, videolar ve resimler ekleyebilirsiniz. Kolayl\u0131k sa\u011flamak i\u00e7in t\u00fcm eklerinizi tek bir yerden y\u00f6netin ve varl\u0131klar\u0131n\u0131za herhangi bir cihaz\u0131 kullanarak eri\u015fin. Di\u011fer \u00fcyeleri etiketleyerek ve ekibinizle payla\u015farak bilgi da\u011f\u0131tabilirsiniz.<\/p>\n<h5>Nas\u0131l kullan\u0131l\u0131r?<\/h5>\n<ul class=\"desc-item_list\">\n<li class=\"desc-item_list__point\">Dijital varl\u0131klar\u0131 saklamak ve payla\u015fmak i\u00e7in bu \u015fablonu kullan\u0131n<\/li>\n<li class=\"desc-item_list__point\">Ses, video, PDF veya g\u00f6r\u00fcnt\u00fc y\u00fckleyin<\/li>\n<li class=\"desc-item_list__point\">Web sayfas\u0131 g\u00f6r\u00fcnt\u00fclerini toplamak i\u00e7in Nimbus Clipper&#8217;\u0131 kullan\u0131n<\/li>\n<li class=\"desc-item_list__point\">Nimbus Capture ile video kaydetme<\/li>\n<li class=\"desc-item_list__point\">\u0130lgili t\u00fcm dosyalar\u0131 \u015fablona ekleyin<\/li>\n<li class=\"desc-item_list__point\">Ba\u015fkalar\u0131n\u0131 etiketleyin ve ekibinizle payla\u015f\u0131n<\/li>\n<\/ul>\n","protected":false},"excerpt":{"rendered":"<p>Varl\u0131k y\u00f6netimi \u015fablonumuzla t\u00fcm dijital varl\u0131klar\u0131n\u0131z\u0131 tek bir yerde saklay\u0131n. Bu \u00fccretsiz \u015fablona PDF&#8217;ler, ses dosyalar\u0131, videolar ve resimler ekleyebilirsiniz!<\/p>\n","protected":false},"featured_media":56333,"template":"","meta":{"_acf_changed":false,"inline_featured_image":false},"product_brand":[],"product_cat":[251],"product_tag":[],"class_list":{"0":"post-56332","1":"product","2":"type-product","3":"status-publish","4":"has-post-thumbnail","6":"product_cat-designer","7":"collections-manager","8":"for-marketing-sales","10":"first","11":"instock","12":"virtual","13":"sold-individually","14":"product-type-simple"},"acf":[],"yoast_head":"<!-- This site is optimized with the Yoast SEO plugin v25.3.1 - https:\/\/yoast.com\/wordpress\/plugins\/seo\/ -->\n<title>Dijital Varl\u0131k Y\u00f6netimi \u015eablonu - Sales AI Agents<\/title>\n<meta name=\"description\" content=\"Varl\u0131k y\u00f6netimi \u015fablonumuzla t\u00fcm dijital varl\u0131klar\u0131n\u0131z\u0131 tek bir yerde saklay\u0131n. Bu \u00fccretsiz \u015fablona PDF&#039;ler, ses dosyalar\u0131, videolar ve resimler ekleyebilirsiniz!\" \/>\n<meta name=\"robots\" content=\"index, follow, max-snippet:-1, max-image-preview:large, max-video-preview:-1\" \/>\n<link rel=\"canonical\" href=\"https:\/\/sales-ai-agents.com\/tr\/templates\/digital-asset-management\/\" \/>\n<meta property=\"og:locale\" content=\"tr_TR\" \/>\n<meta property=\"og:type\" content=\"article\" \/>\n<meta property=\"og:title\" content=\"Dijital Varl\u0131k Y\u00f6netimi \u015eablonu - Sales AI Agents\" \/>\n<meta property=\"og:description\" content=\"Varl\u0131k y\u00f6netimi \u015fablonumuzla t\u00fcm dijital varl\u0131klar\u0131n\u0131z\u0131 tek bir yerde saklay\u0131n. Bu \u00fccretsiz \u015fablona PDF&#039;ler, ses dosyalar\u0131, videolar ve resimler ekleyebilirsiniz!\" \/>\n<meta property=\"og:url\" content=\"https:\/\/sales-ai-agents.com\/tr\/templates\/digital-asset-management\/\" \/>\n<meta property=\"og:site_name\" content=\"Sales AI Agents\" \/>\n<meta property=\"article:modified_time\" content=\"2023-12-27T15:26:58+00:00\" \/>\n<meta property=\"og:image\" content=\"https:\/\/sales-ai-agents.com\/wp-content\/uploads\/2023\/01\/image-preview121238.png\" \/>\n\t<meta property=\"og:image:width\" content=\"1078\" \/>\n\t<meta property=\"og:image:height\" content=\"887\" \/>\n\t<meta property=\"og:image:type\" content=\"image\/png\" \/>\n<meta name=\"twitter:card\" content=\"summary_large_image\" \/>\n<script type=\"application\/ld+json\" class=\"yoast-schema-graph\">{\"@context\":\"https:\/\/schema.org\",\"@graph\":[{\"@type\":\"WebPage\",\"@id\":\"https:\/\/sales-ai-agents.com\/tr\/templates\/digital-asset-management\/\",\"url\":\"https:\/\/sales-ai-agents.com\/tr\/templates\/digital-asset-management\/\",\"name\":\"Dijital Varl\u0131k Y\u00f6netimi \u015eablonu - Sales AI Agents\",\"isPartOf\":{\"@id\":\"https:\/\/sales-ai-agents.com\/#website\"},\"primaryImageOfPage\":{\"@id\":\"https:\/\/sales-ai-agents.com\/tr\/templates\/digital-asset-management\/#primaryimage\"},\"image\":{\"@id\":\"https:\/\/sales-ai-agents.com\/tr\/templates\/digital-asset-management\/#primaryimage\"},\"thumbnailUrl\":\"https:\/\/sales-ai-agents.com\/wp-content\/uploads\/2023\/01\/image-preview121238.png\",\"datePublished\":\"2022-09-26T12:17:45+00:00\",\"dateModified\":\"2023-12-27T15:26:58+00:00\",\"description\":\"Varl\u0131k y\u00f6netimi \u015fablonumuzla t\u00fcm dijital varl\u0131klar\u0131n\u0131z\u0131 tek bir yerde saklay\u0131n. Bu \u00fccretsiz \u015fablona PDF'ler, ses dosyalar\u0131, videolar ve resimler ekleyebilirsiniz!\",\"inLanguage\":\"tr\",\"potentialAction\":[{\"@type\":\"ReadAction\",\"target\":[\"https:\/\/sales-ai-agents.com\/tr\/templates\/digital-asset-management\/\"]}]},{\"@type\":\"ImageObject\",\"inLanguage\":\"tr\",\"@id\":\"https:\/\/sales-ai-agents.com\/tr\/templates\/digital-asset-management\/#primaryimage\",\"url\":\"https:\/\/sales-ai-agents.com\/wp-content\/uploads\/2023\/01\/image-preview121238.png\",\"contentUrl\":\"https:\/\/sales-ai-agents.com\/wp-content\/uploads\/2023\/01\/image-preview121238.png\",\"width\":1078,\"height\":887},{\"@type\":\"WebSite\",\"@id\":\"https:\/\/sales-ai-agents.com\/#website\",\"url\":\"https:\/\/sales-ai-agents.com\/\",\"name\":\"FuseBase\",\"description\":\"Sales AI Agents - Free Online Collaboration Software for Remote Teams. Build your wikis, client portals and more with the Nimbus Platform collaboration tool ? A perfect space for online work\",\"publisher\":{\"@id\":\"https:\/\/sales-ai-agents.com\/#organization\"},\"potentialAction\":[{\"@type\":\"SearchAction\",\"target\":{\"@type\":\"EntryPoint\",\"urlTemplate\":\"https:\/\/sales-ai-agents.com\/?s={search_term_string}\"},\"query-input\":{\"@type\":\"PropertyValueSpecification\",\"valueRequired\":true,\"valueName\":\"search_term_string\"}}],\"inLanguage\":\"tr\"},{\"@type\":\"Organization\",\"@id\":\"https:\/\/sales-ai-agents.com\/#organization\",\"name\":\"FuseBase\",\"url\":\"https:\/\/sales-ai-agents.com\/\",\"logo\":{\"@type\":\"ImageObject\",\"inLanguage\":\"tr\",\"@id\":\"https:\/\/sales-ai-agents.com\/#\/schema\/logo\/image\/\",\"url\":\"https:\/\/sales-ai-agents.com\/wp-content\/uploads\/2023\/11\/icon-7.svg\",\"contentUrl\":\"https:\/\/sales-ai-agents.com\/wp-content\/uploads\/2023\/11\/icon-7.svg\",\"width\":128,\"height\":128,\"caption\":\"FuseBase\"},\"image\":{\"@id\":\"https:\/\/sales-ai-agents.com\/#\/schema\/logo\/image\/\"}}]}<\/script>\n<!-- \/ Yoast SEO plugin. -->","yoast_head_json":{"title":"Dijital Varl\u0131k Y\u00f6netimi \u015eablonu - Sales AI Agents","description":"Varl\u0131k y\u00f6netimi \u015fablonumuzla t\u00fcm dijital varl\u0131klar\u0131n\u0131z\u0131 tek bir yerde saklay\u0131n. Bu \u00fccretsiz \u015fablona PDF'ler, ses dosyalar\u0131, videolar ve resimler ekleyebilirsiniz!","robots":{"index":"index","follow":"follow","max-snippet":"max-snippet:-1","max-image-preview":"max-image-preview:large","max-video-preview":"max-video-preview:-1"},"canonical":"https:\/\/sales-ai-agents.com\/tr\/templates\/digital-asset-management\/","og_locale":"tr_TR","og_type":"article","og_title":"Dijital Varl\u0131k Y\u00f6netimi \u015eablonu - Sales AI Agents","og_description":"Varl\u0131k y\u00f6netimi \u015fablonumuzla t\u00fcm dijital varl\u0131klar\u0131n\u0131z\u0131 tek bir yerde saklay\u0131n. Bu \u00fccretsiz \u015fablona PDF'ler, ses dosyalar\u0131, videolar ve resimler ekleyebilirsiniz!","og_url":"https:\/\/sales-ai-agents.com\/tr\/templates\/digital-asset-management\/","og_site_name":"Sales AI Agents","article_modified_time":"2023-12-27T15:26:58+00:00","og_image":[{"width":1078,"height":887,"url":"https:\/\/sales-ai-agents.com\/wp-content\/uploads\/2023\/01\/image-preview121238.png","type":"image\/png"}],"twitter_card":"summary_large_image","schema":{"@context":"https:\/\/schema.org","@graph":[{"@type":"WebPage","@id":"https:\/\/sales-ai-agents.com\/tr\/templates\/digital-asset-management\/","url":"https:\/\/sales-ai-agents.com\/tr\/templates\/digital-asset-management\/","name":"Dijital Varl\u0131k Y\u00f6netimi \u015eablonu - Sales AI Agents","isPartOf":{"@id":"https:\/\/sales-ai-agents.com\/#website"},"primaryImageOfPage":{"@id":"https:\/\/sales-ai-agents.com\/tr\/templates\/digital-asset-management\/#primaryimage"},"image":{"@id":"https:\/\/sales-ai-agents.com\/tr\/templates\/digital-asset-management\/#primaryimage"},"thumbnailUrl":"https:\/\/sales-ai-agents.com\/wp-content\/uploads\/2023\/01\/image-preview121238.png","datePublished":"2022-09-26T12:17:45+00:00","dateModified":"2023-12-27T15:26:58+00:00","description":"Varl\u0131k y\u00f6netimi \u015fablonumuzla t\u00fcm dijital varl\u0131klar\u0131n\u0131z\u0131 tek bir yerde saklay\u0131n. Bu \u00fccretsiz \u015fablona PDF'ler, ses dosyalar\u0131, videolar ve resimler ekleyebilirsiniz!","inLanguage":"tr","potentialAction":[{"@type":"ReadAction","target":["https:\/\/sales-ai-agents.com\/tr\/templates\/digital-asset-management\/"]}]},{"@type":"ImageObject","inLanguage":"tr","@id":"https:\/\/sales-ai-agents.com\/tr\/templates\/digital-asset-management\/#primaryimage","url":"https:\/\/sales-ai-agents.com\/wp-content\/uploads\/2023\/01\/image-preview121238.png","contentUrl":"https:\/\/sales-ai-agents.com\/wp-content\/uploads\/2023\/01\/image-preview121238.png","width":1078,"height":887},{"@type":"WebSite","@id":"https:\/\/sales-ai-agents.com\/#website","url":"https:\/\/sales-ai-agents.com\/","name":"FuseBase","description":"Sales AI Agents - Free Online Collaboration Software for Remote Teams. Build your wikis, client portals and more with the Nimbus Platform collaboration tool ? A perfect space for online work","publisher":{"@id":"https:\/\/sales-ai-agents.com\/#organization"},"potentialAction":[{"@type":"SearchAction","target":{"@type":"EntryPoint","urlTemplate":"https:\/\/sales-ai-agents.com\/?s={search_term_string}"},"query-input":{"@type":"PropertyValueSpecification","valueRequired":true,"valueName":"search_term_string"}}],"inLanguage":"tr"},{"@type":"Organization","@id":"https:\/\/sales-ai-agents.com\/#organization","name":"FuseBase","url":"https:\/\/sales-ai-agents.com\/","logo":{"@type":"ImageObject","inLanguage":"tr","@id":"https:\/\/sales-ai-agents.com\/#\/schema\/logo\/image\/","url":"https:\/\/sales-ai-agents.com\/wp-content\/uploads\/2023\/11\/icon-7.svg","contentUrl":"https:\/\/sales-ai-agents.com\/wp-content\/uploads\/2023\/11\/icon-7.svg","width":128,"height":128,"caption":"FuseBase"},"image":{"@id":"https:\/\/sales-ai-agents.com\/#\/schema\/logo\/image\/"}}]}},"_links":{"self":[{"href":"https:\/\/sales-ai-agents.com\/tr\/wp-json\/wp\/v2\/product\/56332","targetHints":{"allow":["GET"]}}],"collection":[{"href":"https:\/\/sales-ai-agents.com\/tr\/wp-json\/wp\/v2\/product"}],"about":[{"href":"https:\/\/sales-ai-agents.com\/tr\/wp-json\/wp\/v2\/types\/product"}],"wp:featuredmedia":[{"embeddable":true,"href":"https:\/\/sales-ai-agents.com\/tr\/wp-json\/wp\/v2\/media\/56333"}],"wp:attachment":[{"href":"https:\/\/sales-ai-agents.com\/tr\/wp-json\/wp\/v2\/media?parent=56332"}],"wp:term":[{"taxonomy":"product_brand","embeddable":true,"href":"https:\/\/sales-ai-agents.com\/tr\/wp-json\/wp\/v2\/product_brand?post=56332"},{"taxonomy":"product_cat","embeddable":true,"href":"https:\/\/sales-ai-agents.com\/tr\/wp-json\/wp\/v2\/product_cat?post=56332"},{"taxonomy":"product_tag","embeddable":true,"href":"https:\/\/sales-ai-agents.com\/tr\/wp-json\/wp\/v2\/product_tag?post=56332"}],"curies":[{"name":"wp","href":"https:\/\/api.w.org\/{rel}","templated":true}]}}