{"id":56337,"date":"2022-09-26T12:17:42","date_gmt":"2022-09-26T12:17:42","guid":{"rendered":"https:\/\/sales-ai-agents.com\/templates\/my-weekly-plans\/"},"modified":"2024-01-02T13:59:40","modified_gmt":"2024-01-02T13:59:40","slug":"my-weekly-plans","status":"publish","type":"product","link":"https:\/\/sales-ai-agents.com\/tr\/templates\/my-weekly-plans\/","title":{"rendered":"Haftal\u0131k Planlar\u0131m"},"content":{"rendered":"<p>&nbsp;<\/p>\n<h2>Haftal\u0131k Planlar\u0131m \u015eablonu<\/h2>\n<p class=\"desc-text\">Etkinlikler, son teslim tarihleri, randevular, aramalar ve toplant\u0131larla dolu yo\u011fun bir hafta ge\u00e7iriyorsan\u0131z, bu \u015fablona g\u00f6z at\u0131n. Sorumluluklar\u0131n\u0131z\u0131 organize edebilmek i\u00e7in bu haftal\u0131k planlay\u0131c\u0131y\u0131 doldurun. T\u00fcm \u00f6\u011felerinizi tek bir yerde yap\u0131land\u0131rmak i\u00e7in tabloyu kullan\u0131n. Tablolarla, \u00f6\u011feleriniz haftan\u0131n g\u00fcn\u00fcne g\u00f6re kolayca kategorize edilebilir. Unutmak istemedi\u011finiz her \u015feyi listeleyin. \u00d6ncelikli olan \u00f6\u011feleri eklemek i\u00e7in belirtilen kutuyu kullan\u0131n. Her haftan\u0131n ba\u015f\u0131nda \u015fablonu kopyalay\u0131n veya yeniden kullan\u0131n, b\u00f6ylece t\u00fcm g\u00f6revlerinizin \u00fcstesinden gelebilirsiniz.<\/p>\n<h5>Nas\u0131l kullan\u0131l\u0131r?<\/h5>\n<ul class=\"desc-item_list\">\n<li class=\"desc-item_list__point\">Tablodaki \u00f6\u011feleri g\u00fcne g\u00f6re listeleyin<\/li>\n<li class=\"desc-item_list__point\">Randevular\u0131, son teslim tarihlerini, e-postalar\u0131, aramalar\u0131 ve daha fazlas\u0131n\u0131 dahil edin<\/li>\n<li class=\"desc-item_list__point\">Sa\u011f \u00fcstteki kutuya \u00f6ncelikler ekleyin<\/li>\n<li class=\"desc-item_list__point\">Haftal\u0131k faaliyetler veya sorumluluklar listesi olu\u015fturun<\/li>\n<li class=\"desc-item_list__point\">Sa\u011f alttaki kutuya notlar yaz\u0131n<\/li>\n<\/ul>\n","protected":false},"excerpt":{"rendered":"<p>Etkinlikler, teslim tarihleri ve toplant\u0131larla dolu yo\u011fun bir hafta ge\u00e7iriyorsan\u0131z bu \u015fablonu deneyin. Sorumluluklar\u0131n\u0131z\u0131 d\u00fczenleyebilmek i\u00e7in bu haftal\u0131k planlay\u0131c\u0131y\u0131 doldurun.<\/p>\n","protected":false},"featured_media":56338,"template":"","meta":{"_acf_changed":false,"inline_featured_image":false},"product_brand":[],"product_cat":[257,266,256],"product_tag":[],"class_list":{"0":"post-56337","1":"product","2":"type-product","3":"status-publish","4":"has-post-thumbnail","6":"product_cat-personal","7":"product_cat-personal-work","8":"product_cat-organizers-planners","10":"first","11":"instock","12":"virtual","13":"sold-individually","14":"product-type-simple"},"acf":[],"yoast_head":"<!-- This site is optimized with the Yoast SEO plugin v25.3.1 - https:\/\/yoast.com\/wordpress\/plugins\/seo\/ -->\n<title>Haftal\u0131k Planlar\u0131m \u015eablonu - Sales AI Agents<\/title>\n<meta name=\"description\" content=\"Etkinlikler, teslim tarihleri ve toplant\u0131larla dolu yo\u011fun bir hafta ge\u00e7iriyorsan\u0131z bu \u015fablonu deneyin. Sorumluluklar\u0131n\u0131z\u0131 d\u00fczenlemek i\u00e7in bu haftal\u0131k planlay\u0131c\u0131y\u0131 doldurun.\" \/>\n<meta name=\"robots\" content=\"index, follow, max-snippet:-1, max-image-preview:large, max-video-preview:-1\" \/>\n<link rel=\"canonical\" href=\"https:\/\/sales-ai-agents.com\/tr\/templates\/my-weekly-plans\/\" \/>\n<meta property=\"og:locale\" content=\"tr_TR\" \/>\n<meta property=\"og:type\" content=\"article\" \/>\n<meta property=\"og:title\" content=\"Haftal\u0131k Planlar\u0131m \u015eablonu - Sales AI Agents\" \/>\n<meta property=\"og:description\" content=\"Etkinlikler, teslim tarihleri ve toplant\u0131larla dolu yo\u011fun bir hafta ge\u00e7iriyorsan\u0131z bu \u015fablonu deneyin. Sorumluluklar\u0131n\u0131z\u0131 d\u00fczenlemek i\u00e7in bu haftal\u0131k planlay\u0131c\u0131y\u0131 doldurun.\" \/>\n<meta property=\"og:url\" content=\"https:\/\/sales-ai-agents.com\/tr\/templates\/my-weekly-plans\/\" \/>\n<meta property=\"og:site_name\" content=\"Sales AI Agents\" \/>\n<meta property=\"article:modified_time\" content=\"2024-01-02T13:59:40+00:00\" \/>\n<meta property=\"og:image\" content=\"https:\/\/sales-ai-agents.com\/wp-content\/uploads\/2023\/01\/image-preview121236.png\" \/>\n\t<meta property=\"og:image:width\" content=\"1078\" \/>\n\t<meta property=\"og:image:height\" content=\"1358\" \/>\n\t<meta property=\"og:image:type\" content=\"image\/png\" \/>\n<meta name=\"twitter:card\" content=\"summary_large_image\" \/>\n<script type=\"application\/ld+json\" class=\"yoast-schema-graph\">{\"@context\":\"https:\/\/schema.org\",\"@graph\":[{\"@type\":\"WebPage\",\"@id\":\"https:\/\/sales-ai-agents.com\/tr\/templates\/my-weekly-plans\/\",\"url\":\"https:\/\/sales-ai-agents.com\/tr\/templates\/my-weekly-plans\/\",\"name\":\"Haftal\u0131k Planlar\u0131m \u015eablonu - Sales AI Agents\",\"isPartOf\":{\"@id\":\"https:\/\/sales-ai-agents.com\/#website\"},\"primaryImageOfPage\":{\"@id\":\"https:\/\/sales-ai-agents.com\/tr\/templates\/my-weekly-plans\/#primaryimage\"},\"image\":{\"@id\":\"https:\/\/sales-ai-agents.com\/tr\/templates\/my-weekly-plans\/#primaryimage\"},\"thumbnailUrl\":\"https:\/\/sales-ai-agents.com\/wp-content\/uploads\/2023\/01\/image-preview121236.png\",\"datePublished\":\"2022-09-26T12:17:42+00:00\",\"dateModified\":\"2024-01-02T13:59:40+00:00\",\"description\":\"Etkinlikler, teslim tarihleri ve toplant\u0131larla dolu yo\u011fun bir hafta ge\u00e7iriyorsan\u0131z bu \u015fablonu deneyin. Sorumluluklar\u0131n\u0131z\u0131 d\u00fczenlemek i\u00e7in bu haftal\u0131k planlay\u0131c\u0131y\u0131 doldurun.\",\"inLanguage\":\"tr\",\"potentialAction\":[{\"@type\":\"ReadAction\",\"target\":[\"https:\/\/sales-ai-agents.com\/tr\/templates\/my-weekly-plans\/\"]}]},{\"@type\":\"ImageObject\",\"inLanguage\":\"tr\",\"@id\":\"https:\/\/sales-ai-agents.com\/tr\/templates\/my-weekly-plans\/#primaryimage\",\"url\":\"https:\/\/sales-ai-agents.com\/wp-content\/uploads\/2023\/01\/image-preview121236.png\",\"contentUrl\":\"https:\/\/sales-ai-agents.com\/wp-content\/uploads\/2023\/01\/image-preview121236.png\",\"width\":1078,\"height\":1358},{\"@type\":\"WebSite\",\"@id\":\"https:\/\/sales-ai-agents.com\/#website\",\"url\":\"https:\/\/sales-ai-agents.com\/\",\"name\":\"FuseBase\",\"description\":\"Sales AI Agents - Free Online Collaboration Software for Remote Teams. Build your wikis, client portals and more with the Nimbus Platform collaboration tool ? A perfect space for online work\",\"publisher\":{\"@id\":\"https:\/\/sales-ai-agents.com\/#organization\"},\"potentialAction\":[{\"@type\":\"SearchAction\",\"target\":{\"@type\":\"EntryPoint\",\"urlTemplate\":\"https:\/\/sales-ai-agents.com\/?s={search_term_string}\"},\"query-input\":{\"@type\":\"PropertyValueSpecification\",\"valueRequired\":true,\"valueName\":\"search_term_string\"}}],\"inLanguage\":\"tr\"},{\"@type\":\"Organization\",\"@id\":\"https:\/\/sales-ai-agents.com\/#organization\",\"name\":\"FuseBase\",\"url\":\"https:\/\/sales-ai-agents.com\/\",\"logo\":{\"@type\":\"ImageObject\",\"inLanguage\":\"tr\",\"@id\":\"https:\/\/sales-ai-agents.com\/#\/schema\/logo\/image\/\",\"url\":\"https:\/\/sales-ai-agents.com\/wp-content\/uploads\/2023\/11\/icon-7.svg\",\"contentUrl\":\"https:\/\/sales-ai-agents.com\/wp-content\/uploads\/2023\/11\/icon-7.svg\",\"width\":128,\"height\":128,\"caption\":\"FuseBase\"},\"image\":{\"@id\":\"https:\/\/sales-ai-agents.com\/#\/schema\/logo\/image\/\"}}]}<\/script>\n<!-- \/ Yoast SEO plugin. -->","yoast_head_json":{"title":"Haftal\u0131k Planlar\u0131m \u015eablonu - Sales AI Agents","description":"Etkinlikler, teslim tarihleri ve toplant\u0131larla dolu yo\u011fun bir hafta ge\u00e7iriyorsan\u0131z bu \u015fablonu deneyin. Sorumluluklar\u0131n\u0131z\u0131 d\u00fczenlemek i\u00e7in bu haftal\u0131k planlay\u0131c\u0131y\u0131 doldurun.","robots":{"index":"index","follow":"follow","max-snippet":"max-snippet:-1","max-image-preview":"max-image-preview:large","max-video-preview":"max-video-preview:-1"},"canonical":"https:\/\/sales-ai-agents.com\/tr\/templates\/my-weekly-plans\/","og_locale":"tr_TR","og_type":"article","og_title":"Haftal\u0131k Planlar\u0131m \u015eablonu - Sales AI Agents","og_description":"Etkinlikler, teslim tarihleri ve toplant\u0131larla dolu yo\u011fun bir hafta ge\u00e7iriyorsan\u0131z bu \u015fablonu deneyin. Sorumluluklar\u0131n\u0131z\u0131 d\u00fczenlemek i\u00e7in bu haftal\u0131k planlay\u0131c\u0131y\u0131 doldurun.","og_url":"https:\/\/sales-ai-agents.com\/tr\/templates\/my-weekly-plans\/","og_site_name":"Sales AI Agents","article_modified_time":"2024-01-02T13:59:40+00:00","og_image":[{"width":1078,"height":1358,"url":"https:\/\/sales-ai-agents.com\/wp-content\/uploads\/2023\/01\/image-preview121236.png","type":"image\/png"}],"twitter_card":"summary_large_image","schema":{"@context":"https:\/\/schema.org","@graph":[{"@type":"WebPage","@id":"https:\/\/sales-ai-agents.com\/tr\/templates\/my-weekly-plans\/","url":"https:\/\/sales-ai-agents.com\/tr\/templates\/my-weekly-plans\/","name":"Haftal\u0131k Planlar\u0131m \u015eablonu - Sales AI Agents","isPartOf":{"@id":"https:\/\/sales-ai-agents.com\/#website"},"primaryImageOfPage":{"@id":"https:\/\/sales-ai-agents.com\/tr\/templates\/my-weekly-plans\/#primaryimage"},"image":{"@id":"https:\/\/sales-ai-agents.com\/tr\/templates\/my-weekly-plans\/#primaryimage"},"thumbnailUrl":"https:\/\/sales-ai-agents.com\/wp-content\/uploads\/2023\/01\/image-preview121236.png","datePublished":"2022-09-26T12:17:42+00:00","dateModified":"2024-01-02T13:59:40+00:00","description":"Etkinlikler, teslim tarihleri ve toplant\u0131larla dolu yo\u011fun bir hafta ge\u00e7iriyorsan\u0131z bu \u015fablonu deneyin. Sorumluluklar\u0131n\u0131z\u0131 d\u00fczenlemek i\u00e7in bu haftal\u0131k planlay\u0131c\u0131y\u0131 doldurun.","inLanguage":"tr","potentialAction":[{"@type":"ReadAction","target":["https:\/\/sales-ai-agents.com\/tr\/templates\/my-weekly-plans\/"]}]},{"@type":"ImageObject","inLanguage":"tr","@id":"https:\/\/sales-ai-agents.com\/tr\/templates\/my-weekly-plans\/#primaryimage","url":"https:\/\/sales-ai-agents.com\/wp-content\/uploads\/2023\/01\/image-preview121236.png","contentUrl":"https:\/\/sales-ai-agents.com\/wp-content\/uploads\/2023\/01\/image-preview121236.png","width":1078,"height":1358},{"@type":"WebSite","@id":"https:\/\/sales-ai-agents.com\/#website","url":"https:\/\/sales-ai-agents.com\/","name":"FuseBase","description":"Sales AI Agents - Free Online Collaboration Software for Remote Teams. Build your wikis, client portals and more with the Nimbus Platform collaboration tool ? A perfect space for online work","publisher":{"@id":"https:\/\/sales-ai-agents.com\/#organization"},"potentialAction":[{"@type":"SearchAction","target":{"@type":"EntryPoint","urlTemplate":"https:\/\/sales-ai-agents.com\/?s={search_term_string}"},"query-input":{"@type":"PropertyValueSpecification","valueRequired":true,"valueName":"search_term_string"}}],"inLanguage":"tr"},{"@type":"Organization","@id":"https:\/\/sales-ai-agents.com\/#organization","name":"FuseBase","url":"https:\/\/sales-ai-agents.com\/","logo":{"@type":"ImageObject","inLanguage":"tr","@id":"https:\/\/sales-ai-agents.com\/#\/schema\/logo\/image\/","url":"https:\/\/sales-ai-agents.com\/wp-content\/uploads\/2023\/11\/icon-7.svg","contentUrl":"https:\/\/sales-ai-agents.com\/wp-content\/uploads\/2023\/11\/icon-7.svg","width":128,"height":128,"caption":"FuseBase"},"image":{"@id":"https:\/\/sales-ai-agents.com\/#\/schema\/logo\/image\/"}}]}},"_links":{"self":[{"href":"https:\/\/sales-ai-agents.com\/tr\/wp-json\/wp\/v2\/product\/56337","targetHints":{"allow":["GET"]}}],"collection":[{"href":"https:\/\/sales-ai-agents.com\/tr\/wp-json\/wp\/v2\/product"}],"about":[{"href":"https:\/\/sales-ai-agents.com\/tr\/wp-json\/wp\/v2\/types\/product"}],"wp:featuredmedia":[{"embeddable":true,"href":"https:\/\/sales-ai-agents.com\/tr\/wp-json\/wp\/v2\/media\/56338"}],"wp:attachment":[{"href":"https:\/\/sales-ai-agents.com\/tr\/wp-json\/wp\/v2\/media?parent=56337"}],"wp:term":[{"taxonomy":"product_brand","embeddable":true,"href":"https:\/\/sales-ai-agents.com\/tr\/wp-json\/wp\/v2\/product_brand?post=56337"},{"taxonomy":"product_cat","embeddable":true,"href":"https:\/\/sales-ai-agents.com\/tr\/wp-json\/wp\/v2\/product_cat?post=56337"},{"taxonomy":"product_tag","embeddable":true,"href":"https:\/\/sales-ai-agents.com\/tr\/wp-json\/wp\/v2\/product_tag?post=56337"}],"curies":[{"name":"wp","href":"https:\/\/api.w.org\/{rel}","templated":true}]}}