{"id":56346,"date":"2022-09-26T12:17:24","date_gmt":"2022-09-26T12:17:24","guid":{"rendered":"https:\/\/sales-ai-agents.com\/templates\/classic-cornell-notes\/"},"modified":"2023-12-26T20:40:25","modified_gmt":"2023-12-26T20:40:25","slug":"classic-cornell-notes","status":"publish","type":"product","link":"https:\/\/sales-ai-agents.com\/tr\/templates\/classic-cornell-notes\/","title":{"rendered":"Klasik Cornell Notlar\u0131"},"content":{"rendered":"<p>&nbsp;<\/p>\n<h2>Klasik Cornell Notlar\u0131 \u015eablonu<\/h2>\n<p class=\"desc-text\">D\u00fcz bir belge veya i\u015flemci \u00fczerinde bilgi bulmak sinir bozucu olabilir. Pop\u00fcler bir not alma tekni\u011fine g\u00f6re yap\u0131land\u0131r\u0131lm\u0131\u015f not \u015fablonumuzu kullanarak ders notlar\u0131n\u0131z\u0131n d\u00fczenli oldu\u011fundan emin olun. Bu \u00e7evrimi\u00e7i \u00f6\u011frenme arac\u0131, bilgileri \u00fc\u00e7 b\u00f6l\u00fcme ay\u0131rmak i\u00e7in bir tablo i\u00e7erir &#8211; kilit noktalar, ayr\u0131nt\u0131lar ve bir \u00f6zet. \u0130\u015finizi netle\u015ftirmek ve her \u015feyi kolayca bulmak i\u00e7in kullan\u0131n, b\u00f6ylece zamandan ve emekten tasarruf edebilirsiniz.<\/p>\n<h5>Nas\u0131l kullan\u0131l\u0131r?<\/h5>\n<ul class=\"desc-item_list\">\n<li class=\"desc-item_list__point\">Notlar\u0131n\u0131z i\u00e7in ba\u015fl\u0131k, tarih ve s\u0131n\u0131f ekleyin<\/li>\n<li class=\"desc-item_list__point\">Sol s\u00fctuna kilit noktalar\u0131 yaz\u0131n<\/li>\n<li class=\"desc-item_list__point\">Ayr\u0131nt\u0131lar\u0131 ve notlar\u0131 sa\u011f s\u00fctuna ekleyin<\/li>\n<li class=\"desc-item_list__point\">Bilgileri h\u0131zl\u0131ca tan\u0131mlamak i\u00e7in sol s\u00fctunu kullan\u0131n<\/li>\n<li class=\"desc-item_list__point\">Son sat\u0131ra notlar\u0131n\u0131z\u0131n bir \u00f6zetini yaz\u0131n<\/li>\n<\/ul>\n","protected":false},"excerpt":{"rendered":"<p>D\u00fcz bir belge veya i\u015flemci \u00fczerinde bilgi bulmak sinir bozucu olabilir. Not \u015fablonumuzu kullanarak ders notlar\u0131n\u0131z\u0131n d\u00fczenli ve tertipli oldu\u011fundan emin olun.<\/p>\n","protected":false},"featured_media":56347,"template":"","meta":{"_acf_changed":false,"inline_featured_image":false},"product_brand":[],"product_cat":[267],"product_tag":[],"class_list":{"0":"post-56346","1":"product","2":"type-product","3":"status-publish","4":"has-post-thumbnail","6":"product_cat-student","8":"first","9":"instock","10":"virtual","11":"sold-individually","12":"product-type-simple"},"acf":[],"yoast_head":"<!-- This site is optimized with the Yoast SEO plugin v25.3.1 - https:\/\/yoast.com\/wordpress\/plugins\/seo\/ -->\n<title>Klasik Cornell Notlar\u0131 - Sales AI Agents<\/title>\n<meta name=\"description\" content=\"D\u00fcz bir belge veya i\u015flemci \u00fczerinde bilgi bulmak sinir bozucu olabilir. Not \u015fablonumuzu kullanarak ders notlar\u0131n\u0131z\u0131n d\u00fczenli ve tertipli oldu\u011fundan emin olun.\" \/>\n<meta name=\"robots\" content=\"index, follow, max-snippet:-1, max-image-preview:large, max-video-preview:-1\" \/>\n<link rel=\"canonical\" href=\"https:\/\/sales-ai-agents.com\/tr\/templates\/classic-cornell-notes\/\" \/>\n<meta property=\"og:locale\" content=\"tr_TR\" \/>\n<meta property=\"og:type\" content=\"article\" \/>\n<meta property=\"og:title\" content=\"Klasik Cornell Notlar\u0131 - Sales AI Agents\" \/>\n<meta property=\"og:description\" content=\"D\u00fcz bir belge veya i\u015flemci \u00fczerinde bilgi bulmak sinir bozucu olabilir. Not \u015fablonumuzu kullanarak ders notlar\u0131n\u0131z\u0131n d\u00fczenli ve tertipli oldu\u011fundan emin olun.\" \/>\n<meta property=\"og:url\" content=\"https:\/\/sales-ai-agents.com\/tr\/templates\/classic-cornell-notes\/\" \/>\n<meta property=\"og:site_name\" content=\"Sales AI Agents\" \/>\n<meta property=\"article:modified_time\" content=\"2023-12-26T20:40:25+00:00\" \/>\n<meta property=\"og:image\" content=\"https:\/\/sales-ai-agents.com\/wp-content\/uploads\/2023\/01\/image-preview121233.png\" \/>\n\t<meta property=\"og:image:width\" content=\"1078\" \/>\n\t<meta property=\"og:image:height\" content=\"970\" \/>\n\t<meta property=\"og:image:type\" content=\"image\/png\" \/>\n<meta name=\"twitter:card\" content=\"summary_large_image\" \/>\n<script type=\"application\/ld+json\" class=\"yoast-schema-graph\">{\"@context\":\"https:\/\/schema.org\",\"@graph\":[{\"@type\":\"WebPage\",\"@id\":\"https:\/\/sales-ai-agents.com\/tr\/templates\/classic-cornell-notes\/\",\"url\":\"https:\/\/sales-ai-agents.com\/tr\/templates\/classic-cornell-notes\/\",\"name\":\"Klasik Cornell Notlar\u0131 - Sales AI Agents\",\"isPartOf\":{\"@id\":\"https:\/\/sales-ai-agents.com\/#website\"},\"primaryImageOfPage\":{\"@id\":\"https:\/\/sales-ai-agents.com\/tr\/templates\/classic-cornell-notes\/#primaryimage\"},\"image\":{\"@id\":\"https:\/\/sales-ai-agents.com\/tr\/templates\/classic-cornell-notes\/#primaryimage\"},\"thumbnailUrl\":\"https:\/\/sales-ai-agents.com\/wp-content\/uploads\/2023\/01\/image-preview121233.png\",\"datePublished\":\"2022-09-26T12:17:24+00:00\",\"dateModified\":\"2023-12-26T20:40:25+00:00\",\"description\":\"D\u00fcz bir belge veya i\u015flemci \u00fczerinde bilgi bulmak sinir bozucu olabilir. Not \u015fablonumuzu kullanarak ders notlar\u0131n\u0131z\u0131n d\u00fczenli ve tertipli oldu\u011fundan emin olun.\",\"inLanguage\":\"tr\",\"potentialAction\":[{\"@type\":\"ReadAction\",\"target\":[\"https:\/\/sales-ai-agents.com\/tr\/templates\/classic-cornell-notes\/\"]}]},{\"@type\":\"ImageObject\",\"inLanguage\":\"tr\",\"@id\":\"https:\/\/sales-ai-agents.com\/tr\/templates\/classic-cornell-notes\/#primaryimage\",\"url\":\"https:\/\/sales-ai-agents.com\/wp-content\/uploads\/2023\/01\/image-preview121233.png\",\"contentUrl\":\"https:\/\/sales-ai-agents.com\/wp-content\/uploads\/2023\/01\/image-preview121233.png\",\"width\":1078,\"height\":970},{\"@type\":\"WebSite\",\"@id\":\"https:\/\/sales-ai-agents.com\/#website\",\"url\":\"https:\/\/sales-ai-agents.com\/\",\"name\":\"FuseBase\",\"description\":\"Sales AI Agents - Free Online Collaboration Software for Remote Teams. Build your wikis, client portals and more with the Nimbus Platform collaboration tool ? A perfect space for online work\",\"publisher\":{\"@id\":\"https:\/\/sales-ai-agents.com\/#organization\"},\"potentialAction\":[{\"@type\":\"SearchAction\",\"target\":{\"@type\":\"EntryPoint\",\"urlTemplate\":\"https:\/\/sales-ai-agents.com\/?s={search_term_string}\"},\"query-input\":{\"@type\":\"PropertyValueSpecification\",\"valueRequired\":true,\"valueName\":\"search_term_string\"}}],\"inLanguage\":\"tr\"},{\"@type\":\"Organization\",\"@id\":\"https:\/\/sales-ai-agents.com\/#organization\",\"name\":\"FuseBase\",\"url\":\"https:\/\/sales-ai-agents.com\/\",\"logo\":{\"@type\":\"ImageObject\",\"inLanguage\":\"tr\",\"@id\":\"https:\/\/sales-ai-agents.com\/#\/schema\/logo\/image\/\",\"url\":\"https:\/\/sales-ai-agents.com\/wp-content\/uploads\/2023\/11\/icon-7.svg\",\"contentUrl\":\"https:\/\/sales-ai-agents.com\/wp-content\/uploads\/2023\/11\/icon-7.svg\",\"width\":128,\"height\":128,\"caption\":\"FuseBase\"},\"image\":{\"@id\":\"https:\/\/sales-ai-agents.com\/#\/schema\/logo\/image\/\"}}]}<\/script>\n<!-- \/ Yoast SEO plugin. -->","yoast_head_json":{"title":"Klasik Cornell Notlar\u0131 - Sales AI Agents","description":"D\u00fcz bir belge veya i\u015flemci \u00fczerinde bilgi bulmak sinir bozucu olabilir. Not \u015fablonumuzu kullanarak ders notlar\u0131n\u0131z\u0131n d\u00fczenli ve tertipli oldu\u011fundan emin olun.","robots":{"index":"index","follow":"follow","max-snippet":"max-snippet:-1","max-image-preview":"max-image-preview:large","max-video-preview":"max-video-preview:-1"},"canonical":"https:\/\/sales-ai-agents.com\/tr\/templates\/classic-cornell-notes\/","og_locale":"tr_TR","og_type":"article","og_title":"Klasik Cornell Notlar\u0131 - Sales AI Agents","og_description":"D\u00fcz bir belge veya i\u015flemci \u00fczerinde bilgi bulmak sinir bozucu olabilir. Not \u015fablonumuzu kullanarak ders notlar\u0131n\u0131z\u0131n d\u00fczenli ve tertipli oldu\u011fundan emin olun.","og_url":"https:\/\/sales-ai-agents.com\/tr\/templates\/classic-cornell-notes\/","og_site_name":"Sales AI Agents","article_modified_time":"2023-12-26T20:40:25+00:00","og_image":[{"width":1078,"height":970,"url":"https:\/\/sales-ai-agents.com\/wp-content\/uploads\/2023\/01\/image-preview121233.png","type":"image\/png"}],"twitter_card":"summary_large_image","schema":{"@context":"https:\/\/schema.org","@graph":[{"@type":"WebPage","@id":"https:\/\/sales-ai-agents.com\/tr\/templates\/classic-cornell-notes\/","url":"https:\/\/sales-ai-agents.com\/tr\/templates\/classic-cornell-notes\/","name":"Klasik Cornell Notlar\u0131 - Sales AI Agents","isPartOf":{"@id":"https:\/\/sales-ai-agents.com\/#website"},"primaryImageOfPage":{"@id":"https:\/\/sales-ai-agents.com\/tr\/templates\/classic-cornell-notes\/#primaryimage"},"image":{"@id":"https:\/\/sales-ai-agents.com\/tr\/templates\/classic-cornell-notes\/#primaryimage"},"thumbnailUrl":"https:\/\/sales-ai-agents.com\/wp-content\/uploads\/2023\/01\/image-preview121233.png","datePublished":"2022-09-26T12:17:24+00:00","dateModified":"2023-12-26T20:40:25+00:00","description":"D\u00fcz bir belge veya i\u015flemci \u00fczerinde bilgi bulmak sinir bozucu olabilir. Not \u015fablonumuzu kullanarak ders notlar\u0131n\u0131z\u0131n d\u00fczenli ve tertipli oldu\u011fundan emin olun.","inLanguage":"tr","potentialAction":[{"@type":"ReadAction","target":["https:\/\/sales-ai-agents.com\/tr\/templates\/classic-cornell-notes\/"]}]},{"@type":"ImageObject","inLanguage":"tr","@id":"https:\/\/sales-ai-agents.com\/tr\/templates\/classic-cornell-notes\/#primaryimage","url":"https:\/\/sales-ai-agents.com\/wp-content\/uploads\/2023\/01\/image-preview121233.png","contentUrl":"https:\/\/sales-ai-agents.com\/wp-content\/uploads\/2023\/01\/image-preview121233.png","width":1078,"height":970},{"@type":"WebSite","@id":"https:\/\/sales-ai-agents.com\/#website","url":"https:\/\/sales-ai-agents.com\/","name":"FuseBase","description":"Sales AI Agents - Free Online Collaboration Software for Remote Teams. Build your wikis, client portals and more with the Nimbus Platform collaboration tool ? A perfect space for online work","publisher":{"@id":"https:\/\/sales-ai-agents.com\/#organization"},"potentialAction":[{"@type":"SearchAction","target":{"@type":"EntryPoint","urlTemplate":"https:\/\/sales-ai-agents.com\/?s={search_term_string}"},"query-input":{"@type":"PropertyValueSpecification","valueRequired":true,"valueName":"search_term_string"}}],"inLanguage":"tr"},{"@type":"Organization","@id":"https:\/\/sales-ai-agents.com\/#organization","name":"FuseBase","url":"https:\/\/sales-ai-agents.com\/","logo":{"@type":"ImageObject","inLanguage":"tr","@id":"https:\/\/sales-ai-agents.com\/#\/schema\/logo\/image\/","url":"https:\/\/sales-ai-agents.com\/wp-content\/uploads\/2023\/11\/icon-7.svg","contentUrl":"https:\/\/sales-ai-agents.com\/wp-content\/uploads\/2023\/11\/icon-7.svg","width":128,"height":128,"caption":"FuseBase"},"image":{"@id":"https:\/\/sales-ai-agents.com\/#\/schema\/logo\/image\/"}}]}},"_links":{"self":[{"href":"https:\/\/sales-ai-agents.com\/tr\/wp-json\/wp\/v2\/product\/56346","targetHints":{"allow":["GET"]}}],"collection":[{"href":"https:\/\/sales-ai-agents.com\/tr\/wp-json\/wp\/v2\/product"}],"about":[{"href":"https:\/\/sales-ai-agents.com\/tr\/wp-json\/wp\/v2\/types\/product"}],"wp:featuredmedia":[{"embeddable":true,"href":"https:\/\/sales-ai-agents.com\/tr\/wp-json\/wp\/v2\/media\/56347"}],"wp:attachment":[{"href":"https:\/\/sales-ai-agents.com\/tr\/wp-json\/wp\/v2\/media?parent=56346"}],"wp:term":[{"taxonomy":"product_brand","embeddable":true,"href":"https:\/\/sales-ai-agents.com\/tr\/wp-json\/wp\/v2\/product_brand?post=56346"},{"taxonomy":"product_cat","embeddable":true,"href":"https:\/\/sales-ai-agents.com\/tr\/wp-json\/wp\/v2\/product_cat?post=56346"},{"taxonomy":"product_tag","embeddable":true,"href":"https:\/\/sales-ai-agents.com\/tr\/wp-json\/wp\/v2\/product_tag?post=56346"}],"curies":[{"name":"wp","href":"https:\/\/api.w.org\/{rel}","templated":true}]}}