{"id":56349,"date":"2022-09-26T12:17:17","date_gmt":"2022-09-26T12:17:17","guid":{"rendered":"https:\/\/sales-ai-agents.com\/templates\/todays-top-priorities\/"},"modified":"2024-01-02T11:06:40","modified_gmt":"2024-01-02T11:06:40","slug":"todays-top-priorities","status":"publish","type":"product","link":"https:\/\/sales-ai-agents.com\/tr\/templates\/todays-top-priorities\/","title":{"rendered":"G\u00fcn\u00fcm\u00fcz\u00fcn En \u00d6nemli \u00d6ncelikleri"},"content":{"rendered":"<p>&nbsp;<\/p>\n<h2>Bug\u00fcn\u00fcn En \u00d6nemli \u00d6ncelikleri \u015eablonu<\/h2>\n<p class=\"desc-text\">Bu \u015fablon, g\u00fcn i\u00e7indeki g\u00f6revlerinizi hedeflerinize g\u00f6re \u00f6nceliklendirerek stresi azaltman\u0131za yard\u0131mc\u0131 olabilir. Yapman\u0131z gereken t\u00fcm g\u00f6revleri belirli bir s\u0131rayla yaz\u0131n, kazand\u0131klar\u0131n\u0131z\u0131 i\u015faretleyin, enerjinizi neyin art\u0131rd\u0131\u011f\u0131n\u0131 kontrol edin veya k\u00f6t\u00fc bir g\u00fcn ge\u00e7irmenizin nedenini belirleyin.<\/p>\n<h5>Nas\u0131l kullan\u0131l\u0131r?<\/h5>\n<ul class=\"desc-item_list\">\n<li class=\"desc-item_list__point\">G\u00fcn i\u00e7in en \u00f6ncelikli 3 g\u00f6revi belirleyin<\/li>\n<li class=\"desc-item_list__point\">\u00dc\u00e7 \u00f6nceli\u011finizi y\u00f6netilebilir par\u00e7alara ay\u0131r\u0131n<\/li>\n<li class=\"desc-item_list__point\">Enerjinizi ve odaklanman\u0131z\u0131 art\u0131rmak i\u00e7in biyo-hack&#8217;leri se\u00e7in<\/li>\n<li class=\"desc-item_list__point\">G\u00fcn\u00fcn \u00fc\u00e7 galibiyetini listeleyin<\/li>\n<li class=\"desc-item_list__point\">Bir \u015feyler ters gittiyse, nedenini belirleyin ve \u00e7\u00f6z\u00fcm \u00fcretin<\/li>\n<\/ul>\n","protected":false},"excerpt":{"rendered":"<p>Bu \u015fablon, g\u00f6revlerinizi \u00f6nceliklendirerek stresi azaltman\u0131za yard\u0131mc\u0131 olabilir. T\u00fcm g\u00f6revleri yaz\u0131n, kazand\u0131klar\u0131n\u0131z\u0131 i\u015faretleyin, enerjinizi neyin art\u0131rd\u0131\u011f\u0131n\u0131 ve daha fazlas\u0131n\u0131 kontrol edin.<\/p>\n","protected":false},"featured_media":56350,"template":"","meta":{"_acf_changed":false,"inline_featured_image":false},"product_brand":[],"product_cat":[257,266,256],"product_tag":[],"class_list":{"0":"post-56349","1":"product","2":"type-product","3":"status-publish","4":"has-post-thumbnail","6":"product_cat-personal","7":"product_cat-personal-work","8":"product_cat-organizers-planners","10":"first","11":"instock","12":"virtual","13":"sold-individually","14":"product-type-simple"},"acf":[],"yoast_head":"<!-- This site is optimized with the Yoast SEO plugin v25.3.1 - https:\/\/yoast.com\/wordpress\/plugins\/seo\/ -->\n<title>Bug\u00fcn\u00fcn En \u00d6nemli \u00d6ncelikleri \u015eablonu - Sales AI Agents<\/title>\n<meta name=\"description\" content=\"Bu \u015fablon, g\u00f6revlerinizi \u00f6nceliklendirerek stresi azaltman\u0131za yard\u0131mc\u0131 olabilir. T\u00fcm g\u00f6revleri yaz\u0131n, kazand\u0131klar\u0131n\u0131z\u0131 i\u015faretleyin, enerjinizi neyin art\u0131rd\u0131\u011f\u0131n\u0131 ve daha fazlas\u0131n\u0131 kontrol edin.\" \/>\n<meta name=\"robots\" content=\"index, follow, max-snippet:-1, max-image-preview:large, max-video-preview:-1\" \/>\n<link rel=\"canonical\" href=\"https:\/\/sales-ai-agents.com\/tr\/templates\/todays-top-priorities\/\" \/>\n<meta property=\"og:locale\" content=\"tr_TR\" \/>\n<meta property=\"og:type\" content=\"article\" \/>\n<meta property=\"og:title\" content=\"Bug\u00fcn\u00fcn En \u00d6nemli \u00d6ncelikleri \u015eablonu - Sales AI Agents\" \/>\n<meta property=\"og:description\" content=\"Bu \u015fablon, g\u00f6revlerinizi \u00f6nceliklendirerek stresi azaltman\u0131za yard\u0131mc\u0131 olabilir. T\u00fcm g\u00f6revleri yaz\u0131n, kazand\u0131klar\u0131n\u0131z\u0131 i\u015faretleyin, enerjinizi neyin art\u0131rd\u0131\u011f\u0131n\u0131 ve daha fazlas\u0131n\u0131 kontrol edin.\" \/>\n<meta property=\"og:url\" content=\"https:\/\/sales-ai-agents.com\/tr\/templates\/todays-top-priorities\/\" \/>\n<meta property=\"og:site_name\" content=\"Sales AI Agents\" \/>\n<meta property=\"article:modified_time\" content=\"2024-01-02T11:06:40+00:00\" \/>\n<meta property=\"og:image\" content=\"https:\/\/sales-ai-agents.com\/wp-content\/uploads\/2022\/09\/Todays-Top-Priorities-Template.png\" \/>\n\t<meta property=\"og:image:width\" content=\"1700\" \/>\n\t<meta property=\"og:image:height\" content=\"1100\" \/>\n\t<meta property=\"og:image:type\" content=\"image\/png\" \/>\n<meta name=\"twitter:card\" content=\"summary_large_image\" \/>\n<script type=\"application\/ld+json\" class=\"yoast-schema-graph\">{\"@context\":\"https:\/\/schema.org\",\"@graph\":[{\"@type\":\"WebPage\",\"@id\":\"https:\/\/sales-ai-agents.com\/tr\/templates\/todays-top-priorities\/\",\"url\":\"https:\/\/sales-ai-agents.com\/tr\/templates\/todays-top-priorities\/\",\"name\":\"Bug\u00fcn\u00fcn En \u00d6nemli \u00d6ncelikleri \u015eablonu - Sales AI Agents\",\"isPartOf\":{\"@id\":\"https:\/\/sales-ai-agents.com\/#website\"},\"primaryImageOfPage\":{\"@id\":\"https:\/\/sales-ai-agents.com\/tr\/templates\/todays-top-priorities\/#primaryimage\"},\"image\":{\"@id\":\"https:\/\/sales-ai-agents.com\/tr\/templates\/todays-top-priorities\/#primaryimage\"},\"thumbnailUrl\":\"https:\/\/sales-ai-agents.com\/wp-content\/uploads\/2022\/09\/Todays-Top-Priorities-Template.png\",\"datePublished\":\"2022-09-26T12:17:17+00:00\",\"dateModified\":\"2024-01-02T11:06:40+00:00\",\"description\":\"Bu \u015fablon, g\u00f6revlerinizi \u00f6nceliklendirerek stresi azaltman\u0131za yard\u0131mc\u0131 olabilir. T\u00fcm g\u00f6revleri yaz\u0131n, kazand\u0131klar\u0131n\u0131z\u0131 i\u015faretleyin, enerjinizi neyin art\u0131rd\u0131\u011f\u0131n\u0131 ve daha fazlas\u0131n\u0131 kontrol edin.\",\"inLanguage\":\"tr\",\"potentialAction\":[{\"@type\":\"ReadAction\",\"target\":[\"https:\/\/sales-ai-agents.com\/tr\/templates\/todays-top-priorities\/\"]}]},{\"@type\":\"ImageObject\",\"inLanguage\":\"tr\",\"@id\":\"https:\/\/sales-ai-agents.com\/tr\/templates\/todays-top-priorities\/#primaryimage\",\"url\":\"https:\/\/sales-ai-agents.com\/wp-content\/uploads\/2022\/09\/Todays-Top-Priorities-Template.png\",\"contentUrl\":\"https:\/\/sales-ai-agents.com\/wp-content\/uploads\/2022\/09\/Todays-Top-Priorities-Template.png\",\"width\":1700,\"height\":1100},{\"@type\":\"WebSite\",\"@id\":\"https:\/\/sales-ai-agents.com\/#website\",\"url\":\"https:\/\/sales-ai-agents.com\/\",\"name\":\"FuseBase\",\"description\":\"Sales AI Agents - Free Online Collaboration Software for Remote Teams. Build your wikis, client portals and more with the Nimbus Platform collaboration tool ? A perfect space for online work\",\"publisher\":{\"@id\":\"https:\/\/sales-ai-agents.com\/#organization\"},\"potentialAction\":[{\"@type\":\"SearchAction\",\"target\":{\"@type\":\"EntryPoint\",\"urlTemplate\":\"https:\/\/sales-ai-agents.com\/?s={search_term_string}\"},\"query-input\":{\"@type\":\"PropertyValueSpecification\",\"valueRequired\":true,\"valueName\":\"search_term_string\"}}],\"inLanguage\":\"tr\"},{\"@type\":\"Organization\",\"@id\":\"https:\/\/sales-ai-agents.com\/#organization\",\"name\":\"FuseBase\",\"url\":\"https:\/\/sales-ai-agents.com\/\",\"logo\":{\"@type\":\"ImageObject\",\"inLanguage\":\"tr\",\"@id\":\"https:\/\/sales-ai-agents.com\/#\/schema\/logo\/image\/\",\"url\":\"https:\/\/sales-ai-agents.com\/wp-content\/uploads\/2023\/11\/icon-7.svg\",\"contentUrl\":\"https:\/\/sales-ai-agents.com\/wp-content\/uploads\/2023\/11\/icon-7.svg\",\"width\":128,\"height\":128,\"caption\":\"FuseBase\"},\"image\":{\"@id\":\"https:\/\/sales-ai-agents.com\/#\/schema\/logo\/image\/\"}}]}<\/script>\n<!-- \/ Yoast SEO plugin. -->","yoast_head_json":{"title":"Bug\u00fcn\u00fcn En \u00d6nemli \u00d6ncelikleri \u015eablonu - Sales AI Agents","description":"Bu \u015fablon, g\u00f6revlerinizi \u00f6nceliklendirerek stresi azaltman\u0131za yard\u0131mc\u0131 olabilir. T\u00fcm g\u00f6revleri yaz\u0131n, kazand\u0131klar\u0131n\u0131z\u0131 i\u015faretleyin, enerjinizi neyin art\u0131rd\u0131\u011f\u0131n\u0131 ve daha fazlas\u0131n\u0131 kontrol edin.","robots":{"index":"index","follow":"follow","max-snippet":"max-snippet:-1","max-image-preview":"max-image-preview:large","max-video-preview":"max-video-preview:-1"},"canonical":"https:\/\/sales-ai-agents.com\/tr\/templates\/todays-top-priorities\/","og_locale":"tr_TR","og_type":"article","og_title":"Bug\u00fcn\u00fcn En \u00d6nemli \u00d6ncelikleri \u015eablonu - Sales AI Agents","og_description":"Bu \u015fablon, g\u00f6revlerinizi \u00f6nceliklendirerek stresi azaltman\u0131za yard\u0131mc\u0131 olabilir. T\u00fcm g\u00f6revleri yaz\u0131n, kazand\u0131klar\u0131n\u0131z\u0131 i\u015faretleyin, enerjinizi neyin art\u0131rd\u0131\u011f\u0131n\u0131 ve daha fazlas\u0131n\u0131 kontrol edin.","og_url":"https:\/\/sales-ai-agents.com\/tr\/templates\/todays-top-priorities\/","og_site_name":"Sales AI Agents","article_modified_time":"2024-01-02T11:06:40+00:00","og_image":[{"width":1700,"height":1100,"url":"https:\/\/sales-ai-agents.com\/wp-content\/uploads\/2022\/09\/Todays-Top-Priorities-Template.png","type":"image\/png"}],"twitter_card":"summary_large_image","schema":{"@context":"https:\/\/schema.org","@graph":[{"@type":"WebPage","@id":"https:\/\/sales-ai-agents.com\/tr\/templates\/todays-top-priorities\/","url":"https:\/\/sales-ai-agents.com\/tr\/templates\/todays-top-priorities\/","name":"Bug\u00fcn\u00fcn En \u00d6nemli \u00d6ncelikleri \u015eablonu - Sales AI Agents","isPartOf":{"@id":"https:\/\/sales-ai-agents.com\/#website"},"primaryImageOfPage":{"@id":"https:\/\/sales-ai-agents.com\/tr\/templates\/todays-top-priorities\/#primaryimage"},"image":{"@id":"https:\/\/sales-ai-agents.com\/tr\/templates\/todays-top-priorities\/#primaryimage"},"thumbnailUrl":"https:\/\/sales-ai-agents.com\/wp-content\/uploads\/2022\/09\/Todays-Top-Priorities-Template.png","datePublished":"2022-09-26T12:17:17+00:00","dateModified":"2024-01-02T11:06:40+00:00","description":"Bu \u015fablon, g\u00f6revlerinizi \u00f6nceliklendirerek stresi azaltman\u0131za yard\u0131mc\u0131 olabilir. T\u00fcm g\u00f6revleri yaz\u0131n, kazand\u0131klar\u0131n\u0131z\u0131 i\u015faretleyin, enerjinizi neyin art\u0131rd\u0131\u011f\u0131n\u0131 ve daha fazlas\u0131n\u0131 kontrol edin.","inLanguage":"tr","potentialAction":[{"@type":"ReadAction","target":["https:\/\/sales-ai-agents.com\/tr\/templates\/todays-top-priorities\/"]}]},{"@type":"ImageObject","inLanguage":"tr","@id":"https:\/\/sales-ai-agents.com\/tr\/templates\/todays-top-priorities\/#primaryimage","url":"https:\/\/sales-ai-agents.com\/wp-content\/uploads\/2022\/09\/Todays-Top-Priorities-Template.png","contentUrl":"https:\/\/sales-ai-agents.com\/wp-content\/uploads\/2022\/09\/Todays-Top-Priorities-Template.png","width":1700,"height":1100},{"@type":"WebSite","@id":"https:\/\/sales-ai-agents.com\/#website","url":"https:\/\/sales-ai-agents.com\/","name":"FuseBase","description":"Sales AI Agents - Free Online Collaboration Software for Remote Teams. Build your wikis, client portals and more with the Nimbus Platform collaboration tool ? A perfect space for online work","publisher":{"@id":"https:\/\/sales-ai-agents.com\/#organization"},"potentialAction":[{"@type":"SearchAction","target":{"@type":"EntryPoint","urlTemplate":"https:\/\/sales-ai-agents.com\/?s={search_term_string}"},"query-input":{"@type":"PropertyValueSpecification","valueRequired":true,"valueName":"search_term_string"}}],"inLanguage":"tr"},{"@type":"Organization","@id":"https:\/\/sales-ai-agents.com\/#organization","name":"FuseBase","url":"https:\/\/sales-ai-agents.com\/","logo":{"@type":"ImageObject","inLanguage":"tr","@id":"https:\/\/sales-ai-agents.com\/#\/schema\/logo\/image\/","url":"https:\/\/sales-ai-agents.com\/wp-content\/uploads\/2023\/11\/icon-7.svg","contentUrl":"https:\/\/sales-ai-agents.com\/wp-content\/uploads\/2023\/11\/icon-7.svg","width":128,"height":128,"caption":"FuseBase"},"image":{"@id":"https:\/\/sales-ai-agents.com\/#\/schema\/logo\/image\/"}}]}},"_links":{"self":[{"href":"https:\/\/sales-ai-agents.com\/tr\/wp-json\/wp\/v2\/product\/56349","targetHints":{"allow":["GET"]}}],"collection":[{"href":"https:\/\/sales-ai-agents.com\/tr\/wp-json\/wp\/v2\/product"}],"about":[{"href":"https:\/\/sales-ai-agents.com\/tr\/wp-json\/wp\/v2\/types\/product"}],"wp:featuredmedia":[{"embeddable":true,"href":"https:\/\/sales-ai-agents.com\/tr\/wp-json\/wp\/v2\/media\/56350"}],"wp:attachment":[{"href":"https:\/\/sales-ai-agents.com\/tr\/wp-json\/wp\/v2\/media?parent=56349"}],"wp:term":[{"taxonomy":"product_brand","embeddable":true,"href":"https:\/\/sales-ai-agents.com\/tr\/wp-json\/wp\/v2\/product_brand?post=56349"},{"taxonomy":"product_cat","embeddable":true,"href":"https:\/\/sales-ai-agents.com\/tr\/wp-json\/wp\/v2\/product_cat?post=56349"},{"taxonomy":"product_tag","embeddable":true,"href":"https:\/\/sales-ai-agents.com\/tr\/wp-json\/wp\/v2\/product_tag?post=56349"}],"curies":[{"name":"wp","href":"https:\/\/api.w.org\/{rel}","templated":true}]}}