{"id":56356,"date":"2022-09-26T12:17:12","date_gmt":"2022-09-26T12:17:12","guid":{"rendered":"https:\/\/sales-ai-agents.com\/templates\/employee-performance-review\/"},"modified":"2023-12-27T19:43:25","modified_gmt":"2023-12-27T19:43:25","slug":"employee-performance-review","status":"publish","type":"product","link":"https:\/\/sales-ai-agents.com\/tr\/templates\/employee-performance-review\/","title":{"rendered":"\u00c7al\u0131\u015fan Performans De\u011ferlendirmesi"},"content":{"rendered":"<p>&nbsp;<\/p>\n<h2>\u00c7al\u0131\u015fan Performans De\u011ferlendirme \u015eablonu<\/h2>\n<p class=\"desc-text\">\u0130\u015f de\u011ferlendirmeleri, \u00e7al\u0131\u015fanlar\u0131n \u015firketlerinin daha b\u00fcy\u00fck hedeflerine nas\u0131l uyduklar\u0131n\u0131 daha iyi anlamalar\u0131n\u0131 sa\u011flar. Bu \u015fablon ile bir \u00e7al\u0131\u015fan\u0131 i\u015f ba\u015far\u0131lar\u0131 ve geli\u015fim alanlar\u0131 konusunda de\u011ferlendirebilirsiniz. Bu hedeflere nas\u0131l ula\u015f\u0131ld\u0131\u011f\u0131n\u0131 g\u00f6stermek i\u00e7in net \u00f6l\u00e7\u00fctler i\u00e7eren \u00f6rnekler listeleyin. Daha fazla geli\u015fimi te\u015fvik etmek i\u00e7in yeni hedefler olu\u015fturun.<\/p>\n<h5>Nas\u0131l kullan\u0131l\u0131r?<\/h5>\n<ul class=\"desc-item_list\">\n<li class=\"desc-item_list__point\">\u0130nceleme ile ilgili ayr\u0131nt\u0131lar\u0131 ekleyin<\/li>\n<li class=\"desc-item_list__point\">Belirli ba\u015far\u0131lar\u0131 listeleyin<\/li>\n<li class=\"desc-item_list__point\">Ba\u015far\u0131lar\u0131 desteklemek i\u00e7in \u00f6rnekler ekleyin<\/li>\n<li class=\"desc-item_list__point\">Geli\u015ftirilecek alanlar\u0131 ve gelecek hedeflerini not edin<\/li>\n<li class=\"desc-item_list__point\">Son b\u00f6l\u00fcme yorum ekleyin<\/li>\n<\/ul>\n","protected":false},"excerpt":{"rendered":"<p>Bu \u015fablon ile bir \u00e7al\u0131\u015fan\u0131 i\u015f ba\u015far\u0131lar\u0131 ve geli\u015fim alanlar\u0131 konusunda de\u011ferlendirebilirsiniz. \u00c7al\u0131\u015fanlar\u0131n\u0131z\u0131n \u015firket hedeflerine nas\u0131l uydu\u011funu de\u011ferlendirin.<\/p>\n","protected":false},"featured_media":56357,"template":"","meta":{"_acf_changed":false,"inline_featured_image":false},"product_brand":[],"product_cat":[218],"product_tag":[],"class_list":{"0":"post-56356","1":"product","2":"type-product","3":"status-publish","4":"has-post-thumbnail","6":"product_cat-operations","8":"first","9":"instock","10":"virtual","11":"sold-individually","12":"product-type-simple"},"acf":[],"yoast_head":"<!-- This site is optimized with the Yoast SEO plugin v25.3.1 - https:\/\/yoast.com\/wordpress\/plugins\/seo\/ -->\n<title>\u00c7al\u0131\u015fan Performans De\u011ferlendirme \u015eablonu - Sales AI Agents<\/title>\n<meta name=\"description\" content=\"Bu \u015fablon ile bir \u00e7al\u0131\u015fan\u0131 i\u015f ba\u015far\u0131lar\u0131 ve geli\u015fim alanlar\u0131 konusunda de\u011ferlendirebilirsiniz. \u00c7al\u0131\u015fanlar\u0131n\u0131z\u0131n \u015firket hedeflerine nas\u0131l uydu\u011funu de\u011ferlendirin.\" \/>\n<meta name=\"robots\" content=\"index, follow, max-snippet:-1, max-image-preview:large, max-video-preview:-1\" \/>\n<link rel=\"canonical\" href=\"https:\/\/sales-ai-agents.com\/tr\/templates\/employee-performance-review\/\" \/>\n<meta property=\"og:locale\" content=\"tr_TR\" \/>\n<meta property=\"og:type\" content=\"article\" \/>\n<meta property=\"og:title\" content=\"\u00c7al\u0131\u015fan Performans De\u011ferlendirme \u015eablonu - Sales AI Agents\" \/>\n<meta property=\"og:description\" content=\"Bu \u015fablon ile bir \u00e7al\u0131\u015fan\u0131 i\u015f ba\u015far\u0131lar\u0131 ve geli\u015fim alanlar\u0131 konusunda de\u011ferlendirebilirsiniz. \u00c7al\u0131\u015fanlar\u0131n\u0131z\u0131n \u015firket hedeflerine nas\u0131l uydu\u011funu de\u011ferlendirin.\" \/>\n<meta property=\"og:url\" content=\"https:\/\/sales-ai-agents.com\/tr\/templates\/employee-performance-review\/\" \/>\n<meta property=\"og:site_name\" content=\"Sales AI Agents\" \/>\n<meta property=\"article:modified_time\" content=\"2023-12-27T19:43:25+00:00\" \/>\n<meta property=\"og:image\" content=\"https:\/\/sales-ai-agents.com\/wp-content\/uploads\/2023\/01\/image-preview121059.png\" \/>\n\t<meta property=\"og:image:width\" content=\"1078\" \/>\n\t<meta property=\"og:image:height\" content=\"902\" \/>\n\t<meta property=\"og:image:type\" content=\"image\/png\" \/>\n<meta name=\"twitter:card\" content=\"summary_large_image\" \/>\n<script type=\"application\/ld+json\" class=\"yoast-schema-graph\">{\"@context\":\"https:\/\/schema.org\",\"@graph\":[{\"@type\":\"WebPage\",\"@id\":\"https:\/\/sales-ai-agents.com\/tr\/templates\/employee-performance-review\/\",\"url\":\"https:\/\/sales-ai-agents.com\/tr\/templates\/employee-performance-review\/\",\"name\":\"\u00c7al\u0131\u015fan Performans De\u011ferlendirme \u015eablonu - Sales AI Agents\",\"isPartOf\":{\"@id\":\"https:\/\/sales-ai-agents.com\/#website\"},\"primaryImageOfPage\":{\"@id\":\"https:\/\/sales-ai-agents.com\/tr\/templates\/employee-performance-review\/#primaryimage\"},\"image\":{\"@id\":\"https:\/\/sales-ai-agents.com\/tr\/templates\/employee-performance-review\/#primaryimage\"},\"thumbnailUrl\":\"https:\/\/sales-ai-agents.com\/wp-content\/uploads\/2023\/01\/image-preview121059.png\",\"datePublished\":\"2022-09-26T12:17:12+00:00\",\"dateModified\":\"2023-12-27T19:43:25+00:00\",\"description\":\"Bu \u015fablon ile bir \u00e7al\u0131\u015fan\u0131 i\u015f ba\u015far\u0131lar\u0131 ve geli\u015fim alanlar\u0131 konusunda de\u011ferlendirebilirsiniz. \u00c7al\u0131\u015fanlar\u0131n\u0131z\u0131n \u015firket hedeflerine nas\u0131l uydu\u011funu de\u011ferlendirin.\",\"inLanguage\":\"tr\",\"potentialAction\":[{\"@type\":\"ReadAction\",\"target\":[\"https:\/\/sales-ai-agents.com\/tr\/templates\/employee-performance-review\/\"]}]},{\"@type\":\"ImageObject\",\"inLanguage\":\"tr\",\"@id\":\"https:\/\/sales-ai-agents.com\/tr\/templates\/employee-performance-review\/#primaryimage\",\"url\":\"https:\/\/sales-ai-agents.com\/wp-content\/uploads\/2023\/01\/image-preview121059.png\",\"contentUrl\":\"https:\/\/sales-ai-agents.com\/wp-content\/uploads\/2023\/01\/image-preview121059.png\",\"width\":1078,\"height\":902},{\"@type\":\"WebSite\",\"@id\":\"https:\/\/sales-ai-agents.com\/#website\",\"url\":\"https:\/\/sales-ai-agents.com\/\",\"name\":\"FuseBase\",\"description\":\"Sales AI Agents - Free Online Collaboration Software for Remote Teams. Build your wikis, client portals and more with the Nimbus Platform collaboration tool ? A perfect space for online work\",\"publisher\":{\"@id\":\"https:\/\/sales-ai-agents.com\/#organization\"},\"potentialAction\":[{\"@type\":\"SearchAction\",\"target\":{\"@type\":\"EntryPoint\",\"urlTemplate\":\"https:\/\/sales-ai-agents.com\/?s={search_term_string}\"},\"query-input\":{\"@type\":\"PropertyValueSpecification\",\"valueRequired\":true,\"valueName\":\"search_term_string\"}}],\"inLanguage\":\"tr\"},{\"@type\":\"Organization\",\"@id\":\"https:\/\/sales-ai-agents.com\/#organization\",\"name\":\"FuseBase\",\"url\":\"https:\/\/sales-ai-agents.com\/\",\"logo\":{\"@type\":\"ImageObject\",\"inLanguage\":\"tr\",\"@id\":\"https:\/\/sales-ai-agents.com\/#\/schema\/logo\/image\/\",\"url\":\"https:\/\/sales-ai-agents.com\/wp-content\/uploads\/2023\/11\/icon-7.svg\",\"contentUrl\":\"https:\/\/sales-ai-agents.com\/wp-content\/uploads\/2023\/11\/icon-7.svg\",\"width\":128,\"height\":128,\"caption\":\"FuseBase\"},\"image\":{\"@id\":\"https:\/\/sales-ai-agents.com\/#\/schema\/logo\/image\/\"}}]}<\/script>\n<!-- \/ Yoast SEO plugin. -->","yoast_head_json":{"title":"\u00c7al\u0131\u015fan Performans De\u011ferlendirme \u015eablonu - Sales AI Agents","description":"Bu \u015fablon ile bir \u00e7al\u0131\u015fan\u0131 i\u015f ba\u015far\u0131lar\u0131 ve geli\u015fim alanlar\u0131 konusunda de\u011ferlendirebilirsiniz. \u00c7al\u0131\u015fanlar\u0131n\u0131z\u0131n \u015firket hedeflerine nas\u0131l uydu\u011funu de\u011ferlendirin.","robots":{"index":"index","follow":"follow","max-snippet":"max-snippet:-1","max-image-preview":"max-image-preview:large","max-video-preview":"max-video-preview:-1"},"canonical":"https:\/\/sales-ai-agents.com\/tr\/templates\/employee-performance-review\/","og_locale":"tr_TR","og_type":"article","og_title":"\u00c7al\u0131\u015fan Performans De\u011ferlendirme \u015eablonu - Sales AI Agents","og_description":"Bu \u015fablon ile bir \u00e7al\u0131\u015fan\u0131 i\u015f ba\u015far\u0131lar\u0131 ve geli\u015fim alanlar\u0131 konusunda de\u011ferlendirebilirsiniz. \u00c7al\u0131\u015fanlar\u0131n\u0131z\u0131n \u015firket hedeflerine nas\u0131l uydu\u011funu de\u011ferlendirin.","og_url":"https:\/\/sales-ai-agents.com\/tr\/templates\/employee-performance-review\/","og_site_name":"Sales AI Agents","article_modified_time":"2023-12-27T19:43:25+00:00","og_image":[{"width":1078,"height":902,"url":"https:\/\/sales-ai-agents.com\/wp-content\/uploads\/2023\/01\/image-preview121059.png","type":"image\/png"}],"twitter_card":"summary_large_image","schema":{"@context":"https:\/\/schema.org","@graph":[{"@type":"WebPage","@id":"https:\/\/sales-ai-agents.com\/tr\/templates\/employee-performance-review\/","url":"https:\/\/sales-ai-agents.com\/tr\/templates\/employee-performance-review\/","name":"\u00c7al\u0131\u015fan Performans De\u011ferlendirme \u015eablonu - Sales AI Agents","isPartOf":{"@id":"https:\/\/sales-ai-agents.com\/#website"},"primaryImageOfPage":{"@id":"https:\/\/sales-ai-agents.com\/tr\/templates\/employee-performance-review\/#primaryimage"},"image":{"@id":"https:\/\/sales-ai-agents.com\/tr\/templates\/employee-performance-review\/#primaryimage"},"thumbnailUrl":"https:\/\/sales-ai-agents.com\/wp-content\/uploads\/2023\/01\/image-preview121059.png","datePublished":"2022-09-26T12:17:12+00:00","dateModified":"2023-12-27T19:43:25+00:00","description":"Bu \u015fablon ile bir \u00e7al\u0131\u015fan\u0131 i\u015f ba\u015far\u0131lar\u0131 ve geli\u015fim alanlar\u0131 konusunda de\u011ferlendirebilirsiniz. \u00c7al\u0131\u015fanlar\u0131n\u0131z\u0131n \u015firket hedeflerine nas\u0131l uydu\u011funu de\u011ferlendirin.","inLanguage":"tr","potentialAction":[{"@type":"ReadAction","target":["https:\/\/sales-ai-agents.com\/tr\/templates\/employee-performance-review\/"]}]},{"@type":"ImageObject","inLanguage":"tr","@id":"https:\/\/sales-ai-agents.com\/tr\/templates\/employee-performance-review\/#primaryimage","url":"https:\/\/sales-ai-agents.com\/wp-content\/uploads\/2023\/01\/image-preview121059.png","contentUrl":"https:\/\/sales-ai-agents.com\/wp-content\/uploads\/2023\/01\/image-preview121059.png","width":1078,"height":902},{"@type":"WebSite","@id":"https:\/\/sales-ai-agents.com\/#website","url":"https:\/\/sales-ai-agents.com\/","name":"FuseBase","description":"Sales AI Agents - Free Online Collaboration Software for Remote Teams. Build your wikis, client portals and more with the Nimbus Platform collaboration tool ? A perfect space for online work","publisher":{"@id":"https:\/\/sales-ai-agents.com\/#organization"},"potentialAction":[{"@type":"SearchAction","target":{"@type":"EntryPoint","urlTemplate":"https:\/\/sales-ai-agents.com\/?s={search_term_string}"},"query-input":{"@type":"PropertyValueSpecification","valueRequired":true,"valueName":"search_term_string"}}],"inLanguage":"tr"},{"@type":"Organization","@id":"https:\/\/sales-ai-agents.com\/#organization","name":"FuseBase","url":"https:\/\/sales-ai-agents.com\/","logo":{"@type":"ImageObject","inLanguage":"tr","@id":"https:\/\/sales-ai-agents.com\/#\/schema\/logo\/image\/","url":"https:\/\/sales-ai-agents.com\/wp-content\/uploads\/2023\/11\/icon-7.svg","contentUrl":"https:\/\/sales-ai-agents.com\/wp-content\/uploads\/2023\/11\/icon-7.svg","width":128,"height":128,"caption":"FuseBase"},"image":{"@id":"https:\/\/sales-ai-agents.com\/#\/schema\/logo\/image\/"}}]}},"_links":{"self":[{"href":"https:\/\/sales-ai-agents.com\/tr\/wp-json\/wp\/v2\/product\/56356","targetHints":{"allow":["GET"]}}],"collection":[{"href":"https:\/\/sales-ai-agents.com\/tr\/wp-json\/wp\/v2\/product"}],"about":[{"href":"https:\/\/sales-ai-agents.com\/tr\/wp-json\/wp\/v2\/types\/product"}],"wp:featuredmedia":[{"embeddable":true,"href":"https:\/\/sales-ai-agents.com\/tr\/wp-json\/wp\/v2\/media\/56357"}],"wp:attachment":[{"href":"https:\/\/sales-ai-agents.com\/tr\/wp-json\/wp\/v2\/media?parent=56356"}],"wp:term":[{"taxonomy":"product_brand","embeddable":true,"href":"https:\/\/sales-ai-agents.com\/tr\/wp-json\/wp\/v2\/product_brand?post=56356"},{"taxonomy":"product_cat","embeddable":true,"href":"https:\/\/sales-ai-agents.com\/tr\/wp-json\/wp\/v2\/product_cat?post=56356"},{"taxonomy":"product_tag","embeddable":true,"href":"https:\/\/sales-ai-agents.com\/tr\/wp-json\/wp\/v2\/product_tag?post=56356"}],"curies":[{"name":"wp","href":"https:\/\/api.w.org\/{rel}","templated":true}]}}