{"id":57220,"date":"2022-09-26T12:16:32","date_gmt":"2022-09-26T12:16:32","guid":{"rendered":"https:\/\/sales-ai-agents.com\/templates\/movie-list\/"},"modified":"2023-12-31T16:39:28","modified_gmt":"2023-12-31T16:39:28","slug":"movie-list","status":"publish","type":"product","link":"https:\/\/sales-ai-agents.com\/tr\/templates\/movie-list\/","title":{"rendered":"Film Listesi"},"content":{"rendered":"<p>&nbsp;<\/p>\n<h2>Film Listesi \u015eablonu<\/h2>\n<p class=\"desc-text\">Film gecesine haz\u0131r olun! \u0130zlemeyi planlad\u0131\u011f\u0131n\u0131z filmlerin bir listesini olu\u015fturmak i\u00e7in bu \u015fablonu kullan\u0131n. Sonra her film i\u00e7in yorumunuzu yap\u0131n. Listeyi arkada\u015flar\u0131n\u0131zla ve ailenizle payla\u015f\u0131n.<\/p>\n<h5>Nas\u0131l kullan\u0131l\u0131r?<\/h5>\n<ul class=\"desc-item_list\">\n<li class=\"desc-item_list__point\">\u0130zlemek istedi\u011finiz filmleri ekleyin &#8212; ba\u015fl\u0131k, y\u0131l, oyuncular<\/li>\n<li class=\"desc-item_list__point\">Her film i\u00e7in bir ele\u015ftiri ekleyin<\/li>\n<li class=\"desc-item_list__point\">Tart\u0131\u015fmak ve listeye daha fazla ba\u015fl\u0131k eklemek i\u00e7in listeyi arkada\u015flar\u0131n\u0131zla payla\u015f\u0131n<\/li>\n<\/ul>\n","protected":false},"excerpt":{"rendered":"<p>Film gecesine haz\u0131r olun! \u0130zlemeyi planlad\u0131\u011f\u0131n\u0131z filmlerin bir listesini olu\u015fturmak i\u00e7in bu \u00fccretsiz \u00f6zelle\u015ftirilebilir \u015fablonu kullan\u0131n. Ard\u0131ndan her bir film i\u00e7in yorumunuzu yaz\u0131n ve payla\u015f\u0131n.<\/p>\n","protected":false},"featured_media":57221,"template":"","meta":{"_acf_changed":false,"inline_featured_image":false},"product_brand":[],"product_cat":[257,277],"product_tag":[],"class_list":{"0":"post-57220","1":"product","2":"type-product","3":"status-publish","4":"has-post-thumbnail","6":"product_cat-personal","7":"product_cat-personal-fun","9":"first","10":"instock","11":"virtual","12":"sold-individually","13":"product-type-simple"},"acf":[],"yoast_head":"<!-- This site is optimized with the Yoast SEO plugin v25.3.1 - https:\/\/yoast.com\/wordpress\/plugins\/seo\/ -->\n<title>Film Listesi \u015eablonu - Sales AI Agents<\/title>\n<meta name=\"description\" content=\"Film gecesine haz\u0131r olun! \u0130zlemeyi planlad\u0131\u011f\u0131n\u0131z filmlerin bir listesini olu\u015fturmak i\u00e7in bu \u00fccretsiz \u00f6zelle\u015ftirilebilir \u015fablonu kullan\u0131n. Ard\u0131ndan film i\u00e7in yorumunuzu yaz\u0131n ve payla\u015f\u0131n.\" \/>\n<meta name=\"robots\" content=\"index, follow, max-snippet:-1, max-image-preview:large, max-video-preview:-1\" \/>\n<link rel=\"canonical\" href=\"https:\/\/sales-ai-agents.com\/tr\/templates\/movie-list\/\" \/>\n<meta property=\"og:locale\" content=\"tr_TR\" \/>\n<meta property=\"og:type\" content=\"article\" \/>\n<meta property=\"og:title\" content=\"Film Listesi \u015eablonu - Sales AI Agents\" \/>\n<meta property=\"og:description\" content=\"Film gecesine haz\u0131r olun! \u0130zlemeyi planlad\u0131\u011f\u0131n\u0131z filmlerin bir listesini olu\u015fturmak i\u00e7in bu \u00fccretsiz \u00f6zelle\u015ftirilebilir \u015fablonu kullan\u0131n. Ard\u0131ndan film i\u00e7in yorumunuzu yaz\u0131n ve payla\u015f\u0131n.\" \/>\n<meta property=\"og:url\" content=\"https:\/\/sales-ai-agents.com\/tr\/templates\/movie-list\/\" \/>\n<meta property=\"og:site_name\" content=\"Sales AI Agents\" \/>\n<meta property=\"article:modified_time\" content=\"2023-12-31T16:39:28+00:00\" \/>\n<meta property=\"og:image\" content=\"https:\/\/sales-ai-agents.com\/wp-content\/uploads\/2023\/01\/image-preview121650.png\" \/>\n\t<meta property=\"og:image:width\" content=\"1078\" \/>\n\t<meta property=\"og:image:height\" content=\"863\" \/>\n\t<meta property=\"og:image:type\" content=\"image\/png\" \/>\n<meta name=\"twitter:card\" content=\"summary_large_image\" \/>\n<script type=\"application\/ld+json\" class=\"yoast-schema-graph\">{\"@context\":\"https:\/\/schema.org\",\"@graph\":[{\"@type\":\"WebPage\",\"@id\":\"https:\/\/sales-ai-agents.com\/tr\/templates\/movie-list\/\",\"url\":\"https:\/\/sales-ai-agents.com\/tr\/templates\/movie-list\/\",\"name\":\"Film Listesi \u015eablonu - Sales AI Agents\",\"isPartOf\":{\"@id\":\"https:\/\/sales-ai-agents.com\/#website\"},\"primaryImageOfPage\":{\"@id\":\"https:\/\/sales-ai-agents.com\/tr\/templates\/movie-list\/#primaryimage\"},\"image\":{\"@id\":\"https:\/\/sales-ai-agents.com\/tr\/templates\/movie-list\/#primaryimage\"},\"thumbnailUrl\":\"https:\/\/sales-ai-agents.com\/wp-content\/uploads\/2023\/01\/image-preview121650.png\",\"datePublished\":\"2022-09-26T12:16:32+00:00\",\"dateModified\":\"2023-12-31T16:39:28+00:00\",\"description\":\"Film gecesine haz\u0131r olun! \u0130zlemeyi planlad\u0131\u011f\u0131n\u0131z filmlerin bir listesini olu\u015fturmak i\u00e7in bu \u00fccretsiz \u00f6zelle\u015ftirilebilir \u015fablonu kullan\u0131n. Ard\u0131ndan film i\u00e7in yorumunuzu yaz\u0131n ve payla\u015f\u0131n.\",\"inLanguage\":\"tr\",\"potentialAction\":[{\"@type\":\"ReadAction\",\"target\":[\"https:\/\/sales-ai-agents.com\/tr\/templates\/movie-list\/\"]}]},{\"@type\":\"ImageObject\",\"inLanguage\":\"tr\",\"@id\":\"https:\/\/sales-ai-agents.com\/tr\/templates\/movie-list\/#primaryimage\",\"url\":\"https:\/\/sales-ai-agents.com\/wp-content\/uploads\/2023\/01\/image-preview121650.png\",\"contentUrl\":\"https:\/\/sales-ai-agents.com\/wp-content\/uploads\/2023\/01\/image-preview121650.png\",\"width\":1078,\"height\":863},{\"@type\":\"WebSite\",\"@id\":\"https:\/\/sales-ai-agents.com\/#website\",\"url\":\"https:\/\/sales-ai-agents.com\/\",\"name\":\"FuseBase\",\"description\":\"Sales AI Agents - Free Online Collaboration Software for Remote Teams. Build your wikis, client portals and more with the Nimbus Platform collaboration tool ? A perfect space for online work\",\"publisher\":{\"@id\":\"https:\/\/sales-ai-agents.com\/#organization\"},\"potentialAction\":[{\"@type\":\"SearchAction\",\"target\":{\"@type\":\"EntryPoint\",\"urlTemplate\":\"https:\/\/sales-ai-agents.com\/?s={search_term_string}\"},\"query-input\":{\"@type\":\"PropertyValueSpecification\",\"valueRequired\":true,\"valueName\":\"search_term_string\"}}],\"inLanguage\":\"tr\"},{\"@type\":\"Organization\",\"@id\":\"https:\/\/sales-ai-agents.com\/#organization\",\"name\":\"FuseBase\",\"url\":\"https:\/\/sales-ai-agents.com\/\",\"logo\":{\"@type\":\"ImageObject\",\"inLanguage\":\"tr\",\"@id\":\"https:\/\/sales-ai-agents.com\/#\/schema\/logo\/image\/\",\"url\":\"https:\/\/sales-ai-agents.com\/wp-content\/uploads\/2023\/11\/icon-7.svg\",\"contentUrl\":\"https:\/\/sales-ai-agents.com\/wp-content\/uploads\/2023\/11\/icon-7.svg\",\"width\":128,\"height\":128,\"caption\":\"FuseBase\"},\"image\":{\"@id\":\"https:\/\/sales-ai-agents.com\/#\/schema\/logo\/image\/\"}}]}<\/script>\n<!-- \/ Yoast SEO plugin. -->","yoast_head_json":{"title":"Film Listesi \u015eablonu - Sales AI Agents","description":"Film gecesine haz\u0131r olun! \u0130zlemeyi planlad\u0131\u011f\u0131n\u0131z filmlerin bir listesini olu\u015fturmak i\u00e7in bu \u00fccretsiz \u00f6zelle\u015ftirilebilir \u015fablonu kullan\u0131n. Ard\u0131ndan film i\u00e7in yorumunuzu yaz\u0131n ve payla\u015f\u0131n.","robots":{"index":"index","follow":"follow","max-snippet":"max-snippet:-1","max-image-preview":"max-image-preview:large","max-video-preview":"max-video-preview:-1"},"canonical":"https:\/\/sales-ai-agents.com\/tr\/templates\/movie-list\/","og_locale":"tr_TR","og_type":"article","og_title":"Film Listesi \u015eablonu - Sales AI Agents","og_description":"Film gecesine haz\u0131r olun! \u0130zlemeyi planlad\u0131\u011f\u0131n\u0131z filmlerin bir listesini olu\u015fturmak i\u00e7in bu \u00fccretsiz \u00f6zelle\u015ftirilebilir \u015fablonu kullan\u0131n. Ard\u0131ndan film i\u00e7in yorumunuzu yaz\u0131n ve payla\u015f\u0131n.","og_url":"https:\/\/sales-ai-agents.com\/tr\/templates\/movie-list\/","og_site_name":"Sales AI Agents","article_modified_time":"2023-12-31T16:39:28+00:00","og_image":[{"width":1078,"height":863,"url":"https:\/\/sales-ai-agents.com\/wp-content\/uploads\/2023\/01\/image-preview121650.png","type":"image\/png"}],"twitter_card":"summary_large_image","schema":{"@context":"https:\/\/schema.org","@graph":[{"@type":"WebPage","@id":"https:\/\/sales-ai-agents.com\/tr\/templates\/movie-list\/","url":"https:\/\/sales-ai-agents.com\/tr\/templates\/movie-list\/","name":"Film Listesi \u015eablonu - Sales AI Agents","isPartOf":{"@id":"https:\/\/sales-ai-agents.com\/#website"},"primaryImageOfPage":{"@id":"https:\/\/sales-ai-agents.com\/tr\/templates\/movie-list\/#primaryimage"},"image":{"@id":"https:\/\/sales-ai-agents.com\/tr\/templates\/movie-list\/#primaryimage"},"thumbnailUrl":"https:\/\/sales-ai-agents.com\/wp-content\/uploads\/2023\/01\/image-preview121650.png","datePublished":"2022-09-26T12:16:32+00:00","dateModified":"2023-12-31T16:39:28+00:00","description":"Film gecesine haz\u0131r olun! \u0130zlemeyi planlad\u0131\u011f\u0131n\u0131z filmlerin bir listesini olu\u015fturmak i\u00e7in bu \u00fccretsiz \u00f6zelle\u015ftirilebilir \u015fablonu kullan\u0131n. Ard\u0131ndan film i\u00e7in yorumunuzu yaz\u0131n ve payla\u015f\u0131n.","inLanguage":"tr","potentialAction":[{"@type":"ReadAction","target":["https:\/\/sales-ai-agents.com\/tr\/templates\/movie-list\/"]}]},{"@type":"ImageObject","inLanguage":"tr","@id":"https:\/\/sales-ai-agents.com\/tr\/templates\/movie-list\/#primaryimage","url":"https:\/\/sales-ai-agents.com\/wp-content\/uploads\/2023\/01\/image-preview121650.png","contentUrl":"https:\/\/sales-ai-agents.com\/wp-content\/uploads\/2023\/01\/image-preview121650.png","width":1078,"height":863},{"@type":"WebSite","@id":"https:\/\/sales-ai-agents.com\/#website","url":"https:\/\/sales-ai-agents.com\/","name":"FuseBase","description":"Sales AI Agents - Free Online Collaboration Software for Remote Teams. Build your wikis, client portals and more with the Nimbus Platform collaboration tool ? A perfect space for online work","publisher":{"@id":"https:\/\/sales-ai-agents.com\/#organization"},"potentialAction":[{"@type":"SearchAction","target":{"@type":"EntryPoint","urlTemplate":"https:\/\/sales-ai-agents.com\/?s={search_term_string}"},"query-input":{"@type":"PropertyValueSpecification","valueRequired":true,"valueName":"search_term_string"}}],"inLanguage":"tr"},{"@type":"Organization","@id":"https:\/\/sales-ai-agents.com\/#organization","name":"FuseBase","url":"https:\/\/sales-ai-agents.com\/","logo":{"@type":"ImageObject","inLanguage":"tr","@id":"https:\/\/sales-ai-agents.com\/#\/schema\/logo\/image\/","url":"https:\/\/sales-ai-agents.com\/wp-content\/uploads\/2023\/11\/icon-7.svg","contentUrl":"https:\/\/sales-ai-agents.com\/wp-content\/uploads\/2023\/11\/icon-7.svg","width":128,"height":128,"caption":"FuseBase"},"image":{"@id":"https:\/\/sales-ai-agents.com\/#\/schema\/logo\/image\/"}}]}},"_links":{"self":[{"href":"https:\/\/sales-ai-agents.com\/tr\/wp-json\/wp\/v2\/product\/57220","targetHints":{"allow":["GET"]}}],"collection":[{"href":"https:\/\/sales-ai-agents.com\/tr\/wp-json\/wp\/v2\/product"}],"about":[{"href":"https:\/\/sales-ai-agents.com\/tr\/wp-json\/wp\/v2\/types\/product"}],"wp:featuredmedia":[{"embeddable":true,"href":"https:\/\/sales-ai-agents.com\/tr\/wp-json\/wp\/v2\/media\/57221"}],"wp:attachment":[{"href":"https:\/\/sales-ai-agents.com\/tr\/wp-json\/wp\/v2\/media?parent=57220"}],"wp:term":[{"taxonomy":"product_brand","embeddable":true,"href":"https:\/\/sales-ai-agents.com\/tr\/wp-json\/wp\/v2\/product_brand?post=57220"},{"taxonomy":"product_cat","embeddable":true,"href":"https:\/\/sales-ai-agents.com\/tr\/wp-json\/wp\/v2\/product_cat?post=57220"},{"taxonomy":"product_tag","embeddable":true,"href":"https:\/\/sales-ai-agents.com\/tr\/wp-json\/wp\/v2\/product_tag?post=57220"}],"curies":[{"name":"wp","href":"https:\/\/api.w.org\/{rel}","templated":true}]}}