{"id":57223,"date":"2022-09-26T12:16:28","date_gmt":"2022-09-26T12:16:28","guid":{"rendered":"https:\/\/sales-ai-agents.com\/templates\/class-notes\/"},"modified":"2023-12-27T15:50:59","modified_gmt":"2023-12-27T15:50:59","slug":"class-notes","status":"publish","type":"product","link":"https:\/\/sales-ai-agents.com\/tr\/templates\/class-notes\/","title":{"rendered":"S\u0131n\u0131f Notlar\u0131"},"content":{"rendered":"<p>&nbsp;<\/p>\n<h2>S\u0131n\u0131f Notlar\u0131 \u015eablonu<\/h2>\n<p class=\"desc-text\">E\u011fitim teknolojisi ara\u00e7lar\u0131yla farkl\u0131 s\u0131n\u0131flardan notlar\u0131 tek bir ak\u0131ll\u0131 tabloda saklay\u0131n. Di\u011fer \u00e7al\u0131\u015fma alanlar\u0131ndan s\u0131n\u0131rs\u0131z not ekleyin. Farkl\u0131 dosyalar ekleyin ve resimler, videolar, ba\u011flant\u0131lar ve daha fazlas\u0131n\u0131 ekleyin. Notlar\u0131n\u0131za istedi\u011finiz zaman ve istedi\u011finiz yerden eri\u015fin &#8211; her cihazdan ve hatta \u00e7evrimd\u0131\u015f\u0131 olarak.<\/p>\n<h5>Nas\u0131l kullan\u0131l\u0131r?<\/h5>\n<ul class=\"desc-item_list\">\n<li class=\"desc-item_list__point\">Kurs adlar\u0131 ekleyin<\/li>\n<li class=\"desc-item_list__point\">Onay kutular\u0131n\u0131 kullanarak inceleme varsa ilerlemeyi takip edin<\/li>\n<li class=\"desc-item_list__point\">S\u0131n\u0131flar, kurs t\u00fcrleri eklemek i\u00e7in etiketleri kullan\u0131n<\/li>\n<li class=\"desc-item_list__point\">Kolay eri\u015fim i\u00e7in farkl\u0131 t\u00fcrde malzemeler y\u00fckleyin<\/li>\n<li class=\"desc-item_list__point\">Tarih eklemek i\u00e7in takvimi kullan\u0131n<\/li>\n<\/ul>\n","protected":false},"excerpt":{"rendered":"<p>Bu \u00fccretsiz \u015fablon, farkl\u0131 s\u0131n\u0131flardan notlar\u0131 tek bir ak\u0131ll\u0131 tabloda saklaman\u0131za olanak tan\u0131r. Notlar ekleyin, farkl\u0131 dosyalar ekleyin, resimler, videolar, ba\u011flant\u0131lar vb. ekleyin.<\/p>\n","protected":false},"featured_media":57224,"template":"","meta":{"_acf_changed":false,"inline_featured_image":false},"product_brand":[],"product_cat":[268],"product_tag":[],"class_list":{"0":"post-57223","1":"product","2":"type-product","3":"status-publish","4":"has-post-thumbnail","6":"product_cat-teacher","8":"first","9":"instock","10":"virtual","11":"sold-individually","12":"product-type-simple"},"acf":[],"yoast_head":"<!-- This site is optimized with the Yoast SEO plugin v25.3.1 - https:\/\/yoast.com\/wordpress\/plugins\/seo\/ -->\n<title>S\u0131n\u0131f Notlar\u0131 \u015eablonu - Sales AI Agents<\/title>\n<meta name=\"description\" content=\"Bu \u00fccretsiz \u015fablon, farkl\u0131 s\u0131n\u0131flardan notlar\u0131 tek bir ak\u0131ll\u0131 tabloda saklaman\u0131za olanak tan\u0131r. Notlar ekleyin, farkl\u0131 dosyalar ekleyin, resimler, videolar, ba\u011flant\u0131lar vb. ekleyin.\" \/>\n<meta name=\"robots\" content=\"index, follow, max-snippet:-1, max-image-preview:large, max-video-preview:-1\" \/>\n<link rel=\"canonical\" href=\"https:\/\/sales-ai-agents.com\/tr\/templates\/class-notes\/\" \/>\n<meta property=\"og:locale\" content=\"tr_TR\" \/>\n<meta property=\"og:type\" content=\"article\" \/>\n<meta property=\"og:title\" content=\"S\u0131n\u0131f Notlar\u0131 \u015eablonu - Sales AI Agents\" \/>\n<meta property=\"og:description\" content=\"Bu \u00fccretsiz \u015fablon, farkl\u0131 s\u0131n\u0131flardan notlar\u0131 tek bir ak\u0131ll\u0131 tabloda saklaman\u0131za olanak tan\u0131r. Notlar ekleyin, farkl\u0131 dosyalar ekleyin, resimler, videolar, ba\u011flant\u0131lar vb. ekleyin.\" \/>\n<meta property=\"og:url\" content=\"https:\/\/sales-ai-agents.com\/tr\/templates\/class-notes\/\" \/>\n<meta property=\"og:site_name\" content=\"Sales AI Agents\" \/>\n<meta property=\"article:modified_time\" content=\"2023-12-27T15:50:59+00:00\" \/>\n<meta property=\"og:image\" content=\"https:\/\/sales-ai-agents.com\/wp-content\/uploads\/2023\/01\/image-preview121647.png\" \/>\n\t<meta property=\"og:image:width\" content=\"1078\" \/>\n\t<meta property=\"og:image:height\" content=\"760\" \/>\n\t<meta property=\"og:image:type\" content=\"image\/png\" \/>\n<meta name=\"twitter:card\" content=\"summary_large_image\" \/>\n<script type=\"application\/ld+json\" class=\"yoast-schema-graph\">{\"@context\":\"https:\/\/schema.org\",\"@graph\":[{\"@type\":\"WebPage\",\"@id\":\"https:\/\/sales-ai-agents.com\/tr\/templates\/class-notes\/\",\"url\":\"https:\/\/sales-ai-agents.com\/tr\/templates\/class-notes\/\",\"name\":\"S\u0131n\u0131f Notlar\u0131 \u015eablonu - Sales AI Agents\",\"isPartOf\":{\"@id\":\"https:\/\/sales-ai-agents.com\/#website\"},\"primaryImageOfPage\":{\"@id\":\"https:\/\/sales-ai-agents.com\/tr\/templates\/class-notes\/#primaryimage\"},\"image\":{\"@id\":\"https:\/\/sales-ai-agents.com\/tr\/templates\/class-notes\/#primaryimage\"},\"thumbnailUrl\":\"https:\/\/sales-ai-agents.com\/wp-content\/uploads\/2023\/01\/image-preview121647.png\",\"datePublished\":\"2022-09-26T12:16:28+00:00\",\"dateModified\":\"2023-12-27T15:50:59+00:00\",\"description\":\"Bu \u00fccretsiz \u015fablon, farkl\u0131 s\u0131n\u0131flardan notlar\u0131 tek bir ak\u0131ll\u0131 tabloda saklaman\u0131za olanak tan\u0131r. Notlar ekleyin, farkl\u0131 dosyalar ekleyin, resimler, videolar, ba\u011flant\u0131lar vb. ekleyin.\",\"inLanguage\":\"tr\",\"potentialAction\":[{\"@type\":\"ReadAction\",\"target\":[\"https:\/\/sales-ai-agents.com\/tr\/templates\/class-notes\/\"]}]},{\"@type\":\"ImageObject\",\"inLanguage\":\"tr\",\"@id\":\"https:\/\/sales-ai-agents.com\/tr\/templates\/class-notes\/#primaryimage\",\"url\":\"https:\/\/sales-ai-agents.com\/wp-content\/uploads\/2023\/01\/image-preview121647.png\",\"contentUrl\":\"https:\/\/sales-ai-agents.com\/wp-content\/uploads\/2023\/01\/image-preview121647.png\",\"width\":1078,\"height\":760},{\"@type\":\"WebSite\",\"@id\":\"https:\/\/sales-ai-agents.com\/#website\",\"url\":\"https:\/\/sales-ai-agents.com\/\",\"name\":\"FuseBase\",\"description\":\"Sales AI Agents - Free Online Collaboration Software for Remote Teams. Build your wikis, client portals and more with the Nimbus Platform collaboration tool ? A perfect space for online work\",\"publisher\":{\"@id\":\"https:\/\/sales-ai-agents.com\/#organization\"},\"potentialAction\":[{\"@type\":\"SearchAction\",\"target\":{\"@type\":\"EntryPoint\",\"urlTemplate\":\"https:\/\/sales-ai-agents.com\/?s={search_term_string}\"},\"query-input\":{\"@type\":\"PropertyValueSpecification\",\"valueRequired\":true,\"valueName\":\"search_term_string\"}}],\"inLanguage\":\"tr\"},{\"@type\":\"Organization\",\"@id\":\"https:\/\/sales-ai-agents.com\/#organization\",\"name\":\"FuseBase\",\"url\":\"https:\/\/sales-ai-agents.com\/\",\"logo\":{\"@type\":\"ImageObject\",\"inLanguage\":\"tr\",\"@id\":\"https:\/\/sales-ai-agents.com\/#\/schema\/logo\/image\/\",\"url\":\"https:\/\/sales-ai-agents.com\/wp-content\/uploads\/2023\/11\/icon-7.svg\",\"contentUrl\":\"https:\/\/sales-ai-agents.com\/wp-content\/uploads\/2023\/11\/icon-7.svg\",\"width\":128,\"height\":128,\"caption\":\"FuseBase\"},\"image\":{\"@id\":\"https:\/\/sales-ai-agents.com\/#\/schema\/logo\/image\/\"}}]}<\/script>\n<!-- \/ Yoast SEO plugin. -->","yoast_head_json":{"title":"S\u0131n\u0131f Notlar\u0131 \u015eablonu - Sales AI Agents","description":"Bu \u00fccretsiz \u015fablon, farkl\u0131 s\u0131n\u0131flardan notlar\u0131 tek bir ak\u0131ll\u0131 tabloda saklaman\u0131za olanak tan\u0131r. Notlar ekleyin, farkl\u0131 dosyalar ekleyin, resimler, videolar, ba\u011flant\u0131lar vb. ekleyin.","robots":{"index":"index","follow":"follow","max-snippet":"max-snippet:-1","max-image-preview":"max-image-preview:large","max-video-preview":"max-video-preview:-1"},"canonical":"https:\/\/sales-ai-agents.com\/tr\/templates\/class-notes\/","og_locale":"tr_TR","og_type":"article","og_title":"S\u0131n\u0131f Notlar\u0131 \u015eablonu - Sales AI Agents","og_description":"Bu \u00fccretsiz \u015fablon, farkl\u0131 s\u0131n\u0131flardan notlar\u0131 tek bir ak\u0131ll\u0131 tabloda saklaman\u0131za olanak tan\u0131r. Notlar ekleyin, farkl\u0131 dosyalar ekleyin, resimler, videolar, ba\u011flant\u0131lar vb. ekleyin.","og_url":"https:\/\/sales-ai-agents.com\/tr\/templates\/class-notes\/","og_site_name":"Sales AI Agents","article_modified_time":"2023-12-27T15:50:59+00:00","og_image":[{"width":1078,"height":760,"url":"https:\/\/sales-ai-agents.com\/wp-content\/uploads\/2023\/01\/image-preview121647.png","type":"image\/png"}],"twitter_card":"summary_large_image","schema":{"@context":"https:\/\/schema.org","@graph":[{"@type":"WebPage","@id":"https:\/\/sales-ai-agents.com\/tr\/templates\/class-notes\/","url":"https:\/\/sales-ai-agents.com\/tr\/templates\/class-notes\/","name":"S\u0131n\u0131f Notlar\u0131 \u015eablonu - Sales AI Agents","isPartOf":{"@id":"https:\/\/sales-ai-agents.com\/#website"},"primaryImageOfPage":{"@id":"https:\/\/sales-ai-agents.com\/tr\/templates\/class-notes\/#primaryimage"},"image":{"@id":"https:\/\/sales-ai-agents.com\/tr\/templates\/class-notes\/#primaryimage"},"thumbnailUrl":"https:\/\/sales-ai-agents.com\/wp-content\/uploads\/2023\/01\/image-preview121647.png","datePublished":"2022-09-26T12:16:28+00:00","dateModified":"2023-12-27T15:50:59+00:00","description":"Bu \u00fccretsiz \u015fablon, farkl\u0131 s\u0131n\u0131flardan notlar\u0131 tek bir ak\u0131ll\u0131 tabloda saklaman\u0131za olanak tan\u0131r. Notlar ekleyin, farkl\u0131 dosyalar ekleyin, resimler, videolar, ba\u011flant\u0131lar vb. ekleyin.","inLanguage":"tr","potentialAction":[{"@type":"ReadAction","target":["https:\/\/sales-ai-agents.com\/tr\/templates\/class-notes\/"]}]},{"@type":"ImageObject","inLanguage":"tr","@id":"https:\/\/sales-ai-agents.com\/tr\/templates\/class-notes\/#primaryimage","url":"https:\/\/sales-ai-agents.com\/wp-content\/uploads\/2023\/01\/image-preview121647.png","contentUrl":"https:\/\/sales-ai-agents.com\/wp-content\/uploads\/2023\/01\/image-preview121647.png","width":1078,"height":760},{"@type":"WebSite","@id":"https:\/\/sales-ai-agents.com\/#website","url":"https:\/\/sales-ai-agents.com\/","name":"FuseBase","description":"Sales AI Agents - Free Online Collaboration Software for Remote Teams. Build your wikis, client portals and more with the Nimbus Platform collaboration tool ? A perfect space for online work","publisher":{"@id":"https:\/\/sales-ai-agents.com\/#organization"},"potentialAction":[{"@type":"SearchAction","target":{"@type":"EntryPoint","urlTemplate":"https:\/\/sales-ai-agents.com\/?s={search_term_string}"},"query-input":{"@type":"PropertyValueSpecification","valueRequired":true,"valueName":"search_term_string"}}],"inLanguage":"tr"},{"@type":"Organization","@id":"https:\/\/sales-ai-agents.com\/#organization","name":"FuseBase","url":"https:\/\/sales-ai-agents.com\/","logo":{"@type":"ImageObject","inLanguage":"tr","@id":"https:\/\/sales-ai-agents.com\/#\/schema\/logo\/image\/","url":"https:\/\/sales-ai-agents.com\/wp-content\/uploads\/2023\/11\/icon-7.svg","contentUrl":"https:\/\/sales-ai-agents.com\/wp-content\/uploads\/2023\/11\/icon-7.svg","width":128,"height":128,"caption":"FuseBase"},"image":{"@id":"https:\/\/sales-ai-agents.com\/#\/schema\/logo\/image\/"}}]}},"_links":{"self":[{"href":"https:\/\/sales-ai-agents.com\/tr\/wp-json\/wp\/v2\/product\/57223","targetHints":{"allow":["GET"]}}],"collection":[{"href":"https:\/\/sales-ai-agents.com\/tr\/wp-json\/wp\/v2\/product"}],"about":[{"href":"https:\/\/sales-ai-agents.com\/tr\/wp-json\/wp\/v2\/types\/product"}],"wp:featuredmedia":[{"embeddable":true,"href":"https:\/\/sales-ai-agents.com\/tr\/wp-json\/wp\/v2\/media\/57224"}],"wp:attachment":[{"href":"https:\/\/sales-ai-agents.com\/tr\/wp-json\/wp\/v2\/media?parent=57223"}],"wp:term":[{"taxonomy":"product_brand","embeddable":true,"href":"https:\/\/sales-ai-agents.com\/tr\/wp-json\/wp\/v2\/product_brand?post=57223"},{"taxonomy":"product_cat","embeddable":true,"href":"https:\/\/sales-ai-agents.com\/tr\/wp-json\/wp\/v2\/product_cat?post=57223"},{"taxonomy":"product_tag","embeddable":true,"href":"https:\/\/sales-ai-agents.com\/tr\/wp-json\/wp\/v2\/product_tag?post=57223"}],"curies":[{"name":"wp","href":"https:\/\/api.w.org\/{rel}","templated":true}]}}