{"id":57226,"date":"2022-09-26T12:16:25","date_gmt":"2022-09-26T12:16:25","guid":{"rendered":"https:\/\/sales-ai-agents.com\/templates\/income-and-expenses\/"},"modified":"2024-01-02T11:38:36","modified_gmt":"2024-01-02T11:38:36","slug":"income-and-expenses","status":"publish","type":"product","link":"https:\/\/sales-ai-agents.com\/tr\/templates\/income-and-expenses\/","title":{"rendered":"Gelir ve Giderler"},"content":{"rendered":"<p>&nbsp;<\/p>\n<h2>Gelir ve Giderler \u015eablonu<\/h2>\n<p class=\"desc-text\">Harcamalar\u0131n\u0131z\u0131 takip etmenize yard\u0131mc\u0131 olmak i\u00e7in bu faydal\u0131 harcama \u015fablonunu haz\u0131rlad\u0131k. Gelir ve giderlerinizi toplamak i\u00e7in kullan\u0131n, b\u00f6ylece ne kadar tasarruf etti\u011finizi anlayabilirsiniz. Ayl\u0131k harcama oran\u0131n\u0131z i\u00e7in hedefler belirleyin. B\u00fct\u00e7enizi takip etmek i\u00e7in yaln\u0131zca haf\u0131zan\u0131za ya da ka\u011f\u0131t par\u00e7alar\u0131na g\u00fcvenmeyin. Tasarruf hedeflerinize ula\u015fabilmek i\u00e7in bu \u015fablonu kullanarak etkili bir planlama yap\u0131n.<\/p>\n<h5>Nas\u0131l kullan\u0131l\u0131r?<\/h5>\n<ul class=\"desc-item_list\">\n<li class=\"desc-item_list__point\">T\u00fcm gelir kaynaklar\u0131n\u0131z\u0131 listeleyin<\/li>\n<li class=\"desc-item_list__point\">Toplam gelir miktar\u0131n\u0131z\u0131 toplay\u0131n<\/li>\n<li class=\"desc-item_list__point\">T\u00fcm harcamalar\u0131n\u0131z\u0131 ve tutarlar\u0131n\u0131 listeleyin<\/li>\n<li class=\"desc-item_list__point\">Toplam harcama tutar\u0131n\u0131z\u0131 toplay\u0131n<\/li>\n<\/ul>\n","protected":false},"excerpt":{"rendered":"<p>Harcamalar\u0131n\u0131z\u0131 takip etmenize yard\u0131mc\u0131 olmas\u0131 i\u00e7in bu \u00fccretsiz harcama \u015fablonunu kullan\u0131n. Gelir ve giderlerinizi toplamak i\u00e7in deneyin, b\u00f6ylece ne kadar tasarruf etti\u011finizi anlayabilirsiniz.<\/p>\n","protected":false},"featured_media":57227,"template":"","meta":{"_acf_changed":false,"inline_featured_image":false},"product_brand":[],"product_cat":[257,273],"product_tag":[],"class_list":{"0":"post-57226","1":"product","2":"type-product","3":"status-publish","4":"has-post-thumbnail","6":"product_cat-personal","7":"product_cat-personal-money","9":"first","10":"instock","11":"virtual","12":"sold-individually","13":"product-type-simple"},"acf":[],"yoast_head":"<!-- This site is optimized with the Yoast SEO plugin v25.3.1 - https:\/\/yoast.com\/wordpress\/plugins\/seo\/ -->\n<title>Gelir ve Giderler \u015eablonu - Sales AI Agents<\/title>\n<meta name=\"description\" content=\"Harcamalar\u0131n\u0131z\u0131 takip etmenize yard\u0131mc\u0131 olmas\u0131 i\u00e7in bu \u00fccretsiz harcama \u015fablonunu kullan\u0131n. Gelir ve giderlerinizi toplamak i\u00e7in deneyin, b\u00f6ylece ne kadar tasarruf etti\u011finizi anlayabilirsiniz\" \/>\n<meta name=\"robots\" content=\"index, follow, max-snippet:-1, max-image-preview:large, max-video-preview:-1\" \/>\n<link rel=\"canonical\" href=\"https:\/\/sales-ai-agents.com\/tr\/templates\/income-and-expenses\/\" \/>\n<meta property=\"og:locale\" content=\"tr_TR\" \/>\n<meta property=\"og:type\" content=\"article\" \/>\n<meta property=\"og:title\" content=\"Gelir ve Giderler \u015eablonu - Sales AI Agents\" \/>\n<meta property=\"og:description\" content=\"Harcamalar\u0131n\u0131z\u0131 takip etmenize yard\u0131mc\u0131 olmas\u0131 i\u00e7in bu \u00fccretsiz harcama \u015fablonunu kullan\u0131n. Gelir ve giderlerinizi toplamak i\u00e7in deneyin, b\u00f6ylece ne kadar tasarruf etti\u011finizi anlayabilirsiniz\" \/>\n<meta property=\"og:url\" content=\"https:\/\/sales-ai-agents.com\/tr\/templates\/income-and-expenses\/\" \/>\n<meta property=\"og:site_name\" content=\"Sales AI Agents\" \/>\n<meta property=\"article:modified_time\" content=\"2024-01-02T11:38:36+00:00\" \/>\n<meta property=\"og:image\" content=\"https:\/\/sales-ai-agents.com\/wp-content\/uploads\/2022\/09\/Income-and-Expenses-Templates.png\" \/>\n\t<meta property=\"og:image:width\" content=\"1700\" \/>\n\t<meta property=\"og:image:height\" content=\"1100\" \/>\n\t<meta property=\"og:image:type\" content=\"image\/png\" \/>\n<meta name=\"twitter:card\" content=\"summary_large_image\" \/>\n<script type=\"application\/ld+json\" class=\"yoast-schema-graph\">{\"@context\":\"https:\/\/schema.org\",\"@graph\":[{\"@type\":\"WebPage\",\"@id\":\"https:\/\/sales-ai-agents.com\/tr\/templates\/income-and-expenses\/\",\"url\":\"https:\/\/sales-ai-agents.com\/tr\/templates\/income-and-expenses\/\",\"name\":\"Gelir ve Giderler \u015eablonu - Sales AI Agents\",\"isPartOf\":{\"@id\":\"https:\/\/sales-ai-agents.com\/#website\"},\"primaryImageOfPage\":{\"@id\":\"https:\/\/sales-ai-agents.com\/tr\/templates\/income-and-expenses\/#primaryimage\"},\"image\":{\"@id\":\"https:\/\/sales-ai-agents.com\/tr\/templates\/income-and-expenses\/#primaryimage\"},\"thumbnailUrl\":\"https:\/\/sales-ai-agents.com\/wp-content\/uploads\/2022\/09\/Income-and-Expenses-Templates.png\",\"datePublished\":\"2022-09-26T12:16:25+00:00\",\"dateModified\":\"2024-01-02T11:38:36+00:00\",\"description\":\"Harcamalar\u0131n\u0131z\u0131 takip etmenize yard\u0131mc\u0131 olmas\u0131 i\u00e7in bu \u00fccretsiz harcama \u015fablonunu kullan\u0131n. Gelir ve giderlerinizi toplamak i\u00e7in deneyin, b\u00f6ylece ne kadar tasarruf etti\u011finizi anlayabilirsiniz\",\"inLanguage\":\"tr\",\"potentialAction\":[{\"@type\":\"ReadAction\",\"target\":[\"https:\/\/sales-ai-agents.com\/tr\/templates\/income-and-expenses\/\"]}]},{\"@type\":\"ImageObject\",\"inLanguage\":\"tr\",\"@id\":\"https:\/\/sales-ai-agents.com\/tr\/templates\/income-and-expenses\/#primaryimage\",\"url\":\"https:\/\/sales-ai-agents.com\/wp-content\/uploads\/2022\/09\/Income-and-Expenses-Templates.png\",\"contentUrl\":\"https:\/\/sales-ai-agents.com\/wp-content\/uploads\/2022\/09\/Income-and-Expenses-Templates.png\",\"width\":1700,\"height\":1100},{\"@type\":\"WebSite\",\"@id\":\"https:\/\/sales-ai-agents.com\/#website\",\"url\":\"https:\/\/sales-ai-agents.com\/\",\"name\":\"FuseBase\",\"description\":\"Sales AI Agents - Free Online Collaboration Software for Remote Teams. Build your wikis, client portals and more with the Nimbus Platform collaboration tool ? A perfect space for online work\",\"publisher\":{\"@id\":\"https:\/\/sales-ai-agents.com\/#organization\"},\"potentialAction\":[{\"@type\":\"SearchAction\",\"target\":{\"@type\":\"EntryPoint\",\"urlTemplate\":\"https:\/\/sales-ai-agents.com\/?s={search_term_string}\"},\"query-input\":{\"@type\":\"PropertyValueSpecification\",\"valueRequired\":true,\"valueName\":\"search_term_string\"}}],\"inLanguage\":\"tr\"},{\"@type\":\"Organization\",\"@id\":\"https:\/\/sales-ai-agents.com\/#organization\",\"name\":\"FuseBase\",\"url\":\"https:\/\/sales-ai-agents.com\/\",\"logo\":{\"@type\":\"ImageObject\",\"inLanguage\":\"tr\",\"@id\":\"https:\/\/sales-ai-agents.com\/#\/schema\/logo\/image\/\",\"url\":\"https:\/\/sales-ai-agents.com\/wp-content\/uploads\/2023\/11\/icon-7.svg\",\"contentUrl\":\"https:\/\/sales-ai-agents.com\/wp-content\/uploads\/2023\/11\/icon-7.svg\",\"width\":128,\"height\":128,\"caption\":\"FuseBase\"},\"image\":{\"@id\":\"https:\/\/sales-ai-agents.com\/#\/schema\/logo\/image\/\"}}]}<\/script>\n<!-- \/ Yoast SEO plugin. -->","yoast_head_json":{"title":"Gelir ve Giderler \u015eablonu - Sales AI Agents","description":"Harcamalar\u0131n\u0131z\u0131 takip etmenize yard\u0131mc\u0131 olmas\u0131 i\u00e7in bu \u00fccretsiz harcama \u015fablonunu kullan\u0131n. Gelir ve giderlerinizi toplamak i\u00e7in deneyin, b\u00f6ylece ne kadar tasarruf etti\u011finizi anlayabilirsiniz","robots":{"index":"index","follow":"follow","max-snippet":"max-snippet:-1","max-image-preview":"max-image-preview:large","max-video-preview":"max-video-preview:-1"},"canonical":"https:\/\/sales-ai-agents.com\/tr\/templates\/income-and-expenses\/","og_locale":"tr_TR","og_type":"article","og_title":"Gelir ve Giderler \u015eablonu - Sales AI Agents","og_description":"Harcamalar\u0131n\u0131z\u0131 takip etmenize yard\u0131mc\u0131 olmas\u0131 i\u00e7in bu \u00fccretsiz harcama \u015fablonunu kullan\u0131n. Gelir ve giderlerinizi toplamak i\u00e7in deneyin, b\u00f6ylece ne kadar tasarruf etti\u011finizi anlayabilirsiniz","og_url":"https:\/\/sales-ai-agents.com\/tr\/templates\/income-and-expenses\/","og_site_name":"Sales AI Agents","article_modified_time":"2024-01-02T11:38:36+00:00","og_image":[{"width":1700,"height":1100,"url":"https:\/\/sales-ai-agents.com\/wp-content\/uploads\/2022\/09\/Income-and-Expenses-Templates.png","type":"image\/png"}],"twitter_card":"summary_large_image","schema":{"@context":"https:\/\/schema.org","@graph":[{"@type":"WebPage","@id":"https:\/\/sales-ai-agents.com\/tr\/templates\/income-and-expenses\/","url":"https:\/\/sales-ai-agents.com\/tr\/templates\/income-and-expenses\/","name":"Gelir ve Giderler \u015eablonu - Sales AI Agents","isPartOf":{"@id":"https:\/\/sales-ai-agents.com\/#website"},"primaryImageOfPage":{"@id":"https:\/\/sales-ai-agents.com\/tr\/templates\/income-and-expenses\/#primaryimage"},"image":{"@id":"https:\/\/sales-ai-agents.com\/tr\/templates\/income-and-expenses\/#primaryimage"},"thumbnailUrl":"https:\/\/sales-ai-agents.com\/wp-content\/uploads\/2022\/09\/Income-and-Expenses-Templates.png","datePublished":"2022-09-26T12:16:25+00:00","dateModified":"2024-01-02T11:38:36+00:00","description":"Harcamalar\u0131n\u0131z\u0131 takip etmenize yard\u0131mc\u0131 olmas\u0131 i\u00e7in bu \u00fccretsiz harcama \u015fablonunu kullan\u0131n. Gelir ve giderlerinizi toplamak i\u00e7in deneyin, b\u00f6ylece ne kadar tasarruf etti\u011finizi anlayabilirsiniz","inLanguage":"tr","potentialAction":[{"@type":"ReadAction","target":["https:\/\/sales-ai-agents.com\/tr\/templates\/income-and-expenses\/"]}]},{"@type":"ImageObject","inLanguage":"tr","@id":"https:\/\/sales-ai-agents.com\/tr\/templates\/income-and-expenses\/#primaryimage","url":"https:\/\/sales-ai-agents.com\/wp-content\/uploads\/2022\/09\/Income-and-Expenses-Templates.png","contentUrl":"https:\/\/sales-ai-agents.com\/wp-content\/uploads\/2022\/09\/Income-and-Expenses-Templates.png","width":1700,"height":1100},{"@type":"WebSite","@id":"https:\/\/sales-ai-agents.com\/#website","url":"https:\/\/sales-ai-agents.com\/","name":"FuseBase","description":"Sales AI Agents - Free Online Collaboration Software for Remote Teams. Build your wikis, client portals and more with the Nimbus Platform collaboration tool ? A perfect space for online work","publisher":{"@id":"https:\/\/sales-ai-agents.com\/#organization"},"potentialAction":[{"@type":"SearchAction","target":{"@type":"EntryPoint","urlTemplate":"https:\/\/sales-ai-agents.com\/?s={search_term_string}"},"query-input":{"@type":"PropertyValueSpecification","valueRequired":true,"valueName":"search_term_string"}}],"inLanguage":"tr"},{"@type":"Organization","@id":"https:\/\/sales-ai-agents.com\/#organization","name":"FuseBase","url":"https:\/\/sales-ai-agents.com\/","logo":{"@type":"ImageObject","inLanguage":"tr","@id":"https:\/\/sales-ai-agents.com\/#\/schema\/logo\/image\/","url":"https:\/\/sales-ai-agents.com\/wp-content\/uploads\/2023\/11\/icon-7.svg","contentUrl":"https:\/\/sales-ai-agents.com\/wp-content\/uploads\/2023\/11\/icon-7.svg","width":128,"height":128,"caption":"FuseBase"},"image":{"@id":"https:\/\/sales-ai-agents.com\/#\/schema\/logo\/image\/"}}]}},"_links":{"self":[{"href":"https:\/\/sales-ai-agents.com\/tr\/wp-json\/wp\/v2\/product\/57226","targetHints":{"allow":["GET"]}}],"collection":[{"href":"https:\/\/sales-ai-agents.com\/tr\/wp-json\/wp\/v2\/product"}],"about":[{"href":"https:\/\/sales-ai-agents.com\/tr\/wp-json\/wp\/v2\/types\/product"}],"wp:featuredmedia":[{"embeddable":true,"href":"https:\/\/sales-ai-agents.com\/tr\/wp-json\/wp\/v2\/media\/57227"}],"wp:attachment":[{"href":"https:\/\/sales-ai-agents.com\/tr\/wp-json\/wp\/v2\/media?parent=57226"}],"wp:term":[{"taxonomy":"product_brand","embeddable":true,"href":"https:\/\/sales-ai-agents.com\/tr\/wp-json\/wp\/v2\/product_brand?post=57226"},{"taxonomy":"product_cat","embeddable":true,"href":"https:\/\/sales-ai-agents.com\/tr\/wp-json\/wp\/v2\/product_cat?post=57226"},{"taxonomy":"product_tag","embeddable":true,"href":"https:\/\/sales-ai-agents.com\/tr\/wp-json\/wp\/v2\/product_tag?post=57226"}],"curies":[{"name":"wp","href":"https:\/\/api.w.org\/{rel}","templated":true}]}}