{"id":57233,"date":"2022-09-26T12:16:18","date_gmt":"2022-09-26T12:16:18","guid":{"rendered":"https:\/\/sales-ai-agents.com\/templates\/product-feedback\/"},"modified":"2023-12-31T16:42:40","modified_gmt":"2023-12-31T16:42:40","slug":"product-feedback","status":"publish","type":"product","link":"https:\/\/sales-ai-agents.com\/tr\/templates\/product-feedback\/","title":{"rendered":"\u00dcr\u00fcn Geri Bildirimi"},"content":{"rendered":"<p>&nbsp;<\/p>\n<h2>\u00dcr\u00fcn Geri Bildirim \u015eablonu<\/h2>\n<p class=\"desc-text\">Yeni bir \u00fcr\u00fcn\u00fc piyasaya s\u00fcrerken kullan\u0131c\u0131lardan, m\u00fc\u015fterilerden ve ekip \u00fcyelerinizden geri bildirim alman\u0131z gerekir. Neyi iyi yapt\u0131\u011f\u0131n\u0131z\u0131 ve gelecek i\u00e7in neyi geli\u015ftirebilece\u011finizi belirleyin. Geri bildirim sayesinde bir sonraki giri\u015fiminizin ba\u015far\u0131l\u0131 olmas\u0131n\u0131 sa\u011flayabilirsiniz. Yan\u0131tlar\u0131 toplamak ve kolayca okunabilecek \u015fekilde d\u00fczenlemek i\u00e7in bu \u015fablonu kullanabilirsiniz.<\/p>\n<h5>Nas\u0131l kullan\u0131l\u0131r?<\/h5>\n<ul class=\"desc-item_list\">\n<li class=\"desc-item_list__point\">\u00dcr\u00fcn\u00fcn olumlu y\u00f6nlerinden bahsedin<\/li>\n<li class=\"desc-item_list__point\">\u0130yile\u015ftirme i\u00e7in alanlar\u0131 not edin<\/li>\n<li class=\"desc-item_list__point\">\u00d6nerileri eylem \u00f6\u011fesi olarak ekleyin<\/li>\n<li class=\"desc-item_list__point\">Ekstra notlar ve \u00e7\u00fcr\u00fctmeler ekleyin<\/li>\n<\/ul>\n","protected":false},"excerpt":{"rendered":"<p>Yeni bir \u00fcr\u00fcn\u00fc piyasaya s\u00fcrerken kullan\u0131c\u0131lardan, m\u00fc\u015fterilerden ve ekip \u00fcyelerinizden geri bildirim alman\u0131z gerekir. Bu \u00f6zelle\u015ftirilebilir \u015fablon ile t\u00fcm g\u00f6r\u00fc\u015fleri toplay\u0131n.<\/p>\n","protected":false},"featured_media":57234,"template":"","meta":{"_acf_changed":false,"inline_featured_image":false},"product_brand":[],"product_cat":[217,271,252],"product_tag":[],"class_list":{"0":"post-57233","1":"product","2":"type-product","3":"status-publish","4":"has-post-thumbnail","6":"product_cat-entrepreneur","7":"product_cat-product-management","8":"product_cat-product","10":"first","11":"instock","12":"virtual","13":"sold-individually","14":"product-type-simple"},"acf":[],"yoast_head":"<!-- This site is optimized with the Yoast SEO plugin v25.3.1 - https:\/\/yoast.com\/wordpress\/plugins\/seo\/ -->\n<title>\u00dcr\u00fcn Geri Bildirim \u015eablonu - Sales AI Agents<\/title>\n<meta name=\"description\" content=\"Yeni bir \u00fcr\u00fcn\u00fc piyasaya s\u00fcrerken kullan\u0131c\u0131lardan, m\u00fc\u015fterilerden ve ekip \u00fcyelerinizden geri bildirim alman\u0131z gerekir. Bu \u00f6zelle\u015ftirilebilir \u015fablonu kullan\u0131n!\" \/>\n<meta name=\"robots\" content=\"index, follow, max-snippet:-1, max-image-preview:large, max-video-preview:-1\" \/>\n<link rel=\"canonical\" href=\"https:\/\/sales-ai-agents.com\/tr\/templates\/product-feedback\/\" \/>\n<meta property=\"og:locale\" content=\"tr_TR\" \/>\n<meta property=\"og:type\" content=\"article\" \/>\n<meta property=\"og:title\" content=\"\u00dcr\u00fcn Geri Bildirim \u015eablonu - Sales AI Agents\" \/>\n<meta property=\"og:description\" content=\"Yeni bir \u00fcr\u00fcn\u00fc piyasaya s\u00fcrerken kullan\u0131c\u0131lardan, m\u00fc\u015fterilerden ve ekip \u00fcyelerinizden geri bildirim alman\u0131z gerekir. Bu \u00f6zelle\u015ftirilebilir \u015fablonu kullan\u0131n!\" \/>\n<meta property=\"og:url\" content=\"https:\/\/sales-ai-agents.com\/tr\/templates\/product-feedback\/\" \/>\n<meta property=\"og:site_name\" content=\"Sales AI Agents\" \/>\n<meta property=\"article:modified_time\" content=\"2023-12-31T16:42:40+00:00\" \/>\n<meta property=\"og:image\" content=\"https:\/\/sales-ai-agents.com\/wp-content\/uploads\/2022\/09\/Product-Feedback-Template.png\" \/>\n\t<meta property=\"og:image:width\" content=\"1700\" \/>\n\t<meta property=\"og:image:height\" content=\"1100\" \/>\n\t<meta property=\"og:image:type\" content=\"image\/png\" \/>\n<meta name=\"twitter:card\" content=\"summary_large_image\" \/>\n<script type=\"application\/ld+json\" class=\"yoast-schema-graph\">{\"@context\":\"https:\/\/schema.org\",\"@graph\":[{\"@type\":\"WebPage\",\"@id\":\"https:\/\/sales-ai-agents.com\/tr\/templates\/product-feedback\/\",\"url\":\"https:\/\/sales-ai-agents.com\/tr\/templates\/product-feedback\/\",\"name\":\"\u00dcr\u00fcn Geri Bildirim \u015eablonu - Sales AI Agents\",\"isPartOf\":{\"@id\":\"https:\/\/sales-ai-agents.com\/#website\"},\"primaryImageOfPage\":{\"@id\":\"https:\/\/sales-ai-agents.com\/tr\/templates\/product-feedback\/#primaryimage\"},\"image\":{\"@id\":\"https:\/\/sales-ai-agents.com\/tr\/templates\/product-feedback\/#primaryimage\"},\"thumbnailUrl\":\"https:\/\/sales-ai-agents.com\/wp-content\/uploads\/2022\/09\/Product-Feedback-Template.png\",\"datePublished\":\"2022-09-26T12:16:18+00:00\",\"dateModified\":\"2023-12-31T16:42:40+00:00\",\"description\":\"Yeni bir \u00fcr\u00fcn\u00fc piyasaya s\u00fcrerken kullan\u0131c\u0131lardan, m\u00fc\u015fterilerden ve ekip \u00fcyelerinizden geri bildirim alman\u0131z gerekir. Bu \u00f6zelle\u015ftirilebilir \u015fablonu kullan\u0131n!\",\"inLanguage\":\"tr\",\"potentialAction\":[{\"@type\":\"ReadAction\",\"target\":[\"https:\/\/sales-ai-agents.com\/tr\/templates\/product-feedback\/\"]}]},{\"@type\":\"ImageObject\",\"inLanguage\":\"tr\",\"@id\":\"https:\/\/sales-ai-agents.com\/tr\/templates\/product-feedback\/#primaryimage\",\"url\":\"https:\/\/sales-ai-agents.com\/wp-content\/uploads\/2022\/09\/Product-Feedback-Template.png\",\"contentUrl\":\"https:\/\/sales-ai-agents.com\/wp-content\/uploads\/2022\/09\/Product-Feedback-Template.png\",\"width\":1700,\"height\":1100},{\"@type\":\"WebSite\",\"@id\":\"https:\/\/sales-ai-agents.com\/#website\",\"url\":\"https:\/\/sales-ai-agents.com\/\",\"name\":\"FuseBase\",\"description\":\"Sales AI Agents - Free Online Collaboration Software for Remote Teams. Build your wikis, client portals and more with the Nimbus Platform collaboration tool ? A perfect space for online work\",\"publisher\":{\"@id\":\"https:\/\/sales-ai-agents.com\/#organization\"},\"potentialAction\":[{\"@type\":\"SearchAction\",\"target\":{\"@type\":\"EntryPoint\",\"urlTemplate\":\"https:\/\/sales-ai-agents.com\/?s={search_term_string}\"},\"query-input\":{\"@type\":\"PropertyValueSpecification\",\"valueRequired\":true,\"valueName\":\"search_term_string\"}}],\"inLanguage\":\"tr\"},{\"@type\":\"Organization\",\"@id\":\"https:\/\/sales-ai-agents.com\/#organization\",\"name\":\"FuseBase\",\"url\":\"https:\/\/sales-ai-agents.com\/\",\"logo\":{\"@type\":\"ImageObject\",\"inLanguage\":\"tr\",\"@id\":\"https:\/\/sales-ai-agents.com\/#\/schema\/logo\/image\/\",\"url\":\"https:\/\/sales-ai-agents.com\/wp-content\/uploads\/2023\/11\/icon-7.svg\",\"contentUrl\":\"https:\/\/sales-ai-agents.com\/wp-content\/uploads\/2023\/11\/icon-7.svg\",\"width\":128,\"height\":128,\"caption\":\"FuseBase\"},\"image\":{\"@id\":\"https:\/\/sales-ai-agents.com\/#\/schema\/logo\/image\/\"}}]}<\/script>\n<!-- \/ Yoast SEO plugin. -->","yoast_head_json":{"title":"\u00dcr\u00fcn Geri Bildirim \u015eablonu - Sales AI Agents","description":"Yeni bir \u00fcr\u00fcn\u00fc piyasaya s\u00fcrerken kullan\u0131c\u0131lardan, m\u00fc\u015fterilerden ve ekip \u00fcyelerinizden geri bildirim alman\u0131z gerekir. Bu \u00f6zelle\u015ftirilebilir \u015fablonu kullan\u0131n!","robots":{"index":"index","follow":"follow","max-snippet":"max-snippet:-1","max-image-preview":"max-image-preview:large","max-video-preview":"max-video-preview:-1"},"canonical":"https:\/\/sales-ai-agents.com\/tr\/templates\/product-feedback\/","og_locale":"tr_TR","og_type":"article","og_title":"\u00dcr\u00fcn Geri Bildirim \u015eablonu - Sales AI Agents","og_description":"Yeni bir \u00fcr\u00fcn\u00fc piyasaya s\u00fcrerken kullan\u0131c\u0131lardan, m\u00fc\u015fterilerden ve ekip \u00fcyelerinizden geri bildirim alman\u0131z gerekir. Bu \u00f6zelle\u015ftirilebilir \u015fablonu kullan\u0131n!","og_url":"https:\/\/sales-ai-agents.com\/tr\/templates\/product-feedback\/","og_site_name":"Sales AI Agents","article_modified_time":"2023-12-31T16:42:40+00:00","og_image":[{"width":1700,"height":1100,"url":"https:\/\/sales-ai-agents.com\/wp-content\/uploads\/2022\/09\/Product-Feedback-Template.png","type":"image\/png"}],"twitter_card":"summary_large_image","schema":{"@context":"https:\/\/schema.org","@graph":[{"@type":"WebPage","@id":"https:\/\/sales-ai-agents.com\/tr\/templates\/product-feedback\/","url":"https:\/\/sales-ai-agents.com\/tr\/templates\/product-feedback\/","name":"\u00dcr\u00fcn Geri Bildirim \u015eablonu - Sales AI Agents","isPartOf":{"@id":"https:\/\/sales-ai-agents.com\/#website"},"primaryImageOfPage":{"@id":"https:\/\/sales-ai-agents.com\/tr\/templates\/product-feedback\/#primaryimage"},"image":{"@id":"https:\/\/sales-ai-agents.com\/tr\/templates\/product-feedback\/#primaryimage"},"thumbnailUrl":"https:\/\/sales-ai-agents.com\/wp-content\/uploads\/2022\/09\/Product-Feedback-Template.png","datePublished":"2022-09-26T12:16:18+00:00","dateModified":"2023-12-31T16:42:40+00:00","description":"Yeni bir \u00fcr\u00fcn\u00fc piyasaya s\u00fcrerken kullan\u0131c\u0131lardan, m\u00fc\u015fterilerden ve ekip \u00fcyelerinizden geri bildirim alman\u0131z gerekir. Bu \u00f6zelle\u015ftirilebilir \u015fablonu kullan\u0131n!","inLanguage":"tr","potentialAction":[{"@type":"ReadAction","target":["https:\/\/sales-ai-agents.com\/tr\/templates\/product-feedback\/"]}]},{"@type":"ImageObject","inLanguage":"tr","@id":"https:\/\/sales-ai-agents.com\/tr\/templates\/product-feedback\/#primaryimage","url":"https:\/\/sales-ai-agents.com\/wp-content\/uploads\/2022\/09\/Product-Feedback-Template.png","contentUrl":"https:\/\/sales-ai-agents.com\/wp-content\/uploads\/2022\/09\/Product-Feedback-Template.png","width":1700,"height":1100},{"@type":"WebSite","@id":"https:\/\/sales-ai-agents.com\/#website","url":"https:\/\/sales-ai-agents.com\/","name":"FuseBase","description":"Sales AI Agents - Free Online Collaboration Software for Remote Teams. Build your wikis, client portals and more with the Nimbus Platform collaboration tool ? A perfect space for online work","publisher":{"@id":"https:\/\/sales-ai-agents.com\/#organization"},"potentialAction":[{"@type":"SearchAction","target":{"@type":"EntryPoint","urlTemplate":"https:\/\/sales-ai-agents.com\/?s={search_term_string}"},"query-input":{"@type":"PropertyValueSpecification","valueRequired":true,"valueName":"search_term_string"}}],"inLanguage":"tr"},{"@type":"Organization","@id":"https:\/\/sales-ai-agents.com\/#organization","name":"FuseBase","url":"https:\/\/sales-ai-agents.com\/","logo":{"@type":"ImageObject","inLanguage":"tr","@id":"https:\/\/sales-ai-agents.com\/#\/schema\/logo\/image\/","url":"https:\/\/sales-ai-agents.com\/wp-content\/uploads\/2023\/11\/icon-7.svg","contentUrl":"https:\/\/sales-ai-agents.com\/wp-content\/uploads\/2023\/11\/icon-7.svg","width":128,"height":128,"caption":"FuseBase"},"image":{"@id":"https:\/\/sales-ai-agents.com\/#\/schema\/logo\/image\/"}}]}},"_links":{"self":[{"href":"https:\/\/sales-ai-agents.com\/tr\/wp-json\/wp\/v2\/product\/57233","targetHints":{"allow":["GET"]}}],"collection":[{"href":"https:\/\/sales-ai-agents.com\/tr\/wp-json\/wp\/v2\/product"}],"about":[{"href":"https:\/\/sales-ai-agents.com\/tr\/wp-json\/wp\/v2\/types\/product"}],"wp:featuredmedia":[{"embeddable":true,"href":"https:\/\/sales-ai-agents.com\/tr\/wp-json\/wp\/v2\/media\/57234"}],"wp:attachment":[{"href":"https:\/\/sales-ai-agents.com\/tr\/wp-json\/wp\/v2\/media?parent=57233"}],"wp:term":[{"taxonomy":"product_brand","embeddable":true,"href":"https:\/\/sales-ai-agents.com\/tr\/wp-json\/wp\/v2\/product_brand?post=57233"},{"taxonomy":"product_cat","embeddable":true,"href":"https:\/\/sales-ai-agents.com\/tr\/wp-json\/wp\/v2\/product_cat?post=57233"},{"taxonomy":"product_tag","embeddable":true,"href":"https:\/\/sales-ai-agents.com\/tr\/wp-json\/wp\/v2\/product_tag?post=57233"}],"curies":[{"name":"wp","href":"https:\/\/api.w.org\/{rel}","templated":true}]}}