{"id":57237,"date":"2022-09-26T12:16:15","date_gmt":"2022-09-26T12:16:15","guid":{"rendered":"https:\/\/sales-ai-agents.com\/templates\/event-planning-budget\/"},"modified":"2023-12-31T17:08:21","modified_gmt":"2023-12-31T17:08:21","slug":"event-planning-budget","status":"publish","type":"product","link":"https:\/\/sales-ai-agents.com\/tr\/templates\/event-planning-budget\/","title":{"rendered":"Etkinlik Planlama B\u00fct\u00e7esi"},"content":{"rendered":"<p>&nbsp;<\/p>\n<h2>Etkinlik Planlama B\u00fct\u00e7e \u015eablonu<\/h2>\n<p class=\"desc-text\">Giden maliyetlerinizi takip etmek i\u00e7in bu kapsaml\u0131 etkinlik b\u00fct\u00e7esi \u015fablonunu kullan\u0131n. Bu \u015fablon, t\u00fcm harcamalar\u0131n\u0131z\u0131 girmeniz i\u00e7in \u00f6zelle\u015ftirilebilir bir tablo i\u00e7erir. Beklenen fiyatlar\u0131 ekleyin ve bunlar\u0131 ger\u00e7ek harcanan miktarla kar\u015f\u0131la\u015ft\u0131r\u0131n. Sat\u0131n alma i\u015fleminizin kayd\u0131 olarak makbuzlar\u0131n g\u00f6r\u00fcnt\u00fclerini taray\u0131n ve ekleyin. Herkesi d\u00f6ng\u00fc i\u00e7inde tutmak i\u00e7in ekibinizin farkl\u0131 \u00fcyelerini etiketleyebilirsiniz.<\/p>\n<h5>Nas\u0131l kullan\u0131l\u0131r?<\/h5>\n<ul class=\"desc-item_list\">\n<li class=\"desc-item_list__point\">Etkinlikle ilgili ayr\u0131nt\u0131lar\u0131 ekleyin<\/li>\n<li class=\"desc-item_list__point\">Di\u011fer ekip \u00fcyelerini etiketleyin<\/li>\n<li class=\"desc-item_list__point\">Beklenen harcamalar\u0131 listeleyin<\/li>\n<li class=\"desc-item_list__point\">Makbuzlar\u0131 taray\u0131n ve ekleyin<\/li>\n<li class=\"desc-item_list__point\">Beklenen maliyet ile ger\u00e7ekle\u015fen maliyetleri kar\u015f\u0131la\u015ft\u0131r\u0131n<\/li>\n<\/ul>\n","protected":false},"excerpt":{"rendered":"<p>Giden maliyetlerinizi takip etmek i\u00e7in bu \u00fccretsiz kapsaml\u0131 etkinlik b\u00fct\u00e7esi \u015fablonunu kullan\u0131n. Bu \u015fablon, t\u00fcm harcamalar\u0131n\u0131z\u0131 girmeniz i\u00e7in \u00f6zelle\u015ftirilebilir bir tablo i\u00e7erir.<\/p>\n","protected":false},"featured_media":57238,"template":"","meta":{"_acf_changed":false,"inline_featured_image":false},"product_brand":[],"product_cat":[260,231],"product_tag":[],"class_list":{"0":"post-57237","1":"product","2":"type-product","3":"status-publish","4":"has-post-thumbnail","6":"product_cat-events","7":"product_cat-project-management","9":"first","10":"instock","11":"virtual","12":"sold-individually","13":"product-type-simple"},"acf":[],"yoast_head":"<!-- This site is optimized with the Yoast SEO plugin v25.3.1 - https:\/\/yoast.com\/wordpress\/plugins\/seo\/ -->\n<title>Etkinlik Planlama B\u00fct\u00e7e \u015eablonu - Sales AI Agents<\/title>\n<meta name=\"description\" content=\"Giden maliyetlerinizi takip etmek i\u00e7in bu \u00fccretsiz kapsaml\u0131 etkinlik b\u00fct\u00e7esi \u015fablonunu kullan\u0131n. Bu \u015fablon, t\u00fcm harcamalar\u0131n\u0131z\u0131 girmeniz i\u00e7in \u00f6zelle\u015ftirilebilir bir tablo i\u00e7erir.\" \/>\n<meta name=\"robots\" content=\"index, follow, max-snippet:-1, max-image-preview:large, max-video-preview:-1\" \/>\n<link rel=\"canonical\" href=\"https:\/\/sales-ai-agents.com\/tr\/templates\/event-planning-budget\/\" \/>\n<meta property=\"og:locale\" content=\"tr_TR\" \/>\n<meta property=\"og:type\" content=\"article\" \/>\n<meta property=\"og:title\" content=\"Etkinlik Planlama B\u00fct\u00e7e \u015eablonu - Sales AI Agents\" \/>\n<meta property=\"og:description\" content=\"Giden maliyetlerinizi takip etmek i\u00e7in bu \u00fccretsiz kapsaml\u0131 etkinlik b\u00fct\u00e7esi \u015fablonunu kullan\u0131n. Bu \u015fablon, t\u00fcm harcamalar\u0131n\u0131z\u0131 girmeniz i\u00e7in \u00f6zelle\u015ftirilebilir bir tablo i\u00e7erir.\" \/>\n<meta property=\"og:url\" content=\"https:\/\/sales-ai-agents.com\/tr\/templates\/event-planning-budget\/\" \/>\n<meta property=\"og:site_name\" content=\"Sales AI Agents\" \/>\n<meta property=\"article:modified_time\" content=\"2023-12-31T17:08:21+00:00\" \/>\n<meta property=\"og:image\" content=\"https:\/\/sales-ai-agents.com\/wp-content\/uploads\/2022\/09\/Event-Planning-Budget-Template.png\" \/>\n\t<meta property=\"og:image:width\" content=\"1700\" \/>\n\t<meta property=\"og:image:height\" content=\"1100\" \/>\n\t<meta property=\"og:image:type\" content=\"image\/png\" \/>\n<meta name=\"twitter:card\" content=\"summary_large_image\" \/>\n<script type=\"application\/ld+json\" class=\"yoast-schema-graph\">{\"@context\":\"https:\/\/schema.org\",\"@graph\":[{\"@type\":\"WebPage\",\"@id\":\"https:\/\/sales-ai-agents.com\/tr\/templates\/event-planning-budget\/\",\"url\":\"https:\/\/sales-ai-agents.com\/tr\/templates\/event-planning-budget\/\",\"name\":\"Etkinlik Planlama B\u00fct\u00e7e \u015eablonu - Sales AI Agents\",\"isPartOf\":{\"@id\":\"https:\/\/sales-ai-agents.com\/#website\"},\"primaryImageOfPage\":{\"@id\":\"https:\/\/sales-ai-agents.com\/tr\/templates\/event-planning-budget\/#primaryimage\"},\"image\":{\"@id\":\"https:\/\/sales-ai-agents.com\/tr\/templates\/event-planning-budget\/#primaryimage\"},\"thumbnailUrl\":\"https:\/\/sales-ai-agents.com\/wp-content\/uploads\/2022\/09\/Event-Planning-Budget-Template.png\",\"datePublished\":\"2022-09-26T12:16:15+00:00\",\"dateModified\":\"2023-12-31T17:08:21+00:00\",\"description\":\"Giden maliyetlerinizi takip etmek i\u00e7in bu \u00fccretsiz kapsaml\u0131 etkinlik b\u00fct\u00e7esi \u015fablonunu kullan\u0131n. Bu \u015fablon, t\u00fcm harcamalar\u0131n\u0131z\u0131 girmeniz i\u00e7in \u00f6zelle\u015ftirilebilir bir tablo i\u00e7erir.\",\"inLanguage\":\"tr\",\"potentialAction\":[{\"@type\":\"ReadAction\",\"target\":[\"https:\/\/sales-ai-agents.com\/tr\/templates\/event-planning-budget\/\"]}]},{\"@type\":\"ImageObject\",\"inLanguage\":\"tr\",\"@id\":\"https:\/\/sales-ai-agents.com\/tr\/templates\/event-planning-budget\/#primaryimage\",\"url\":\"https:\/\/sales-ai-agents.com\/wp-content\/uploads\/2022\/09\/Event-Planning-Budget-Template.png\",\"contentUrl\":\"https:\/\/sales-ai-agents.com\/wp-content\/uploads\/2022\/09\/Event-Planning-Budget-Template.png\",\"width\":1700,\"height\":1100},{\"@type\":\"WebSite\",\"@id\":\"https:\/\/sales-ai-agents.com\/#website\",\"url\":\"https:\/\/sales-ai-agents.com\/\",\"name\":\"FuseBase\",\"description\":\"Sales AI Agents - Free Online Collaboration Software for Remote Teams. Build your wikis, client portals and more with the Nimbus Platform collaboration tool ? A perfect space for online work\",\"publisher\":{\"@id\":\"https:\/\/sales-ai-agents.com\/#organization\"},\"potentialAction\":[{\"@type\":\"SearchAction\",\"target\":{\"@type\":\"EntryPoint\",\"urlTemplate\":\"https:\/\/sales-ai-agents.com\/?s={search_term_string}\"},\"query-input\":{\"@type\":\"PropertyValueSpecification\",\"valueRequired\":true,\"valueName\":\"search_term_string\"}}],\"inLanguage\":\"tr\"},{\"@type\":\"Organization\",\"@id\":\"https:\/\/sales-ai-agents.com\/#organization\",\"name\":\"FuseBase\",\"url\":\"https:\/\/sales-ai-agents.com\/\",\"logo\":{\"@type\":\"ImageObject\",\"inLanguage\":\"tr\",\"@id\":\"https:\/\/sales-ai-agents.com\/#\/schema\/logo\/image\/\",\"url\":\"https:\/\/sales-ai-agents.com\/wp-content\/uploads\/2023\/11\/icon-7.svg\",\"contentUrl\":\"https:\/\/sales-ai-agents.com\/wp-content\/uploads\/2023\/11\/icon-7.svg\",\"width\":128,\"height\":128,\"caption\":\"FuseBase\"},\"image\":{\"@id\":\"https:\/\/sales-ai-agents.com\/#\/schema\/logo\/image\/\"}}]}<\/script>\n<!-- \/ Yoast SEO plugin. -->","yoast_head_json":{"title":"Etkinlik Planlama B\u00fct\u00e7e \u015eablonu - Sales AI Agents","description":"Giden maliyetlerinizi takip etmek i\u00e7in bu \u00fccretsiz kapsaml\u0131 etkinlik b\u00fct\u00e7esi \u015fablonunu kullan\u0131n. Bu \u015fablon, t\u00fcm harcamalar\u0131n\u0131z\u0131 girmeniz i\u00e7in \u00f6zelle\u015ftirilebilir bir tablo i\u00e7erir.","robots":{"index":"index","follow":"follow","max-snippet":"max-snippet:-1","max-image-preview":"max-image-preview:large","max-video-preview":"max-video-preview:-1"},"canonical":"https:\/\/sales-ai-agents.com\/tr\/templates\/event-planning-budget\/","og_locale":"tr_TR","og_type":"article","og_title":"Etkinlik Planlama B\u00fct\u00e7e \u015eablonu - Sales AI Agents","og_description":"Giden maliyetlerinizi takip etmek i\u00e7in bu \u00fccretsiz kapsaml\u0131 etkinlik b\u00fct\u00e7esi \u015fablonunu kullan\u0131n. Bu \u015fablon, t\u00fcm harcamalar\u0131n\u0131z\u0131 girmeniz i\u00e7in \u00f6zelle\u015ftirilebilir bir tablo i\u00e7erir.","og_url":"https:\/\/sales-ai-agents.com\/tr\/templates\/event-planning-budget\/","og_site_name":"Sales AI Agents","article_modified_time":"2023-12-31T17:08:21+00:00","og_image":[{"width":1700,"height":1100,"url":"https:\/\/sales-ai-agents.com\/wp-content\/uploads\/2022\/09\/Event-Planning-Budget-Template.png","type":"image\/png"}],"twitter_card":"summary_large_image","schema":{"@context":"https:\/\/schema.org","@graph":[{"@type":"WebPage","@id":"https:\/\/sales-ai-agents.com\/tr\/templates\/event-planning-budget\/","url":"https:\/\/sales-ai-agents.com\/tr\/templates\/event-planning-budget\/","name":"Etkinlik Planlama B\u00fct\u00e7e \u015eablonu - Sales AI Agents","isPartOf":{"@id":"https:\/\/sales-ai-agents.com\/#website"},"primaryImageOfPage":{"@id":"https:\/\/sales-ai-agents.com\/tr\/templates\/event-planning-budget\/#primaryimage"},"image":{"@id":"https:\/\/sales-ai-agents.com\/tr\/templates\/event-planning-budget\/#primaryimage"},"thumbnailUrl":"https:\/\/sales-ai-agents.com\/wp-content\/uploads\/2022\/09\/Event-Planning-Budget-Template.png","datePublished":"2022-09-26T12:16:15+00:00","dateModified":"2023-12-31T17:08:21+00:00","description":"Giden maliyetlerinizi takip etmek i\u00e7in bu \u00fccretsiz kapsaml\u0131 etkinlik b\u00fct\u00e7esi \u015fablonunu kullan\u0131n. Bu \u015fablon, t\u00fcm harcamalar\u0131n\u0131z\u0131 girmeniz i\u00e7in \u00f6zelle\u015ftirilebilir bir tablo i\u00e7erir.","inLanguage":"tr","potentialAction":[{"@type":"ReadAction","target":["https:\/\/sales-ai-agents.com\/tr\/templates\/event-planning-budget\/"]}]},{"@type":"ImageObject","inLanguage":"tr","@id":"https:\/\/sales-ai-agents.com\/tr\/templates\/event-planning-budget\/#primaryimage","url":"https:\/\/sales-ai-agents.com\/wp-content\/uploads\/2022\/09\/Event-Planning-Budget-Template.png","contentUrl":"https:\/\/sales-ai-agents.com\/wp-content\/uploads\/2022\/09\/Event-Planning-Budget-Template.png","width":1700,"height":1100},{"@type":"WebSite","@id":"https:\/\/sales-ai-agents.com\/#website","url":"https:\/\/sales-ai-agents.com\/","name":"FuseBase","description":"Sales AI Agents - Free Online Collaboration Software for Remote Teams. Build your wikis, client portals and more with the Nimbus Platform collaboration tool ? A perfect space for online work","publisher":{"@id":"https:\/\/sales-ai-agents.com\/#organization"},"potentialAction":[{"@type":"SearchAction","target":{"@type":"EntryPoint","urlTemplate":"https:\/\/sales-ai-agents.com\/?s={search_term_string}"},"query-input":{"@type":"PropertyValueSpecification","valueRequired":true,"valueName":"search_term_string"}}],"inLanguage":"tr"},{"@type":"Organization","@id":"https:\/\/sales-ai-agents.com\/#organization","name":"FuseBase","url":"https:\/\/sales-ai-agents.com\/","logo":{"@type":"ImageObject","inLanguage":"tr","@id":"https:\/\/sales-ai-agents.com\/#\/schema\/logo\/image\/","url":"https:\/\/sales-ai-agents.com\/wp-content\/uploads\/2023\/11\/icon-7.svg","contentUrl":"https:\/\/sales-ai-agents.com\/wp-content\/uploads\/2023\/11\/icon-7.svg","width":128,"height":128,"caption":"FuseBase"},"image":{"@id":"https:\/\/sales-ai-agents.com\/#\/schema\/logo\/image\/"}}]}},"_links":{"self":[{"href":"https:\/\/sales-ai-agents.com\/tr\/wp-json\/wp\/v2\/product\/57237","targetHints":{"allow":["GET"]}}],"collection":[{"href":"https:\/\/sales-ai-agents.com\/tr\/wp-json\/wp\/v2\/product"}],"about":[{"href":"https:\/\/sales-ai-agents.com\/tr\/wp-json\/wp\/v2\/types\/product"}],"wp:featuredmedia":[{"embeddable":true,"href":"https:\/\/sales-ai-agents.com\/tr\/wp-json\/wp\/v2\/media\/57238"}],"wp:attachment":[{"href":"https:\/\/sales-ai-agents.com\/tr\/wp-json\/wp\/v2\/media?parent=57237"}],"wp:term":[{"taxonomy":"product_brand","embeddable":true,"href":"https:\/\/sales-ai-agents.com\/tr\/wp-json\/wp\/v2\/product_brand?post=57237"},{"taxonomy":"product_cat","embeddable":true,"href":"https:\/\/sales-ai-agents.com\/tr\/wp-json\/wp\/v2\/product_cat?post=57237"},{"taxonomy":"product_tag","embeddable":true,"href":"https:\/\/sales-ai-agents.com\/tr\/wp-json\/wp\/v2\/product_tag?post=57237"}],"curies":[{"name":"wp","href":"https:\/\/api.w.org\/{rel}","templated":true}]}}