{"id":57240,"date":"2022-09-26T12:16:12","date_gmt":"2022-09-26T12:16:12","guid":{"rendered":"https:\/\/sales-ai-agents.com\/templates\/weekly-review-2\/"},"modified":"2024-01-02T11:19:22","modified_gmt":"2024-01-02T11:19:22","slug":"weekly-review-2","status":"publish","type":"product","link":"https:\/\/sales-ai-agents.com\/tr\/templates\/weekly-review-2\/","title":{"rendered":"Haftal\u0131k G\u00f6rev \u0130ncelemesi"},"content":{"rendered":"<p>&nbsp;<\/p>\n<h2>Haftal\u0131k G\u00f6rev \u0130nceleme \u015eablonu<\/h2>\n<p class=\"desc-text\">Bu haftal\u0131k g\u00f6rev g\u00f6zden ge\u00e7irme \u015fablonu ile son yedi g\u00fcn\u00fcn\u00fcz\u00fc de\u011ferlendirebilirsiniz. Bu incelemeyi d\u00fczenli olarak kullanarak zihninizi da\u011f\u0131n\u0131kl\u0131ktan ar\u0131nd\u0131rabilir ve bir sonraki haftaya zinde hissederek ba\u015flayabilirsiniz. Bu inceleme, haftay\u0131 kapatmadan \u00f6nce tamamlaman\u0131z gereken son dakika g\u00f6revlerini size hat\u0131rlatacak kullan\u0131\u015fl\u0131 bir kontrol listesi i\u00e7erir. Ayr\u0131ca kafan\u0131zdaki stres fakt\u00f6rlerini ve tetikleyicileri temizlemenizi sa\u011flar, b\u00f6ylece bir sonraki haftaya huzur i\u00e7inde ba\u015flayabilirsiniz.<\/p>\n<h5>Nas\u0131l kullan\u0131l\u0131r?<\/h5>\n<ul class=\"desc-item_list\">\n<li class=\"desc-item_list__point\">\u00d6nemli notlar\u0131 ve ka\u011f\u0131tlar\u0131 taray\u0131n ve ekleyin<\/li>\n<li class=\"desc-item_list__point\">Fiziksel alanlar\u0131n\u0131z\u0131 temizleyin<\/li>\n<li class=\"desc-item_list__point\">Dijital gelen kutular\u0131n\u0131z\u0131 ve masa\u00fcstlerinizi temizleyin<\/li>\n<li class=\"desc-item_list__point\">Zihninizdeki da\u011f\u0131n\u0131kl\u0131\u011f\u0131 giderin<\/li>\n<li class=\"desc-item_list__point\">Haftan\u0131z\u0131 g\u00f6zden ge\u00e7irin<\/li>\n<\/ul>\n","protected":false},"excerpt":{"rendered":"<p>Bu haftal\u0131k g\u00f6zden ge\u00e7irme \u015fablonu son yedi g\u00fcn\u00fcn\u00fcz\u00fc yans\u0131tabilir. Bu incelemeyi kullanarak zihninizi da\u011f\u0131n\u0131kl\u0131ktan ar\u0131nd\u0131rabilir ve bir sonraki haftaya zinde hissederek ba\u015flayabilirsiniz.<\/p>\n","protected":false},"featured_media":57241,"template":"","meta":{"_acf_changed":false,"inline_featured_image":false},"product_brand":[],"product_cat":[266,256],"product_tag":[],"class_list":{"0":"post-57240","1":"product","2":"type-product","3":"status-publish","4":"has-post-thumbnail","6":"product_cat-personal-work","7":"product_cat-organizers-planners","9":"first","10":"instock","11":"virtual","12":"sold-individually","13":"product-type-simple"},"acf":[],"yoast_head":"<!-- This site is optimized with the Yoast SEO plugin v25.3.1 - https:\/\/yoast.com\/wordpress\/plugins\/seo\/ -->\n<title>Haftal\u0131k G\u00f6rev \u0130nceleme \u015eablonu - Sales AI Agents<\/title>\n<meta name=\"description\" content=\"Bu haftal\u0131k g\u00f6rev g\u00f6zden ge\u00e7irme \u015fablonu son yedi g\u00fcn\u00fcn\u00fcz\u00fc yans\u0131tabilir. Zihninizi da\u011f\u0131n\u0131kl\u0131ktan ar\u0131nd\u0131r\u0131n ve bir sonraki haftaya zinde hissederek ba\u015flay\u0131n.\" \/>\n<meta name=\"robots\" content=\"index, follow, max-snippet:-1, max-image-preview:large, max-video-preview:-1\" \/>\n<link rel=\"canonical\" href=\"https:\/\/sales-ai-agents.com\/tr\/templates\/weekly-review-2\/\" \/>\n<meta property=\"og:locale\" content=\"tr_TR\" \/>\n<meta property=\"og:type\" content=\"article\" \/>\n<meta property=\"og:title\" content=\"Haftal\u0131k G\u00f6rev \u0130nceleme \u015eablonu - Sales AI Agents\" \/>\n<meta property=\"og:description\" content=\"Bu haftal\u0131k g\u00f6rev g\u00f6zden ge\u00e7irme \u015fablonu son yedi g\u00fcn\u00fcn\u00fcz\u00fc yans\u0131tabilir. Zihninizi da\u011f\u0131n\u0131kl\u0131ktan ar\u0131nd\u0131r\u0131n ve bir sonraki haftaya zinde hissederek ba\u015flay\u0131n.\" \/>\n<meta property=\"og:url\" content=\"https:\/\/sales-ai-agents.com\/tr\/templates\/weekly-review-2\/\" \/>\n<meta property=\"og:site_name\" content=\"Sales AI Agents\" \/>\n<meta property=\"article:modified_time\" content=\"2024-01-02T11:19:22+00:00\" \/>\n<meta property=\"og:image\" content=\"https:\/\/sales-ai-agents.com\/wp-content\/uploads\/2022\/09\/Weekly-Review-Template.png\" \/>\n\t<meta property=\"og:image:width\" content=\"1700\" \/>\n\t<meta property=\"og:image:height\" content=\"1100\" \/>\n\t<meta property=\"og:image:type\" content=\"image\/png\" \/>\n<meta name=\"twitter:card\" content=\"summary_large_image\" \/>\n<script type=\"application\/ld+json\" class=\"yoast-schema-graph\">{\"@context\":\"https:\/\/schema.org\",\"@graph\":[{\"@type\":\"WebPage\",\"@id\":\"https:\/\/sales-ai-agents.com\/tr\/templates\/weekly-review-2\/\",\"url\":\"https:\/\/sales-ai-agents.com\/tr\/templates\/weekly-review-2\/\",\"name\":\"Haftal\u0131k G\u00f6rev \u0130nceleme \u015eablonu - Sales AI Agents\",\"isPartOf\":{\"@id\":\"https:\/\/sales-ai-agents.com\/#website\"},\"primaryImageOfPage\":{\"@id\":\"https:\/\/sales-ai-agents.com\/tr\/templates\/weekly-review-2\/#primaryimage\"},\"image\":{\"@id\":\"https:\/\/sales-ai-agents.com\/tr\/templates\/weekly-review-2\/#primaryimage\"},\"thumbnailUrl\":\"https:\/\/sales-ai-agents.com\/wp-content\/uploads\/2022\/09\/Weekly-Review-Template.png\",\"datePublished\":\"2022-09-26T12:16:12+00:00\",\"dateModified\":\"2024-01-02T11:19:22+00:00\",\"description\":\"Bu haftal\u0131k g\u00f6rev g\u00f6zden ge\u00e7irme \u015fablonu son yedi g\u00fcn\u00fcn\u00fcz\u00fc yans\u0131tabilir. Zihninizi da\u011f\u0131n\u0131kl\u0131ktan ar\u0131nd\u0131r\u0131n ve bir sonraki haftaya zinde hissederek ba\u015flay\u0131n.\",\"inLanguage\":\"tr\",\"potentialAction\":[{\"@type\":\"ReadAction\",\"target\":[\"https:\/\/sales-ai-agents.com\/tr\/templates\/weekly-review-2\/\"]}]},{\"@type\":\"ImageObject\",\"inLanguage\":\"tr\",\"@id\":\"https:\/\/sales-ai-agents.com\/tr\/templates\/weekly-review-2\/#primaryimage\",\"url\":\"https:\/\/sales-ai-agents.com\/wp-content\/uploads\/2022\/09\/Weekly-Review-Template.png\",\"contentUrl\":\"https:\/\/sales-ai-agents.com\/wp-content\/uploads\/2022\/09\/Weekly-Review-Template.png\",\"width\":1700,\"height\":1100},{\"@type\":\"WebSite\",\"@id\":\"https:\/\/sales-ai-agents.com\/#website\",\"url\":\"https:\/\/sales-ai-agents.com\/\",\"name\":\"FuseBase\",\"description\":\"Sales AI Agents - Free Online Collaboration Software for Remote Teams. Build your wikis, client portals and more with the Nimbus Platform collaboration tool ? A perfect space for online work\",\"publisher\":{\"@id\":\"https:\/\/sales-ai-agents.com\/#organization\"},\"potentialAction\":[{\"@type\":\"SearchAction\",\"target\":{\"@type\":\"EntryPoint\",\"urlTemplate\":\"https:\/\/sales-ai-agents.com\/?s={search_term_string}\"},\"query-input\":{\"@type\":\"PropertyValueSpecification\",\"valueRequired\":true,\"valueName\":\"search_term_string\"}}],\"inLanguage\":\"tr\"},{\"@type\":\"Organization\",\"@id\":\"https:\/\/sales-ai-agents.com\/#organization\",\"name\":\"FuseBase\",\"url\":\"https:\/\/sales-ai-agents.com\/\",\"logo\":{\"@type\":\"ImageObject\",\"inLanguage\":\"tr\",\"@id\":\"https:\/\/sales-ai-agents.com\/#\/schema\/logo\/image\/\",\"url\":\"https:\/\/sales-ai-agents.com\/wp-content\/uploads\/2023\/11\/icon-7.svg\",\"contentUrl\":\"https:\/\/sales-ai-agents.com\/wp-content\/uploads\/2023\/11\/icon-7.svg\",\"width\":128,\"height\":128,\"caption\":\"FuseBase\"},\"image\":{\"@id\":\"https:\/\/sales-ai-agents.com\/#\/schema\/logo\/image\/\"}}]}<\/script>\n<!-- \/ Yoast SEO plugin. -->","yoast_head_json":{"title":"Haftal\u0131k G\u00f6rev \u0130nceleme \u015eablonu - Sales AI Agents","description":"Bu haftal\u0131k g\u00f6rev g\u00f6zden ge\u00e7irme \u015fablonu son yedi g\u00fcn\u00fcn\u00fcz\u00fc yans\u0131tabilir. Zihninizi da\u011f\u0131n\u0131kl\u0131ktan ar\u0131nd\u0131r\u0131n ve bir sonraki haftaya zinde hissederek ba\u015flay\u0131n.","robots":{"index":"index","follow":"follow","max-snippet":"max-snippet:-1","max-image-preview":"max-image-preview:large","max-video-preview":"max-video-preview:-1"},"canonical":"https:\/\/sales-ai-agents.com\/tr\/templates\/weekly-review-2\/","og_locale":"tr_TR","og_type":"article","og_title":"Haftal\u0131k G\u00f6rev \u0130nceleme \u015eablonu - Sales AI Agents","og_description":"Bu haftal\u0131k g\u00f6rev g\u00f6zden ge\u00e7irme \u015fablonu son yedi g\u00fcn\u00fcn\u00fcz\u00fc yans\u0131tabilir. Zihninizi da\u011f\u0131n\u0131kl\u0131ktan ar\u0131nd\u0131r\u0131n ve bir sonraki haftaya zinde hissederek ba\u015flay\u0131n.","og_url":"https:\/\/sales-ai-agents.com\/tr\/templates\/weekly-review-2\/","og_site_name":"Sales AI Agents","article_modified_time":"2024-01-02T11:19:22+00:00","og_image":[{"width":1700,"height":1100,"url":"https:\/\/sales-ai-agents.com\/wp-content\/uploads\/2022\/09\/Weekly-Review-Template.png","type":"image\/png"}],"twitter_card":"summary_large_image","schema":{"@context":"https:\/\/schema.org","@graph":[{"@type":"WebPage","@id":"https:\/\/sales-ai-agents.com\/tr\/templates\/weekly-review-2\/","url":"https:\/\/sales-ai-agents.com\/tr\/templates\/weekly-review-2\/","name":"Haftal\u0131k G\u00f6rev \u0130nceleme \u015eablonu - Sales AI Agents","isPartOf":{"@id":"https:\/\/sales-ai-agents.com\/#website"},"primaryImageOfPage":{"@id":"https:\/\/sales-ai-agents.com\/tr\/templates\/weekly-review-2\/#primaryimage"},"image":{"@id":"https:\/\/sales-ai-agents.com\/tr\/templates\/weekly-review-2\/#primaryimage"},"thumbnailUrl":"https:\/\/sales-ai-agents.com\/wp-content\/uploads\/2022\/09\/Weekly-Review-Template.png","datePublished":"2022-09-26T12:16:12+00:00","dateModified":"2024-01-02T11:19:22+00:00","description":"Bu haftal\u0131k g\u00f6rev g\u00f6zden ge\u00e7irme \u015fablonu son yedi g\u00fcn\u00fcn\u00fcz\u00fc yans\u0131tabilir. Zihninizi da\u011f\u0131n\u0131kl\u0131ktan ar\u0131nd\u0131r\u0131n ve bir sonraki haftaya zinde hissederek ba\u015flay\u0131n.","inLanguage":"tr","potentialAction":[{"@type":"ReadAction","target":["https:\/\/sales-ai-agents.com\/tr\/templates\/weekly-review-2\/"]}]},{"@type":"ImageObject","inLanguage":"tr","@id":"https:\/\/sales-ai-agents.com\/tr\/templates\/weekly-review-2\/#primaryimage","url":"https:\/\/sales-ai-agents.com\/wp-content\/uploads\/2022\/09\/Weekly-Review-Template.png","contentUrl":"https:\/\/sales-ai-agents.com\/wp-content\/uploads\/2022\/09\/Weekly-Review-Template.png","width":1700,"height":1100},{"@type":"WebSite","@id":"https:\/\/sales-ai-agents.com\/#website","url":"https:\/\/sales-ai-agents.com\/","name":"FuseBase","description":"Sales AI Agents - Free Online Collaboration Software for Remote Teams. Build your wikis, client portals and more with the Nimbus Platform collaboration tool ? A perfect space for online work","publisher":{"@id":"https:\/\/sales-ai-agents.com\/#organization"},"potentialAction":[{"@type":"SearchAction","target":{"@type":"EntryPoint","urlTemplate":"https:\/\/sales-ai-agents.com\/?s={search_term_string}"},"query-input":{"@type":"PropertyValueSpecification","valueRequired":true,"valueName":"search_term_string"}}],"inLanguage":"tr"},{"@type":"Organization","@id":"https:\/\/sales-ai-agents.com\/#organization","name":"FuseBase","url":"https:\/\/sales-ai-agents.com\/","logo":{"@type":"ImageObject","inLanguage":"tr","@id":"https:\/\/sales-ai-agents.com\/#\/schema\/logo\/image\/","url":"https:\/\/sales-ai-agents.com\/wp-content\/uploads\/2023\/11\/icon-7.svg","contentUrl":"https:\/\/sales-ai-agents.com\/wp-content\/uploads\/2023\/11\/icon-7.svg","width":128,"height":128,"caption":"FuseBase"},"image":{"@id":"https:\/\/sales-ai-agents.com\/#\/schema\/logo\/image\/"}}]}},"_links":{"self":[{"href":"https:\/\/sales-ai-agents.com\/tr\/wp-json\/wp\/v2\/product\/57240","targetHints":{"allow":["GET"]}}],"collection":[{"href":"https:\/\/sales-ai-agents.com\/tr\/wp-json\/wp\/v2\/product"}],"about":[{"href":"https:\/\/sales-ai-agents.com\/tr\/wp-json\/wp\/v2\/types\/product"}],"wp:featuredmedia":[{"embeddable":true,"href":"https:\/\/sales-ai-agents.com\/tr\/wp-json\/wp\/v2\/media\/57241"}],"wp:attachment":[{"href":"https:\/\/sales-ai-agents.com\/tr\/wp-json\/wp\/v2\/media?parent=57240"}],"wp:term":[{"taxonomy":"product_brand","embeddable":true,"href":"https:\/\/sales-ai-agents.com\/tr\/wp-json\/wp\/v2\/product_brand?post=57240"},{"taxonomy":"product_cat","embeddable":true,"href":"https:\/\/sales-ai-agents.com\/tr\/wp-json\/wp\/v2\/product_cat?post=57240"},{"taxonomy":"product_tag","embeddable":true,"href":"https:\/\/sales-ai-agents.com\/tr\/wp-json\/wp\/v2\/product_tag?post=57240"}],"curies":[{"name":"wp","href":"https:\/\/api.w.org\/{rel}","templated":true}]}}