{"id":57254,"date":"2022-09-26T12:16:04","date_gmt":"2022-09-26T12:16:04","guid":{"rendered":"https:\/\/sales-ai-agents.com\/templates\/yearly-goal-planner\/"},"modified":"2024-01-02T13:51:55","modified_gmt":"2024-01-02T13:51:55","slug":"yearly-goal-planner","status":"publish","type":"product","link":"https:\/\/sales-ai-agents.com\/tr\/templates\/yearly-goal-planner\/","title":{"rendered":"Y\u0131ll\u0131k Hedef Planlay\u0131c\u0131"},"content":{"rendered":"<p>&nbsp;<\/p>\n<h2>Y\u0131ll\u0131k Hedef Planlay\u0131c\u0131 \u015eablonu<\/h2>\n<p class=\"desc-text\">Hedeflerinizi farkl\u0131 kategorilere ay\u0131r\u0131n ve onlarla ad\u0131m ad\u0131m \u00e7al\u0131\u015f\u0131n. Hedefleriniz \u00fczerinde d\u00fc\u015f\u00fcn\u00fcn ve tablolar\u0131 kullanarak her ay ba\u015far\u0131lar\u0131n\u0131z\u0131 takip edin.<\/p>\n<h5>Nas\u0131l kullan\u0131l\u0131r?<\/h5>\n<ul class=\"desc-item_list\">\n<li class=\"desc-item_list__point\">Tablo ekleme<\/li>\n<li class=\"desc-item_list__point\">Hedeflerinizi listeleyin<\/li>\n<li class=\"desc-item_list__point\">Sonu\u00e7lar\u0131n\u0131z\u0131 izlemek i\u00e7in farkl\u0131 h\u00fccre\/s\u00fctun t\u00fcrlerini deneyin<\/li>\n<li class=\"desc-item_list__point\">\u00d6nemli bilgileri vurgulay\u0131n<\/li>\n<\/ul>\n<p>Bu \u015fablonu olu\u015fturdu\u011fu i\u00e7in Saskia Bader&#8217;e te\u015fekk\u00fcr ederiz<\/p>\n","protected":false},"excerpt":{"rendered":"<p>Hayat\u0131n\u0131z\u0131 bir sonraki y\u0131l i\u00e7in d\u00fczenleyin. Bu \u015fablon, ba\u015farmak istedi\u011finiz \u015feylere odaklanman\u0131za yard\u0131mc\u0131 olacakt\u0131r. \u0130stedi\u011finiz hedefleri d\u00fc\u015f\u00fcn\u00fcn ve devam edin.<\/p>\n","protected":false},"featured_media":57255,"template":"","meta":{"_acf_changed":false,"inline_featured_image":false},"product_brand":[],"product_cat":[257,256],"product_tag":[],"class_list":{"0":"post-57254","1":"product","2":"type-product","3":"status-publish","4":"has-post-thumbnail","6":"product_cat-personal","7":"product_cat-organizers-planners","9":"first","10":"instock","11":"virtual","12":"sold-individually","13":"product-type-simple"},"acf":[],"yoast_head":"<!-- This site is optimized with the Yoast SEO plugin v25.3.1 - https:\/\/yoast.com\/wordpress\/plugins\/seo\/ -->\n<title>Y\u0131ll\u0131k Hedef Planlay\u0131c\u0131 \u015eablonu - Sales AI Agents<\/title>\n<meta name=\"description\" content=\"Hayat\u0131n\u0131z\u0131 bir sonraki y\u0131l i\u00e7in d\u00fczenleyin. Bu \u015fablon, ba\u015farmak istedi\u011finiz \u015feylere konsantre olman\u0131za yard\u0131mc\u0131 olacakt\u0131r. \u0130stedi\u011finiz hedefleri d\u00fc\u015f\u00fcn\u00fcn ve devam edin.\" \/>\n<meta name=\"robots\" content=\"index, follow, max-snippet:-1, max-image-preview:large, max-video-preview:-1\" \/>\n<link rel=\"canonical\" href=\"https:\/\/sales-ai-agents.com\/tr\/templates\/yearly-goal-planner\/\" \/>\n<meta property=\"og:locale\" content=\"tr_TR\" \/>\n<meta property=\"og:type\" content=\"article\" \/>\n<meta property=\"og:title\" content=\"Y\u0131ll\u0131k Hedef Planlay\u0131c\u0131 \u015eablonu - Sales AI Agents\" \/>\n<meta property=\"og:description\" content=\"Hayat\u0131n\u0131z\u0131 bir sonraki y\u0131l i\u00e7in d\u00fczenleyin. Bu \u015fablon, ba\u015farmak istedi\u011finiz \u015feylere konsantre olman\u0131za yard\u0131mc\u0131 olacakt\u0131r. \u0130stedi\u011finiz hedefleri d\u00fc\u015f\u00fcn\u00fcn ve devam edin.\" \/>\n<meta property=\"og:url\" content=\"https:\/\/sales-ai-agents.com\/tr\/templates\/yearly-goal-planner\/\" \/>\n<meta property=\"og:site_name\" content=\"Sales AI Agents\" \/>\n<meta property=\"article:modified_time\" content=\"2024-01-02T13:51:55+00:00\" \/>\n<meta property=\"og:image\" content=\"https:\/\/sales-ai-agents.com\/wp-content\/uploads\/2022\/09\/Yearly-Goal-Planner-Template.png\" \/>\n\t<meta property=\"og:image:width\" content=\"1700\" \/>\n\t<meta property=\"og:image:height\" content=\"1100\" \/>\n\t<meta property=\"og:image:type\" content=\"image\/png\" \/>\n<meta name=\"twitter:card\" content=\"summary_large_image\" \/>\n<script type=\"application\/ld+json\" class=\"yoast-schema-graph\">{\"@context\":\"https:\/\/schema.org\",\"@graph\":[{\"@type\":\"WebPage\",\"@id\":\"https:\/\/sales-ai-agents.com\/tr\/templates\/yearly-goal-planner\/\",\"url\":\"https:\/\/sales-ai-agents.com\/tr\/templates\/yearly-goal-planner\/\",\"name\":\"Y\u0131ll\u0131k Hedef Planlay\u0131c\u0131 \u015eablonu - Sales AI Agents\",\"isPartOf\":{\"@id\":\"https:\/\/sales-ai-agents.com\/#website\"},\"primaryImageOfPage\":{\"@id\":\"https:\/\/sales-ai-agents.com\/tr\/templates\/yearly-goal-planner\/#primaryimage\"},\"image\":{\"@id\":\"https:\/\/sales-ai-agents.com\/tr\/templates\/yearly-goal-planner\/#primaryimage\"},\"thumbnailUrl\":\"https:\/\/sales-ai-agents.com\/wp-content\/uploads\/2022\/09\/Yearly-Goal-Planner-Template.png\",\"datePublished\":\"2022-09-26T12:16:04+00:00\",\"dateModified\":\"2024-01-02T13:51:55+00:00\",\"description\":\"Hayat\u0131n\u0131z\u0131 bir sonraki y\u0131l i\u00e7in d\u00fczenleyin. Bu \u015fablon, ba\u015farmak istedi\u011finiz \u015feylere konsantre olman\u0131za yard\u0131mc\u0131 olacakt\u0131r. \u0130stedi\u011finiz hedefleri d\u00fc\u015f\u00fcn\u00fcn ve devam edin.\",\"inLanguage\":\"tr\",\"potentialAction\":[{\"@type\":\"ReadAction\",\"target\":[\"https:\/\/sales-ai-agents.com\/tr\/templates\/yearly-goal-planner\/\"]}]},{\"@type\":\"ImageObject\",\"inLanguage\":\"tr\",\"@id\":\"https:\/\/sales-ai-agents.com\/tr\/templates\/yearly-goal-planner\/#primaryimage\",\"url\":\"https:\/\/sales-ai-agents.com\/wp-content\/uploads\/2022\/09\/Yearly-Goal-Planner-Template.png\",\"contentUrl\":\"https:\/\/sales-ai-agents.com\/wp-content\/uploads\/2022\/09\/Yearly-Goal-Planner-Template.png\",\"width\":1700,\"height\":1100},{\"@type\":\"WebSite\",\"@id\":\"https:\/\/sales-ai-agents.com\/#website\",\"url\":\"https:\/\/sales-ai-agents.com\/\",\"name\":\"FuseBase\",\"description\":\"Sales AI Agents - Free Online Collaboration Software for Remote Teams. Build your wikis, client portals and more with the Nimbus Platform collaboration tool ? A perfect space for online work\",\"publisher\":{\"@id\":\"https:\/\/sales-ai-agents.com\/#organization\"},\"potentialAction\":[{\"@type\":\"SearchAction\",\"target\":{\"@type\":\"EntryPoint\",\"urlTemplate\":\"https:\/\/sales-ai-agents.com\/?s={search_term_string}\"},\"query-input\":{\"@type\":\"PropertyValueSpecification\",\"valueRequired\":true,\"valueName\":\"search_term_string\"}}],\"inLanguage\":\"tr\"},{\"@type\":\"Organization\",\"@id\":\"https:\/\/sales-ai-agents.com\/#organization\",\"name\":\"FuseBase\",\"url\":\"https:\/\/sales-ai-agents.com\/\",\"logo\":{\"@type\":\"ImageObject\",\"inLanguage\":\"tr\",\"@id\":\"https:\/\/sales-ai-agents.com\/#\/schema\/logo\/image\/\",\"url\":\"https:\/\/sales-ai-agents.com\/wp-content\/uploads\/2023\/11\/icon-7.svg\",\"contentUrl\":\"https:\/\/sales-ai-agents.com\/wp-content\/uploads\/2023\/11\/icon-7.svg\",\"width\":128,\"height\":128,\"caption\":\"FuseBase\"},\"image\":{\"@id\":\"https:\/\/sales-ai-agents.com\/#\/schema\/logo\/image\/\"}}]}<\/script>\n<!-- \/ Yoast SEO plugin. -->","yoast_head_json":{"title":"Y\u0131ll\u0131k Hedef Planlay\u0131c\u0131 \u015eablonu - Sales AI Agents","description":"Hayat\u0131n\u0131z\u0131 bir sonraki y\u0131l i\u00e7in d\u00fczenleyin. Bu \u015fablon, ba\u015farmak istedi\u011finiz \u015feylere konsantre olman\u0131za yard\u0131mc\u0131 olacakt\u0131r. \u0130stedi\u011finiz hedefleri d\u00fc\u015f\u00fcn\u00fcn ve devam edin.","robots":{"index":"index","follow":"follow","max-snippet":"max-snippet:-1","max-image-preview":"max-image-preview:large","max-video-preview":"max-video-preview:-1"},"canonical":"https:\/\/sales-ai-agents.com\/tr\/templates\/yearly-goal-planner\/","og_locale":"tr_TR","og_type":"article","og_title":"Y\u0131ll\u0131k Hedef Planlay\u0131c\u0131 \u015eablonu - Sales AI Agents","og_description":"Hayat\u0131n\u0131z\u0131 bir sonraki y\u0131l i\u00e7in d\u00fczenleyin. Bu \u015fablon, ba\u015farmak istedi\u011finiz \u015feylere konsantre olman\u0131za yard\u0131mc\u0131 olacakt\u0131r. \u0130stedi\u011finiz hedefleri d\u00fc\u015f\u00fcn\u00fcn ve devam edin.","og_url":"https:\/\/sales-ai-agents.com\/tr\/templates\/yearly-goal-planner\/","og_site_name":"Sales AI Agents","article_modified_time":"2024-01-02T13:51:55+00:00","og_image":[{"width":1700,"height":1100,"url":"https:\/\/sales-ai-agents.com\/wp-content\/uploads\/2022\/09\/Yearly-Goal-Planner-Template.png","type":"image\/png"}],"twitter_card":"summary_large_image","schema":{"@context":"https:\/\/schema.org","@graph":[{"@type":"WebPage","@id":"https:\/\/sales-ai-agents.com\/tr\/templates\/yearly-goal-planner\/","url":"https:\/\/sales-ai-agents.com\/tr\/templates\/yearly-goal-planner\/","name":"Y\u0131ll\u0131k Hedef Planlay\u0131c\u0131 \u015eablonu - Sales AI Agents","isPartOf":{"@id":"https:\/\/sales-ai-agents.com\/#website"},"primaryImageOfPage":{"@id":"https:\/\/sales-ai-agents.com\/tr\/templates\/yearly-goal-planner\/#primaryimage"},"image":{"@id":"https:\/\/sales-ai-agents.com\/tr\/templates\/yearly-goal-planner\/#primaryimage"},"thumbnailUrl":"https:\/\/sales-ai-agents.com\/wp-content\/uploads\/2022\/09\/Yearly-Goal-Planner-Template.png","datePublished":"2022-09-26T12:16:04+00:00","dateModified":"2024-01-02T13:51:55+00:00","description":"Hayat\u0131n\u0131z\u0131 bir sonraki y\u0131l i\u00e7in d\u00fczenleyin. Bu \u015fablon, ba\u015farmak istedi\u011finiz \u015feylere konsantre olman\u0131za yard\u0131mc\u0131 olacakt\u0131r. \u0130stedi\u011finiz hedefleri d\u00fc\u015f\u00fcn\u00fcn ve devam edin.","inLanguage":"tr","potentialAction":[{"@type":"ReadAction","target":["https:\/\/sales-ai-agents.com\/tr\/templates\/yearly-goal-planner\/"]}]},{"@type":"ImageObject","inLanguage":"tr","@id":"https:\/\/sales-ai-agents.com\/tr\/templates\/yearly-goal-planner\/#primaryimage","url":"https:\/\/sales-ai-agents.com\/wp-content\/uploads\/2022\/09\/Yearly-Goal-Planner-Template.png","contentUrl":"https:\/\/sales-ai-agents.com\/wp-content\/uploads\/2022\/09\/Yearly-Goal-Planner-Template.png","width":1700,"height":1100},{"@type":"WebSite","@id":"https:\/\/sales-ai-agents.com\/#website","url":"https:\/\/sales-ai-agents.com\/","name":"FuseBase","description":"Sales AI Agents - Free Online Collaboration Software for Remote Teams. Build your wikis, client portals and more with the Nimbus Platform collaboration tool ? A perfect space for online work","publisher":{"@id":"https:\/\/sales-ai-agents.com\/#organization"},"potentialAction":[{"@type":"SearchAction","target":{"@type":"EntryPoint","urlTemplate":"https:\/\/sales-ai-agents.com\/?s={search_term_string}"},"query-input":{"@type":"PropertyValueSpecification","valueRequired":true,"valueName":"search_term_string"}}],"inLanguage":"tr"},{"@type":"Organization","@id":"https:\/\/sales-ai-agents.com\/#organization","name":"FuseBase","url":"https:\/\/sales-ai-agents.com\/","logo":{"@type":"ImageObject","inLanguage":"tr","@id":"https:\/\/sales-ai-agents.com\/#\/schema\/logo\/image\/","url":"https:\/\/sales-ai-agents.com\/wp-content\/uploads\/2023\/11\/icon-7.svg","contentUrl":"https:\/\/sales-ai-agents.com\/wp-content\/uploads\/2023\/11\/icon-7.svg","width":128,"height":128,"caption":"FuseBase"},"image":{"@id":"https:\/\/sales-ai-agents.com\/#\/schema\/logo\/image\/"}}]}},"_links":{"self":[{"href":"https:\/\/sales-ai-agents.com\/tr\/wp-json\/wp\/v2\/product\/57254","targetHints":{"allow":["GET"]}}],"collection":[{"href":"https:\/\/sales-ai-agents.com\/tr\/wp-json\/wp\/v2\/product"}],"about":[{"href":"https:\/\/sales-ai-agents.com\/tr\/wp-json\/wp\/v2\/types\/product"}],"wp:featuredmedia":[{"embeddable":true,"href":"https:\/\/sales-ai-agents.com\/tr\/wp-json\/wp\/v2\/media\/57255"}],"wp:attachment":[{"href":"https:\/\/sales-ai-agents.com\/tr\/wp-json\/wp\/v2\/media?parent=57254"}],"wp:term":[{"taxonomy":"product_brand","embeddable":true,"href":"https:\/\/sales-ai-agents.com\/tr\/wp-json\/wp\/v2\/product_brand?post=57254"},{"taxonomy":"product_cat","embeddable":true,"href":"https:\/\/sales-ai-agents.com\/tr\/wp-json\/wp\/v2\/product_cat?post=57254"},{"taxonomy":"product_tag","embeddable":true,"href":"https:\/\/sales-ai-agents.com\/tr\/wp-json\/wp\/v2\/product_tag?post=57254"}],"curies":[{"name":"wp","href":"https:\/\/api.w.org\/{rel}","templated":true}]}}