{"id":57264,"date":"2022-09-26T12:15:53","date_gmt":"2022-09-26T12:15:53","guid":{"rendered":"https:\/\/sales-ai-agents.com\/templates\/project-management\/"},"modified":"2023-12-31T16:31:19","modified_gmt":"2023-12-31T16:31:19","slug":"project-management","status":"publish","type":"product","link":"https:\/\/sales-ai-agents.com\/tr\/templates\/project-management\/","title":{"rendered":"Proje Y\u00f6netimi"},"content":{"rendered":"<p>&nbsp;<\/p>\n<h2>Proje Y\u00f6netimi \u015eablonu<\/h2>\n<p class=\"desc-text\">Bir sonraki projeniz i\u00e7in verilerinizi bu \u015fablona ekleyin. \u00c7al\u0131\u015fmalar\u0131n\u0131z i\u00e7in \u00f6l\u00e7\u00fctleri listeleyerek hedeflerinizi d\u00fczenleyin. \u00c7\u00f6zmeye \u00e7al\u0131\u015ft\u0131\u011f\u0131n\u0131z sorunlar\u0131 sunun, b\u00f6ylece t\u00fcm ekibiniz ayn\u0131 fikirde olabilir. Daha fazla tart\u0131\u015fma veya ara\u015ft\u0131rma i\u00e7in a\u00e7\u0131k sorular ekleyin.<\/p>\n<h5>Nas\u0131l kullan\u0131l\u0131r?<\/h5>\n<ul class=\"desc-item_list\">\n<li class=\"desc-item_list__point\">\u0130lgili t\u00fcm belgeleri ekleyin<\/li>\n<li class=\"desc-item_list__point\">Ba\u015far\u0131 \u00f6l\u00e7\u00fctlerini a\u00e7\u0131klay\u0131n<\/li>\n<li class=\"desc-item_list__point\">Projenin kapsam\u0131n\u0131 belirleyin<\/li>\n<li class=\"desc-item_list__point\">Potansiyel risklere dikkat \u00e7ekin<\/li>\n<\/ul>\n","protected":false},"excerpt":{"rendered":"<p>Bir sonraki projedeki \u00e7al\u0131\u015fmalar\u0131n\u0131z\u0131 d\u00fczenlemek i\u00e7in bu \u00fccretsiz \u00f6zelle\u015ftirilebilir \u015fablonu kullan\u0131n. Projenizi ba\u015far\u0131l\u0131 k\u0131lmak i\u00e7in kriterler, kapsam, riskler ve daha fazlas\u0131n\u0131 ekleyin.<\/p>\n","protected":false},"featured_media":57265,"template":"","meta":{"_acf_changed":false,"inline_featured_image":false},"product_brand":[],"product_cat":[231,252],"product_tag":[],"class_list":{"0":"post-57264","1":"product","2":"type-product","3":"status-publish","4":"has-post-thumbnail","6":"product_cat-project-management","7":"product_cat-product","9":"first","10":"instock","11":"virtual","12":"sold-individually","13":"product-type-simple"},"acf":[],"yoast_head":"<!-- This site is optimized with the Yoast SEO plugin v25.3.1 - https:\/\/yoast.com\/wordpress\/plugins\/seo\/ -->\n<title>Proje Y\u00f6netim \u015eablonu - Sales AI Agents<\/title>\n<meta name=\"description\" content=\"Bir sonraki projedeki \u00e7al\u0131\u015fmalar\u0131n\u0131z\u0131 d\u00fczenlemek i\u00e7in bu \u00fccretsiz \u00f6zelle\u015ftirilebilir \u015fablonu kullan\u0131n. Projenizi ba\u015far\u0131l\u0131 k\u0131lmak i\u00e7in kriterler, kapsam, riskler ve daha fazlas\u0131n\u0131 ekleyin.\" \/>\n<meta name=\"robots\" content=\"index, follow, max-snippet:-1, max-image-preview:large, max-video-preview:-1\" \/>\n<link rel=\"canonical\" href=\"https:\/\/sales-ai-agents.com\/tr\/templates\/project-management\/\" \/>\n<meta property=\"og:locale\" content=\"tr_TR\" \/>\n<meta property=\"og:type\" content=\"article\" \/>\n<meta property=\"og:title\" content=\"Proje Y\u00f6netim \u015eablonu - Sales AI Agents\" \/>\n<meta property=\"og:description\" content=\"Bir sonraki projedeki \u00e7al\u0131\u015fmalar\u0131n\u0131z\u0131 d\u00fczenlemek i\u00e7in bu \u00fccretsiz \u00f6zelle\u015ftirilebilir \u015fablonu kullan\u0131n. Projenizi ba\u015far\u0131l\u0131 k\u0131lmak i\u00e7in kriterler, kapsam, riskler ve daha fazlas\u0131n\u0131 ekleyin.\" \/>\n<meta property=\"og:url\" content=\"https:\/\/sales-ai-agents.com\/tr\/templates\/project-management\/\" \/>\n<meta property=\"og:site_name\" content=\"Sales AI Agents\" \/>\n<meta property=\"article:modified_time\" content=\"2023-12-31T16:31:19+00:00\" \/>\n<meta property=\"og:image\" content=\"https:\/\/sales-ai-agents.com\/wp-content\/uploads\/2023\/01\/image-preview121035.png\" \/>\n\t<meta property=\"og:image:width\" content=\"1078\" \/>\n\t<meta property=\"og:image:height\" content=\"1600\" \/>\n\t<meta property=\"og:image:type\" content=\"image\/png\" \/>\n<meta name=\"twitter:card\" content=\"summary_large_image\" \/>\n<script type=\"application\/ld+json\" class=\"yoast-schema-graph\">{\"@context\":\"https:\/\/schema.org\",\"@graph\":[{\"@type\":\"WebPage\",\"@id\":\"https:\/\/sales-ai-agents.com\/tr\/templates\/project-management\/\",\"url\":\"https:\/\/sales-ai-agents.com\/tr\/templates\/project-management\/\",\"name\":\"Proje Y\u00f6netim \u015eablonu - Sales AI Agents\",\"isPartOf\":{\"@id\":\"https:\/\/sales-ai-agents.com\/#website\"},\"primaryImageOfPage\":{\"@id\":\"https:\/\/sales-ai-agents.com\/tr\/templates\/project-management\/#primaryimage\"},\"image\":{\"@id\":\"https:\/\/sales-ai-agents.com\/tr\/templates\/project-management\/#primaryimage\"},\"thumbnailUrl\":\"https:\/\/sales-ai-agents.com\/wp-content\/uploads\/2023\/01\/image-preview121035.png\",\"datePublished\":\"2022-09-26T12:15:53+00:00\",\"dateModified\":\"2023-12-31T16:31:19+00:00\",\"description\":\"Bir sonraki projedeki \u00e7al\u0131\u015fmalar\u0131n\u0131z\u0131 d\u00fczenlemek i\u00e7in bu \u00fccretsiz \u00f6zelle\u015ftirilebilir \u015fablonu kullan\u0131n. Projenizi ba\u015far\u0131l\u0131 k\u0131lmak i\u00e7in kriterler, kapsam, riskler ve daha fazlas\u0131n\u0131 ekleyin.\",\"inLanguage\":\"tr\",\"potentialAction\":[{\"@type\":\"ReadAction\",\"target\":[\"https:\/\/sales-ai-agents.com\/tr\/templates\/project-management\/\"]}]},{\"@type\":\"ImageObject\",\"inLanguage\":\"tr\",\"@id\":\"https:\/\/sales-ai-agents.com\/tr\/templates\/project-management\/#primaryimage\",\"url\":\"https:\/\/sales-ai-agents.com\/wp-content\/uploads\/2023\/01\/image-preview121035.png\",\"contentUrl\":\"https:\/\/sales-ai-agents.com\/wp-content\/uploads\/2023\/01\/image-preview121035.png\",\"width\":1078,\"height\":1600},{\"@type\":\"WebSite\",\"@id\":\"https:\/\/sales-ai-agents.com\/#website\",\"url\":\"https:\/\/sales-ai-agents.com\/\",\"name\":\"FuseBase\",\"description\":\"Sales AI Agents - Free Online Collaboration Software for Remote Teams. Build your wikis, client portals and more with the Nimbus Platform collaboration tool ? A perfect space for online work\",\"publisher\":{\"@id\":\"https:\/\/sales-ai-agents.com\/#organization\"},\"potentialAction\":[{\"@type\":\"SearchAction\",\"target\":{\"@type\":\"EntryPoint\",\"urlTemplate\":\"https:\/\/sales-ai-agents.com\/?s={search_term_string}\"},\"query-input\":{\"@type\":\"PropertyValueSpecification\",\"valueRequired\":true,\"valueName\":\"search_term_string\"}}],\"inLanguage\":\"tr\"},{\"@type\":\"Organization\",\"@id\":\"https:\/\/sales-ai-agents.com\/#organization\",\"name\":\"FuseBase\",\"url\":\"https:\/\/sales-ai-agents.com\/\",\"logo\":{\"@type\":\"ImageObject\",\"inLanguage\":\"tr\",\"@id\":\"https:\/\/sales-ai-agents.com\/#\/schema\/logo\/image\/\",\"url\":\"https:\/\/sales-ai-agents.com\/wp-content\/uploads\/2023\/11\/icon-7.svg\",\"contentUrl\":\"https:\/\/sales-ai-agents.com\/wp-content\/uploads\/2023\/11\/icon-7.svg\",\"width\":128,\"height\":128,\"caption\":\"FuseBase\"},\"image\":{\"@id\":\"https:\/\/sales-ai-agents.com\/#\/schema\/logo\/image\/\"}}]}<\/script>\n<!-- \/ Yoast SEO plugin. -->","yoast_head_json":{"title":"Proje Y\u00f6netim \u015eablonu - Sales AI Agents","description":"Bir sonraki projedeki \u00e7al\u0131\u015fmalar\u0131n\u0131z\u0131 d\u00fczenlemek i\u00e7in bu \u00fccretsiz \u00f6zelle\u015ftirilebilir \u015fablonu kullan\u0131n. Projenizi ba\u015far\u0131l\u0131 k\u0131lmak i\u00e7in kriterler, kapsam, riskler ve daha fazlas\u0131n\u0131 ekleyin.","robots":{"index":"index","follow":"follow","max-snippet":"max-snippet:-1","max-image-preview":"max-image-preview:large","max-video-preview":"max-video-preview:-1"},"canonical":"https:\/\/sales-ai-agents.com\/tr\/templates\/project-management\/","og_locale":"tr_TR","og_type":"article","og_title":"Proje Y\u00f6netim \u015eablonu - Sales AI Agents","og_description":"Bir sonraki projedeki \u00e7al\u0131\u015fmalar\u0131n\u0131z\u0131 d\u00fczenlemek i\u00e7in bu \u00fccretsiz \u00f6zelle\u015ftirilebilir \u015fablonu kullan\u0131n. Projenizi ba\u015far\u0131l\u0131 k\u0131lmak i\u00e7in kriterler, kapsam, riskler ve daha fazlas\u0131n\u0131 ekleyin.","og_url":"https:\/\/sales-ai-agents.com\/tr\/templates\/project-management\/","og_site_name":"Sales AI Agents","article_modified_time":"2023-12-31T16:31:19+00:00","og_image":[{"width":1078,"height":1600,"url":"https:\/\/sales-ai-agents.com\/wp-content\/uploads\/2023\/01\/image-preview121035.png","type":"image\/png"}],"twitter_card":"summary_large_image","schema":{"@context":"https:\/\/schema.org","@graph":[{"@type":"WebPage","@id":"https:\/\/sales-ai-agents.com\/tr\/templates\/project-management\/","url":"https:\/\/sales-ai-agents.com\/tr\/templates\/project-management\/","name":"Proje Y\u00f6netim \u015eablonu - Sales AI Agents","isPartOf":{"@id":"https:\/\/sales-ai-agents.com\/#website"},"primaryImageOfPage":{"@id":"https:\/\/sales-ai-agents.com\/tr\/templates\/project-management\/#primaryimage"},"image":{"@id":"https:\/\/sales-ai-agents.com\/tr\/templates\/project-management\/#primaryimage"},"thumbnailUrl":"https:\/\/sales-ai-agents.com\/wp-content\/uploads\/2023\/01\/image-preview121035.png","datePublished":"2022-09-26T12:15:53+00:00","dateModified":"2023-12-31T16:31:19+00:00","description":"Bir sonraki projedeki \u00e7al\u0131\u015fmalar\u0131n\u0131z\u0131 d\u00fczenlemek i\u00e7in bu \u00fccretsiz \u00f6zelle\u015ftirilebilir \u015fablonu kullan\u0131n. Projenizi ba\u015far\u0131l\u0131 k\u0131lmak i\u00e7in kriterler, kapsam, riskler ve daha fazlas\u0131n\u0131 ekleyin.","inLanguage":"tr","potentialAction":[{"@type":"ReadAction","target":["https:\/\/sales-ai-agents.com\/tr\/templates\/project-management\/"]}]},{"@type":"ImageObject","inLanguage":"tr","@id":"https:\/\/sales-ai-agents.com\/tr\/templates\/project-management\/#primaryimage","url":"https:\/\/sales-ai-agents.com\/wp-content\/uploads\/2023\/01\/image-preview121035.png","contentUrl":"https:\/\/sales-ai-agents.com\/wp-content\/uploads\/2023\/01\/image-preview121035.png","width":1078,"height":1600},{"@type":"WebSite","@id":"https:\/\/sales-ai-agents.com\/#website","url":"https:\/\/sales-ai-agents.com\/","name":"FuseBase","description":"Sales AI Agents - Free Online Collaboration Software for Remote Teams. Build your wikis, client portals and more with the Nimbus Platform collaboration tool ? A perfect space for online work","publisher":{"@id":"https:\/\/sales-ai-agents.com\/#organization"},"potentialAction":[{"@type":"SearchAction","target":{"@type":"EntryPoint","urlTemplate":"https:\/\/sales-ai-agents.com\/?s={search_term_string}"},"query-input":{"@type":"PropertyValueSpecification","valueRequired":true,"valueName":"search_term_string"}}],"inLanguage":"tr"},{"@type":"Organization","@id":"https:\/\/sales-ai-agents.com\/#organization","name":"FuseBase","url":"https:\/\/sales-ai-agents.com\/","logo":{"@type":"ImageObject","inLanguage":"tr","@id":"https:\/\/sales-ai-agents.com\/#\/schema\/logo\/image\/","url":"https:\/\/sales-ai-agents.com\/wp-content\/uploads\/2023\/11\/icon-7.svg","contentUrl":"https:\/\/sales-ai-agents.com\/wp-content\/uploads\/2023\/11\/icon-7.svg","width":128,"height":128,"caption":"FuseBase"},"image":{"@id":"https:\/\/sales-ai-agents.com\/#\/schema\/logo\/image\/"}}]}},"_links":{"self":[{"href":"https:\/\/sales-ai-agents.com\/tr\/wp-json\/wp\/v2\/product\/57264","targetHints":{"allow":["GET"]}}],"collection":[{"href":"https:\/\/sales-ai-agents.com\/tr\/wp-json\/wp\/v2\/product"}],"about":[{"href":"https:\/\/sales-ai-agents.com\/tr\/wp-json\/wp\/v2\/types\/product"}],"wp:featuredmedia":[{"embeddable":true,"href":"https:\/\/sales-ai-agents.com\/tr\/wp-json\/wp\/v2\/media\/57265"}],"wp:attachment":[{"href":"https:\/\/sales-ai-agents.com\/tr\/wp-json\/wp\/v2\/media?parent=57264"}],"wp:term":[{"taxonomy":"product_brand","embeddable":true,"href":"https:\/\/sales-ai-agents.com\/tr\/wp-json\/wp\/v2\/product_brand?post=57264"},{"taxonomy":"product_cat","embeddable":true,"href":"https:\/\/sales-ai-agents.com\/tr\/wp-json\/wp\/v2\/product_cat?post=57264"},{"taxonomy":"product_tag","embeddable":true,"href":"https:\/\/sales-ai-agents.com\/tr\/wp-json\/wp\/v2\/product_tag?post=57264"}],"curies":[{"name":"wp","href":"https:\/\/api.w.org\/{rel}","templated":true}]}}