{"id":57268,"date":"2022-09-26T12:15:34","date_gmt":"2022-09-26T12:15:34","guid":{"rendered":"https:\/\/sales-ai-agents.com\/templates\/new-employee-onboarding\/"},"modified":"2023-12-27T19:49:51","modified_gmt":"2023-12-27T19:49:51","slug":"new-employee-onboarding","status":"publish","type":"product","link":"https:\/\/sales-ai-agents.com\/tr\/templates\/new-employee-onboarding\/","title":{"rendered":"Yeni \u00c7al\u0131\u015fan \u0130\u015fe Al\u0131m\u0131"},"content":{"rendered":"<p>&nbsp;<\/p>\n<h2>Yeni \u00c7al\u0131\u015fan \u0130\u015fe Al\u0131m \u015eablonu<\/h2>\n<p class=\"desc-text\">Yeni bir \u015firkete kat\u0131lmak, i\u015fe yeni ba\u015flayanlar i\u00e7in bunalt\u0131c\u0131 olabilir. Bu \u015fablonla, yeni \u00e7al\u0131\u015fan\u0131n\u0131z i\u00e7in bir kontrol listesi verebilirsiniz. T\u00fcm ara\u00e7lar\u0131n\u0131 ve kaynaklar\u0131n\u0131 haz\u0131r bulundurduklar\u0131ndan emin olman\u0131n kolay bir yoludur. Yeni \u00e7al\u0131\u015fan\u0131n\u0131z\u0131n kolayca yerle\u015febilmesi i\u00e7in i\u015fe al\u0131m s\u00fcrecini organize edin.<\/p>\n<h5>Nas\u0131l kullan\u0131l\u0131r?<\/h5>\n<ul class=\"desc-item_list\">\n<li class=\"desc-item_list__point\">Yeni i\u015fe al\u0131nan ki\u015finin departman\u0131n\u0131 ve i\u015fe ba\u015flama tarihini ekleyin<\/li>\n<li class=\"desc-item_list__point\">Bir foto\u011fraf ekleyin ve \u00e7al\u0131\u015fan\u0131n i\u015fe al\u0131m durumunu ekleyin<\/li>\n<li class=\"desc-item_list__point\">\u0130htiya\u00e7 duyulan temel malzemeleri listeleyin<\/li>\n<li class=\"desc-item_list__point\">\u00d6nemli hesaplar\u0131 ve kaynaklar\u0131 ekleyin<\/li>\n<\/ul>\n","protected":false},"excerpt":{"rendered":"<p>Yeni bir \u015firkete kat\u0131lmak, i\u015fe yeni ba\u015flayanlar i\u00e7in bunalt\u0131c\u0131 olabilir. Bu \u00fccretsiz \u00f6zelle\u015ftirilebilir \u015fablon ile yeni \u00e7al\u0131\u015fan\u0131n\u0131z i\u00e7in bir kontrol listesi verebilirsiniz.<\/p>\n","protected":false},"featured_media":57269,"template":"","meta":{"_acf_changed":false,"inline_featured_image":false},"product_brand":[],"product_cat":[218],"product_tag":[],"class_list":{"0":"post-57268","1":"product","2":"type-product","3":"status-publish","4":"has-post-thumbnail","6":"product_cat-operations","8":"first","9":"instock","10":"virtual","11":"sold-individually","12":"product-type-simple"},"acf":[],"yoast_head":"<!-- This site is optimized with the Yoast SEO plugin v25.3.1 - https:\/\/yoast.com\/wordpress\/plugins\/seo\/ -->\n<title>Yeni \u00c7al\u0131\u015fan \u0130\u015fe Al\u0131m \u015eablonu - Sales AI Agents<\/title>\n<meta name=\"description\" content=\"Yeni bir \u015firkete kat\u0131lmak, i\u015fe yeni ba\u015flayanlar i\u00e7in bunalt\u0131c\u0131 olabilir. Bu \u00fccretsiz \u00f6zelle\u015ftirilebilir \u015fablon ile yeni \u00e7al\u0131\u015fan\u0131n\u0131z i\u00e7in bir kontrol listesi verebilirsiniz.\" \/>\n<meta name=\"robots\" content=\"index, follow, max-snippet:-1, max-image-preview:large, max-video-preview:-1\" \/>\n<link rel=\"canonical\" href=\"https:\/\/sales-ai-agents.com\/tr\/templates\/new-employee-onboarding\/\" \/>\n<meta property=\"og:locale\" content=\"tr_TR\" \/>\n<meta property=\"og:type\" content=\"article\" \/>\n<meta property=\"og:title\" content=\"Yeni \u00c7al\u0131\u015fan \u0130\u015fe Al\u0131m \u015eablonu - Sales AI Agents\" \/>\n<meta property=\"og:description\" content=\"Yeni bir \u015firkete kat\u0131lmak, i\u015fe yeni ba\u015flayanlar i\u00e7in bunalt\u0131c\u0131 olabilir. Bu \u00fccretsiz \u00f6zelle\u015ftirilebilir \u015fablon ile yeni \u00e7al\u0131\u015fan\u0131n\u0131z i\u00e7in bir kontrol listesi verebilirsiniz.\" \/>\n<meta property=\"og:url\" content=\"https:\/\/sales-ai-agents.com\/tr\/templates\/new-employee-onboarding\/\" \/>\n<meta property=\"og:site_name\" content=\"Sales AI Agents\" \/>\n<meta property=\"article:modified_time\" content=\"2023-12-27T19:49:51+00:00\" \/>\n<meta property=\"og:image\" content=\"https:\/\/sales-ai-agents.com\/wp-content\/uploads\/2022\/09\/New-Employee-Onboarding-Template.png\" \/>\n\t<meta property=\"og:image:width\" content=\"1700\" \/>\n\t<meta property=\"og:image:height\" content=\"1100\" \/>\n\t<meta property=\"og:image:type\" content=\"image\/png\" \/>\n<meta name=\"twitter:card\" content=\"summary_large_image\" \/>\n<script type=\"application\/ld+json\" class=\"yoast-schema-graph\">{\"@context\":\"https:\/\/schema.org\",\"@graph\":[{\"@type\":\"WebPage\",\"@id\":\"https:\/\/sales-ai-agents.com\/tr\/templates\/new-employee-onboarding\/\",\"url\":\"https:\/\/sales-ai-agents.com\/tr\/templates\/new-employee-onboarding\/\",\"name\":\"Yeni \u00c7al\u0131\u015fan \u0130\u015fe Al\u0131m \u015eablonu - Sales AI Agents\",\"isPartOf\":{\"@id\":\"https:\/\/sales-ai-agents.com\/#website\"},\"primaryImageOfPage\":{\"@id\":\"https:\/\/sales-ai-agents.com\/tr\/templates\/new-employee-onboarding\/#primaryimage\"},\"image\":{\"@id\":\"https:\/\/sales-ai-agents.com\/tr\/templates\/new-employee-onboarding\/#primaryimage\"},\"thumbnailUrl\":\"https:\/\/sales-ai-agents.com\/wp-content\/uploads\/2022\/09\/New-Employee-Onboarding-Template.png\",\"datePublished\":\"2022-09-26T12:15:34+00:00\",\"dateModified\":\"2023-12-27T19:49:51+00:00\",\"description\":\"Yeni bir \u015firkete kat\u0131lmak, i\u015fe yeni ba\u015flayanlar i\u00e7in bunalt\u0131c\u0131 olabilir. Bu \u00fccretsiz \u00f6zelle\u015ftirilebilir \u015fablon ile yeni \u00e7al\u0131\u015fan\u0131n\u0131z i\u00e7in bir kontrol listesi verebilirsiniz.\",\"inLanguage\":\"tr\",\"potentialAction\":[{\"@type\":\"ReadAction\",\"target\":[\"https:\/\/sales-ai-agents.com\/tr\/templates\/new-employee-onboarding\/\"]}]},{\"@type\":\"ImageObject\",\"inLanguage\":\"tr\",\"@id\":\"https:\/\/sales-ai-agents.com\/tr\/templates\/new-employee-onboarding\/#primaryimage\",\"url\":\"https:\/\/sales-ai-agents.com\/wp-content\/uploads\/2022\/09\/New-Employee-Onboarding-Template.png\",\"contentUrl\":\"https:\/\/sales-ai-agents.com\/wp-content\/uploads\/2022\/09\/New-Employee-Onboarding-Template.png\",\"width\":1700,\"height\":1100},{\"@type\":\"WebSite\",\"@id\":\"https:\/\/sales-ai-agents.com\/#website\",\"url\":\"https:\/\/sales-ai-agents.com\/\",\"name\":\"FuseBase\",\"description\":\"Sales AI Agents - Free Online Collaboration Software for Remote Teams. Build your wikis, client portals and more with the Nimbus Platform collaboration tool ? A perfect space for online work\",\"publisher\":{\"@id\":\"https:\/\/sales-ai-agents.com\/#organization\"},\"potentialAction\":[{\"@type\":\"SearchAction\",\"target\":{\"@type\":\"EntryPoint\",\"urlTemplate\":\"https:\/\/sales-ai-agents.com\/?s={search_term_string}\"},\"query-input\":{\"@type\":\"PropertyValueSpecification\",\"valueRequired\":true,\"valueName\":\"search_term_string\"}}],\"inLanguage\":\"tr\"},{\"@type\":\"Organization\",\"@id\":\"https:\/\/sales-ai-agents.com\/#organization\",\"name\":\"FuseBase\",\"url\":\"https:\/\/sales-ai-agents.com\/\",\"logo\":{\"@type\":\"ImageObject\",\"inLanguage\":\"tr\",\"@id\":\"https:\/\/sales-ai-agents.com\/#\/schema\/logo\/image\/\",\"url\":\"https:\/\/sales-ai-agents.com\/wp-content\/uploads\/2023\/11\/icon-7.svg\",\"contentUrl\":\"https:\/\/sales-ai-agents.com\/wp-content\/uploads\/2023\/11\/icon-7.svg\",\"width\":128,\"height\":128,\"caption\":\"FuseBase\"},\"image\":{\"@id\":\"https:\/\/sales-ai-agents.com\/#\/schema\/logo\/image\/\"}}]}<\/script>\n<!-- \/ Yoast SEO plugin. -->","yoast_head_json":{"title":"Yeni \u00c7al\u0131\u015fan \u0130\u015fe Al\u0131m \u015eablonu - Sales AI Agents","description":"Yeni bir \u015firkete kat\u0131lmak, i\u015fe yeni ba\u015flayanlar i\u00e7in bunalt\u0131c\u0131 olabilir. Bu \u00fccretsiz \u00f6zelle\u015ftirilebilir \u015fablon ile yeni \u00e7al\u0131\u015fan\u0131n\u0131z i\u00e7in bir kontrol listesi verebilirsiniz.","robots":{"index":"index","follow":"follow","max-snippet":"max-snippet:-1","max-image-preview":"max-image-preview:large","max-video-preview":"max-video-preview:-1"},"canonical":"https:\/\/sales-ai-agents.com\/tr\/templates\/new-employee-onboarding\/","og_locale":"tr_TR","og_type":"article","og_title":"Yeni \u00c7al\u0131\u015fan \u0130\u015fe Al\u0131m \u015eablonu - Sales AI Agents","og_description":"Yeni bir \u015firkete kat\u0131lmak, i\u015fe yeni ba\u015flayanlar i\u00e7in bunalt\u0131c\u0131 olabilir. Bu \u00fccretsiz \u00f6zelle\u015ftirilebilir \u015fablon ile yeni \u00e7al\u0131\u015fan\u0131n\u0131z i\u00e7in bir kontrol listesi verebilirsiniz.","og_url":"https:\/\/sales-ai-agents.com\/tr\/templates\/new-employee-onboarding\/","og_site_name":"Sales AI Agents","article_modified_time":"2023-12-27T19:49:51+00:00","og_image":[{"width":1700,"height":1100,"url":"https:\/\/sales-ai-agents.com\/wp-content\/uploads\/2022\/09\/New-Employee-Onboarding-Template.png","type":"image\/png"}],"twitter_card":"summary_large_image","schema":{"@context":"https:\/\/schema.org","@graph":[{"@type":"WebPage","@id":"https:\/\/sales-ai-agents.com\/tr\/templates\/new-employee-onboarding\/","url":"https:\/\/sales-ai-agents.com\/tr\/templates\/new-employee-onboarding\/","name":"Yeni \u00c7al\u0131\u015fan \u0130\u015fe Al\u0131m \u015eablonu - Sales AI Agents","isPartOf":{"@id":"https:\/\/sales-ai-agents.com\/#website"},"primaryImageOfPage":{"@id":"https:\/\/sales-ai-agents.com\/tr\/templates\/new-employee-onboarding\/#primaryimage"},"image":{"@id":"https:\/\/sales-ai-agents.com\/tr\/templates\/new-employee-onboarding\/#primaryimage"},"thumbnailUrl":"https:\/\/sales-ai-agents.com\/wp-content\/uploads\/2022\/09\/New-Employee-Onboarding-Template.png","datePublished":"2022-09-26T12:15:34+00:00","dateModified":"2023-12-27T19:49:51+00:00","description":"Yeni bir \u015firkete kat\u0131lmak, i\u015fe yeni ba\u015flayanlar i\u00e7in bunalt\u0131c\u0131 olabilir. Bu \u00fccretsiz \u00f6zelle\u015ftirilebilir \u015fablon ile yeni \u00e7al\u0131\u015fan\u0131n\u0131z i\u00e7in bir kontrol listesi verebilirsiniz.","inLanguage":"tr","potentialAction":[{"@type":"ReadAction","target":["https:\/\/sales-ai-agents.com\/tr\/templates\/new-employee-onboarding\/"]}]},{"@type":"ImageObject","inLanguage":"tr","@id":"https:\/\/sales-ai-agents.com\/tr\/templates\/new-employee-onboarding\/#primaryimage","url":"https:\/\/sales-ai-agents.com\/wp-content\/uploads\/2022\/09\/New-Employee-Onboarding-Template.png","contentUrl":"https:\/\/sales-ai-agents.com\/wp-content\/uploads\/2022\/09\/New-Employee-Onboarding-Template.png","width":1700,"height":1100},{"@type":"WebSite","@id":"https:\/\/sales-ai-agents.com\/#website","url":"https:\/\/sales-ai-agents.com\/","name":"FuseBase","description":"Sales AI Agents - Free Online Collaboration Software for Remote Teams. Build your wikis, client portals and more with the Nimbus Platform collaboration tool ? A perfect space for online work","publisher":{"@id":"https:\/\/sales-ai-agents.com\/#organization"},"potentialAction":[{"@type":"SearchAction","target":{"@type":"EntryPoint","urlTemplate":"https:\/\/sales-ai-agents.com\/?s={search_term_string}"},"query-input":{"@type":"PropertyValueSpecification","valueRequired":true,"valueName":"search_term_string"}}],"inLanguage":"tr"},{"@type":"Organization","@id":"https:\/\/sales-ai-agents.com\/#organization","name":"FuseBase","url":"https:\/\/sales-ai-agents.com\/","logo":{"@type":"ImageObject","inLanguage":"tr","@id":"https:\/\/sales-ai-agents.com\/#\/schema\/logo\/image\/","url":"https:\/\/sales-ai-agents.com\/wp-content\/uploads\/2023\/11\/icon-7.svg","contentUrl":"https:\/\/sales-ai-agents.com\/wp-content\/uploads\/2023\/11\/icon-7.svg","width":128,"height":128,"caption":"FuseBase"},"image":{"@id":"https:\/\/sales-ai-agents.com\/#\/schema\/logo\/image\/"}}]}},"_links":{"self":[{"href":"https:\/\/sales-ai-agents.com\/tr\/wp-json\/wp\/v2\/product\/57268","targetHints":{"allow":["GET"]}}],"collection":[{"href":"https:\/\/sales-ai-agents.com\/tr\/wp-json\/wp\/v2\/product"}],"about":[{"href":"https:\/\/sales-ai-agents.com\/tr\/wp-json\/wp\/v2\/types\/product"}],"wp:featuredmedia":[{"embeddable":true,"href":"https:\/\/sales-ai-agents.com\/tr\/wp-json\/wp\/v2\/media\/57269"}],"wp:attachment":[{"href":"https:\/\/sales-ai-agents.com\/tr\/wp-json\/wp\/v2\/media?parent=57268"}],"wp:term":[{"taxonomy":"product_brand","embeddable":true,"href":"https:\/\/sales-ai-agents.com\/tr\/wp-json\/wp\/v2\/product_brand?post=57268"},{"taxonomy":"product_cat","embeddable":true,"href":"https:\/\/sales-ai-agents.com\/tr\/wp-json\/wp\/v2\/product_cat?post=57268"},{"taxonomy":"product_tag","embeddable":true,"href":"https:\/\/sales-ai-agents.com\/tr\/wp-json\/wp\/v2\/product_tag?post=57268"}],"curies":[{"name":"wp","href":"https:\/\/api.w.org\/{rel}","templated":true}]}}