{"id":57273,"date":"2022-09-26T12:15:33","date_gmt":"2022-09-26T12:15:33","guid":{"rendered":"https:\/\/sales-ai-agents.com\/templates\/conference-scheduling\/"},"modified":"2024-01-02T13:45:33","modified_gmt":"2024-01-02T13:45:33","slug":"conference-scheduling","status":"publish","type":"product","link":"https:\/\/sales-ai-agents.com\/tr\/templates\/conference-scheduling\/","title":{"rendered":"Konferans Planlamas\u0131"},"content":{"rendered":"<p>&nbsp;<\/p>\n<h2>Konferans Planlama \u015eablonu<\/h2>\n<p class=\"desc-text\">Konferans program\u0131m\u0131z, personel ve kat\u0131l\u0131mc\u0131larla payla\u015f\u0131labilecek d\u00fczenli bir toplant\u0131 program\u0131 olu\u015fturmak i\u00e7in yararl\u0131 bir ara\u00e7 olarak hizmet veren basit bir elektronik tablodur. Bu \u015fablonu bir g\u00fcnl\u00fck veya birden fazla g\u00fcnl\u00fck etkinlikler i\u00e7in ya da farkl\u0131 odalarda sunum yapacak birka\u00e7 konu\u015fmac\u0131n\u0131n yer ald\u0131\u011f\u0131 konferanslar i\u00e7in kullanabilirsiniz.<\/p>\n<h5>Nas\u0131l kullan\u0131l\u0131r?<\/h5>\n<ul class=\"desc-item_list\">\n<li class=\"desc-item_list__point\">\u0130lk s\u00fctunu uygun zaman aral\u0131klar\u0131na b\u00f6l\u00fcn.<\/li>\n<li class=\"desc-item_list__point\">Etkinlik tarihlerini di\u011fer s\u00fctunlara ekleyin.<\/li>\n<li class=\"desc-item_list__point\">Tarih ve saatlerin kesi\u015fti\u011fi noktalarda planlanan konferans etkinliklerini belirtin.<\/li>\n<\/ul>\n","protected":false},"excerpt":{"rendered":"<p>Bu \u00fccretsiz \u00f6zelle\u015ftirilebilir \u015fablonu tek g\u00fcnl\u00fck veya \u00e7ok g\u00fcnl\u00fck etkinlikler i\u00e7in ya da farkl\u0131 odalarda sunum yapacak birka\u00e7 konu\u015fmac\u0131n\u0131n yer ald\u0131\u011f\u0131 konferanslar i\u00e7in kullan\u0131n.<\/p>\n","protected":false},"featured_media":57274,"template":"","meta":{"_acf_changed":false,"inline_featured_image":false},"product_brand":[],"product_cat":[257,266,256,230],"product_tag":[],"class_list":{"0":"post-57273","1":"product","2":"type-product","3":"status-publish","4":"has-post-thumbnail","6":"product_cat-personal","7":"product_cat-personal-work","8":"product_cat-organizers-planners","9":"product_cat-meeting","11":"first","12":"instock","13":"virtual","14":"sold-individually","15":"product-type-simple"},"acf":[],"yoast_head":"<!-- This site is optimized with the Yoast SEO plugin v25.3.1 - https:\/\/yoast.com\/wordpress\/plugins\/seo\/ -->\n<title>Konferans Planlama \u015eablonu - Sales AI Agents<\/title>\n<meta name=\"description\" content=\"Bu \u00fccretsiz \u00f6zelle\u015ftirilebilir \u015fablonu bir g\u00fcnl\u00fck veya \u00e7ok g\u00fcnl\u00fck etkinlikler i\u00e7in veya farkl\u0131 odalarda sunum yapacak birka\u00e7 konu\u015fmac\u0131n\u0131n oldu\u011fu konferanslar i\u00e7in kullan\u0131n\" \/>\n<meta name=\"robots\" content=\"index, follow, max-snippet:-1, max-image-preview:large, max-video-preview:-1\" \/>\n<link rel=\"canonical\" href=\"https:\/\/sales-ai-agents.com\/tr\/templates\/conference-scheduling\/\" \/>\n<meta property=\"og:locale\" content=\"tr_TR\" \/>\n<meta property=\"og:type\" content=\"article\" \/>\n<meta property=\"og:title\" content=\"Konferans Planlama \u015eablonu - Sales AI Agents\" \/>\n<meta property=\"og:description\" content=\"Bu \u00fccretsiz \u00f6zelle\u015ftirilebilir \u015fablonu bir g\u00fcnl\u00fck veya \u00e7ok g\u00fcnl\u00fck etkinlikler i\u00e7in veya farkl\u0131 odalarda sunum yapacak birka\u00e7 konu\u015fmac\u0131n\u0131n oldu\u011fu konferanslar i\u00e7in kullan\u0131n\" \/>\n<meta property=\"og:url\" content=\"https:\/\/sales-ai-agents.com\/tr\/templates\/conference-scheduling\/\" \/>\n<meta property=\"og:site_name\" content=\"Sales AI Agents\" \/>\n<meta property=\"article:modified_time\" content=\"2024-01-02T13:45:33+00:00\" \/>\n<meta property=\"og:image\" content=\"https:\/\/sales-ai-agents.com\/wp-content\/uploads\/2022\/09\/Conference-Scheduling-Template.png\" \/>\n\t<meta property=\"og:image:width\" content=\"1700\" \/>\n\t<meta property=\"og:image:height\" content=\"1100\" \/>\n\t<meta property=\"og:image:type\" content=\"image\/png\" \/>\n<meta name=\"twitter:card\" content=\"summary_large_image\" \/>\n<script type=\"application\/ld+json\" class=\"yoast-schema-graph\">{\"@context\":\"https:\/\/schema.org\",\"@graph\":[{\"@type\":\"WebPage\",\"@id\":\"https:\/\/sales-ai-agents.com\/tr\/templates\/conference-scheduling\/\",\"url\":\"https:\/\/sales-ai-agents.com\/tr\/templates\/conference-scheduling\/\",\"name\":\"Konferans Planlama \u015eablonu - Sales AI Agents\",\"isPartOf\":{\"@id\":\"https:\/\/sales-ai-agents.com\/#website\"},\"primaryImageOfPage\":{\"@id\":\"https:\/\/sales-ai-agents.com\/tr\/templates\/conference-scheduling\/#primaryimage\"},\"image\":{\"@id\":\"https:\/\/sales-ai-agents.com\/tr\/templates\/conference-scheduling\/#primaryimage\"},\"thumbnailUrl\":\"https:\/\/sales-ai-agents.com\/wp-content\/uploads\/2022\/09\/Conference-Scheduling-Template.png\",\"datePublished\":\"2022-09-26T12:15:33+00:00\",\"dateModified\":\"2024-01-02T13:45:33+00:00\",\"description\":\"Bu \u00fccretsiz \u00f6zelle\u015ftirilebilir \u015fablonu bir g\u00fcnl\u00fck veya \u00e7ok g\u00fcnl\u00fck etkinlikler i\u00e7in veya farkl\u0131 odalarda sunum yapacak birka\u00e7 konu\u015fmac\u0131n\u0131n oldu\u011fu konferanslar i\u00e7in kullan\u0131n\",\"inLanguage\":\"tr\",\"potentialAction\":[{\"@type\":\"ReadAction\",\"target\":[\"https:\/\/sales-ai-agents.com\/tr\/templates\/conference-scheduling\/\"]}]},{\"@type\":\"ImageObject\",\"inLanguage\":\"tr\",\"@id\":\"https:\/\/sales-ai-agents.com\/tr\/templates\/conference-scheduling\/#primaryimage\",\"url\":\"https:\/\/sales-ai-agents.com\/wp-content\/uploads\/2022\/09\/Conference-Scheduling-Template.png\",\"contentUrl\":\"https:\/\/sales-ai-agents.com\/wp-content\/uploads\/2022\/09\/Conference-Scheduling-Template.png\",\"width\":1700,\"height\":1100},{\"@type\":\"WebSite\",\"@id\":\"https:\/\/sales-ai-agents.com\/#website\",\"url\":\"https:\/\/sales-ai-agents.com\/\",\"name\":\"FuseBase\",\"description\":\"Sales AI Agents - Free Online Collaboration Software for Remote Teams. Build your wikis, client portals and more with the Nimbus Platform collaboration tool ? A perfect space for online work\",\"publisher\":{\"@id\":\"https:\/\/sales-ai-agents.com\/#organization\"},\"potentialAction\":[{\"@type\":\"SearchAction\",\"target\":{\"@type\":\"EntryPoint\",\"urlTemplate\":\"https:\/\/sales-ai-agents.com\/?s={search_term_string}\"},\"query-input\":{\"@type\":\"PropertyValueSpecification\",\"valueRequired\":true,\"valueName\":\"search_term_string\"}}],\"inLanguage\":\"tr\"},{\"@type\":\"Organization\",\"@id\":\"https:\/\/sales-ai-agents.com\/#organization\",\"name\":\"FuseBase\",\"url\":\"https:\/\/sales-ai-agents.com\/\",\"logo\":{\"@type\":\"ImageObject\",\"inLanguage\":\"tr\",\"@id\":\"https:\/\/sales-ai-agents.com\/#\/schema\/logo\/image\/\",\"url\":\"https:\/\/sales-ai-agents.com\/wp-content\/uploads\/2023\/11\/icon-7.svg\",\"contentUrl\":\"https:\/\/sales-ai-agents.com\/wp-content\/uploads\/2023\/11\/icon-7.svg\",\"width\":128,\"height\":128,\"caption\":\"FuseBase\"},\"image\":{\"@id\":\"https:\/\/sales-ai-agents.com\/#\/schema\/logo\/image\/\"}}]}<\/script>\n<!-- \/ Yoast SEO plugin. -->","yoast_head_json":{"title":"Konferans Planlama \u015eablonu - Sales AI Agents","description":"Bu \u00fccretsiz \u00f6zelle\u015ftirilebilir \u015fablonu bir g\u00fcnl\u00fck veya \u00e7ok g\u00fcnl\u00fck etkinlikler i\u00e7in veya farkl\u0131 odalarda sunum yapacak birka\u00e7 konu\u015fmac\u0131n\u0131n oldu\u011fu konferanslar i\u00e7in kullan\u0131n","robots":{"index":"index","follow":"follow","max-snippet":"max-snippet:-1","max-image-preview":"max-image-preview:large","max-video-preview":"max-video-preview:-1"},"canonical":"https:\/\/sales-ai-agents.com\/tr\/templates\/conference-scheduling\/","og_locale":"tr_TR","og_type":"article","og_title":"Konferans Planlama \u015eablonu - Sales AI Agents","og_description":"Bu \u00fccretsiz \u00f6zelle\u015ftirilebilir \u015fablonu bir g\u00fcnl\u00fck veya \u00e7ok g\u00fcnl\u00fck etkinlikler i\u00e7in veya farkl\u0131 odalarda sunum yapacak birka\u00e7 konu\u015fmac\u0131n\u0131n oldu\u011fu konferanslar i\u00e7in kullan\u0131n","og_url":"https:\/\/sales-ai-agents.com\/tr\/templates\/conference-scheduling\/","og_site_name":"Sales AI Agents","article_modified_time":"2024-01-02T13:45:33+00:00","og_image":[{"width":1700,"height":1100,"url":"https:\/\/sales-ai-agents.com\/wp-content\/uploads\/2022\/09\/Conference-Scheduling-Template.png","type":"image\/png"}],"twitter_card":"summary_large_image","schema":{"@context":"https:\/\/schema.org","@graph":[{"@type":"WebPage","@id":"https:\/\/sales-ai-agents.com\/tr\/templates\/conference-scheduling\/","url":"https:\/\/sales-ai-agents.com\/tr\/templates\/conference-scheduling\/","name":"Konferans Planlama \u015eablonu - Sales AI Agents","isPartOf":{"@id":"https:\/\/sales-ai-agents.com\/#website"},"primaryImageOfPage":{"@id":"https:\/\/sales-ai-agents.com\/tr\/templates\/conference-scheduling\/#primaryimage"},"image":{"@id":"https:\/\/sales-ai-agents.com\/tr\/templates\/conference-scheduling\/#primaryimage"},"thumbnailUrl":"https:\/\/sales-ai-agents.com\/wp-content\/uploads\/2022\/09\/Conference-Scheduling-Template.png","datePublished":"2022-09-26T12:15:33+00:00","dateModified":"2024-01-02T13:45:33+00:00","description":"Bu \u00fccretsiz \u00f6zelle\u015ftirilebilir \u015fablonu bir g\u00fcnl\u00fck veya \u00e7ok g\u00fcnl\u00fck etkinlikler i\u00e7in veya farkl\u0131 odalarda sunum yapacak birka\u00e7 konu\u015fmac\u0131n\u0131n oldu\u011fu konferanslar i\u00e7in kullan\u0131n","inLanguage":"tr","potentialAction":[{"@type":"ReadAction","target":["https:\/\/sales-ai-agents.com\/tr\/templates\/conference-scheduling\/"]}]},{"@type":"ImageObject","inLanguage":"tr","@id":"https:\/\/sales-ai-agents.com\/tr\/templates\/conference-scheduling\/#primaryimage","url":"https:\/\/sales-ai-agents.com\/wp-content\/uploads\/2022\/09\/Conference-Scheduling-Template.png","contentUrl":"https:\/\/sales-ai-agents.com\/wp-content\/uploads\/2022\/09\/Conference-Scheduling-Template.png","width":1700,"height":1100},{"@type":"WebSite","@id":"https:\/\/sales-ai-agents.com\/#website","url":"https:\/\/sales-ai-agents.com\/","name":"FuseBase","description":"Sales AI Agents - Free Online Collaboration Software for Remote Teams. Build your wikis, client portals and more with the Nimbus Platform collaboration tool ? A perfect space for online work","publisher":{"@id":"https:\/\/sales-ai-agents.com\/#organization"},"potentialAction":[{"@type":"SearchAction","target":{"@type":"EntryPoint","urlTemplate":"https:\/\/sales-ai-agents.com\/?s={search_term_string}"},"query-input":{"@type":"PropertyValueSpecification","valueRequired":true,"valueName":"search_term_string"}}],"inLanguage":"tr"},{"@type":"Organization","@id":"https:\/\/sales-ai-agents.com\/#organization","name":"FuseBase","url":"https:\/\/sales-ai-agents.com\/","logo":{"@type":"ImageObject","inLanguage":"tr","@id":"https:\/\/sales-ai-agents.com\/#\/schema\/logo\/image\/","url":"https:\/\/sales-ai-agents.com\/wp-content\/uploads\/2023\/11\/icon-7.svg","contentUrl":"https:\/\/sales-ai-agents.com\/wp-content\/uploads\/2023\/11\/icon-7.svg","width":128,"height":128,"caption":"FuseBase"},"image":{"@id":"https:\/\/sales-ai-agents.com\/#\/schema\/logo\/image\/"}}]}},"_links":{"self":[{"href":"https:\/\/sales-ai-agents.com\/tr\/wp-json\/wp\/v2\/product\/57273","targetHints":{"allow":["GET"]}}],"collection":[{"href":"https:\/\/sales-ai-agents.com\/tr\/wp-json\/wp\/v2\/product"}],"about":[{"href":"https:\/\/sales-ai-agents.com\/tr\/wp-json\/wp\/v2\/types\/product"}],"wp:featuredmedia":[{"embeddable":true,"href":"https:\/\/sales-ai-agents.com\/tr\/wp-json\/wp\/v2\/media\/57274"}],"wp:attachment":[{"href":"https:\/\/sales-ai-agents.com\/tr\/wp-json\/wp\/v2\/media?parent=57273"}],"wp:term":[{"taxonomy":"product_brand","embeddable":true,"href":"https:\/\/sales-ai-agents.com\/tr\/wp-json\/wp\/v2\/product_brand?post=57273"},{"taxonomy":"product_cat","embeddable":true,"href":"https:\/\/sales-ai-agents.com\/tr\/wp-json\/wp\/v2\/product_cat?post=57273"},{"taxonomy":"product_tag","embeddable":true,"href":"https:\/\/sales-ai-agents.com\/tr\/wp-json\/wp\/v2\/product_tag?post=57273"}],"curies":[{"name":"wp","href":"https:\/\/api.w.org\/{rel}","templated":true}]}}