{"id":57284,"date":"2022-09-26T12:15:27","date_gmt":"2022-09-26T12:15:27","guid":{"rendered":"https:\/\/sales-ai-agents.com\/templates\/weekly-review\/"},"modified":"2024-01-02T13:44:30","modified_gmt":"2024-01-02T13:44:30","slug":"weekly-review","status":"publish","type":"product","link":"https:\/\/sales-ai-agents.com\/tr\/templates\/weekly-review\/","title":{"rendered":"Haftal\u0131k \u0130nceleme"},"content":{"rendered":"<p>&nbsp;<\/p>\n<h2>Haftal\u0131k \u0130nceleme \u015eablonu<\/h2>\n<p class=\"desc-text\">Haftal\u0131k \u0130nceleme \u015eablonu, haftay\u0131 planlama ve \u00f6zetleme konusunda yard\u0131mc\u0131n\u0131zd\u0131r. Haftal\u0131k planlama, takviminizdeki etkinlikleri \u00f6nceden d\u00fczenleyecektir. \u00d6nceliklerinizi ve hedeflerinizi bilmenizi sa\u011flar ve sizi yolda tutar. Bir al\u0131\u015fkanl\u0131\u011fa kal\u0131c\u0131 olarak ba\u011fl\u0131 kalmak i\u00e7in bir al\u0131\u015fkanl\u0131k izleyici de kullan\u0131n. Hafta sonunda elde etti\u011finiz \u00e7\u0131kar\u0131mlar\u0131 d\u00fc\u015f\u00fcn\u00fcn.<\/p>\n<h5>Nas\u0131l kullan\u0131l\u0131r?<\/h5>\n<ul class=\"desc-item_list\">\n<li class=\"desc-item_list__point\">Haftay\u0131 yakalamak i\u00e7in bir tarih ekleyin<\/li>\n<li class=\"desc-item_list__point\">Haftan\u0131n en \u00f6nemli olaylar\u0131n\u0131 i\u015faretleyin<\/li>\n<li class=\"desc-item_list__point\">Haftal\u0131k hedefi ve en \u00f6nemli haftal\u0131k \u00f6ncelikleri belirleyin<\/li>\n<li class=\"desc-item_list__point\">Yeni al\u0131\u015fkanl\u0131klara ba\u011fl\u0131 kalmak i\u00e7in bir al\u0131\u015fkanl\u0131k izleyici kullan\u0131n<\/li>\n<li class=\"desc-item_list__point\">Hafta sonunda elde etti\u011finiz \u00e7\u0131kar\u0131mlar\u0131 d\u00fc\u015f\u00fcn\u00fcn.<\/li>\n<\/ul>\n","protected":false},"excerpt":{"rendered":"<p>\u00dccretsiz \u00d6zelle\u015ftirilebilir Haftal\u0131k \u0130nceleme \u015eablonu, haftay\u0131 planlama ve \u00f6zetleme konusunda yard\u0131mc\u0131n\u0131zd\u0131r. Hafta sonunda elde etti\u011finiz \u00e7\u0131kar\u0131mlar\u0131 d\u00fc\u015f\u00fcn\u00fcn.<\/p>\n","protected":false},"featured_media":57285,"template":"","meta":{"_acf_changed":false,"inline_featured_image":false},"product_brand":[],"product_cat":[257,256],"product_tag":[],"class_list":{"0":"post-57284","1":"product","2":"type-product","3":"status-publish","4":"has-post-thumbnail","6":"product_cat-personal","7":"product_cat-organizers-planners","9":"first","10":"instock","11":"virtual","12":"sold-individually","13":"product-type-simple"},"acf":[],"yoast_head":"<!-- This site is optimized with the Yoast SEO plugin v25.3.1 - https:\/\/yoast.com\/wordpress\/plugins\/seo\/ -->\n<title>Haftal\u0131k \u0130nceleme \u015eablonu - Sales AI Agents<\/title>\n<meta name=\"description\" content=\"\u00dccretsiz \u00d6zelle\u015ftirilebilir Haftal\u0131k \u0130nceleme \u015eablonu, haftay\u0131 planlama ve \u00f6zetleme konusunda yard\u0131mc\u0131n\u0131zd\u0131r. Hafta sonunda elde etti\u011finiz \u00e7\u0131kar\u0131mlar\u0131 d\u00fc\u015f\u00fcn\u00fcn.\" \/>\n<meta name=\"robots\" content=\"index, follow, max-snippet:-1, max-image-preview:large, max-video-preview:-1\" \/>\n<link rel=\"canonical\" href=\"https:\/\/sales-ai-agents.com\/tr\/templates\/weekly-review\/\" \/>\n<meta property=\"og:locale\" content=\"tr_TR\" \/>\n<meta property=\"og:type\" content=\"article\" \/>\n<meta property=\"og:title\" content=\"Haftal\u0131k \u0130nceleme \u015eablonu - Sales AI Agents\" \/>\n<meta property=\"og:description\" content=\"\u00dccretsiz \u00d6zelle\u015ftirilebilir Haftal\u0131k \u0130nceleme \u015eablonu, haftay\u0131 planlama ve \u00f6zetleme konusunda yard\u0131mc\u0131n\u0131zd\u0131r. Hafta sonunda elde etti\u011finiz \u00e7\u0131kar\u0131mlar\u0131 d\u00fc\u015f\u00fcn\u00fcn.\" \/>\n<meta property=\"og:url\" content=\"https:\/\/sales-ai-agents.com\/tr\/templates\/weekly-review\/\" \/>\n<meta property=\"og:site_name\" content=\"Sales AI Agents\" \/>\n<meta property=\"article:modified_time\" content=\"2024-01-02T13:44:30+00:00\" \/>\n<meta property=\"og:image\" content=\"https:\/\/sales-ai-agents.com\/wp-content\/uploads\/2022\/09\/Weekly-Review-Template-1.png\" \/>\n\t<meta property=\"og:image:width\" content=\"1700\" \/>\n\t<meta property=\"og:image:height\" content=\"1100\" \/>\n\t<meta property=\"og:image:type\" content=\"image\/png\" \/>\n<meta name=\"twitter:card\" content=\"summary_large_image\" \/>\n<script type=\"application\/ld+json\" class=\"yoast-schema-graph\">{\"@context\":\"https:\/\/schema.org\",\"@graph\":[{\"@type\":\"WebPage\",\"@id\":\"https:\/\/sales-ai-agents.com\/tr\/templates\/weekly-review\/\",\"url\":\"https:\/\/sales-ai-agents.com\/tr\/templates\/weekly-review\/\",\"name\":\"Haftal\u0131k \u0130nceleme \u015eablonu - Sales AI Agents\",\"isPartOf\":{\"@id\":\"https:\/\/sales-ai-agents.com\/#website\"},\"primaryImageOfPage\":{\"@id\":\"https:\/\/sales-ai-agents.com\/tr\/templates\/weekly-review\/#primaryimage\"},\"image\":{\"@id\":\"https:\/\/sales-ai-agents.com\/tr\/templates\/weekly-review\/#primaryimage\"},\"thumbnailUrl\":\"https:\/\/sales-ai-agents.com\/wp-content\/uploads\/2022\/09\/Weekly-Review-Template-1.png\",\"datePublished\":\"2022-09-26T12:15:27+00:00\",\"dateModified\":\"2024-01-02T13:44:30+00:00\",\"description\":\"\u00dccretsiz \u00d6zelle\u015ftirilebilir Haftal\u0131k \u0130nceleme \u015eablonu, haftay\u0131 planlama ve \u00f6zetleme konusunda yard\u0131mc\u0131n\u0131zd\u0131r. Hafta sonunda elde etti\u011finiz \u00e7\u0131kar\u0131mlar\u0131 d\u00fc\u015f\u00fcn\u00fcn.\",\"inLanguage\":\"tr\",\"potentialAction\":[{\"@type\":\"ReadAction\",\"target\":[\"https:\/\/sales-ai-agents.com\/tr\/templates\/weekly-review\/\"]}]},{\"@type\":\"ImageObject\",\"inLanguage\":\"tr\",\"@id\":\"https:\/\/sales-ai-agents.com\/tr\/templates\/weekly-review\/#primaryimage\",\"url\":\"https:\/\/sales-ai-agents.com\/wp-content\/uploads\/2022\/09\/Weekly-Review-Template-1.png\",\"contentUrl\":\"https:\/\/sales-ai-agents.com\/wp-content\/uploads\/2022\/09\/Weekly-Review-Template-1.png\",\"width\":1700,\"height\":1100},{\"@type\":\"WebSite\",\"@id\":\"https:\/\/sales-ai-agents.com\/#website\",\"url\":\"https:\/\/sales-ai-agents.com\/\",\"name\":\"FuseBase\",\"description\":\"Sales AI Agents - Free Online Collaboration Software for Remote Teams. Build your wikis, client portals and more with the Nimbus Platform collaboration tool ? A perfect space for online work\",\"publisher\":{\"@id\":\"https:\/\/sales-ai-agents.com\/#organization\"},\"potentialAction\":[{\"@type\":\"SearchAction\",\"target\":{\"@type\":\"EntryPoint\",\"urlTemplate\":\"https:\/\/sales-ai-agents.com\/?s={search_term_string}\"},\"query-input\":{\"@type\":\"PropertyValueSpecification\",\"valueRequired\":true,\"valueName\":\"search_term_string\"}}],\"inLanguage\":\"tr\"},{\"@type\":\"Organization\",\"@id\":\"https:\/\/sales-ai-agents.com\/#organization\",\"name\":\"FuseBase\",\"url\":\"https:\/\/sales-ai-agents.com\/\",\"logo\":{\"@type\":\"ImageObject\",\"inLanguage\":\"tr\",\"@id\":\"https:\/\/sales-ai-agents.com\/#\/schema\/logo\/image\/\",\"url\":\"https:\/\/sales-ai-agents.com\/wp-content\/uploads\/2023\/11\/icon-7.svg\",\"contentUrl\":\"https:\/\/sales-ai-agents.com\/wp-content\/uploads\/2023\/11\/icon-7.svg\",\"width\":128,\"height\":128,\"caption\":\"FuseBase\"},\"image\":{\"@id\":\"https:\/\/sales-ai-agents.com\/#\/schema\/logo\/image\/\"}}]}<\/script>\n<!-- \/ Yoast SEO plugin. -->","yoast_head_json":{"title":"Haftal\u0131k \u0130nceleme \u015eablonu - Sales AI Agents","description":"\u00dccretsiz \u00d6zelle\u015ftirilebilir Haftal\u0131k \u0130nceleme \u015eablonu, haftay\u0131 planlama ve \u00f6zetleme konusunda yard\u0131mc\u0131n\u0131zd\u0131r. Hafta sonunda elde etti\u011finiz \u00e7\u0131kar\u0131mlar\u0131 d\u00fc\u015f\u00fcn\u00fcn.","robots":{"index":"index","follow":"follow","max-snippet":"max-snippet:-1","max-image-preview":"max-image-preview:large","max-video-preview":"max-video-preview:-1"},"canonical":"https:\/\/sales-ai-agents.com\/tr\/templates\/weekly-review\/","og_locale":"tr_TR","og_type":"article","og_title":"Haftal\u0131k \u0130nceleme \u015eablonu - Sales AI Agents","og_description":"\u00dccretsiz \u00d6zelle\u015ftirilebilir Haftal\u0131k \u0130nceleme \u015eablonu, haftay\u0131 planlama ve \u00f6zetleme konusunda yard\u0131mc\u0131n\u0131zd\u0131r. Hafta sonunda elde etti\u011finiz \u00e7\u0131kar\u0131mlar\u0131 d\u00fc\u015f\u00fcn\u00fcn.","og_url":"https:\/\/sales-ai-agents.com\/tr\/templates\/weekly-review\/","og_site_name":"Sales AI Agents","article_modified_time":"2024-01-02T13:44:30+00:00","og_image":[{"width":1700,"height":1100,"url":"https:\/\/sales-ai-agents.com\/wp-content\/uploads\/2022\/09\/Weekly-Review-Template-1.png","type":"image\/png"}],"twitter_card":"summary_large_image","schema":{"@context":"https:\/\/schema.org","@graph":[{"@type":"WebPage","@id":"https:\/\/sales-ai-agents.com\/tr\/templates\/weekly-review\/","url":"https:\/\/sales-ai-agents.com\/tr\/templates\/weekly-review\/","name":"Haftal\u0131k \u0130nceleme \u015eablonu - Sales AI Agents","isPartOf":{"@id":"https:\/\/sales-ai-agents.com\/#website"},"primaryImageOfPage":{"@id":"https:\/\/sales-ai-agents.com\/tr\/templates\/weekly-review\/#primaryimage"},"image":{"@id":"https:\/\/sales-ai-agents.com\/tr\/templates\/weekly-review\/#primaryimage"},"thumbnailUrl":"https:\/\/sales-ai-agents.com\/wp-content\/uploads\/2022\/09\/Weekly-Review-Template-1.png","datePublished":"2022-09-26T12:15:27+00:00","dateModified":"2024-01-02T13:44:30+00:00","description":"\u00dccretsiz \u00d6zelle\u015ftirilebilir Haftal\u0131k \u0130nceleme \u015eablonu, haftay\u0131 planlama ve \u00f6zetleme konusunda yard\u0131mc\u0131n\u0131zd\u0131r. Hafta sonunda elde etti\u011finiz \u00e7\u0131kar\u0131mlar\u0131 d\u00fc\u015f\u00fcn\u00fcn.","inLanguage":"tr","potentialAction":[{"@type":"ReadAction","target":["https:\/\/sales-ai-agents.com\/tr\/templates\/weekly-review\/"]}]},{"@type":"ImageObject","inLanguage":"tr","@id":"https:\/\/sales-ai-agents.com\/tr\/templates\/weekly-review\/#primaryimage","url":"https:\/\/sales-ai-agents.com\/wp-content\/uploads\/2022\/09\/Weekly-Review-Template-1.png","contentUrl":"https:\/\/sales-ai-agents.com\/wp-content\/uploads\/2022\/09\/Weekly-Review-Template-1.png","width":1700,"height":1100},{"@type":"WebSite","@id":"https:\/\/sales-ai-agents.com\/#website","url":"https:\/\/sales-ai-agents.com\/","name":"FuseBase","description":"Sales AI Agents - Free Online Collaboration Software for Remote Teams. Build your wikis, client portals and more with the Nimbus Platform collaboration tool ? A perfect space for online work","publisher":{"@id":"https:\/\/sales-ai-agents.com\/#organization"},"potentialAction":[{"@type":"SearchAction","target":{"@type":"EntryPoint","urlTemplate":"https:\/\/sales-ai-agents.com\/?s={search_term_string}"},"query-input":{"@type":"PropertyValueSpecification","valueRequired":true,"valueName":"search_term_string"}}],"inLanguage":"tr"},{"@type":"Organization","@id":"https:\/\/sales-ai-agents.com\/#organization","name":"FuseBase","url":"https:\/\/sales-ai-agents.com\/","logo":{"@type":"ImageObject","inLanguage":"tr","@id":"https:\/\/sales-ai-agents.com\/#\/schema\/logo\/image\/","url":"https:\/\/sales-ai-agents.com\/wp-content\/uploads\/2023\/11\/icon-7.svg","contentUrl":"https:\/\/sales-ai-agents.com\/wp-content\/uploads\/2023\/11\/icon-7.svg","width":128,"height":128,"caption":"FuseBase"},"image":{"@id":"https:\/\/sales-ai-agents.com\/#\/schema\/logo\/image\/"}}]}},"_links":{"self":[{"href":"https:\/\/sales-ai-agents.com\/tr\/wp-json\/wp\/v2\/product\/57284","targetHints":{"allow":["GET"]}}],"collection":[{"href":"https:\/\/sales-ai-agents.com\/tr\/wp-json\/wp\/v2\/product"}],"about":[{"href":"https:\/\/sales-ai-agents.com\/tr\/wp-json\/wp\/v2\/types\/product"}],"wp:featuredmedia":[{"embeddable":true,"href":"https:\/\/sales-ai-agents.com\/tr\/wp-json\/wp\/v2\/media\/57285"}],"wp:attachment":[{"href":"https:\/\/sales-ai-agents.com\/tr\/wp-json\/wp\/v2\/media?parent=57284"}],"wp:term":[{"taxonomy":"product_brand","embeddable":true,"href":"https:\/\/sales-ai-agents.com\/tr\/wp-json\/wp\/v2\/product_brand?post=57284"},{"taxonomy":"product_cat","embeddable":true,"href":"https:\/\/sales-ai-agents.com\/tr\/wp-json\/wp\/v2\/product_cat?post=57284"},{"taxonomy":"product_tag","embeddable":true,"href":"https:\/\/sales-ai-agents.com\/tr\/wp-json\/wp\/v2\/product_tag?post=57284"}],"curies":[{"name":"wp","href":"https:\/\/api.w.org\/{rel}","templated":true}]}}