{"id":57288,"date":"2022-09-26T12:15:23","date_gmt":"2022-09-26T12:15:23","guid":{"rendered":"https:\/\/sales-ai-agents.com\/templates\/project-goals\/"},"modified":"2023-12-31T16:37:33","modified_gmt":"2023-12-31T16:37:33","slug":"project-goals","status":"publish","type":"product","link":"https:\/\/sales-ai-agents.com\/tr\/templates\/project-goals\/","title":{"rendered":"Proje Hedefleri"},"content":{"rendered":"<p>&nbsp;<\/p>\n<h2>Proje Hedefleri \u015eablonu<\/h2>\n<p class=\"desc-text\">Bu basit ve anla\u015f\u0131l\u0131r \u015fablonu proje ekibinizle payla\u015f\u0131n. Birlikte \u00e7al\u0131\u015fman\u0131z i\u00e7in hedefler belirleyin. Strateji olu\u015fturmak ve ilerlemeyi belgelemek i\u00e7in tek bir belge kullanarak herkesi ayn\u0131 sayfada tutun. Hedeflerinize ula\u015fmaya ne kadar yak\u0131n oldu\u011funuzu g\u00f6stermek i\u00e7in \u00f6nemli sonu\u00e7lar\u0131 not edin. \u0130lerleme \u00e7ubu\u011funu g\u00fcncellerken ilerlemenizi g\u00f6rselle\u015ftirin &#8211; ABC kadar kolay.<\/p>\n<h5>Nas\u0131l kullan\u0131l\u0131r?<\/h5>\n<ul class=\"desc-item_list\">\n<li class=\"desc-item_list__point\">Belgelemek i\u00e7in ekip \u00fcyelerini etiketleyin<\/li>\n<li class=\"desc-item_list__point\">Ba\u011flam vermek i\u00e7in \u00f6nemli notlar ekleyin<\/li>\n<li class=\"desc-item_list__point\">Ula\u015f\u0131lacak hedefleri listeleyin<\/li>\n<li class=\"desc-item_list__point\">Her bir hedef i\u00e7in temel sonu\u00e7lar\u0131 tan\u0131mlay\u0131n<\/li>\n<li class=\"desc-item_list__point\">\u0130lerleme \u00e7ubu\u011funu ilerledik\u00e7e g\u00fcncelleyin<\/li>\n<\/ul>\n","protected":false},"excerpt":{"rendered":"<p>Bu basit ve anla\u015f\u0131l\u0131r \u00fccretsiz \u00f6zelle\u015ftirilebilir \u015fablonu proje ekibinizle payla\u015f\u0131n. Birlikte \u00e7al\u0131\u015fman\u0131z i\u00e7in hedefler belirleyin ve ba\u015far\u0131l\u0131 bir lansman hedefleyin!<\/p>\n","protected":false},"featured_media":57289,"template":"","meta":{"_acf_changed":false,"inline_featured_image":false},"product_brand":[],"product_cat":[217,272,252],"product_tag":[],"class_list":{"0":"post-57288","1":"product","2":"type-product","3":"status-publish","4":"has-post-thumbnail","6":"product_cat-entrepreneur","7":"product_cat-project-documents","8":"product_cat-product","10":"first","11":"instock","12":"virtual","13":"sold-individually","14":"product-type-simple"},"acf":[],"yoast_head":"<!-- This site is optimized with the Yoast SEO plugin v25.3.1 - https:\/\/yoast.com\/wordpress\/plugins\/seo\/ -->\n<title>Proje Hedefleri \u015eablonu - Sales AI Agents<\/title>\n<meta name=\"description\" content=\"Bu basit ve anla\u015f\u0131l\u0131r \u00fccretsiz \u00f6zelle\u015ftirilebilir \u015fablonu proje ekibinizle payla\u015f\u0131n. \u00c7al\u0131\u015fman\u0131z i\u00e7in hedefler belirleyin ve ba\u015far\u0131l\u0131 bir lansman hedefleyin!\" \/>\n<meta name=\"robots\" content=\"index, follow, max-snippet:-1, max-image-preview:large, max-video-preview:-1\" \/>\n<link rel=\"canonical\" href=\"https:\/\/sales-ai-agents.com\/tr\/templates\/project-goals\/\" \/>\n<meta property=\"og:locale\" content=\"tr_TR\" \/>\n<meta property=\"og:type\" content=\"article\" \/>\n<meta property=\"og:title\" content=\"Proje Hedefleri \u015eablonu - Sales AI Agents\" \/>\n<meta property=\"og:description\" content=\"Bu basit ve anla\u015f\u0131l\u0131r \u00fccretsiz \u00f6zelle\u015ftirilebilir \u015fablonu proje ekibinizle payla\u015f\u0131n. \u00c7al\u0131\u015fman\u0131z i\u00e7in hedefler belirleyin ve ba\u015far\u0131l\u0131 bir lansman hedefleyin!\" \/>\n<meta property=\"og:url\" content=\"https:\/\/sales-ai-agents.com\/tr\/templates\/project-goals\/\" \/>\n<meta property=\"og:site_name\" content=\"Sales AI Agents\" \/>\n<meta property=\"article:modified_time\" content=\"2023-12-31T16:37:33+00:00\" \/>\n<meta property=\"og:image\" content=\"https:\/\/sales-ai-agents.com\/wp-content\/uploads\/2022\/09\/Project-Goals-Template.png\" \/>\n\t<meta property=\"og:image:width\" content=\"1700\" \/>\n\t<meta property=\"og:image:height\" content=\"1100\" \/>\n\t<meta property=\"og:image:type\" content=\"image\/png\" \/>\n<meta name=\"twitter:card\" content=\"summary_large_image\" \/>\n<script type=\"application\/ld+json\" class=\"yoast-schema-graph\">{\"@context\":\"https:\/\/schema.org\",\"@graph\":[{\"@type\":\"WebPage\",\"@id\":\"https:\/\/sales-ai-agents.com\/tr\/templates\/project-goals\/\",\"url\":\"https:\/\/sales-ai-agents.com\/tr\/templates\/project-goals\/\",\"name\":\"Proje Hedefleri \u015eablonu - Sales AI Agents\",\"isPartOf\":{\"@id\":\"https:\/\/sales-ai-agents.com\/#website\"},\"primaryImageOfPage\":{\"@id\":\"https:\/\/sales-ai-agents.com\/tr\/templates\/project-goals\/#primaryimage\"},\"image\":{\"@id\":\"https:\/\/sales-ai-agents.com\/tr\/templates\/project-goals\/#primaryimage\"},\"thumbnailUrl\":\"https:\/\/sales-ai-agents.com\/wp-content\/uploads\/2022\/09\/Project-Goals-Template.png\",\"datePublished\":\"2022-09-26T12:15:23+00:00\",\"dateModified\":\"2023-12-31T16:37:33+00:00\",\"description\":\"Bu basit ve anla\u015f\u0131l\u0131r \u00fccretsiz \u00f6zelle\u015ftirilebilir \u015fablonu proje ekibinizle payla\u015f\u0131n. \u00c7al\u0131\u015fman\u0131z i\u00e7in hedefler belirleyin ve ba\u015far\u0131l\u0131 bir lansman hedefleyin!\",\"inLanguage\":\"tr\",\"potentialAction\":[{\"@type\":\"ReadAction\",\"target\":[\"https:\/\/sales-ai-agents.com\/tr\/templates\/project-goals\/\"]}]},{\"@type\":\"ImageObject\",\"inLanguage\":\"tr\",\"@id\":\"https:\/\/sales-ai-agents.com\/tr\/templates\/project-goals\/#primaryimage\",\"url\":\"https:\/\/sales-ai-agents.com\/wp-content\/uploads\/2022\/09\/Project-Goals-Template.png\",\"contentUrl\":\"https:\/\/sales-ai-agents.com\/wp-content\/uploads\/2022\/09\/Project-Goals-Template.png\",\"width\":1700,\"height\":1100},{\"@type\":\"WebSite\",\"@id\":\"https:\/\/sales-ai-agents.com\/#website\",\"url\":\"https:\/\/sales-ai-agents.com\/\",\"name\":\"FuseBase\",\"description\":\"Sales AI Agents - Free Online Collaboration Software for Remote Teams. Build your wikis, client portals and more with the Nimbus Platform collaboration tool ? A perfect space for online work\",\"publisher\":{\"@id\":\"https:\/\/sales-ai-agents.com\/#organization\"},\"potentialAction\":[{\"@type\":\"SearchAction\",\"target\":{\"@type\":\"EntryPoint\",\"urlTemplate\":\"https:\/\/sales-ai-agents.com\/?s={search_term_string}\"},\"query-input\":{\"@type\":\"PropertyValueSpecification\",\"valueRequired\":true,\"valueName\":\"search_term_string\"}}],\"inLanguage\":\"tr\"},{\"@type\":\"Organization\",\"@id\":\"https:\/\/sales-ai-agents.com\/#organization\",\"name\":\"FuseBase\",\"url\":\"https:\/\/sales-ai-agents.com\/\",\"logo\":{\"@type\":\"ImageObject\",\"inLanguage\":\"tr\",\"@id\":\"https:\/\/sales-ai-agents.com\/#\/schema\/logo\/image\/\",\"url\":\"https:\/\/sales-ai-agents.com\/wp-content\/uploads\/2023\/11\/icon-7.svg\",\"contentUrl\":\"https:\/\/sales-ai-agents.com\/wp-content\/uploads\/2023\/11\/icon-7.svg\",\"width\":128,\"height\":128,\"caption\":\"FuseBase\"},\"image\":{\"@id\":\"https:\/\/sales-ai-agents.com\/#\/schema\/logo\/image\/\"}}]}<\/script>\n<!-- \/ Yoast SEO plugin. -->","yoast_head_json":{"title":"Proje Hedefleri \u015eablonu - Sales AI Agents","description":"Bu basit ve anla\u015f\u0131l\u0131r \u00fccretsiz \u00f6zelle\u015ftirilebilir \u015fablonu proje ekibinizle payla\u015f\u0131n. \u00c7al\u0131\u015fman\u0131z i\u00e7in hedefler belirleyin ve ba\u015far\u0131l\u0131 bir lansman hedefleyin!","robots":{"index":"index","follow":"follow","max-snippet":"max-snippet:-1","max-image-preview":"max-image-preview:large","max-video-preview":"max-video-preview:-1"},"canonical":"https:\/\/sales-ai-agents.com\/tr\/templates\/project-goals\/","og_locale":"tr_TR","og_type":"article","og_title":"Proje Hedefleri \u015eablonu - Sales AI Agents","og_description":"Bu basit ve anla\u015f\u0131l\u0131r \u00fccretsiz \u00f6zelle\u015ftirilebilir \u015fablonu proje ekibinizle payla\u015f\u0131n. \u00c7al\u0131\u015fman\u0131z i\u00e7in hedefler belirleyin ve ba\u015far\u0131l\u0131 bir lansman hedefleyin!","og_url":"https:\/\/sales-ai-agents.com\/tr\/templates\/project-goals\/","og_site_name":"Sales AI Agents","article_modified_time":"2023-12-31T16:37:33+00:00","og_image":[{"width":1700,"height":1100,"url":"https:\/\/sales-ai-agents.com\/wp-content\/uploads\/2022\/09\/Project-Goals-Template.png","type":"image\/png"}],"twitter_card":"summary_large_image","schema":{"@context":"https:\/\/schema.org","@graph":[{"@type":"WebPage","@id":"https:\/\/sales-ai-agents.com\/tr\/templates\/project-goals\/","url":"https:\/\/sales-ai-agents.com\/tr\/templates\/project-goals\/","name":"Proje Hedefleri \u015eablonu - Sales AI Agents","isPartOf":{"@id":"https:\/\/sales-ai-agents.com\/#website"},"primaryImageOfPage":{"@id":"https:\/\/sales-ai-agents.com\/tr\/templates\/project-goals\/#primaryimage"},"image":{"@id":"https:\/\/sales-ai-agents.com\/tr\/templates\/project-goals\/#primaryimage"},"thumbnailUrl":"https:\/\/sales-ai-agents.com\/wp-content\/uploads\/2022\/09\/Project-Goals-Template.png","datePublished":"2022-09-26T12:15:23+00:00","dateModified":"2023-12-31T16:37:33+00:00","description":"Bu basit ve anla\u015f\u0131l\u0131r \u00fccretsiz \u00f6zelle\u015ftirilebilir \u015fablonu proje ekibinizle payla\u015f\u0131n. \u00c7al\u0131\u015fman\u0131z i\u00e7in hedefler belirleyin ve ba\u015far\u0131l\u0131 bir lansman hedefleyin!","inLanguage":"tr","potentialAction":[{"@type":"ReadAction","target":["https:\/\/sales-ai-agents.com\/tr\/templates\/project-goals\/"]}]},{"@type":"ImageObject","inLanguage":"tr","@id":"https:\/\/sales-ai-agents.com\/tr\/templates\/project-goals\/#primaryimage","url":"https:\/\/sales-ai-agents.com\/wp-content\/uploads\/2022\/09\/Project-Goals-Template.png","contentUrl":"https:\/\/sales-ai-agents.com\/wp-content\/uploads\/2022\/09\/Project-Goals-Template.png","width":1700,"height":1100},{"@type":"WebSite","@id":"https:\/\/sales-ai-agents.com\/#website","url":"https:\/\/sales-ai-agents.com\/","name":"FuseBase","description":"Sales AI Agents - Free Online Collaboration Software for Remote Teams. Build your wikis, client portals and more with the Nimbus Platform collaboration tool ? A perfect space for online work","publisher":{"@id":"https:\/\/sales-ai-agents.com\/#organization"},"potentialAction":[{"@type":"SearchAction","target":{"@type":"EntryPoint","urlTemplate":"https:\/\/sales-ai-agents.com\/?s={search_term_string}"},"query-input":{"@type":"PropertyValueSpecification","valueRequired":true,"valueName":"search_term_string"}}],"inLanguage":"tr"},{"@type":"Organization","@id":"https:\/\/sales-ai-agents.com\/#organization","name":"FuseBase","url":"https:\/\/sales-ai-agents.com\/","logo":{"@type":"ImageObject","inLanguage":"tr","@id":"https:\/\/sales-ai-agents.com\/#\/schema\/logo\/image\/","url":"https:\/\/sales-ai-agents.com\/wp-content\/uploads\/2023\/11\/icon-7.svg","contentUrl":"https:\/\/sales-ai-agents.com\/wp-content\/uploads\/2023\/11\/icon-7.svg","width":128,"height":128,"caption":"FuseBase"},"image":{"@id":"https:\/\/sales-ai-agents.com\/#\/schema\/logo\/image\/"}}]}},"_links":{"self":[{"href":"https:\/\/sales-ai-agents.com\/tr\/wp-json\/wp\/v2\/product\/57288","targetHints":{"allow":["GET"]}}],"collection":[{"href":"https:\/\/sales-ai-agents.com\/tr\/wp-json\/wp\/v2\/product"}],"about":[{"href":"https:\/\/sales-ai-agents.com\/tr\/wp-json\/wp\/v2\/types\/product"}],"wp:featuredmedia":[{"embeddable":true,"href":"https:\/\/sales-ai-agents.com\/tr\/wp-json\/wp\/v2\/media\/57289"}],"wp:attachment":[{"href":"https:\/\/sales-ai-agents.com\/tr\/wp-json\/wp\/v2\/media?parent=57288"}],"wp:term":[{"taxonomy":"product_brand","embeddable":true,"href":"https:\/\/sales-ai-agents.com\/tr\/wp-json\/wp\/v2\/product_brand?post=57288"},{"taxonomy":"product_cat","embeddable":true,"href":"https:\/\/sales-ai-agents.com\/tr\/wp-json\/wp\/v2\/product_cat?post=57288"},{"taxonomy":"product_tag","embeddable":true,"href":"https:\/\/sales-ai-agents.com\/tr\/wp-json\/wp\/v2\/product_tag?post=57288"}],"curies":[{"name":"wp","href":"https:\/\/api.w.org\/{rel}","templated":true}]}}