{"id":57293,"date":"2022-09-26T12:15:21","date_gmt":"2022-09-26T12:15:21","guid":{"rendered":"https:\/\/sales-ai-agents.com\/templates\/product-launch-checklist\/"},"modified":"2024-01-02T11:05:16","modified_gmt":"2024-01-02T11:05:16","slug":"product-launch-checklist","status":"publish","type":"product","link":"https:\/\/sales-ai-agents.com\/tr\/templates\/product-launch-checklist\/","title":{"rendered":"\u00dcr\u00fcn Lansman\u0131 Kontrol Listesi"},"content":{"rendered":"<p>&nbsp;<\/p>\n<h2>\u00dcr\u00fcn Lansman\u0131 Kontrol Listesi \u015eablonu<\/h2>\n<p class=\"desc-text\">Yeni bir \u00fcr\u00fcn piyasaya s\u00fcrerken, t\u00fcm yar\u0131m kalm\u0131\u015f i\u015flerinizi tamamlad\u0131\u011f\u0131n\u0131zdan emin olman\u0131z \u00f6nemlidir. Bu \u015fablonla hi\u00e7bir ad\u0131m\u0131 ka\u00e7\u0131rmad\u0131\u011f\u0131n\u0131zdan emin olun. \u0130stedi\u011finiz \u00fcr\u00fcn \u00f6zelliklerini planlay\u0131n. Tamamlanan eylemleri listeleyin ve tamamlanmam\u0131\u015f \u00f6\u011feler i\u00e7in bir kontrol listesi ekleyin. Lansman i\u00e7in t\u00fcm unsurlar\u0131n haz\u0131r olup olmad\u0131\u011f\u0131n\u0131 iki kez kontrol edin.<\/p>\n<h5>Nas\u0131l kullan\u0131l\u0131r?<\/h5>\n<ul class=\"desc-item_list\">\n<li class=\"desc-item_list__point\">Dikkat \u00e7eken \u00fcr\u00fcn \u00f6zelliklerini listeleyin<\/li>\n<li class=\"desc-item_list__point\">Hen\u00fcz ba\u015flat\u0131lmam\u0131\u015f \u00f6zellikleri not edin<\/li>\n<li class=\"desc-item_list__point\">Tamamlanm\u0131\u015f \u00f6zellikleri kaydedin<\/li>\n<li class=\"desc-item_list__point\">Ba\u015flatma i\u00e7in ayarlanan \u00f6\u011feleri kontrol edin<\/li>\n<\/ul>\n","protected":false},"excerpt":{"rendered":"<p>Yeni bir \u00fcr\u00fcn piyasaya s\u00fcrerken, t\u00fcm yar\u0131m kalm\u0131\u015f i\u015flerinizi tamamlad\u0131\u011f\u0131n\u0131zdan emin olman\u0131z \u00f6nemlidir. Bu \u00fccretsiz \u015fablon ile bir ad\u0131m\u0131 atlay\u0131p atlamad\u0131\u011f\u0131n\u0131z\u0131 kontrol edin.<\/p>\n","protected":false},"featured_media":57294,"template":"","meta":{"_acf_changed":false,"inline_featured_image":false},"product_brand":[],"product_cat":[271,252,253],"product_tag":[],"class_list":{"0":"post-57293","1":"product","2":"type-product","3":"status-publish","4":"has-post-thumbnail","6":"product_cat-product-management","7":"product_cat-product","8":"product_cat-product-documents","10":"first","11":"instock","12":"virtual","13":"sold-individually","14":"product-type-simple"},"acf":[],"yoast_head":"<!-- This site is optimized with the Yoast SEO plugin v25.3.1 - https:\/\/yoast.com\/wordpress\/plugins\/seo\/ -->\n<title>\u00dcr\u00fcn Lansman\u0131 Kontrol Listesi \u015eablonu - Sales AI Agents<\/title>\n<meta name=\"description\" content=\"Yeni bir \u00fcr\u00fcn piyasaya s\u00fcrerken, t\u00fcm yar\u0131m kalm\u0131\u015f i\u015flerinizi tamamlad\u0131\u011f\u0131n\u0131zdan emin olun. Bu \u00fccretsiz \u015fablon ile bir ad\u0131m\u0131 atlay\u0131p atlamad\u0131\u011f\u0131n\u0131z\u0131 kontrol edin.\" \/>\n<meta name=\"robots\" content=\"index, follow, max-snippet:-1, max-image-preview:large, max-video-preview:-1\" \/>\n<link rel=\"canonical\" href=\"https:\/\/sales-ai-agents.com\/tr\/templates\/product-launch-checklist\/\" \/>\n<meta property=\"og:locale\" content=\"tr_TR\" \/>\n<meta property=\"og:type\" content=\"article\" \/>\n<meta property=\"og:title\" content=\"\u00dcr\u00fcn Lansman\u0131 Kontrol Listesi \u015eablonu - Sales AI Agents\" \/>\n<meta property=\"og:description\" content=\"Yeni bir \u00fcr\u00fcn piyasaya s\u00fcrerken, t\u00fcm yar\u0131m kalm\u0131\u015f i\u015flerinizi tamamlad\u0131\u011f\u0131n\u0131zdan emin olun. Bu \u00fccretsiz \u015fablon ile bir ad\u0131m\u0131 atlay\u0131p atlamad\u0131\u011f\u0131n\u0131z\u0131 kontrol edin.\" \/>\n<meta property=\"og:url\" content=\"https:\/\/sales-ai-agents.com\/tr\/templates\/product-launch-checklist\/\" \/>\n<meta property=\"og:site_name\" content=\"Sales AI Agents\" \/>\n<meta property=\"article:modified_time\" content=\"2024-01-02T11:05:16+00:00\" \/>\n<meta property=\"og:image\" content=\"https:\/\/sales-ai-agents.com\/wp-content\/uploads\/2023\/01\/image-preview121428.png\" \/>\n\t<meta property=\"og:image:width\" content=\"1078\" \/>\n\t<meta property=\"og:image:height\" content=\"1006\" \/>\n\t<meta property=\"og:image:type\" content=\"image\/png\" \/>\n<meta name=\"twitter:card\" content=\"summary_large_image\" \/>\n<script type=\"application\/ld+json\" class=\"yoast-schema-graph\">{\"@context\":\"https:\/\/schema.org\",\"@graph\":[{\"@type\":\"WebPage\",\"@id\":\"https:\/\/sales-ai-agents.com\/tr\/templates\/product-launch-checklist\/\",\"url\":\"https:\/\/sales-ai-agents.com\/tr\/templates\/product-launch-checklist\/\",\"name\":\"\u00dcr\u00fcn Lansman\u0131 Kontrol Listesi \u015eablonu - Sales AI Agents\",\"isPartOf\":{\"@id\":\"https:\/\/sales-ai-agents.com\/#website\"},\"primaryImageOfPage\":{\"@id\":\"https:\/\/sales-ai-agents.com\/tr\/templates\/product-launch-checklist\/#primaryimage\"},\"image\":{\"@id\":\"https:\/\/sales-ai-agents.com\/tr\/templates\/product-launch-checklist\/#primaryimage\"},\"thumbnailUrl\":\"https:\/\/sales-ai-agents.com\/wp-content\/uploads\/2023\/01\/image-preview121428.png\",\"datePublished\":\"2022-09-26T12:15:21+00:00\",\"dateModified\":\"2024-01-02T11:05:16+00:00\",\"description\":\"Yeni bir \u00fcr\u00fcn piyasaya s\u00fcrerken, t\u00fcm yar\u0131m kalm\u0131\u015f i\u015flerinizi tamamlad\u0131\u011f\u0131n\u0131zdan emin olun. Bu \u00fccretsiz \u015fablon ile bir ad\u0131m\u0131 atlay\u0131p atlamad\u0131\u011f\u0131n\u0131z\u0131 kontrol edin.\",\"inLanguage\":\"tr\",\"potentialAction\":[{\"@type\":\"ReadAction\",\"target\":[\"https:\/\/sales-ai-agents.com\/tr\/templates\/product-launch-checklist\/\"]}]},{\"@type\":\"ImageObject\",\"inLanguage\":\"tr\",\"@id\":\"https:\/\/sales-ai-agents.com\/tr\/templates\/product-launch-checklist\/#primaryimage\",\"url\":\"https:\/\/sales-ai-agents.com\/wp-content\/uploads\/2023\/01\/image-preview121428.png\",\"contentUrl\":\"https:\/\/sales-ai-agents.com\/wp-content\/uploads\/2023\/01\/image-preview121428.png\",\"width\":1078,\"height\":1006},{\"@type\":\"WebSite\",\"@id\":\"https:\/\/sales-ai-agents.com\/#website\",\"url\":\"https:\/\/sales-ai-agents.com\/\",\"name\":\"FuseBase\",\"description\":\"Sales AI Agents - Free Online Collaboration Software for Remote Teams. Build your wikis, client portals and more with the Nimbus Platform collaboration tool ? A perfect space for online work\",\"publisher\":{\"@id\":\"https:\/\/sales-ai-agents.com\/#organization\"},\"potentialAction\":[{\"@type\":\"SearchAction\",\"target\":{\"@type\":\"EntryPoint\",\"urlTemplate\":\"https:\/\/sales-ai-agents.com\/?s={search_term_string}\"},\"query-input\":{\"@type\":\"PropertyValueSpecification\",\"valueRequired\":true,\"valueName\":\"search_term_string\"}}],\"inLanguage\":\"tr\"},{\"@type\":\"Organization\",\"@id\":\"https:\/\/sales-ai-agents.com\/#organization\",\"name\":\"FuseBase\",\"url\":\"https:\/\/sales-ai-agents.com\/\",\"logo\":{\"@type\":\"ImageObject\",\"inLanguage\":\"tr\",\"@id\":\"https:\/\/sales-ai-agents.com\/#\/schema\/logo\/image\/\",\"url\":\"https:\/\/sales-ai-agents.com\/wp-content\/uploads\/2023\/11\/icon-7.svg\",\"contentUrl\":\"https:\/\/sales-ai-agents.com\/wp-content\/uploads\/2023\/11\/icon-7.svg\",\"width\":128,\"height\":128,\"caption\":\"FuseBase\"},\"image\":{\"@id\":\"https:\/\/sales-ai-agents.com\/#\/schema\/logo\/image\/\"}}]}<\/script>\n<!-- \/ Yoast SEO plugin. -->","yoast_head_json":{"title":"\u00dcr\u00fcn Lansman\u0131 Kontrol Listesi \u015eablonu - Sales AI Agents","description":"Yeni bir \u00fcr\u00fcn piyasaya s\u00fcrerken, t\u00fcm yar\u0131m kalm\u0131\u015f i\u015flerinizi tamamlad\u0131\u011f\u0131n\u0131zdan emin olun. Bu \u00fccretsiz \u015fablon ile bir ad\u0131m\u0131 atlay\u0131p atlamad\u0131\u011f\u0131n\u0131z\u0131 kontrol edin.","robots":{"index":"index","follow":"follow","max-snippet":"max-snippet:-1","max-image-preview":"max-image-preview:large","max-video-preview":"max-video-preview:-1"},"canonical":"https:\/\/sales-ai-agents.com\/tr\/templates\/product-launch-checklist\/","og_locale":"tr_TR","og_type":"article","og_title":"\u00dcr\u00fcn Lansman\u0131 Kontrol Listesi \u015eablonu - Sales AI Agents","og_description":"Yeni bir \u00fcr\u00fcn piyasaya s\u00fcrerken, t\u00fcm yar\u0131m kalm\u0131\u015f i\u015flerinizi tamamlad\u0131\u011f\u0131n\u0131zdan emin olun. Bu \u00fccretsiz \u015fablon ile bir ad\u0131m\u0131 atlay\u0131p atlamad\u0131\u011f\u0131n\u0131z\u0131 kontrol edin.","og_url":"https:\/\/sales-ai-agents.com\/tr\/templates\/product-launch-checklist\/","og_site_name":"Sales AI Agents","article_modified_time":"2024-01-02T11:05:16+00:00","og_image":[{"width":1078,"height":1006,"url":"https:\/\/sales-ai-agents.com\/wp-content\/uploads\/2023\/01\/image-preview121428.png","type":"image\/png"}],"twitter_card":"summary_large_image","schema":{"@context":"https:\/\/schema.org","@graph":[{"@type":"WebPage","@id":"https:\/\/sales-ai-agents.com\/tr\/templates\/product-launch-checklist\/","url":"https:\/\/sales-ai-agents.com\/tr\/templates\/product-launch-checklist\/","name":"\u00dcr\u00fcn Lansman\u0131 Kontrol Listesi \u015eablonu - Sales AI Agents","isPartOf":{"@id":"https:\/\/sales-ai-agents.com\/#website"},"primaryImageOfPage":{"@id":"https:\/\/sales-ai-agents.com\/tr\/templates\/product-launch-checklist\/#primaryimage"},"image":{"@id":"https:\/\/sales-ai-agents.com\/tr\/templates\/product-launch-checklist\/#primaryimage"},"thumbnailUrl":"https:\/\/sales-ai-agents.com\/wp-content\/uploads\/2023\/01\/image-preview121428.png","datePublished":"2022-09-26T12:15:21+00:00","dateModified":"2024-01-02T11:05:16+00:00","description":"Yeni bir \u00fcr\u00fcn piyasaya s\u00fcrerken, t\u00fcm yar\u0131m kalm\u0131\u015f i\u015flerinizi tamamlad\u0131\u011f\u0131n\u0131zdan emin olun. Bu \u00fccretsiz \u015fablon ile bir ad\u0131m\u0131 atlay\u0131p atlamad\u0131\u011f\u0131n\u0131z\u0131 kontrol edin.","inLanguage":"tr","potentialAction":[{"@type":"ReadAction","target":["https:\/\/sales-ai-agents.com\/tr\/templates\/product-launch-checklist\/"]}]},{"@type":"ImageObject","inLanguage":"tr","@id":"https:\/\/sales-ai-agents.com\/tr\/templates\/product-launch-checklist\/#primaryimage","url":"https:\/\/sales-ai-agents.com\/wp-content\/uploads\/2023\/01\/image-preview121428.png","contentUrl":"https:\/\/sales-ai-agents.com\/wp-content\/uploads\/2023\/01\/image-preview121428.png","width":1078,"height":1006},{"@type":"WebSite","@id":"https:\/\/sales-ai-agents.com\/#website","url":"https:\/\/sales-ai-agents.com\/","name":"FuseBase","description":"Sales AI Agents - Free Online Collaboration Software for Remote Teams. Build your wikis, client portals and more with the Nimbus Platform collaboration tool ? A perfect space for online work","publisher":{"@id":"https:\/\/sales-ai-agents.com\/#organization"},"potentialAction":[{"@type":"SearchAction","target":{"@type":"EntryPoint","urlTemplate":"https:\/\/sales-ai-agents.com\/?s={search_term_string}"},"query-input":{"@type":"PropertyValueSpecification","valueRequired":true,"valueName":"search_term_string"}}],"inLanguage":"tr"},{"@type":"Organization","@id":"https:\/\/sales-ai-agents.com\/#organization","name":"FuseBase","url":"https:\/\/sales-ai-agents.com\/","logo":{"@type":"ImageObject","inLanguage":"tr","@id":"https:\/\/sales-ai-agents.com\/#\/schema\/logo\/image\/","url":"https:\/\/sales-ai-agents.com\/wp-content\/uploads\/2023\/11\/icon-7.svg","contentUrl":"https:\/\/sales-ai-agents.com\/wp-content\/uploads\/2023\/11\/icon-7.svg","width":128,"height":128,"caption":"FuseBase"},"image":{"@id":"https:\/\/sales-ai-agents.com\/#\/schema\/logo\/image\/"}}]}},"_links":{"self":[{"href":"https:\/\/sales-ai-agents.com\/tr\/wp-json\/wp\/v2\/product\/57293","targetHints":{"allow":["GET"]}}],"collection":[{"href":"https:\/\/sales-ai-agents.com\/tr\/wp-json\/wp\/v2\/product"}],"about":[{"href":"https:\/\/sales-ai-agents.com\/tr\/wp-json\/wp\/v2\/types\/product"}],"wp:featuredmedia":[{"embeddable":true,"href":"https:\/\/sales-ai-agents.com\/tr\/wp-json\/wp\/v2\/media\/57294"}],"wp:attachment":[{"href":"https:\/\/sales-ai-agents.com\/tr\/wp-json\/wp\/v2\/media?parent=57293"}],"wp:term":[{"taxonomy":"product_brand","embeddable":true,"href":"https:\/\/sales-ai-agents.com\/tr\/wp-json\/wp\/v2\/product_brand?post=57293"},{"taxonomy":"product_cat","embeddable":true,"href":"https:\/\/sales-ai-agents.com\/tr\/wp-json\/wp\/v2\/product_cat?post=57293"},{"taxonomy":"product_tag","embeddable":true,"href":"https:\/\/sales-ai-agents.com\/tr\/wp-json\/wp\/v2\/product_tag?post=57293"}],"curies":[{"name":"wp","href":"https:\/\/api.w.org\/{rel}","templated":true}]}}