{"id":57296,"date":"2022-09-26T12:15:17","date_gmt":"2022-09-26T12:15:17","guid":{"rendered":"https:\/\/sales-ai-agents.com\/templates\/checklist-marketing-plan\/"},"modified":"2023-12-31T17:38:58","modified_gmt":"2023-12-31T17:38:58","slug":"checklist-marketing-plan","status":"publish","type":"product","link":"https:\/\/sales-ai-agents.com\/tr\/templates\/checklist-marketing-plan\/","title":{"rendered":"Kontrol Listesi Pazarlama Plan\u0131"},"content":{"rendered":"<p>&nbsp;<\/p>\n<h2>Kontrol Listesi Pazarlama Plan\u0131 \u015eablonu<\/h2>\n<p class=\"desc-text\">Bir pazarlama plan\u0131 ile pazar\u0131n\u0131z\u0131, m\u00fc\u015fteri de\u011ferlerinizi ve rakiplerinizi tan\u0131mlayabilirsiniz. Kapsaml\u0131 ve etkili bir plan, kampanyalar\u0131n\u0131z i\u00e7in do\u011fru eylemleri olu\u015fturman\u0131za yard\u0131mc\u0131 olabilir. Bu \u015fablon, stratejinizin \u00f6nemli y\u00f6nlerini i\u00e7eren bir kontrol listesi olu\u015fturman\u0131za olanak tan\u0131r. Pazarlama kanallar\u0131n\u0131, t\u00fcketici ki\u015filiklerini ve potansiyel sorunlar\u0131 takip edin.<\/p>\n<h5>Nas\u0131l kullan\u0131l\u0131r?<\/h5>\n<ul class=\"desc-item_list\">\n<li class=\"desc-item_list__point\">Pazarlama kanallar\u0131n\u0131 listeleyin<\/li>\n<li class=\"desc-item_list__point\">Kurulu\u015funuzun vizyon ve de\u011ferlerini ekleyin<\/li>\n<li class=\"desc-item_list__point\">Hedef t\u00fcketiciler hakk\u0131nda bilgi ekleyin<\/li>\n<li class=\"desc-item_list__point\">Kullan\u0131\u015fl\u0131 bir yap\u0131lacaklar listesi olu\u015fturun<\/li>\n<\/ul>\n","protected":false},"excerpt":{"rendered":"<p>Bir pazarlama plan\u0131 ile pazar\u0131n\u0131z\u0131, m\u00fc\u015fteri de\u011ferlerinizi ve rakiplerinizi tan\u0131mlayabilirsiniz. Etkili bir plan, kampanyalar\u0131n\u0131z i\u00e7in do\u011fru eylemleri belirlemenize yard\u0131mc\u0131 olabilir.<\/p>\n","protected":false},"featured_media":57297,"template":"","meta":{"_acf_changed":false,"inline_featured_image":false},"product_brand":[],"product_cat":[250,262],"product_tag":[232],"class_list":{"0":"post-57296","1":"product","2":"type-product","3":"status-publish","4":"has-post-thumbnail","6":"product_cat-marketing","7":"product_cat-marketing-strategy","8":"product_tag-hit","10":"first","11":"instock","12":"virtual","13":"sold-individually","14":"product-type-simple"},"acf":[],"yoast_head":"<!-- This site is optimized with the Yoast SEO plugin v25.3.1 - https:\/\/yoast.com\/wordpress\/plugins\/seo\/ -->\n<title>Kontrol Listesi Pazarlama Plan\u0131 \u015eablonu - Sales AI Agents<\/title>\n<meta name=\"description\" content=\"Bir pazarlama plan\u0131 ile pazar\u0131n\u0131z\u0131, m\u00fc\u015fteri de\u011ferlerinizi ve rakiplerinizi tan\u0131mlayabilirsiniz. Etkili bir plan, do\u011fru eylemler konusunda size yard\u0131mc\u0131 olabilir.\" \/>\n<meta name=\"robots\" content=\"index, follow, max-snippet:-1, max-image-preview:large, max-video-preview:-1\" \/>\n<link rel=\"canonical\" href=\"https:\/\/sales-ai-agents.com\/tr\/templates\/checklist-marketing-plan\/\" \/>\n<meta property=\"og:locale\" content=\"tr_TR\" \/>\n<meta property=\"og:type\" content=\"article\" \/>\n<meta property=\"og:title\" content=\"Kontrol Listesi Pazarlama Plan\u0131 \u015eablonu - Sales AI Agents\" \/>\n<meta property=\"og:description\" content=\"Bir pazarlama plan\u0131 ile pazar\u0131n\u0131z\u0131, m\u00fc\u015fteri de\u011ferlerinizi ve rakiplerinizi tan\u0131mlayabilirsiniz. Etkili bir plan, do\u011fru eylemler konusunda size yard\u0131mc\u0131 olabilir.\" \/>\n<meta property=\"og:url\" content=\"https:\/\/sales-ai-agents.com\/tr\/templates\/checklist-marketing-plan\/\" \/>\n<meta property=\"og:site_name\" content=\"Sales AI Agents\" \/>\n<meta property=\"article:modified_time\" content=\"2023-12-31T17:38:58+00:00\" \/>\n<meta property=\"og:image\" content=\"https:\/\/sales-ai-agents.com\/wp-content\/uploads\/2022\/09\/Checklist-Marketing-Plan-Template.png\" \/>\n\t<meta property=\"og:image:width\" content=\"1700\" \/>\n\t<meta property=\"og:image:height\" content=\"1100\" \/>\n\t<meta property=\"og:image:type\" content=\"image\/png\" \/>\n<meta name=\"twitter:card\" content=\"summary_large_image\" \/>\n<script type=\"application\/ld+json\" class=\"yoast-schema-graph\">{\"@context\":\"https:\/\/schema.org\",\"@graph\":[{\"@type\":\"WebPage\",\"@id\":\"https:\/\/sales-ai-agents.com\/tr\/templates\/checklist-marketing-plan\/\",\"url\":\"https:\/\/sales-ai-agents.com\/tr\/templates\/checklist-marketing-plan\/\",\"name\":\"Kontrol Listesi Pazarlama Plan\u0131 \u015eablonu - Sales AI Agents\",\"isPartOf\":{\"@id\":\"https:\/\/sales-ai-agents.com\/#website\"},\"primaryImageOfPage\":{\"@id\":\"https:\/\/sales-ai-agents.com\/tr\/templates\/checklist-marketing-plan\/#primaryimage\"},\"image\":{\"@id\":\"https:\/\/sales-ai-agents.com\/tr\/templates\/checklist-marketing-plan\/#primaryimage\"},\"thumbnailUrl\":\"https:\/\/sales-ai-agents.com\/wp-content\/uploads\/2022\/09\/Checklist-Marketing-Plan-Template.png\",\"datePublished\":\"2022-09-26T12:15:17+00:00\",\"dateModified\":\"2023-12-31T17:38:58+00:00\",\"description\":\"Bir pazarlama plan\u0131 ile pazar\u0131n\u0131z\u0131, m\u00fc\u015fteri de\u011ferlerinizi ve rakiplerinizi tan\u0131mlayabilirsiniz. Etkili bir plan, do\u011fru eylemler konusunda size yard\u0131mc\u0131 olabilir.\",\"inLanguage\":\"tr\",\"potentialAction\":[{\"@type\":\"ReadAction\",\"target\":[\"https:\/\/sales-ai-agents.com\/tr\/templates\/checklist-marketing-plan\/\"]}]},{\"@type\":\"ImageObject\",\"inLanguage\":\"tr\",\"@id\":\"https:\/\/sales-ai-agents.com\/tr\/templates\/checklist-marketing-plan\/#primaryimage\",\"url\":\"https:\/\/sales-ai-agents.com\/wp-content\/uploads\/2022\/09\/Checklist-Marketing-Plan-Template.png\",\"contentUrl\":\"https:\/\/sales-ai-agents.com\/wp-content\/uploads\/2022\/09\/Checklist-Marketing-Plan-Template.png\",\"width\":1700,\"height\":1100},{\"@type\":\"WebSite\",\"@id\":\"https:\/\/sales-ai-agents.com\/#website\",\"url\":\"https:\/\/sales-ai-agents.com\/\",\"name\":\"FuseBase\",\"description\":\"Sales AI Agents - Free Online Collaboration Software for Remote Teams. Build your wikis, client portals and more with the Nimbus Platform collaboration tool ? A perfect space for online work\",\"publisher\":{\"@id\":\"https:\/\/sales-ai-agents.com\/#organization\"},\"potentialAction\":[{\"@type\":\"SearchAction\",\"target\":{\"@type\":\"EntryPoint\",\"urlTemplate\":\"https:\/\/sales-ai-agents.com\/?s={search_term_string}\"},\"query-input\":{\"@type\":\"PropertyValueSpecification\",\"valueRequired\":true,\"valueName\":\"search_term_string\"}}],\"inLanguage\":\"tr\"},{\"@type\":\"Organization\",\"@id\":\"https:\/\/sales-ai-agents.com\/#organization\",\"name\":\"FuseBase\",\"url\":\"https:\/\/sales-ai-agents.com\/\",\"logo\":{\"@type\":\"ImageObject\",\"inLanguage\":\"tr\",\"@id\":\"https:\/\/sales-ai-agents.com\/#\/schema\/logo\/image\/\",\"url\":\"https:\/\/sales-ai-agents.com\/wp-content\/uploads\/2023\/11\/icon-7.svg\",\"contentUrl\":\"https:\/\/sales-ai-agents.com\/wp-content\/uploads\/2023\/11\/icon-7.svg\",\"width\":128,\"height\":128,\"caption\":\"FuseBase\"},\"image\":{\"@id\":\"https:\/\/sales-ai-agents.com\/#\/schema\/logo\/image\/\"}}]}<\/script>\n<!-- \/ Yoast SEO plugin. -->","yoast_head_json":{"title":"Kontrol Listesi Pazarlama Plan\u0131 \u015eablonu - Sales AI Agents","description":"Bir pazarlama plan\u0131 ile pazar\u0131n\u0131z\u0131, m\u00fc\u015fteri de\u011ferlerinizi ve rakiplerinizi tan\u0131mlayabilirsiniz. Etkili bir plan, do\u011fru eylemler konusunda size yard\u0131mc\u0131 olabilir.","robots":{"index":"index","follow":"follow","max-snippet":"max-snippet:-1","max-image-preview":"max-image-preview:large","max-video-preview":"max-video-preview:-1"},"canonical":"https:\/\/sales-ai-agents.com\/tr\/templates\/checklist-marketing-plan\/","og_locale":"tr_TR","og_type":"article","og_title":"Kontrol Listesi Pazarlama Plan\u0131 \u015eablonu - Sales AI Agents","og_description":"Bir pazarlama plan\u0131 ile pazar\u0131n\u0131z\u0131, m\u00fc\u015fteri de\u011ferlerinizi ve rakiplerinizi tan\u0131mlayabilirsiniz. Etkili bir plan, do\u011fru eylemler konusunda size yard\u0131mc\u0131 olabilir.","og_url":"https:\/\/sales-ai-agents.com\/tr\/templates\/checklist-marketing-plan\/","og_site_name":"Sales AI Agents","article_modified_time":"2023-12-31T17:38:58+00:00","og_image":[{"width":1700,"height":1100,"url":"https:\/\/sales-ai-agents.com\/wp-content\/uploads\/2022\/09\/Checklist-Marketing-Plan-Template.png","type":"image\/png"}],"twitter_card":"summary_large_image","schema":{"@context":"https:\/\/schema.org","@graph":[{"@type":"WebPage","@id":"https:\/\/sales-ai-agents.com\/tr\/templates\/checklist-marketing-plan\/","url":"https:\/\/sales-ai-agents.com\/tr\/templates\/checklist-marketing-plan\/","name":"Kontrol Listesi Pazarlama Plan\u0131 \u015eablonu - Sales AI Agents","isPartOf":{"@id":"https:\/\/sales-ai-agents.com\/#website"},"primaryImageOfPage":{"@id":"https:\/\/sales-ai-agents.com\/tr\/templates\/checklist-marketing-plan\/#primaryimage"},"image":{"@id":"https:\/\/sales-ai-agents.com\/tr\/templates\/checklist-marketing-plan\/#primaryimage"},"thumbnailUrl":"https:\/\/sales-ai-agents.com\/wp-content\/uploads\/2022\/09\/Checklist-Marketing-Plan-Template.png","datePublished":"2022-09-26T12:15:17+00:00","dateModified":"2023-12-31T17:38:58+00:00","description":"Bir pazarlama plan\u0131 ile pazar\u0131n\u0131z\u0131, m\u00fc\u015fteri de\u011ferlerinizi ve rakiplerinizi tan\u0131mlayabilirsiniz. Etkili bir plan, do\u011fru eylemler konusunda size yard\u0131mc\u0131 olabilir.","inLanguage":"tr","potentialAction":[{"@type":"ReadAction","target":["https:\/\/sales-ai-agents.com\/tr\/templates\/checklist-marketing-plan\/"]}]},{"@type":"ImageObject","inLanguage":"tr","@id":"https:\/\/sales-ai-agents.com\/tr\/templates\/checklist-marketing-plan\/#primaryimage","url":"https:\/\/sales-ai-agents.com\/wp-content\/uploads\/2022\/09\/Checklist-Marketing-Plan-Template.png","contentUrl":"https:\/\/sales-ai-agents.com\/wp-content\/uploads\/2022\/09\/Checklist-Marketing-Plan-Template.png","width":1700,"height":1100},{"@type":"WebSite","@id":"https:\/\/sales-ai-agents.com\/#website","url":"https:\/\/sales-ai-agents.com\/","name":"FuseBase","description":"Sales AI Agents - Free Online Collaboration Software for Remote Teams. Build your wikis, client portals and more with the Nimbus Platform collaboration tool ? A perfect space for online work","publisher":{"@id":"https:\/\/sales-ai-agents.com\/#organization"},"potentialAction":[{"@type":"SearchAction","target":{"@type":"EntryPoint","urlTemplate":"https:\/\/sales-ai-agents.com\/?s={search_term_string}"},"query-input":{"@type":"PropertyValueSpecification","valueRequired":true,"valueName":"search_term_string"}}],"inLanguage":"tr"},{"@type":"Organization","@id":"https:\/\/sales-ai-agents.com\/#organization","name":"FuseBase","url":"https:\/\/sales-ai-agents.com\/","logo":{"@type":"ImageObject","inLanguage":"tr","@id":"https:\/\/sales-ai-agents.com\/#\/schema\/logo\/image\/","url":"https:\/\/sales-ai-agents.com\/wp-content\/uploads\/2023\/11\/icon-7.svg","contentUrl":"https:\/\/sales-ai-agents.com\/wp-content\/uploads\/2023\/11\/icon-7.svg","width":128,"height":128,"caption":"FuseBase"},"image":{"@id":"https:\/\/sales-ai-agents.com\/#\/schema\/logo\/image\/"}}]}},"_links":{"self":[{"href":"https:\/\/sales-ai-agents.com\/tr\/wp-json\/wp\/v2\/product\/57296","targetHints":{"allow":["GET"]}}],"collection":[{"href":"https:\/\/sales-ai-agents.com\/tr\/wp-json\/wp\/v2\/product"}],"about":[{"href":"https:\/\/sales-ai-agents.com\/tr\/wp-json\/wp\/v2\/types\/product"}],"wp:featuredmedia":[{"embeddable":true,"href":"https:\/\/sales-ai-agents.com\/tr\/wp-json\/wp\/v2\/media\/57297"}],"wp:attachment":[{"href":"https:\/\/sales-ai-agents.com\/tr\/wp-json\/wp\/v2\/media?parent=57296"}],"wp:term":[{"taxonomy":"product_brand","embeddable":true,"href":"https:\/\/sales-ai-agents.com\/tr\/wp-json\/wp\/v2\/product_brand?post=57296"},{"taxonomy":"product_cat","embeddable":true,"href":"https:\/\/sales-ai-agents.com\/tr\/wp-json\/wp\/v2\/product_cat?post=57296"},{"taxonomy":"product_tag","embeddable":true,"href":"https:\/\/sales-ai-agents.com\/tr\/wp-json\/wp\/v2\/product_tag?post=57296"}],"curies":[{"name":"wp","href":"https:\/\/api.w.org\/{rel}","templated":true}]}}