{"id":57305,"date":"2022-09-26T12:14:38","date_gmt":"2022-09-26T12:14:38","guid":{"rendered":"https:\/\/sales-ai-agents.com\/templates\/invoice\/"},"modified":"2024-01-02T12:57:36","modified_gmt":"2024-01-02T12:57:36","slug":"invoice","status":"publish","type":"product","link":"https:\/\/sales-ai-agents.com\/tr\/templates\/invoice\/","title":{"rendered":"Fatura"},"content":{"rendered":"<p>&nbsp;<\/p>\n<h2>Fatura \u015eablonu<\/h2>\n<p class=\"desc-text\">Faturalar i\u015f yapman\u0131n \u00f6nemli bir par\u00e7as\u0131d\u0131r. M\u00fc\u015fterilerinize ne kadar \u00f6demeleri gerekti\u011fini ve ne i\u00e7in \u00fccretlendirildiklerini s\u00f6ylemeniz gerekir. Nimbus Note fatura \u015fablonu ile fatura olu\u015fturmak i\u00e7in daha az, i\u015f yapmak i\u00e7in daha fazla zaman harcay\u0131n.<\/p>\n<h5>Nas\u0131l kullan\u0131l\u0131r?<\/h5>\n<ul class=\"desc-item_list\">\n<li class=\"desc-item_list__point\">\u015eirket ad\u0131n\u0131 ve bilgilerini ekleyin<\/li>\n<li class=\"desc-item_list__point\">\u00dccretlendirdi\u011finiz mal veya hizmetlerin bir tan\u0131m\u0131n\u0131 yaz\u0131n<\/li>\n<li class=\"desc-item_list__point\">\u00d6denecek toplam tutar\u0131 belirtiniz<\/li>\n<li class=\"desc-item_list__point\">\u00d6deme ko\u015fullar\u0131ndan bahsedin<\/li>\n<li class=\"desc-item_list__point\">M\u00fc\u015fterilerinizle kolayca payla\u015f\u0131n veya PDF olarak d\u0131\u015fa aktar\u0131n<\/li>\n<\/ul>\n","protected":false},"excerpt":{"rendered":"<p>Fatura \u015fablonu ile fatura olu\u015fturmak i\u00e7in daha az, i\u015f yapmak i\u00e7in daha \u00e7ok zaman harcay\u0131n. M\u00fc\u015fterilerinize ne kadar ve ne i\u00e7in \u00f6deme yapmalar\u0131 gerekti\u011fini s\u00f6yleyin.<\/p>\n","protected":false},"featured_media":57306,"template":"","meta":{"_acf_changed":false,"inline_featured_image":false},"product_brand":[],"product_cat":[273,270],"product_tag":[],"class_list":{"0":"post-57305","1":"product","2":"type-product","3":"status-publish","4":"has-post-thumbnail","6":"product_cat-personal-money","7":"product_cat-sales-management","9":"first","10":"instock","11":"virtual","12":"sold-individually","13":"product-type-simple"},"acf":[],"yoast_head":"<!-- This site is optimized with the Yoast SEO plugin v25.3.1 - https:\/\/yoast.com\/wordpress\/plugins\/seo\/ -->\n<title>Fatura \u015eablonu - Sales AI Agents<\/title>\n<meta name=\"description\" content=\"Fatura \u015fablonu ile fatura olu\u015fturmak i\u00e7in daha az, i\u015f yapmak i\u00e7in daha \u00e7ok zaman harcay\u0131n. M\u00fc\u015fterilerinize ne kadar ve ne i\u00e7in \u00f6deme yapmalar\u0131 gerekti\u011fini s\u00f6yleyin.\" \/>\n<meta name=\"robots\" content=\"index, follow, max-snippet:-1, max-image-preview:large, max-video-preview:-1\" \/>\n<link rel=\"canonical\" href=\"https:\/\/sales-ai-agents.com\/tr\/templates\/invoice\/\" \/>\n<meta property=\"og:locale\" content=\"tr_TR\" \/>\n<meta property=\"og:type\" content=\"article\" \/>\n<meta property=\"og:title\" content=\"Fatura \u015eablonu - Sales AI Agents\" \/>\n<meta property=\"og:description\" content=\"Fatura \u015fablonu ile fatura olu\u015fturmak i\u00e7in daha az, i\u015f yapmak i\u00e7in daha \u00e7ok zaman harcay\u0131n. M\u00fc\u015fterilerinize ne kadar ve ne i\u00e7in \u00f6deme yapmalar\u0131 gerekti\u011fini s\u00f6yleyin.\" \/>\n<meta property=\"og:url\" content=\"https:\/\/sales-ai-agents.com\/tr\/templates\/invoice\/\" \/>\n<meta property=\"og:site_name\" content=\"Sales AI Agents\" \/>\n<meta property=\"article:modified_time\" content=\"2024-01-02T12:57:36+00:00\" \/>\n<meta property=\"og:image\" content=\"https:\/\/sales-ai-agents.com\/wp-content\/uploads\/2022\/09\/Invoice-Template.png\" \/>\n\t<meta property=\"og:image:width\" content=\"1700\" \/>\n\t<meta property=\"og:image:height\" content=\"1100\" \/>\n\t<meta property=\"og:image:type\" content=\"image\/png\" \/>\n<meta name=\"twitter:card\" content=\"summary_large_image\" \/>\n<script type=\"application\/ld+json\" class=\"yoast-schema-graph\">{\"@context\":\"https:\/\/schema.org\",\"@graph\":[{\"@type\":\"WebPage\",\"@id\":\"https:\/\/sales-ai-agents.com\/tr\/templates\/invoice\/\",\"url\":\"https:\/\/sales-ai-agents.com\/tr\/templates\/invoice\/\",\"name\":\"Fatura \u015eablonu - Sales AI Agents\",\"isPartOf\":{\"@id\":\"https:\/\/sales-ai-agents.com\/#website\"},\"primaryImageOfPage\":{\"@id\":\"https:\/\/sales-ai-agents.com\/tr\/templates\/invoice\/#primaryimage\"},\"image\":{\"@id\":\"https:\/\/sales-ai-agents.com\/tr\/templates\/invoice\/#primaryimage\"},\"thumbnailUrl\":\"https:\/\/sales-ai-agents.com\/wp-content\/uploads\/2022\/09\/Invoice-Template.png\",\"datePublished\":\"2022-09-26T12:14:38+00:00\",\"dateModified\":\"2024-01-02T12:57:36+00:00\",\"description\":\"Fatura \u015fablonu ile fatura olu\u015fturmak i\u00e7in daha az, i\u015f yapmak i\u00e7in daha \u00e7ok zaman harcay\u0131n. M\u00fc\u015fterilerinize ne kadar ve ne i\u00e7in \u00f6deme yapmalar\u0131 gerekti\u011fini s\u00f6yleyin.\",\"inLanguage\":\"tr\",\"potentialAction\":[{\"@type\":\"ReadAction\",\"target\":[\"https:\/\/sales-ai-agents.com\/tr\/templates\/invoice\/\"]}]},{\"@type\":\"ImageObject\",\"inLanguage\":\"tr\",\"@id\":\"https:\/\/sales-ai-agents.com\/tr\/templates\/invoice\/#primaryimage\",\"url\":\"https:\/\/sales-ai-agents.com\/wp-content\/uploads\/2022\/09\/Invoice-Template.png\",\"contentUrl\":\"https:\/\/sales-ai-agents.com\/wp-content\/uploads\/2022\/09\/Invoice-Template.png\",\"width\":1700,\"height\":1100},{\"@type\":\"WebSite\",\"@id\":\"https:\/\/sales-ai-agents.com\/#website\",\"url\":\"https:\/\/sales-ai-agents.com\/\",\"name\":\"FuseBase\",\"description\":\"Sales AI Agents - Free Online Collaboration Software for Remote Teams. Build your wikis, client portals and more with the Nimbus Platform collaboration tool ? A perfect space for online work\",\"publisher\":{\"@id\":\"https:\/\/sales-ai-agents.com\/#organization\"},\"potentialAction\":[{\"@type\":\"SearchAction\",\"target\":{\"@type\":\"EntryPoint\",\"urlTemplate\":\"https:\/\/sales-ai-agents.com\/?s={search_term_string}\"},\"query-input\":{\"@type\":\"PropertyValueSpecification\",\"valueRequired\":true,\"valueName\":\"search_term_string\"}}],\"inLanguage\":\"tr\"},{\"@type\":\"Organization\",\"@id\":\"https:\/\/sales-ai-agents.com\/#organization\",\"name\":\"FuseBase\",\"url\":\"https:\/\/sales-ai-agents.com\/\",\"logo\":{\"@type\":\"ImageObject\",\"inLanguage\":\"tr\",\"@id\":\"https:\/\/sales-ai-agents.com\/#\/schema\/logo\/image\/\",\"url\":\"https:\/\/sales-ai-agents.com\/wp-content\/uploads\/2023\/11\/icon-7.svg\",\"contentUrl\":\"https:\/\/sales-ai-agents.com\/wp-content\/uploads\/2023\/11\/icon-7.svg\",\"width\":128,\"height\":128,\"caption\":\"FuseBase\"},\"image\":{\"@id\":\"https:\/\/sales-ai-agents.com\/#\/schema\/logo\/image\/\"}}]}<\/script>\n<!-- \/ Yoast SEO plugin. -->","yoast_head_json":{"title":"Fatura \u015eablonu - Sales AI Agents","description":"Fatura \u015fablonu ile fatura olu\u015fturmak i\u00e7in daha az, i\u015f yapmak i\u00e7in daha \u00e7ok zaman harcay\u0131n. M\u00fc\u015fterilerinize ne kadar ve ne i\u00e7in \u00f6deme yapmalar\u0131 gerekti\u011fini s\u00f6yleyin.","robots":{"index":"index","follow":"follow","max-snippet":"max-snippet:-1","max-image-preview":"max-image-preview:large","max-video-preview":"max-video-preview:-1"},"canonical":"https:\/\/sales-ai-agents.com\/tr\/templates\/invoice\/","og_locale":"tr_TR","og_type":"article","og_title":"Fatura \u015eablonu - Sales AI Agents","og_description":"Fatura \u015fablonu ile fatura olu\u015fturmak i\u00e7in daha az, i\u015f yapmak i\u00e7in daha \u00e7ok zaman harcay\u0131n. M\u00fc\u015fterilerinize ne kadar ve ne i\u00e7in \u00f6deme yapmalar\u0131 gerekti\u011fini s\u00f6yleyin.","og_url":"https:\/\/sales-ai-agents.com\/tr\/templates\/invoice\/","og_site_name":"Sales AI Agents","article_modified_time":"2024-01-02T12:57:36+00:00","og_image":[{"width":1700,"height":1100,"url":"https:\/\/sales-ai-agents.com\/wp-content\/uploads\/2022\/09\/Invoice-Template.png","type":"image\/png"}],"twitter_card":"summary_large_image","schema":{"@context":"https:\/\/schema.org","@graph":[{"@type":"WebPage","@id":"https:\/\/sales-ai-agents.com\/tr\/templates\/invoice\/","url":"https:\/\/sales-ai-agents.com\/tr\/templates\/invoice\/","name":"Fatura \u015eablonu - Sales AI Agents","isPartOf":{"@id":"https:\/\/sales-ai-agents.com\/#website"},"primaryImageOfPage":{"@id":"https:\/\/sales-ai-agents.com\/tr\/templates\/invoice\/#primaryimage"},"image":{"@id":"https:\/\/sales-ai-agents.com\/tr\/templates\/invoice\/#primaryimage"},"thumbnailUrl":"https:\/\/sales-ai-agents.com\/wp-content\/uploads\/2022\/09\/Invoice-Template.png","datePublished":"2022-09-26T12:14:38+00:00","dateModified":"2024-01-02T12:57:36+00:00","description":"Fatura \u015fablonu ile fatura olu\u015fturmak i\u00e7in daha az, i\u015f yapmak i\u00e7in daha \u00e7ok zaman harcay\u0131n. M\u00fc\u015fterilerinize ne kadar ve ne i\u00e7in \u00f6deme yapmalar\u0131 gerekti\u011fini s\u00f6yleyin.","inLanguage":"tr","potentialAction":[{"@type":"ReadAction","target":["https:\/\/sales-ai-agents.com\/tr\/templates\/invoice\/"]}]},{"@type":"ImageObject","inLanguage":"tr","@id":"https:\/\/sales-ai-agents.com\/tr\/templates\/invoice\/#primaryimage","url":"https:\/\/sales-ai-agents.com\/wp-content\/uploads\/2022\/09\/Invoice-Template.png","contentUrl":"https:\/\/sales-ai-agents.com\/wp-content\/uploads\/2022\/09\/Invoice-Template.png","width":1700,"height":1100},{"@type":"WebSite","@id":"https:\/\/sales-ai-agents.com\/#website","url":"https:\/\/sales-ai-agents.com\/","name":"FuseBase","description":"Sales AI Agents - Free Online Collaboration Software for Remote Teams. Build your wikis, client portals and more with the Nimbus Platform collaboration tool ? A perfect space for online work","publisher":{"@id":"https:\/\/sales-ai-agents.com\/#organization"},"potentialAction":[{"@type":"SearchAction","target":{"@type":"EntryPoint","urlTemplate":"https:\/\/sales-ai-agents.com\/?s={search_term_string}"},"query-input":{"@type":"PropertyValueSpecification","valueRequired":true,"valueName":"search_term_string"}}],"inLanguage":"tr"},{"@type":"Organization","@id":"https:\/\/sales-ai-agents.com\/#organization","name":"FuseBase","url":"https:\/\/sales-ai-agents.com\/","logo":{"@type":"ImageObject","inLanguage":"tr","@id":"https:\/\/sales-ai-agents.com\/#\/schema\/logo\/image\/","url":"https:\/\/sales-ai-agents.com\/wp-content\/uploads\/2023\/11\/icon-7.svg","contentUrl":"https:\/\/sales-ai-agents.com\/wp-content\/uploads\/2023\/11\/icon-7.svg","width":128,"height":128,"caption":"FuseBase"},"image":{"@id":"https:\/\/sales-ai-agents.com\/#\/schema\/logo\/image\/"}}]}},"_links":{"self":[{"href":"https:\/\/sales-ai-agents.com\/tr\/wp-json\/wp\/v2\/product\/57305","targetHints":{"allow":["GET"]}}],"collection":[{"href":"https:\/\/sales-ai-agents.com\/tr\/wp-json\/wp\/v2\/product"}],"about":[{"href":"https:\/\/sales-ai-agents.com\/tr\/wp-json\/wp\/v2\/types\/product"}],"wp:featuredmedia":[{"embeddable":true,"href":"https:\/\/sales-ai-agents.com\/tr\/wp-json\/wp\/v2\/media\/57306"}],"wp:attachment":[{"href":"https:\/\/sales-ai-agents.com\/tr\/wp-json\/wp\/v2\/media?parent=57305"}],"wp:term":[{"taxonomy":"product_brand","embeddable":true,"href":"https:\/\/sales-ai-agents.com\/tr\/wp-json\/wp\/v2\/product_brand?post=57305"},{"taxonomy":"product_cat","embeddable":true,"href":"https:\/\/sales-ai-agents.com\/tr\/wp-json\/wp\/v2\/product_cat?post=57305"},{"taxonomy":"product_tag","embeddable":true,"href":"https:\/\/sales-ai-agents.com\/tr\/wp-json\/wp\/v2\/product_tag?post=57305"}],"curies":[{"name":"wp","href":"https:\/\/api.w.org\/{rel}","templated":true}]}}