{"id":57310,"date":"2022-09-26T12:14:35","date_gmt":"2022-09-26T12:14:35","guid":{"rendered":"https:\/\/sales-ai-agents.com\/templates\/project-timeline-gantt-diagram\/"},"modified":"2023-12-31T17:55:18","modified_gmt":"2023-12-31T17:55:18","slug":"project-timeline-gantt-diagram","status":"publish","type":"product","link":"https:\/\/sales-ai-agents.com\/tr\/templates\/project-timeline-gantt-diagram\/","title":{"rendered":"Proje Zaman \u00c7izelgesi (Gantt Diyagram\u0131)"},"content":{"rendered":"<p>&nbsp;<\/p>\n<h2>Proje Zaman \u00c7izelgesi (Gantt Diyagram\u0131) \u015eablonu<\/h2>\n<p class=\"desc-text\">Bu Gantt \u015femas\u0131 \u015fablonuyla ilerlemenizi takip etmek i\u00e7in bir proje zaman \u00e7izelgesi olu\u015fturun. Bu proje zaman \u00e7izelgesi (Gantt \u015femas\u0131) proje faaliyetlerini planlaman\u0131za, izlemenize ve senkronize etmenize yard\u0131mc\u0131 olur. Uzun s\u00fcredir kullan\u0131lan Gantt \u015femas\u0131 modelini temel alan bu \u015fablon, projenin zaman i\u00e7inde nas\u0131l y\u00f6netilece\u011fini ve \u015fu anda hangi a\u015famada oldu\u011funu g\u00f6sterir. B\u00fcy\u00fck ve k\u00fc\u00e7\u00fck, k\u0131sa veya uzun vadeli projeler \u00fczerinde \u00e7al\u0131\u015f\u0131r.<\/p>\n<h5>Nas\u0131l kullan\u0131l\u0131r?<\/h5>\n<ul class=\"desc-item_list\">\n<li class=\"desc-item_list__point\">Projenizdeki a\u015fama say\u0131s\u0131na g\u00f6re sat\u0131r ekleyin.<\/li>\n<li class=\"desc-item_list__point\">Her a\u015famay\u0131 bir \u00e7al\u0131\u015fma alan\u0131 \u00fcyesine atay\u0131n.<\/li>\n<li class=\"desc-item_list__point\">Projenizdeki d\u00f6nem say\u0131s\u0131na g\u00f6re s\u00fctunlar ekleyin.<\/li>\n<li class=\"desc-item_list__point\">A\u015fama birka\u00e7 d\u00f6nem i\u00e7in ge\u00e7erliyse sat\u0131rlardaki s\u00fctunlar\u0131 birle\u015ftirin.<\/li>\n<li class=\"desc-item_list__point\">\u0130lerleme s\u00fctun t\u00fcr\u00fcn\u00fc de\u011fi\u015ftirin ve a\u015fama tamamlanma y\u00fczdesini ayarlay\u0131n.<\/li>\n<\/ul>\n","protected":false},"excerpt":{"rendered":"<p>Bu Gantt \u015femas\u0131 \u015fablonuyla ilerlemenizi takip etmek i\u00e7in bir proje zaman \u00e7izelgesi olu\u015fturun. Bu proje zaman \u00e7izelgesi (Gantt \u015femas\u0131) faaliyetlerin planlanmas\u0131na, izlenmesine ve senkronize edilmesine yard\u0131mc\u0131 olur.<\/p>\n","protected":false},"featured_media":57311,"template":"","meta":{"_acf_changed":false,"inline_featured_image":false},"product_brand":[],"product_cat":[217,231],"product_tag":[],"class_list":{"0":"post-57310","1":"product","2":"type-product","3":"status-publish","4":"has-post-thumbnail","6":"product_cat-entrepreneur","7":"product_cat-project-management","9":"first","10":"instock","11":"virtual","12":"sold-individually","13":"product-type-simple"},"acf":[],"yoast_head":"<!-- This site is optimized with the Yoast SEO plugin v25.3.1 - https:\/\/yoast.com\/wordpress\/plugins\/seo\/ -->\n<title>Proje zaman \u00e7izelgesi (Gantt diyagram\u0131) \u015eablonu - Sales AI Agents<\/title>\n<meta name=\"description\" content=\"Bu Gantt \u015femas\u0131 \u015fablonuyla ilerlemenizi takip etmek i\u00e7in bir proje zaman \u00e7izelgesi olu\u015fturun. Bu proje zaman \u00e7izelgesi (Gantt \u015femas\u0131) faaliyetleri planlamaya, izlemeye ve senkronize etmeye yard\u0131mc\u0131 olur!\" \/>\n<meta name=\"robots\" content=\"index, follow, max-snippet:-1, max-image-preview:large, max-video-preview:-1\" \/>\n<link rel=\"canonical\" href=\"https:\/\/sales-ai-agents.com\/tr\/templates\/project-timeline-gantt-diagram\/\" \/>\n<meta property=\"og:locale\" content=\"tr_TR\" \/>\n<meta property=\"og:type\" content=\"article\" \/>\n<meta property=\"og:title\" content=\"Proje zaman \u00e7izelgesi (Gantt diyagram\u0131) \u015eablonu - Sales AI Agents\" \/>\n<meta property=\"og:description\" content=\"Bu Gantt \u015femas\u0131 \u015fablonuyla ilerlemenizi takip etmek i\u00e7in bir proje zaman \u00e7izelgesi olu\u015fturun. Bu proje zaman \u00e7izelgesi (Gantt \u015femas\u0131) faaliyetleri planlamaya, izlemeye ve senkronize etmeye yard\u0131mc\u0131 olur!\" \/>\n<meta property=\"og:url\" content=\"https:\/\/sales-ai-agents.com\/tr\/templates\/project-timeline-gantt-diagram\/\" \/>\n<meta property=\"og:site_name\" content=\"Sales AI Agents\" \/>\n<meta property=\"article:modified_time\" content=\"2023-12-31T17:55:18+00:00\" \/>\n<meta property=\"og:image\" content=\"https:\/\/sales-ai-agents.com\/wp-content\/uploads\/2022\/09\/Project-Timeline-Gantt-diagram-Template.png\" \/>\n\t<meta property=\"og:image:width\" content=\"1700\" \/>\n\t<meta property=\"og:image:height\" content=\"1100\" \/>\n\t<meta property=\"og:image:type\" content=\"image\/png\" \/>\n<meta name=\"twitter:card\" content=\"summary_large_image\" \/>\n<script type=\"application\/ld+json\" class=\"yoast-schema-graph\">{\"@context\":\"https:\/\/schema.org\",\"@graph\":[{\"@type\":\"WebPage\",\"@id\":\"https:\/\/sales-ai-agents.com\/tr\/templates\/project-timeline-gantt-diagram\/\",\"url\":\"https:\/\/sales-ai-agents.com\/tr\/templates\/project-timeline-gantt-diagram\/\",\"name\":\"Proje zaman \u00e7izelgesi (Gantt diyagram\u0131) \u015eablonu - Sales AI Agents\",\"isPartOf\":{\"@id\":\"https:\/\/sales-ai-agents.com\/#website\"},\"primaryImageOfPage\":{\"@id\":\"https:\/\/sales-ai-agents.com\/tr\/templates\/project-timeline-gantt-diagram\/#primaryimage\"},\"image\":{\"@id\":\"https:\/\/sales-ai-agents.com\/tr\/templates\/project-timeline-gantt-diagram\/#primaryimage\"},\"thumbnailUrl\":\"https:\/\/sales-ai-agents.com\/wp-content\/uploads\/2022\/09\/Project-Timeline-Gantt-diagram-Template.png\",\"datePublished\":\"2022-09-26T12:14:35+00:00\",\"dateModified\":\"2023-12-31T17:55:18+00:00\",\"description\":\"Bu Gantt \u015femas\u0131 \u015fablonuyla ilerlemenizi takip etmek i\u00e7in bir proje zaman \u00e7izelgesi olu\u015fturun. Bu proje zaman \u00e7izelgesi (Gantt \u015femas\u0131) faaliyetleri planlamaya, izlemeye ve senkronize etmeye yard\u0131mc\u0131 olur!\",\"inLanguage\":\"tr\",\"potentialAction\":[{\"@type\":\"ReadAction\",\"target\":[\"https:\/\/sales-ai-agents.com\/tr\/templates\/project-timeline-gantt-diagram\/\"]}]},{\"@type\":\"ImageObject\",\"inLanguage\":\"tr\",\"@id\":\"https:\/\/sales-ai-agents.com\/tr\/templates\/project-timeline-gantt-diagram\/#primaryimage\",\"url\":\"https:\/\/sales-ai-agents.com\/wp-content\/uploads\/2022\/09\/Project-Timeline-Gantt-diagram-Template.png\",\"contentUrl\":\"https:\/\/sales-ai-agents.com\/wp-content\/uploads\/2022\/09\/Project-Timeline-Gantt-diagram-Template.png\",\"width\":1700,\"height\":1100},{\"@type\":\"WebSite\",\"@id\":\"https:\/\/sales-ai-agents.com\/#website\",\"url\":\"https:\/\/sales-ai-agents.com\/\",\"name\":\"FuseBase\",\"description\":\"Sales AI Agents - Free Online Collaboration Software for Remote Teams. Build your wikis, client portals and more with the Nimbus Platform collaboration tool ? A perfect space for online work\",\"publisher\":{\"@id\":\"https:\/\/sales-ai-agents.com\/#organization\"},\"potentialAction\":[{\"@type\":\"SearchAction\",\"target\":{\"@type\":\"EntryPoint\",\"urlTemplate\":\"https:\/\/sales-ai-agents.com\/?s={search_term_string}\"},\"query-input\":{\"@type\":\"PropertyValueSpecification\",\"valueRequired\":true,\"valueName\":\"search_term_string\"}}],\"inLanguage\":\"tr\"},{\"@type\":\"Organization\",\"@id\":\"https:\/\/sales-ai-agents.com\/#organization\",\"name\":\"FuseBase\",\"url\":\"https:\/\/sales-ai-agents.com\/\",\"logo\":{\"@type\":\"ImageObject\",\"inLanguage\":\"tr\",\"@id\":\"https:\/\/sales-ai-agents.com\/#\/schema\/logo\/image\/\",\"url\":\"https:\/\/sales-ai-agents.com\/wp-content\/uploads\/2023\/11\/icon-7.svg\",\"contentUrl\":\"https:\/\/sales-ai-agents.com\/wp-content\/uploads\/2023\/11\/icon-7.svg\",\"width\":128,\"height\":128,\"caption\":\"FuseBase\"},\"image\":{\"@id\":\"https:\/\/sales-ai-agents.com\/#\/schema\/logo\/image\/\"}}]}<\/script>\n<!-- \/ Yoast SEO plugin. -->","yoast_head_json":{"title":"Proje zaman \u00e7izelgesi (Gantt diyagram\u0131) \u015eablonu - Sales AI Agents","description":"Bu Gantt \u015femas\u0131 \u015fablonuyla ilerlemenizi takip etmek i\u00e7in bir proje zaman \u00e7izelgesi olu\u015fturun. Bu proje zaman \u00e7izelgesi (Gantt \u015femas\u0131) faaliyetleri planlamaya, izlemeye ve senkronize etmeye yard\u0131mc\u0131 olur!","robots":{"index":"index","follow":"follow","max-snippet":"max-snippet:-1","max-image-preview":"max-image-preview:large","max-video-preview":"max-video-preview:-1"},"canonical":"https:\/\/sales-ai-agents.com\/tr\/templates\/project-timeline-gantt-diagram\/","og_locale":"tr_TR","og_type":"article","og_title":"Proje zaman \u00e7izelgesi (Gantt diyagram\u0131) \u015eablonu - Sales AI Agents","og_description":"Bu Gantt \u015femas\u0131 \u015fablonuyla ilerlemenizi takip etmek i\u00e7in bir proje zaman \u00e7izelgesi olu\u015fturun. Bu proje zaman \u00e7izelgesi (Gantt \u015femas\u0131) faaliyetleri planlamaya, izlemeye ve senkronize etmeye yard\u0131mc\u0131 olur!","og_url":"https:\/\/sales-ai-agents.com\/tr\/templates\/project-timeline-gantt-diagram\/","og_site_name":"Sales AI Agents","article_modified_time":"2023-12-31T17:55:18+00:00","og_image":[{"width":1700,"height":1100,"url":"https:\/\/sales-ai-agents.com\/wp-content\/uploads\/2022\/09\/Project-Timeline-Gantt-diagram-Template.png","type":"image\/png"}],"twitter_card":"summary_large_image","schema":{"@context":"https:\/\/schema.org","@graph":[{"@type":"WebPage","@id":"https:\/\/sales-ai-agents.com\/tr\/templates\/project-timeline-gantt-diagram\/","url":"https:\/\/sales-ai-agents.com\/tr\/templates\/project-timeline-gantt-diagram\/","name":"Proje zaman \u00e7izelgesi (Gantt diyagram\u0131) \u015eablonu - Sales AI Agents","isPartOf":{"@id":"https:\/\/sales-ai-agents.com\/#website"},"primaryImageOfPage":{"@id":"https:\/\/sales-ai-agents.com\/tr\/templates\/project-timeline-gantt-diagram\/#primaryimage"},"image":{"@id":"https:\/\/sales-ai-agents.com\/tr\/templates\/project-timeline-gantt-diagram\/#primaryimage"},"thumbnailUrl":"https:\/\/sales-ai-agents.com\/wp-content\/uploads\/2022\/09\/Project-Timeline-Gantt-diagram-Template.png","datePublished":"2022-09-26T12:14:35+00:00","dateModified":"2023-12-31T17:55:18+00:00","description":"Bu Gantt \u015femas\u0131 \u015fablonuyla ilerlemenizi takip etmek i\u00e7in bir proje zaman \u00e7izelgesi olu\u015fturun. Bu proje zaman \u00e7izelgesi (Gantt \u015femas\u0131) faaliyetleri planlamaya, izlemeye ve senkronize etmeye yard\u0131mc\u0131 olur!","inLanguage":"tr","potentialAction":[{"@type":"ReadAction","target":["https:\/\/sales-ai-agents.com\/tr\/templates\/project-timeline-gantt-diagram\/"]}]},{"@type":"ImageObject","inLanguage":"tr","@id":"https:\/\/sales-ai-agents.com\/tr\/templates\/project-timeline-gantt-diagram\/#primaryimage","url":"https:\/\/sales-ai-agents.com\/wp-content\/uploads\/2022\/09\/Project-Timeline-Gantt-diagram-Template.png","contentUrl":"https:\/\/sales-ai-agents.com\/wp-content\/uploads\/2022\/09\/Project-Timeline-Gantt-diagram-Template.png","width":1700,"height":1100},{"@type":"WebSite","@id":"https:\/\/sales-ai-agents.com\/#website","url":"https:\/\/sales-ai-agents.com\/","name":"FuseBase","description":"Sales AI Agents - Free Online Collaboration Software for Remote Teams. Build your wikis, client portals and more with the Nimbus Platform collaboration tool ? A perfect space for online work","publisher":{"@id":"https:\/\/sales-ai-agents.com\/#organization"},"potentialAction":[{"@type":"SearchAction","target":{"@type":"EntryPoint","urlTemplate":"https:\/\/sales-ai-agents.com\/?s={search_term_string}"},"query-input":{"@type":"PropertyValueSpecification","valueRequired":true,"valueName":"search_term_string"}}],"inLanguage":"tr"},{"@type":"Organization","@id":"https:\/\/sales-ai-agents.com\/#organization","name":"FuseBase","url":"https:\/\/sales-ai-agents.com\/","logo":{"@type":"ImageObject","inLanguage":"tr","@id":"https:\/\/sales-ai-agents.com\/#\/schema\/logo\/image\/","url":"https:\/\/sales-ai-agents.com\/wp-content\/uploads\/2023\/11\/icon-7.svg","contentUrl":"https:\/\/sales-ai-agents.com\/wp-content\/uploads\/2023\/11\/icon-7.svg","width":128,"height":128,"caption":"FuseBase"},"image":{"@id":"https:\/\/sales-ai-agents.com\/#\/schema\/logo\/image\/"}}]}},"_links":{"self":[{"href":"https:\/\/sales-ai-agents.com\/tr\/wp-json\/wp\/v2\/product\/57310","targetHints":{"allow":["GET"]}}],"collection":[{"href":"https:\/\/sales-ai-agents.com\/tr\/wp-json\/wp\/v2\/product"}],"about":[{"href":"https:\/\/sales-ai-agents.com\/tr\/wp-json\/wp\/v2\/types\/product"}],"wp:featuredmedia":[{"embeddable":true,"href":"https:\/\/sales-ai-agents.com\/tr\/wp-json\/wp\/v2\/media\/57311"}],"wp:attachment":[{"href":"https:\/\/sales-ai-agents.com\/tr\/wp-json\/wp\/v2\/media?parent=57310"}],"wp:term":[{"taxonomy":"product_brand","embeddable":true,"href":"https:\/\/sales-ai-agents.com\/tr\/wp-json\/wp\/v2\/product_brand?post=57310"},{"taxonomy":"product_cat","embeddable":true,"href":"https:\/\/sales-ai-agents.com\/tr\/wp-json\/wp\/v2\/product_cat?post=57310"},{"taxonomy":"product_tag","embeddable":true,"href":"https:\/\/sales-ai-agents.com\/tr\/wp-json\/wp\/v2\/product_tag?post=57310"}],"curies":[{"name":"wp","href":"https:\/\/api.w.org\/{rel}","templated":true}]}}