{"id":57313,"date":"2022-09-26T12:14:32","date_gmt":"2022-09-26T12:14:32","guid":{"rendered":"https:\/\/sales-ai-agents.com\/templates\/todays-plan\/"},"modified":"2024-01-02T13:34:37","modified_gmt":"2024-01-02T13:34:37","slug":"todays-plan","status":"publish","type":"product","link":"https:\/\/sales-ai-agents.com\/tr\/templates\/todays-plan\/","title":{"rendered":"Bug\u00fcn\u00fcn plan\u0131"},"content":{"rendered":"<p>&nbsp;<\/p>\n<h2>Bug\u00fcn\u00fcn Plan \u015eablonu<\/h2>\n<p class=\"desc-text\">Tek bir g\u00fcnde \u00e7ok say\u0131da g\u00f6reviniz, sorumlulu\u011funuz ve etkinli\u011finiz varsa, her \u015feyi organize etmek i\u00e7in bir planlay\u0131c\u0131 kullanmak yard\u0131mc\u0131 olabilir. G\u00fcn\u00fcn\u00fcz\u00fc planlay\u0131n, b\u00f6ylece her \u015feyi son dakikada halletmek i\u00e7in u\u011fra\u015fmazs\u0131n\u0131z. \u015eablonumuz, t\u00fcm \u00f6nemli etkinliklerinizi ve g\u00f6revlerinizi bir g\u00fcn i\u00e7inde listelemenize olanak tan\u0131r. Hedefler olu\u015fturun ve yolunuzdan sapmamak i\u00e7in kontrol listemizi kullan\u0131n. Planlar\u0131n\u0131z\u0131 haz\u0131rlay\u0131n, b\u00f6ylece teslim tarihlerinizi a\u015fabilir ve i\u015fleri ger\u00e7ekle\u015ftirebilirsiniz.<\/p>\n<h5>Nas\u0131l kullan\u0131l\u0131r?<\/h5>\n<ul class=\"desc-item_list\">\n<li class=\"desc-item_list__point\">Bir program olu\u015fturmak i\u00e7in tabloyu kullan\u0131n<\/li>\n<li class=\"desc-item_list__point\">Etkinlikleri ve g\u00f6revleri saate g\u00f6re d\u00fczenleyin<\/li>\n<li class=\"desc-item_list__point\">G\u00fcn i\u00e7in ama\u00e7 ve hedefler belirleyin<\/li>\n<li class=\"desc-item_list__point\">\u00d6nemli \u00f6\u011feleri vurgulay\u0131n<\/li>\n<li class=\"desc-item_list__point\">Yap\u0131lacaklar listesi olu\u015fturmak i\u00e7in onay kutular\u0131n\u0131 kullan\u0131n<\/li>\n<\/ul>\n","protected":false},"excerpt":{"rendered":"<p>Tek bir g\u00fcn i\u00e7inde \u00e7ok say\u0131da g\u00f6reviniz, sorumlulu\u011funuz ve etkinli\u011finiz varsa, her \u015feyi d\u00fczg\u00fcn bir \u015fekilde d\u00fczenlemek i\u00e7in \u00f6zelle\u015ftirilebilir bir planlay\u0131c\u0131 kullanmak yard\u0131mc\u0131 olabilir.<\/p>\n","protected":false},"featured_media":57314,"template":"","meta":{"_acf_changed":false,"inline_featured_image":false},"product_brand":[],"product_cat":[257,266,256],"product_tag":[],"class_list":{"0":"post-57313","1":"product","2":"type-product","3":"status-publish","4":"has-post-thumbnail","6":"product_cat-personal","7":"product_cat-personal-work","8":"product_cat-organizers-planners","10":"first","11":"instock","12":"virtual","13":"sold-individually","14":"product-type-simple"},"acf":[],"yoast_head":"<!-- This site is optimized with the Yoast SEO plugin v25.3.1 - https:\/\/yoast.com\/wordpress\/plugins\/seo\/ -->\n<title>Bug\u00fcn\u00fcn Plan\u0131 \u015eablonu - Sales AI Agents<\/title>\n<meta name=\"description\" content=\"Tek bir g\u00fcn i\u00e7inde \u00e7ok say\u0131da g\u00f6reviniz, sorumlulu\u011funuz ve etkinli\u011finiz varsa, her \u015feyi d\u00fczg\u00fcn bir \u015fekilde d\u00fczenlemek i\u00e7in \u00f6zelle\u015ftirilebilir bir planlay\u0131c\u0131 kullanmak yard\u0131mc\u0131 olabilir.\" \/>\n<meta name=\"robots\" content=\"index, follow, max-snippet:-1, max-image-preview:large, max-video-preview:-1\" \/>\n<link rel=\"canonical\" href=\"https:\/\/sales-ai-agents.com\/tr\/templates\/todays-plan\/\" \/>\n<meta property=\"og:locale\" content=\"tr_TR\" \/>\n<meta property=\"og:type\" content=\"article\" \/>\n<meta property=\"og:title\" content=\"Bug\u00fcn\u00fcn Plan\u0131 \u015eablonu - Sales AI Agents\" \/>\n<meta property=\"og:description\" content=\"Tek bir g\u00fcn i\u00e7inde \u00e7ok say\u0131da g\u00f6reviniz, sorumlulu\u011funuz ve etkinli\u011finiz varsa, her \u015feyi d\u00fczg\u00fcn bir \u015fekilde d\u00fczenlemek i\u00e7in \u00f6zelle\u015ftirilebilir bir planlay\u0131c\u0131 kullanmak yard\u0131mc\u0131 olabilir.\" \/>\n<meta property=\"og:url\" content=\"https:\/\/sales-ai-agents.com\/tr\/templates\/todays-plan\/\" \/>\n<meta property=\"og:site_name\" content=\"Sales AI Agents\" \/>\n<meta property=\"article:modified_time\" content=\"2024-01-02T13:34:37+00:00\" \/>\n<meta property=\"og:image\" content=\"https:\/\/sales-ai-agents.com\/wp-content\/uploads\/2023\/01\/image-preview121545.png\" \/>\n\t<meta property=\"og:image:width\" content=\"1078\" \/>\n\t<meta property=\"og:image:height\" content=\"909\" \/>\n\t<meta property=\"og:image:type\" content=\"image\/png\" \/>\n<meta name=\"twitter:card\" content=\"summary_large_image\" \/>\n<script type=\"application\/ld+json\" class=\"yoast-schema-graph\">{\"@context\":\"https:\/\/schema.org\",\"@graph\":[{\"@type\":\"WebPage\",\"@id\":\"https:\/\/sales-ai-agents.com\/tr\/templates\/todays-plan\/\",\"url\":\"https:\/\/sales-ai-agents.com\/tr\/templates\/todays-plan\/\",\"name\":\"Bug\u00fcn\u00fcn Plan\u0131 \u015eablonu - Sales AI Agents\",\"isPartOf\":{\"@id\":\"https:\/\/sales-ai-agents.com\/#website\"},\"primaryImageOfPage\":{\"@id\":\"https:\/\/sales-ai-agents.com\/tr\/templates\/todays-plan\/#primaryimage\"},\"image\":{\"@id\":\"https:\/\/sales-ai-agents.com\/tr\/templates\/todays-plan\/#primaryimage\"},\"thumbnailUrl\":\"https:\/\/sales-ai-agents.com\/wp-content\/uploads\/2023\/01\/image-preview121545.png\",\"datePublished\":\"2022-09-26T12:14:32+00:00\",\"dateModified\":\"2024-01-02T13:34:37+00:00\",\"description\":\"Tek bir g\u00fcn i\u00e7inde \u00e7ok say\u0131da g\u00f6reviniz, sorumlulu\u011funuz ve etkinli\u011finiz varsa, her \u015feyi d\u00fczg\u00fcn bir \u015fekilde d\u00fczenlemek i\u00e7in \u00f6zelle\u015ftirilebilir bir planlay\u0131c\u0131 kullanmak yard\u0131mc\u0131 olabilir.\",\"inLanguage\":\"tr\",\"potentialAction\":[{\"@type\":\"ReadAction\",\"target\":[\"https:\/\/sales-ai-agents.com\/tr\/templates\/todays-plan\/\"]}]},{\"@type\":\"ImageObject\",\"inLanguage\":\"tr\",\"@id\":\"https:\/\/sales-ai-agents.com\/tr\/templates\/todays-plan\/#primaryimage\",\"url\":\"https:\/\/sales-ai-agents.com\/wp-content\/uploads\/2023\/01\/image-preview121545.png\",\"contentUrl\":\"https:\/\/sales-ai-agents.com\/wp-content\/uploads\/2023\/01\/image-preview121545.png\",\"width\":1078,\"height\":909},{\"@type\":\"WebSite\",\"@id\":\"https:\/\/sales-ai-agents.com\/#website\",\"url\":\"https:\/\/sales-ai-agents.com\/\",\"name\":\"FuseBase\",\"description\":\"Sales AI Agents - Free Online Collaboration Software for Remote Teams. Build your wikis, client portals and more with the Nimbus Platform collaboration tool ? A perfect space for online work\",\"publisher\":{\"@id\":\"https:\/\/sales-ai-agents.com\/#organization\"},\"potentialAction\":[{\"@type\":\"SearchAction\",\"target\":{\"@type\":\"EntryPoint\",\"urlTemplate\":\"https:\/\/sales-ai-agents.com\/?s={search_term_string}\"},\"query-input\":{\"@type\":\"PropertyValueSpecification\",\"valueRequired\":true,\"valueName\":\"search_term_string\"}}],\"inLanguage\":\"tr\"},{\"@type\":\"Organization\",\"@id\":\"https:\/\/sales-ai-agents.com\/#organization\",\"name\":\"FuseBase\",\"url\":\"https:\/\/sales-ai-agents.com\/\",\"logo\":{\"@type\":\"ImageObject\",\"inLanguage\":\"tr\",\"@id\":\"https:\/\/sales-ai-agents.com\/#\/schema\/logo\/image\/\",\"url\":\"https:\/\/sales-ai-agents.com\/wp-content\/uploads\/2023\/11\/icon-7.svg\",\"contentUrl\":\"https:\/\/sales-ai-agents.com\/wp-content\/uploads\/2023\/11\/icon-7.svg\",\"width\":128,\"height\":128,\"caption\":\"FuseBase\"},\"image\":{\"@id\":\"https:\/\/sales-ai-agents.com\/#\/schema\/logo\/image\/\"}}]}<\/script>\n<!-- \/ Yoast SEO plugin. -->","yoast_head_json":{"title":"Bug\u00fcn\u00fcn Plan\u0131 \u015eablonu - Sales AI Agents","description":"Tek bir g\u00fcn i\u00e7inde \u00e7ok say\u0131da g\u00f6reviniz, sorumlulu\u011funuz ve etkinli\u011finiz varsa, her \u015feyi d\u00fczg\u00fcn bir \u015fekilde d\u00fczenlemek i\u00e7in \u00f6zelle\u015ftirilebilir bir planlay\u0131c\u0131 kullanmak yard\u0131mc\u0131 olabilir.","robots":{"index":"index","follow":"follow","max-snippet":"max-snippet:-1","max-image-preview":"max-image-preview:large","max-video-preview":"max-video-preview:-1"},"canonical":"https:\/\/sales-ai-agents.com\/tr\/templates\/todays-plan\/","og_locale":"tr_TR","og_type":"article","og_title":"Bug\u00fcn\u00fcn Plan\u0131 \u015eablonu - Sales AI Agents","og_description":"Tek bir g\u00fcn i\u00e7inde \u00e7ok say\u0131da g\u00f6reviniz, sorumlulu\u011funuz ve etkinli\u011finiz varsa, her \u015feyi d\u00fczg\u00fcn bir \u015fekilde d\u00fczenlemek i\u00e7in \u00f6zelle\u015ftirilebilir bir planlay\u0131c\u0131 kullanmak yard\u0131mc\u0131 olabilir.","og_url":"https:\/\/sales-ai-agents.com\/tr\/templates\/todays-plan\/","og_site_name":"Sales AI Agents","article_modified_time":"2024-01-02T13:34:37+00:00","og_image":[{"width":1078,"height":909,"url":"https:\/\/sales-ai-agents.com\/wp-content\/uploads\/2023\/01\/image-preview121545.png","type":"image\/png"}],"twitter_card":"summary_large_image","schema":{"@context":"https:\/\/schema.org","@graph":[{"@type":"WebPage","@id":"https:\/\/sales-ai-agents.com\/tr\/templates\/todays-plan\/","url":"https:\/\/sales-ai-agents.com\/tr\/templates\/todays-plan\/","name":"Bug\u00fcn\u00fcn Plan\u0131 \u015eablonu - Sales AI Agents","isPartOf":{"@id":"https:\/\/sales-ai-agents.com\/#website"},"primaryImageOfPage":{"@id":"https:\/\/sales-ai-agents.com\/tr\/templates\/todays-plan\/#primaryimage"},"image":{"@id":"https:\/\/sales-ai-agents.com\/tr\/templates\/todays-plan\/#primaryimage"},"thumbnailUrl":"https:\/\/sales-ai-agents.com\/wp-content\/uploads\/2023\/01\/image-preview121545.png","datePublished":"2022-09-26T12:14:32+00:00","dateModified":"2024-01-02T13:34:37+00:00","description":"Tek bir g\u00fcn i\u00e7inde \u00e7ok say\u0131da g\u00f6reviniz, sorumlulu\u011funuz ve etkinli\u011finiz varsa, her \u015feyi d\u00fczg\u00fcn bir \u015fekilde d\u00fczenlemek i\u00e7in \u00f6zelle\u015ftirilebilir bir planlay\u0131c\u0131 kullanmak yard\u0131mc\u0131 olabilir.","inLanguage":"tr","potentialAction":[{"@type":"ReadAction","target":["https:\/\/sales-ai-agents.com\/tr\/templates\/todays-plan\/"]}]},{"@type":"ImageObject","inLanguage":"tr","@id":"https:\/\/sales-ai-agents.com\/tr\/templates\/todays-plan\/#primaryimage","url":"https:\/\/sales-ai-agents.com\/wp-content\/uploads\/2023\/01\/image-preview121545.png","contentUrl":"https:\/\/sales-ai-agents.com\/wp-content\/uploads\/2023\/01\/image-preview121545.png","width":1078,"height":909},{"@type":"WebSite","@id":"https:\/\/sales-ai-agents.com\/#website","url":"https:\/\/sales-ai-agents.com\/","name":"FuseBase","description":"Sales AI Agents - Free Online Collaboration Software for Remote Teams. Build your wikis, client portals and more with the Nimbus Platform collaboration tool ? A perfect space for online work","publisher":{"@id":"https:\/\/sales-ai-agents.com\/#organization"},"potentialAction":[{"@type":"SearchAction","target":{"@type":"EntryPoint","urlTemplate":"https:\/\/sales-ai-agents.com\/?s={search_term_string}"},"query-input":{"@type":"PropertyValueSpecification","valueRequired":true,"valueName":"search_term_string"}}],"inLanguage":"tr"},{"@type":"Organization","@id":"https:\/\/sales-ai-agents.com\/#organization","name":"FuseBase","url":"https:\/\/sales-ai-agents.com\/","logo":{"@type":"ImageObject","inLanguage":"tr","@id":"https:\/\/sales-ai-agents.com\/#\/schema\/logo\/image\/","url":"https:\/\/sales-ai-agents.com\/wp-content\/uploads\/2023\/11\/icon-7.svg","contentUrl":"https:\/\/sales-ai-agents.com\/wp-content\/uploads\/2023\/11\/icon-7.svg","width":128,"height":128,"caption":"FuseBase"},"image":{"@id":"https:\/\/sales-ai-agents.com\/#\/schema\/logo\/image\/"}}]}},"_links":{"self":[{"href":"https:\/\/sales-ai-agents.com\/tr\/wp-json\/wp\/v2\/product\/57313","targetHints":{"allow":["GET"]}}],"collection":[{"href":"https:\/\/sales-ai-agents.com\/tr\/wp-json\/wp\/v2\/product"}],"about":[{"href":"https:\/\/sales-ai-agents.com\/tr\/wp-json\/wp\/v2\/types\/product"}],"wp:featuredmedia":[{"embeddable":true,"href":"https:\/\/sales-ai-agents.com\/tr\/wp-json\/wp\/v2\/media\/57314"}],"wp:attachment":[{"href":"https:\/\/sales-ai-agents.com\/tr\/wp-json\/wp\/v2\/media?parent=57313"}],"wp:term":[{"taxonomy":"product_brand","embeddable":true,"href":"https:\/\/sales-ai-agents.com\/tr\/wp-json\/wp\/v2\/product_brand?post=57313"},{"taxonomy":"product_cat","embeddable":true,"href":"https:\/\/sales-ai-agents.com\/tr\/wp-json\/wp\/v2\/product_cat?post=57313"},{"taxonomy":"product_tag","embeddable":true,"href":"https:\/\/sales-ai-agents.com\/tr\/wp-json\/wp\/v2\/product_tag?post=57313"}],"curies":[{"name":"wp","href":"https:\/\/api.w.org\/{rel}","templated":true}]}}