{"id":57588,"date":"2022-09-26T12:14:29","date_gmt":"2022-09-26T12:14:29","guid":{"rendered":"https:\/\/sales-ai-agents.com\/templates\/user-research\/"},"modified":"2023-12-31T17:13:37","modified_gmt":"2023-12-31T17:13:37","slug":"user-research","status":"publish","type":"product","link":"https:\/\/sales-ai-agents.com\/tr\/templates\/user-research\/","title":{"rendered":"Kullan\u0131c\u0131 Ara\u015ft\u0131rmas\u0131"},"content":{"rendered":"<p>&nbsp;<\/p>\n<h2>Kullan\u0131c\u0131 Ara\u015ft\u0131rma \u015eablonu<\/h2>\n<p class=\"desc-text\">Bir \u00fcr\u00fcn tasarlarken kullan\u0131c\u0131 ara\u015ft\u0131rmas\u0131 yapmak \u00f6nemlidir. T\u00fcketicilerin \u00e7al\u0131\u015fmalar\u0131n\u0131zla nas\u0131l etkile\u015fime girdi\u011fini g\u00f6rerek, onlara yard\u0131mc\u0131 olacak tasar\u0131m \u00f6\u011feleri hakk\u0131nda daha fazla fikir edinebilirsiniz. Tamamen i\u015flevsel ve \u00f6zelle\u015ftirilebilir bir tablo i\u00e7eren bu kullan\u0131c\u0131 ara\u015ft\u0131rma \u015fablonuyla t\u00fcm kullan\u0131c\u0131 ara\u015ft\u0131rma verilerinizi y\u00f6netin. Sosyal yard\u0131mdan raporlara ve gelecek \u00f6nerilere kadar her ad\u0131m\u0131 takip edin. Ara\u015ft\u0131rma yapmak b\u00fcy\u00fck bir g\u00f6rev olabilir, ancak \u00e7al\u0131\u015fman\u0131z\u0131 yap\u0131land\u0131rmak d\u00fczenli kalman\u0131za yard\u0131mc\u0131 olabilir.<\/p>\n<h5>Nas\u0131l kullan\u0131l\u0131r?<\/h5>\n<ul class=\"desc-item_list\">\n<li class=\"desc-item_list__point\">G\u00f6r\u00fc\u015fmecileri ve g\u00f6r\u00fc\u015f\u00fclen ki\u015fileri listeleyin<\/li>\n<li class=\"desc-item_list__point\">Geri bildirim eklemek i\u00e7in y\u0131ld\u0131z derecelendirme sistemini kullan\u0131n<\/li>\n<li class=\"desc-item_list__point\">Oturum t\u00fcr\u00fcn\u00fc etiketleyin<\/li>\n<li class=\"desc-item_list__point\">G\u00f6rev i\u00e7in harcanan zaman\u0131 kaydedin<\/li>\n<li class=\"desc-item_list__point\">Oturum hakk\u0131nda herhangi bir not yaz\u0131n<\/li>\n<li class=\"desc-item_list__point\">\u0130lgili dosyalar\u0131 son s\u00fctuna ekleyin<\/li>\n<\/ul>\n","protected":false},"excerpt":{"rendered":"<p>T\u00fcm kullan\u0131c\u0131 ara\u015ft\u0131rma detaylar\u0131n\u0131z\u0131 bu kullan\u0131c\u0131 ara\u015ft\u0131rma \u015fablonu ile y\u00f6netin. Verileri depolamak i\u00e7in en iyi \u015fekilde \u00e7al\u0131\u015fan, tamamen i\u015flevsel ve \u00f6zelle\u015ftirilebilir bir tabloya sahiptir.<\/p>\n","protected":false},"featured_media":57589,"template":"","meta":{"_acf_changed":false,"inline_featured_image":false},"product_brand":[],"product_cat":[278,251],"product_tag":[],"class_list":{"0":"post-57588","1":"product","2":"type-product","3":"status-publish","4":"has-post-thumbnail","6":"product_cat-programmer-engineer","7":"product_cat-designer","8":"for-programmer-engineer-tr","10":"first","11":"instock","12":"virtual","13":"sold-individually","14":"product-type-simple"},"acf":[],"yoast_head":"<!-- This site is optimized with the Yoast SEO plugin v25.3.1 - https:\/\/yoast.com\/wordpress\/plugins\/seo\/ -->\n<title>Kullan\u0131c\u0131 Ara\u015ft\u0131rma \u015eablonu - Sales AI Agents<\/title>\n<meta name=\"description\" content=\"T\u00fcm kullan\u0131c\u0131 ara\u015ft\u0131rma detaylar\u0131n\u0131z\u0131 bu kullan\u0131c\u0131 ara\u015ft\u0131rma \u015fablonu ile y\u00f6netin. Verileri depolamak i\u00e7in en iyi \u015fekilde \u00e7al\u0131\u015fan, tamamen i\u015flevsel ve \u00f6zelle\u015ftirilebilir bir tablo kullan\u0131n!\" \/>\n<meta name=\"robots\" content=\"index, follow, max-snippet:-1, max-image-preview:large, max-video-preview:-1\" \/>\n<link rel=\"canonical\" href=\"https:\/\/sales-ai-agents.com\/tr\/templates\/user-research\/\" \/>\n<meta property=\"og:locale\" content=\"tr_TR\" \/>\n<meta property=\"og:type\" content=\"article\" \/>\n<meta property=\"og:title\" content=\"Kullan\u0131c\u0131 Ara\u015ft\u0131rma \u015eablonu - Sales AI Agents\" \/>\n<meta property=\"og:description\" content=\"T\u00fcm kullan\u0131c\u0131 ara\u015ft\u0131rma detaylar\u0131n\u0131z\u0131 bu kullan\u0131c\u0131 ara\u015ft\u0131rma \u015fablonu ile y\u00f6netin. Verileri depolamak i\u00e7in en iyi \u015fekilde \u00e7al\u0131\u015fan, tamamen i\u015flevsel ve \u00f6zelle\u015ftirilebilir bir tablo kullan\u0131n!\" \/>\n<meta property=\"og:url\" content=\"https:\/\/sales-ai-agents.com\/tr\/templates\/user-research\/\" \/>\n<meta property=\"og:site_name\" content=\"Sales AI Agents\" \/>\n<meta property=\"article:modified_time\" content=\"2023-12-31T17:13:37+00:00\" \/>\n<meta property=\"og:image\" content=\"https:\/\/sales-ai-agents.com\/wp-content\/uploads\/2023\/01\/image-preview121450.png\" \/>\n\t<meta property=\"og:image:width\" content=\"1078\" \/>\n\t<meta property=\"og:image:height\" content=\"882\" \/>\n\t<meta property=\"og:image:type\" content=\"image\/png\" \/>\n<meta name=\"twitter:card\" content=\"summary_large_image\" \/>\n<script type=\"application\/ld+json\" class=\"yoast-schema-graph\">{\"@context\":\"https:\/\/schema.org\",\"@graph\":[{\"@type\":\"WebPage\",\"@id\":\"https:\/\/sales-ai-agents.com\/tr\/templates\/user-research\/\",\"url\":\"https:\/\/sales-ai-agents.com\/tr\/templates\/user-research\/\",\"name\":\"Kullan\u0131c\u0131 Ara\u015ft\u0131rma \u015eablonu - Sales AI Agents\",\"isPartOf\":{\"@id\":\"https:\/\/sales-ai-agents.com\/#website\"},\"primaryImageOfPage\":{\"@id\":\"https:\/\/sales-ai-agents.com\/tr\/templates\/user-research\/#primaryimage\"},\"image\":{\"@id\":\"https:\/\/sales-ai-agents.com\/tr\/templates\/user-research\/#primaryimage\"},\"thumbnailUrl\":\"https:\/\/sales-ai-agents.com\/wp-content\/uploads\/2023\/01\/image-preview121450.png\",\"datePublished\":\"2022-09-26T12:14:29+00:00\",\"dateModified\":\"2023-12-31T17:13:37+00:00\",\"description\":\"T\u00fcm kullan\u0131c\u0131 ara\u015ft\u0131rma detaylar\u0131n\u0131z\u0131 bu kullan\u0131c\u0131 ara\u015ft\u0131rma \u015fablonu ile y\u00f6netin. Verileri depolamak i\u00e7in en iyi \u015fekilde \u00e7al\u0131\u015fan, tamamen i\u015flevsel ve \u00f6zelle\u015ftirilebilir bir tablo kullan\u0131n!\",\"inLanguage\":\"tr\",\"potentialAction\":[{\"@type\":\"ReadAction\",\"target\":[\"https:\/\/sales-ai-agents.com\/tr\/templates\/user-research\/\"]}]},{\"@type\":\"ImageObject\",\"inLanguage\":\"tr\",\"@id\":\"https:\/\/sales-ai-agents.com\/tr\/templates\/user-research\/#primaryimage\",\"url\":\"https:\/\/sales-ai-agents.com\/wp-content\/uploads\/2023\/01\/image-preview121450.png\",\"contentUrl\":\"https:\/\/sales-ai-agents.com\/wp-content\/uploads\/2023\/01\/image-preview121450.png\",\"width\":1078,\"height\":882},{\"@type\":\"WebSite\",\"@id\":\"https:\/\/sales-ai-agents.com\/#website\",\"url\":\"https:\/\/sales-ai-agents.com\/\",\"name\":\"FuseBase\",\"description\":\"Sales AI Agents - Free Online Collaboration Software for Remote Teams. Build your wikis, client portals and more with the Nimbus Platform collaboration tool ? A perfect space for online work\",\"publisher\":{\"@id\":\"https:\/\/sales-ai-agents.com\/#organization\"},\"potentialAction\":[{\"@type\":\"SearchAction\",\"target\":{\"@type\":\"EntryPoint\",\"urlTemplate\":\"https:\/\/sales-ai-agents.com\/?s={search_term_string}\"},\"query-input\":{\"@type\":\"PropertyValueSpecification\",\"valueRequired\":true,\"valueName\":\"search_term_string\"}}],\"inLanguage\":\"tr\"},{\"@type\":\"Organization\",\"@id\":\"https:\/\/sales-ai-agents.com\/#organization\",\"name\":\"FuseBase\",\"url\":\"https:\/\/sales-ai-agents.com\/\",\"logo\":{\"@type\":\"ImageObject\",\"inLanguage\":\"tr\",\"@id\":\"https:\/\/sales-ai-agents.com\/#\/schema\/logo\/image\/\",\"url\":\"https:\/\/sales-ai-agents.com\/wp-content\/uploads\/2023\/11\/icon-7.svg\",\"contentUrl\":\"https:\/\/sales-ai-agents.com\/wp-content\/uploads\/2023\/11\/icon-7.svg\",\"width\":128,\"height\":128,\"caption\":\"FuseBase\"},\"image\":{\"@id\":\"https:\/\/sales-ai-agents.com\/#\/schema\/logo\/image\/\"}}]}<\/script>\n<!-- \/ Yoast SEO plugin. -->","yoast_head_json":{"title":"Kullan\u0131c\u0131 Ara\u015ft\u0131rma \u015eablonu - Sales AI Agents","description":"T\u00fcm kullan\u0131c\u0131 ara\u015ft\u0131rma detaylar\u0131n\u0131z\u0131 bu kullan\u0131c\u0131 ara\u015ft\u0131rma \u015fablonu ile y\u00f6netin. Verileri depolamak i\u00e7in en iyi \u015fekilde \u00e7al\u0131\u015fan, tamamen i\u015flevsel ve \u00f6zelle\u015ftirilebilir bir tablo kullan\u0131n!","robots":{"index":"index","follow":"follow","max-snippet":"max-snippet:-1","max-image-preview":"max-image-preview:large","max-video-preview":"max-video-preview:-1"},"canonical":"https:\/\/sales-ai-agents.com\/tr\/templates\/user-research\/","og_locale":"tr_TR","og_type":"article","og_title":"Kullan\u0131c\u0131 Ara\u015ft\u0131rma \u015eablonu - Sales AI Agents","og_description":"T\u00fcm kullan\u0131c\u0131 ara\u015ft\u0131rma detaylar\u0131n\u0131z\u0131 bu kullan\u0131c\u0131 ara\u015ft\u0131rma \u015fablonu ile y\u00f6netin. Verileri depolamak i\u00e7in en iyi \u015fekilde \u00e7al\u0131\u015fan, tamamen i\u015flevsel ve \u00f6zelle\u015ftirilebilir bir tablo kullan\u0131n!","og_url":"https:\/\/sales-ai-agents.com\/tr\/templates\/user-research\/","og_site_name":"Sales AI Agents","article_modified_time":"2023-12-31T17:13:37+00:00","og_image":[{"width":1078,"height":882,"url":"https:\/\/sales-ai-agents.com\/wp-content\/uploads\/2023\/01\/image-preview121450.png","type":"image\/png"}],"twitter_card":"summary_large_image","schema":{"@context":"https:\/\/schema.org","@graph":[{"@type":"WebPage","@id":"https:\/\/sales-ai-agents.com\/tr\/templates\/user-research\/","url":"https:\/\/sales-ai-agents.com\/tr\/templates\/user-research\/","name":"Kullan\u0131c\u0131 Ara\u015ft\u0131rma \u015eablonu - Sales AI Agents","isPartOf":{"@id":"https:\/\/sales-ai-agents.com\/#website"},"primaryImageOfPage":{"@id":"https:\/\/sales-ai-agents.com\/tr\/templates\/user-research\/#primaryimage"},"image":{"@id":"https:\/\/sales-ai-agents.com\/tr\/templates\/user-research\/#primaryimage"},"thumbnailUrl":"https:\/\/sales-ai-agents.com\/wp-content\/uploads\/2023\/01\/image-preview121450.png","datePublished":"2022-09-26T12:14:29+00:00","dateModified":"2023-12-31T17:13:37+00:00","description":"T\u00fcm kullan\u0131c\u0131 ara\u015ft\u0131rma detaylar\u0131n\u0131z\u0131 bu kullan\u0131c\u0131 ara\u015ft\u0131rma \u015fablonu ile y\u00f6netin. Verileri depolamak i\u00e7in en iyi \u015fekilde \u00e7al\u0131\u015fan, tamamen i\u015flevsel ve \u00f6zelle\u015ftirilebilir bir tablo kullan\u0131n!","inLanguage":"tr","potentialAction":[{"@type":"ReadAction","target":["https:\/\/sales-ai-agents.com\/tr\/templates\/user-research\/"]}]},{"@type":"ImageObject","inLanguage":"tr","@id":"https:\/\/sales-ai-agents.com\/tr\/templates\/user-research\/#primaryimage","url":"https:\/\/sales-ai-agents.com\/wp-content\/uploads\/2023\/01\/image-preview121450.png","contentUrl":"https:\/\/sales-ai-agents.com\/wp-content\/uploads\/2023\/01\/image-preview121450.png","width":1078,"height":882},{"@type":"WebSite","@id":"https:\/\/sales-ai-agents.com\/#website","url":"https:\/\/sales-ai-agents.com\/","name":"FuseBase","description":"Sales AI Agents - Free Online Collaboration Software for Remote Teams. Build your wikis, client portals and more with the Nimbus Platform collaboration tool ? A perfect space for online work","publisher":{"@id":"https:\/\/sales-ai-agents.com\/#organization"},"potentialAction":[{"@type":"SearchAction","target":{"@type":"EntryPoint","urlTemplate":"https:\/\/sales-ai-agents.com\/?s={search_term_string}"},"query-input":{"@type":"PropertyValueSpecification","valueRequired":true,"valueName":"search_term_string"}}],"inLanguage":"tr"},{"@type":"Organization","@id":"https:\/\/sales-ai-agents.com\/#organization","name":"FuseBase","url":"https:\/\/sales-ai-agents.com\/","logo":{"@type":"ImageObject","inLanguage":"tr","@id":"https:\/\/sales-ai-agents.com\/#\/schema\/logo\/image\/","url":"https:\/\/sales-ai-agents.com\/wp-content\/uploads\/2023\/11\/icon-7.svg","contentUrl":"https:\/\/sales-ai-agents.com\/wp-content\/uploads\/2023\/11\/icon-7.svg","width":128,"height":128,"caption":"FuseBase"},"image":{"@id":"https:\/\/sales-ai-agents.com\/#\/schema\/logo\/image\/"}}]}},"_links":{"self":[{"href":"https:\/\/sales-ai-agents.com\/tr\/wp-json\/wp\/v2\/product\/57588","targetHints":{"allow":["GET"]}}],"collection":[{"href":"https:\/\/sales-ai-agents.com\/tr\/wp-json\/wp\/v2\/product"}],"about":[{"href":"https:\/\/sales-ai-agents.com\/tr\/wp-json\/wp\/v2\/types\/product"}],"wp:featuredmedia":[{"embeddable":true,"href":"https:\/\/sales-ai-agents.com\/tr\/wp-json\/wp\/v2\/media\/57589"}],"wp:attachment":[{"href":"https:\/\/sales-ai-agents.com\/tr\/wp-json\/wp\/v2\/media?parent=57588"}],"wp:term":[{"taxonomy":"product_brand","embeddable":true,"href":"https:\/\/sales-ai-agents.com\/tr\/wp-json\/wp\/v2\/product_brand?post=57588"},{"taxonomy":"product_cat","embeddable":true,"href":"https:\/\/sales-ai-agents.com\/tr\/wp-json\/wp\/v2\/product_cat?post=57588"},{"taxonomy":"product_tag","embeddable":true,"href":"https:\/\/sales-ai-agents.com\/tr\/wp-json\/wp\/v2\/product_tag?post=57588"}],"curies":[{"name":"wp","href":"https:\/\/api.w.org\/{rel}","templated":true}]}}