{"id":57592,"date":"2022-09-26T12:14:27","date_gmt":"2022-09-26T12:14:27","guid":{"rendered":"https:\/\/sales-ai-agents.com\/templates\/engineering-wiki\/"},"modified":"2023-12-26T14:41:56","modified_gmt":"2023-12-26T14:41:56","slug":"engineering-wiki","status":"publish","type":"product","link":"https:\/\/sales-ai-agents.com\/tr\/templates\/engineering-wiki\/","title":{"rendered":"M\u00fchendislik Wiki"},"content":{"rendered":"<p>&nbsp;<\/p>\n<h2>M\u00fchendislik Wiki \u015eablonu<\/h2>\n<p class=\"desc-text\">Bu m\u00fchendislik wikisi, t\u00fcm \u00f6nemli bilgileriniz i\u00e7in bir bilgi taban\u0131 gibi \u00e7al\u0131\u015f\u0131r. Ekibiniz i\u00e7in gerekli belgeleri tek bir yerde toplay\u0131n. Her \u015feye eri\u015fimi kolayla\u015ft\u0131r\u0131n. Prosed\u00fcrleri, y\u00f6nergeleri, kod incelemelerini ve \u00f6nemli komutlar\u0131 ekleyin.<\/p>\n<h5>Nas\u0131l kullan\u0131l\u0131r?<\/h5>\n<ul class=\"desc-item_list\">\n<li class=\"desc-item_list__point\">Kolay i\u015fbirli\u011fi i\u00e7in ekibinizle payla\u015f\u0131n<\/li>\n<li class=\"desc-item_list__point\">M\u00fchendislikle ilgili \u00f6nemli \u00f6\u011feleri dahil edin<\/li>\n<li class=\"desc-item_list__point\">Her bir \u00f6\u011feye ilgili sayfalar\u0131 ba\u011flay\u0131n veya ekleyin<\/li>\n<li class=\"desc-item_list__point\">Gerekti\u011fi gibi d\u00fczenleyin ve g\u00fcncelleyin<\/li>\n<\/ul>\n","protected":false},"excerpt":{"rendered":"<p>Bu m\u00fchendislik wikisi, t\u00fcm bilgileriniz i\u00e7in bir bilgi taban\u0131 gibi \u00e7al\u0131\u015f\u0131r. Bu \u015fablonla ekibiniz i\u00e7in gerekli belgeleri tek bir yerde toplay\u0131n!<\/p>\n","protected":false},"featured_media":57593,"template":"","meta":{"_acf_changed":false,"inline_featured_image":false},"product_brand":[],"product_cat":[278],"product_tag":[],"class_list":{"0":"post-57592","1":"product","2":"type-product","3":"status-publish","4":"has-post-thumbnail","6":"product_cat-programmer-engineer","8":"first","9":"instock","10":"virtual","11":"sold-individually","12":"product-type-simple"},"acf":[],"yoast_head":"<!-- This site is optimized with the Yoast SEO plugin v25.3.1 - https:\/\/yoast.com\/wordpress\/plugins\/seo\/ -->\n<title>M\u00fchendislik Wiki \u015eablonu - Sales AI Agents<\/title>\n<meta name=\"description\" content=\"Bu m\u00fchendislik wikisi, t\u00fcm bilgileriniz i\u00e7in bir bilgi taban\u0131 gibi \u00e7al\u0131\u015f\u0131r. Bu \u015fablonla ekibiniz i\u00e7in gerekli belgeleri tek bir yerde toplay\u0131n!\" \/>\n<meta name=\"robots\" content=\"index, follow, max-snippet:-1, max-image-preview:large, max-video-preview:-1\" \/>\n<link rel=\"canonical\" href=\"https:\/\/sales-ai-agents.com\/tr\/templates\/engineering-wiki\/\" \/>\n<meta property=\"og:locale\" content=\"tr_TR\" \/>\n<meta property=\"og:type\" content=\"article\" \/>\n<meta property=\"og:title\" content=\"M\u00fchendislik Wiki \u015eablonu - Sales AI Agents\" \/>\n<meta property=\"og:description\" content=\"Bu m\u00fchendislik wikisi, t\u00fcm bilgileriniz i\u00e7in bir bilgi taban\u0131 gibi \u00e7al\u0131\u015f\u0131r. Bu \u015fablonla ekibiniz i\u00e7in gerekli belgeleri tek bir yerde toplay\u0131n!\" \/>\n<meta property=\"og:url\" content=\"https:\/\/sales-ai-agents.com\/tr\/templates\/engineering-wiki\/\" \/>\n<meta property=\"og:site_name\" content=\"Sales AI Agents\" \/>\n<meta property=\"article:modified_time\" content=\"2023-12-26T14:41:56+00:00\" \/>\n<meta property=\"og:image\" content=\"https:\/\/sales-ai-agents.com\/wp-content\/uploads\/2023\/01\/image-preview121424.png\" \/>\n\t<meta property=\"og:image:width\" content=\"1078\" \/>\n\t<meta property=\"og:image:height\" content=\"760\" \/>\n\t<meta property=\"og:image:type\" content=\"image\/png\" \/>\n<meta name=\"twitter:card\" content=\"summary_large_image\" \/>\n<script type=\"application\/ld+json\" class=\"yoast-schema-graph\">{\"@context\":\"https:\/\/schema.org\",\"@graph\":[{\"@type\":\"WebPage\",\"@id\":\"https:\/\/sales-ai-agents.com\/tr\/templates\/engineering-wiki\/\",\"url\":\"https:\/\/sales-ai-agents.com\/tr\/templates\/engineering-wiki\/\",\"name\":\"M\u00fchendislik Wiki \u015eablonu - Sales AI Agents\",\"isPartOf\":{\"@id\":\"https:\/\/sales-ai-agents.com\/#website\"},\"primaryImageOfPage\":{\"@id\":\"https:\/\/sales-ai-agents.com\/tr\/templates\/engineering-wiki\/#primaryimage\"},\"image\":{\"@id\":\"https:\/\/sales-ai-agents.com\/tr\/templates\/engineering-wiki\/#primaryimage\"},\"thumbnailUrl\":\"https:\/\/sales-ai-agents.com\/wp-content\/uploads\/2023\/01\/image-preview121424.png\",\"datePublished\":\"2022-09-26T12:14:27+00:00\",\"dateModified\":\"2023-12-26T14:41:56+00:00\",\"description\":\"Bu m\u00fchendislik wikisi, t\u00fcm bilgileriniz i\u00e7in bir bilgi taban\u0131 gibi \u00e7al\u0131\u015f\u0131r. Bu \u015fablonla ekibiniz i\u00e7in gerekli belgeleri tek bir yerde toplay\u0131n!\",\"inLanguage\":\"tr\",\"potentialAction\":[{\"@type\":\"ReadAction\",\"target\":[\"https:\/\/sales-ai-agents.com\/tr\/templates\/engineering-wiki\/\"]}]},{\"@type\":\"ImageObject\",\"inLanguage\":\"tr\",\"@id\":\"https:\/\/sales-ai-agents.com\/tr\/templates\/engineering-wiki\/#primaryimage\",\"url\":\"https:\/\/sales-ai-agents.com\/wp-content\/uploads\/2023\/01\/image-preview121424.png\",\"contentUrl\":\"https:\/\/sales-ai-agents.com\/wp-content\/uploads\/2023\/01\/image-preview121424.png\",\"width\":1078,\"height\":760},{\"@type\":\"WebSite\",\"@id\":\"https:\/\/sales-ai-agents.com\/#website\",\"url\":\"https:\/\/sales-ai-agents.com\/\",\"name\":\"FuseBase\",\"description\":\"Sales AI Agents - Free Online Collaboration Software for Remote Teams. Build your wikis, client portals and more with the Nimbus Platform collaboration tool ? A perfect space for online work\",\"publisher\":{\"@id\":\"https:\/\/sales-ai-agents.com\/#organization\"},\"potentialAction\":[{\"@type\":\"SearchAction\",\"target\":{\"@type\":\"EntryPoint\",\"urlTemplate\":\"https:\/\/sales-ai-agents.com\/?s={search_term_string}\"},\"query-input\":{\"@type\":\"PropertyValueSpecification\",\"valueRequired\":true,\"valueName\":\"search_term_string\"}}],\"inLanguage\":\"tr\"},{\"@type\":\"Organization\",\"@id\":\"https:\/\/sales-ai-agents.com\/#organization\",\"name\":\"FuseBase\",\"url\":\"https:\/\/sales-ai-agents.com\/\",\"logo\":{\"@type\":\"ImageObject\",\"inLanguage\":\"tr\",\"@id\":\"https:\/\/sales-ai-agents.com\/#\/schema\/logo\/image\/\",\"url\":\"https:\/\/sales-ai-agents.com\/wp-content\/uploads\/2023\/11\/icon-7.svg\",\"contentUrl\":\"https:\/\/sales-ai-agents.com\/wp-content\/uploads\/2023\/11\/icon-7.svg\",\"width\":128,\"height\":128,\"caption\":\"FuseBase\"},\"image\":{\"@id\":\"https:\/\/sales-ai-agents.com\/#\/schema\/logo\/image\/\"}}]}<\/script>\n<!-- \/ Yoast SEO plugin. -->","yoast_head_json":{"title":"M\u00fchendislik Wiki \u015eablonu - Sales AI Agents","description":"Bu m\u00fchendislik wikisi, t\u00fcm bilgileriniz i\u00e7in bir bilgi taban\u0131 gibi \u00e7al\u0131\u015f\u0131r. Bu \u015fablonla ekibiniz i\u00e7in gerekli belgeleri tek bir yerde toplay\u0131n!","robots":{"index":"index","follow":"follow","max-snippet":"max-snippet:-1","max-image-preview":"max-image-preview:large","max-video-preview":"max-video-preview:-1"},"canonical":"https:\/\/sales-ai-agents.com\/tr\/templates\/engineering-wiki\/","og_locale":"tr_TR","og_type":"article","og_title":"M\u00fchendislik Wiki \u015eablonu - Sales AI Agents","og_description":"Bu m\u00fchendislik wikisi, t\u00fcm bilgileriniz i\u00e7in bir bilgi taban\u0131 gibi \u00e7al\u0131\u015f\u0131r. Bu \u015fablonla ekibiniz i\u00e7in gerekli belgeleri tek bir yerde toplay\u0131n!","og_url":"https:\/\/sales-ai-agents.com\/tr\/templates\/engineering-wiki\/","og_site_name":"Sales AI Agents","article_modified_time":"2023-12-26T14:41:56+00:00","og_image":[{"width":1078,"height":760,"url":"https:\/\/sales-ai-agents.com\/wp-content\/uploads\/2023\/01\/image-preview121424.png","type":"image\/png"}],"twitter_card":"summary_large_image","schema":{"@context":"https:\/\/schema.org","@graph":[{"@type":"WebPage","@id":"https:\/\/sales-ai-agents.com\/tr\/templates\/engineering-wiki\/","url":"https:\/\/sales-ai-agents.com\/tr\/templates\/engineering-wiki\/","name":"M\u00fchendislik Wiki \u015eablonu - Sales AI Agents","isPartOf":{"@id":"https:\/\/sales-ai-agents.com\/#website"},"primaryImageOfPage":{"@id":"https:\/\/sales-ai-agents.com\/tr\/templates\/engineering-wiki\/#primaryimage"},"image":{"@id":"https:\/\/sales-ai-agents.com\/tr\/templates\/engineering-wiki\/#primaryimage"},"thumbnailUrl":"https:\/\/sales-ai-agents.com\/wp-content\/uploads\/2023\/01\/image-preview121424.png","datePublished":"2022-09-26T12:14:27+00:00","dateModified":"2023-12-26T14:41:56+00:00","description":"Bu m\u00fchendislik wikisi, t\u00fcm bilgileriniz i\u00e7in bir bilgi taban\u0131 gibi \u00e7al\u0131\u015f\u0131r. Bu \u015fablonla ekibiniz i\u00e7in gerekli belgeleri tek bir yerde toplay\u0131n!","inLanguage":"tr","potentialAction":[{"@type":"ReadAction","target":["https:\/\/sales-ai-agents.com\/tr\/templates\/engineering-wiki\/"]}]},{"@type":"ImageObject","inLanguage":"tr","@id":"https:\/\/sales-ai-agents.com\/tr\/templates\/engineering-wiki\/#primaryimage","url":"https:\/\/sales-ai-agents.com\/wp-content\/uploads\/2023\/01\/image-preview121424.png","contentUrl":"https:\/\/sales-ai-agents.com\/wp-content\/uploads\/2023\/01\/image-preview121424.png","width":1078,"height":760},{"@type":"WebSite","@id":"https:\/\/sales-ai-agents.com\/#website","url":"https:\/\/sales-ai-agents.com\/","name":"FuseBase","description":"Sales AI Agents - Free Online Collaboration Software for Remote Teams. Build your wikis, client portals and more with the Nimbus Platform collaboration tool ? A perfect space for online work","publisher":{"@id":"https:\/\/sales-ai-agents.com\/#organization"},"potentialAction":[{"@type":"SearchAction","target":{"@type":"EntryPoint","urlTemplate":"https:\/\/sales-ai-agents.com\/?s={search_term_string}"},"query-input":{"@type":"PropertyValueSpecification","valueRequired":true,"valueName":"search_term_string"}}],"inLanguage":"tr"},{"@type":"Organization","@id":"https:\/\/sales-ai-agents.com\/#organization","name":"FuseBase","url":"https:\/\/sales-ai-agents.com\/","logo":{"@type":"ImageObject","inLanguage":"tr","@id":"https:\/\/sales-ai-agents.com\/#\/schema\/logo\/image\/","url":"https:\/\/sales-ai-agents.com\/wp-content\/uploads\/2023\/11\/icon-7.svg","contentUrl":"https:\/\/sales-ai-agents.com\/wp-content\/uploads\/2023\/11\/icon-7.svg","width":128,"height":128,"caption":"FuseBase"},"image":{"@id":"https:\/\/sales-ai-agents.com\/#\/schema\/logo\/image\/"}}]}},"_links":{"self":[{"href":"https:\/\/sales-ai-agents.com\/tr\/wp-json\/wp\/v2\/product\/57592","targetHints":{"allow":["GET"]}}],"collection":[{"href":"https:\/\/sales-ai-agents.com\/tr\/wp-json\/wp\/v2\/product"}],"about":[{"href":"https:\/\/sales-ai-agents.com\/tr\/wp-json\/wp\/v2\/types\/product"}],"wp:featuredmedia":[{"embeddable":true,"href":"https:\/\/sales-ai-agents.com\/tr\/wp-json\/wp\/v2\/media\/57593"}],"wp:attachment":[{"href":"https:\/\/sales-ai-agents.com\/tr\/wp-json\/wp\/v2\/media?parent=57592"}],"wp:term":[{"taxonomy":"product_brand","embeddable":true,"href":"https:\/\/sales-ai-agents.com\/tr\/wp-json\/wp\/v2\/product_brand?post=57592"},{"taxonomy":"product_cat","embeddable":true,"href":"https:\/\/sales-ai-agents.com\/tr\/wp-json\/wp\/v2\/product_cat?post=57592"},{"taxonomy":"product_tag","embeddable":true,"href":"https:\/\/sales-ai-agents.com\/tr\/wp-json\/wp\/v2\/product_tag?post=57592"}],"curies":[{"name":"wp","href":"https:\/\/api.w.org\/{rel}","templated":true}]}}