{"id":57598,"date":"2022-09-26T12:13:48","date_gmt":"2022-09-26T12:13:48","guid":{"rendered":"https:\/\/sales-ai-agents.com\/templates\/bank-account-information\/"},"modified":"2023-12-31T16:38:40","modified_gmt":"2023-12-31T16:38:40","slug":"bank-account-information","status":"publish","type":"product","link":"https:\/\/sales-ai-agents.com\/tr\/templates\/bank-account-information\/","title":{"rendered":"Banka Hesap Bilgileri"},"content":{"rendered":"<p>&nbsp;<\/p>\n<h2>Banka Hesap Bilgileri \u015eablonu<\/h2>\n<p class=\"desc-text\">Finansal belgeleri doldururken, bireysel banka hesaplar\u0131na imza atmak veya y\u00f6nlendirme numaralar\u0131n\u0131 bulmak i\u00e7in \u00e7ekleri kar\u0131\u015ft\u0131rmak s\u0131k\u0131c\u0131 olabilir. \u0130\u015fleri sizin i\u00e7in kolayla\u015ft\u0131rmak amac\u0131yla bu banka bilgileri \u015fablonunu haz\u0131rlad\u0131k. T\u00fcm banka bilgilerini tek bir yerden almak i\u00e7in kullanabilirsiniz. Bu \u015fablon, hesaplar\u0131n\u0131z\u0131 birbirinden ay\u0131rmak i\u00e7in renkli tablolar i\u00e7erir. Herhangi bir cihazdan eri\u015febilirsiniz, bu da bilgilerinizin her zaman elinizin alt\u0131nda olaca\u011f\u0131 anlam\u0131na gelir. \u0130zinlere tam eri\u015fim sayesinde bilgilerinizi kontrol edebilir ve her \u015feyin g\u00fcvende kalaca\u011f\u0131na g\u00fcvenebilirsiniz.<\/p>\n<h5>Nas\u0131l kullan\u0131l\u0131r?<\/h5>\n<ul class=\"desc-item_list\">\n<li class=\"desc-item_list__point\">Her tabloyu bankac\u0131l\u0131k bilgileri ile doldurun<\/li>\n<li class=\"desc-item_list__point\">Y\u00f6nlendirme numaralar\u0131, banka adresleri ve daha fazlas\u0131n\u0131 ekleyin<\/li>\n<li class=\"desc-item_list__point\">Bilgilerinize zahmetsizce ula\u015f\u0131n<\/li>\n<li class=\"desc-item_list__point\">Hesap bilgilerine eri\u015fmeniz gerekti\u011finde bu belgeye ba\u015fvurun<\/li>\n<\/ul>\n","protected":false},"excerpt":{"rendered":"<p>Bu \u00fccretsiz \u015fablonla finansal belgeleri doldurun. Bireysel banka hesaplar\u0131na giri\u015f yapmaktan veya y\u00f6nlendirme numaralar\u0131n\u0131 bulmak i\u00e7in \u00e7ekleri kar\u0131\u015ft\u0131rmaktan ka\u00e7\u0131n\u0131n.<\/p>\n","protected":false},"featured_media":57599,"template":"","meta":{"_acf_changed":false,"inline_featured_image":false},"product_brand":[],"product_cat":[257,273],"product_tag":[],"class_list":{"0":"post-57598","1":"product","2":"type-product","3":"status-publish","4":"has-post-thumbnail","6":"product_cat-personal","7":"product_cat-personal-money","9":"first","10":"instock","11":"virtual","12":"sold-individually","13":"product-type-simple"},"acf":[],"yoast_head":"<!-- This site is optimized with the Yoast SEO plugin v25.3.1 - https:\/\/yoast.com\/wordpress\/plugins\/seo\/ -->\n<title>Banka Hesap Bilgileri \u015eablonu - Sales AI Agents<\/title>\n<meta name=\"description\" content=\"Bu \u00fccretsiz \u015fablonla finansal belgeleri doldurun. Bireysel banka hesaplar\u0131na giri\u015f yapmaktan veya y\u00f6nlendirme numaralar\u0131n\u0131 bulmak i\u00e7in \u00e7ekleri kar\u0131\u015ft\u0131rmaktan ka\u00e7\u0131n\u0131n.\" \/>\n<meta name=\"robots\" content=\"index, follow, max-snippet:-1, max-image-preview:large, max-video-preview:-1\" \/>\n<link rel=\"canonical\" href=\"https:\/\/sales-ai-agents.com\/tr\/templates\/bank-account-information\/\" \/>\n<meta property=\"og:locale\" content=\"tr_TR\" \/>\n<meta property=\"og:type\" content=\"article\" \/>\n<meta property=\"og:title\" content=\"Banka Hesap Bilgileri \u015eablonu - Sales AI Agents\" \/>\n<meta property=\"og:description\" content=\"Bu \u00fccretsiz \u015fablonla finansal belgeleri doldurun. Bireysel banka hesaplar\u0131na giri\u015f yapmaktan veya y\u00f6nlendirme numaralar\u0131n\u0131 bulmak i\u00e7in \u00e7ekleri kar\u0131\u015ft\u0131rmaktan ka\u00e7\u0131n\u0131n.\" \/>\n<meta property=\"og:url\" content=\"https:\/\/sales-ai-agents.com\/tr\/templates\/bank-account-information\/\" \/>\n<meta property=\"og:site_name\" content=\"Sales AI Agents\" \/>\n<meta property=\"article:modified_time\" content=\"2023-12-31T16:38:40+00:00\" \/>\n<meta property=\"og:image\" content=\"https:\/\/sales-ai-agents.com\/wp-content\/uploads\/2023\/01\/image-preview121954.png\" \/>\n\t<meta property=\"og:image:width\" content=\"1078\" \/>\n\t<meta property=\"og:image:height\" content=\"760\" \/>\n\t<meta property=\"og:image:type\" content=\"image\/png\" \/>\n<meta name=\"twitter:card\" content=\"summary_large_image\" \/>\n<script type=\"application\/ld+json\" class=\"yoast-schema-graph\">{\"@context\":\"https:\/\/schema.org\",\"@graph\":[{\"@type\":\"WebPage\",\"@id\":\"https:\/\/sales-ai-agents.com\/tr\/templates\/bank-account-information\/\",\"url\":\"https:\/\/sales-ai-agents.com\/tr\/templates\/bank-account-information\/\",\"name\":\"Banka Hesap Bilgileri \u015eablonu - Sales AI Agents\",\"isPartOf\":{\"@id\":\"https:\/\/sales-ai-agents.com\/#website\"},\"primaryImageOfPage\":{\"@id\":\"https:\/\/sales-ai-agents.com\/tr\/templates\/bank-account-information\/#primaryimage\"},\"image\":{\"@id\":\"https:\/\/sales-ai-agents.com\/tr\/templates\/bank-account-information\/#primaryimage\"},\"thumbnailUrl\":\"https:\/\/sales-ai-agents.com\/wp-content\/uploads\/2023\/01\/image-preview121954.png\",\"datePublished\":\"2022-09-26T12:13:48+00:00\",\"dateModified\":\"2023-12-31T16:38:40+00:00\",\"description\":\"Bu \u00fccretsiz \u015fablonla finansal belgeleri doldurun. Bireysel banka hesaplar\u0131na giri\u015f yapmaktan veya y\u00f6nlendirme numaralar\u0131n\u0131 bulmak i\u00e7in \u00e7ekleri kar\u0131\u015ft\u0131rmaktan ka\u00e7\u0131n\u0131n.\",\"inLanguage\":\"tr\",\"potentialAction\":[{\"@type\":\"ReadAction\",\"target\":[\"https:\/\/sales-ai-agents.com\/tr\/templates\/bank-account-information\/\"]}]},{\"@type\":\"ImageObject\",\"inLanguage\":\"tr\",\"@id\":\"https:\/\/sales-ai-agents.com\/tr\/templates\/bank-account-information\/#primaryimage\",\"url\":\"https:\/\/sales-ai-agents.com\/wp-content\/uploads\/2023\/01\/image-preview121954.png\",\"contentUrl\":\"https:\/\/sales-ai-agents.com\/wp-content\/uploads\/2023\/01\/image-preview121954.png\",\"width\":1078,\"height\":760},{\"@type\":\"WebSite\",\"@id\":\"https:\/\/sales-ai-agents.com\/#website\",\"url\":\"https:\/\/sales-ai-agents.com\/\",\"name\":\"FuseBase\",\"description\":\"Sales AI Agents - Free Online Collaboration Software for Remote Teams. Build your wikis, client portals and more with the Nimbus Platform collaboration tool ? A perfect space for online work\",\"publisher\":{\"@id\":\"https:\/\/sales-ai-agents.com\/#organization\"},\"potentialAction\":[{\"@type\":\"SearchAction\",\"target\":{\"@type\":\"EntryPoint\",\"urlTemplate\":\"https:\/\/sales-ai-agents.com\/?s={search_term_string}\"},\"query-input\":{\"@type\":\"PropertyValueSpecification\",\"valueRequired\":true,\"valueName\":\"search_term_string\"}}],\"inLanguage\":\"tr\"},{\"@type\":\"Organization\",\"@id\":\"https:\/\/sales-ai-agents.com\/#organization\",\"name\":\"FuseBase\",\"url\":\"https:\/\/sales-ai-agents.com\/\",\"logo\":{\"@type\":\"ImageObject\",\"inLanguage\":\"tr\",\"@id\":\"https:\/\/sales-ai-agents.com\/#\/schema\/logo\/image\/\",\"url\":\"https:\/\/sales-ai-agents.com\/wp-content\/uploads\/2023\/11\/icon-7.svg\",\"contentUrl\":\"https:\/\/sales-ai-agents.com\/wp-content\/uploads\/2023\/11\/icon-7.svg\",\"width\":128,\"height\":128,\"caption\":\"FuseBase\"},\"image\":{\"@id\":\"https:\/\/sales-ai-agents.com\/#\/schema\/logo\/image\/\"}}]}<\/script>\n<!-- \/ Yoast SEO plugin. -->","yoast_head_json":{"title":"Banka Hesap Bilgileri \u015eablonu - Sales AI Agents","description":"Bu \u00fccretsiz \u015fablonla finansal belgeleri doldurun. Bireysel banka hesaplar\u0131na giri\u015f yapmaktan veya y\u00f6nlendirme numaralar\u0131n\u0131 bulmak i\u00e7in \u00e7ekleri kar\u0131\u015ft\u0131rmaktan ka\u00e7\u0131n\u0131n.","robots":{"index":"index","follow":"follow","max-snippet":"max-snippet:-1","max-image-preview":"max-image-preview:large","max-video-preview":"max-video-preview:-1"},"canonical":"https:\/\/sales-ai-agents.com\/tr\/templates\/bank-account-information\/","og_locale":"tr_TR","og_type":"article","og_title":"Banka Hesap Bilgileri \u015eablonu - Sales AI Agents","og_description":"Bu \u00fccretsiz \u015fablonla finansal belgeleri doldurun. Bireysel banka hesaplar\u0131na giri\u015f yapmaktan veya y\u00f6nlendirme numaralar\u0131n\u0131 bulmak i\u00e7in \u00e7ekleri kar\u0131\u015ft\u0131rmaktan ka\u00e7\u0131n\u0131n.","og_url":"https:\/\/sales-ai-agents.com\/tr\/templates\/bank-account-information\/","og_site_name":"Sales AI Agents","article_modified_time":"2023-12-31T16:38:40+00:00","og_image":[{"width":1078,"height":760,"url":"https:\/\/sales-ai-agents.com\/wp-content\/uploads\/2023\/01\/image-preview121954.png","type":"image\/png"}],"twitter_card":"summary_large_image","schema":{"@context":"https:\/\/schema.org","@graph":[{"@type":"WebPage","@id":"https:\/\/sales-ai-agents.com\/tr\/templates\/bank-account-information\/","url":"https:\/\/sales-ai-agents.com\/tr\/templates\/bank-account-information\/","name":"Banka Hesap Bilgileri \u015eablonu - Sales AI Agents","isPartOf":{"@id":"https:\/\/sales-ai-agents.com\/#website"},"primaryImageOfPage":{"@id":"https:\/\/sales-ai-agents.com\/tr\/templates\/bank-account-information\/#primaryimage"},"image":{"@id":"https:\/\/sales-ai-agents.com\/tr\/templates\/bank-account-information\/#primaryimage"},"thumbnailUrl":"https:\/\/sales-ai-agents.com\/wp-content\/uploads\/2023\/01\/image-preview121954.png","datePublished":"2022-09-26T12:13:48+00:00","dateModified":"2023-12-31T16:38:40+00:00","description":"Bu \u00fccretsiz \u015fablonla finansal belgeleri doldurun. Bireysel banka hesaplar\u0131na giri\u015f yapmaktan veya y\u00f6nlendirme numaralar\u0131n\u0131 bulmak i\u00e7in \u00e7ekleri kar\u0131\u015ft\u0131rmaktan ka\u00e7\u0131n\u0131n.","inLanguage":"tr","potentialAction":[{"@type":"ReadAction","target":["https:\/\/sales-ai-agents.com\/tr\/templates\/bank-account-information\/"]}]},{"@type":"ImageObject","inLanguage":"tr","@id":"https:\/\/sales-ai-agents.com\/tr\/templates\/bank-account-information\/#primaryimage","url":"https:\/\/sales-ai-agents.com\/wp-content\/uploads\/2023\/01\/image-preview121954.png","contentUrl":"https:\/\/sales-ai-agents.com\/wp-content\/uploads\/2023\/01\/image-preview121954.png","width":1078,"height":760},{"@type":"WebSite","@id":"https:\/\/sales-ai-agents.com\/#website","url":"https:\/\/sales-ai-agents.com\/","name":"FuseBase","description":"Sales AI Agents - Free Online Collaboration Software for Remote Teams. Build your wikis, client portals and more with the Nimbus Platform collaboration tool ? A perfect space for online work","publisher":{"@id":"https:\/\/sales-ai-agents.com\/#organization"},"potentialAction":[{"@type":"SearchAction","target":{"@type":"EntryPoint","urlTemplate":"https:\/\/sales-ai-agents.com\/?s={search_term_string}"},"query-input":{"@type":"PropertyValueSpecification","valueRequired":true,"valueName":"search_term_string"}}],"inLanguage":"tr"},{"@type":"Organization","@id":"https:\/\/sales-ai-agents.com\/#organization","name":"FuseBase","url":"https:\/\/sales-ai-agents.com\/","logo":{"@type":"ImageObject","inLanguage":"tr","@id":"https:\/\/sales-ai-agents.com\/#\/schema\/logo\/image\/","url":"https:\/\/sales-ai-agents.com\/wp-content\/uploads\/2023\/11\/icon-7.svg","contentUrl":"https:\/\/sales-ai-agents.com\/wp-content\/uploads\/2023\/11\/icon-7.svg","width":128,"height":128,"caption":"FuseBase"},"image":{"@id":"https:\/\/sales-ai-agents.com\/#\/schema\/logo\/image\/"}}]}},"_links":{"self":[{"href":"https:\/\/sales-ai-agents.com\/tr\/wp-json\/wp\/v2\/product\/57598","targetHints":{"allow":["GET"]}}],"collection":[{"href":"https:\/\/sales-ai-agents.com\/tr\/wp-json\/wp\/v2\/product"}],"about":[{"href":"https:\/\/sales-ai-agents.com\/tr\/wp-json\/wp\/v2\/types\/product"}],"wp:featuredmedia":[{"embeddable":true,"href":"https:\/\/sales-ai-agents.com\/tr\/wp-json\/wp\/v2\/media\/57599"}],"wp:attachment":[{"href":"https:\/\/sales-ai-agents.com\/tr\/wp-json\/wp\/v2\/media?parent=57598"}],"wp:term":[{"taxonomy":"product_brand","embeddable":true,"href":"https:\/\/sales-ai-agents.com\/tr\/wp-json\/wp\/v2\/product_brand?post=57598"},{"taxonomy":"product_cat","embeddable":true,"href":"https:\/\/sales-ai-agents.com\/tr\/wp-json\/wp\/v2\/product_cat?post=57598"},{"taxonomy":"product_tag","embeddable":true,"href":"https:\/\/sales-ai-agents.com\/tr\/wp-json\/wp\/v2\/product_tag?post=57598"}],"curies":[{"name":"wp","href":"https:\/\/api.w.org\/{rel}","templated":true}]}}