{"id":57603,"date":"2022-09-26T12:13:44","date_gmt":"2022-09-26T12:13:44","guid":{"rendered":"https:\/\/sales-ai-agents.com\/templates\/planning-blog-post\/"},"modified":"2024-01-02T11:55:07","modified_gmt":"2024-01-02T11:55:07","slug":"planning-blog-post","status":"publish","type":"product","link":"https:\/\/sales-ai-agents.com\/tr\/templates\/planning-blog-post\/","title":{"rendered":"Planlama Blog Yaz\u0131s\u0131"},"content":{"rendered":"<p>&nbsp;<\/p>\n<h2>Blog Yaz\u0131s\u0131 Planlama \u015eablonu<\/h2>\n<p class=\"desc-text\">Makale yazarken, yaz\u0131 i\u00e7in ama\u00e7 ve hedefler belirlemek strateji olu\u015fturmaya yard\u0131mc\u0131 olabilir. Bu \u015fablonla \u00f6nemli anahtar kelimeleri not edebilir, hedefleri listeleyebilir ve fikirler \u00fczerinde beyin f\u0131rt\u0131nas\u0131 yapabilirsiniz. Hedef kitlenizi not edin, b\u00f6ylece yaz\u0131lar\u0131n\u0131z\u0131 okuyucular\u0131n\u0131za y\u00f6nelik tutabilirsiniz. \u00c7al\u0131\u015fman\u0131z\u0131 daha ileriye ta\u015f\u0131mak i\u00e7in harekete ge\u00e7irici mesajlar olu\u015fturun.<\/p>\n<h5>Nas\u0131l kullan\u0131l\u0131r?<\/h5>\n<ul class=\"desc-item_list\">\n<li class=\"desc-item_list__point\">\u00d6nemli anahtar kelimeleri ekleyin<\/li>\n<li class=\"desc-item_list__point\">Yaz\u0131n\u0131z i\u00e7in beyin f\u0131rt\u0131nas\u0131 hedefleri<\/li>\n<li class=\"desc-item_list__point\">Okuyucular\u0131n\u0131z ve hedef kitleniz hakk\u0131nda notlar al\u0131n<\/li>\n<li class=\"desc-item_list__point\">Resimleri ve ekleri ekleyin<\/li>\n<li class=\"desc-item_list__point\">\u00c7al\u0131\u015fman\u0131z i\u00e7in ilk tasla\u011f\u0131 haz\u0131rlamaya ba\u015flay\u0131n<\/li>\n<\/ul>\n","protected":false},"excerpt":{"rendered":"<p>Makale yazarken, yaz\u0131 i\u00e7in ama\u00e7 ve hedefler belirleyin. Bu \u015fablonla \u00f6nemli anahtar kelimeleri not edebilir, hedefleri listeleyebilir ve fikirler \u00fczerinde beyin f\u0131rt\u0131nas\u0131 yapabilirsiniz.<\/p>\n","protected":false},"featured_media":57604,"template":"","meta":{"_acf_changed":false,"inline_featured_image":false},"product_brand":[],"product_cat":[250,249],"product_tag":[232],"class_list":{"0":"post-57603","1":"product","2":"type-product","3":"status-publish","4":"has-post-thumbnail","6":"product_cat-marketing","7":"product_cat-marketing-content","8":"product_tag-hit","10":"first","11":"instock","12":"virtual","13":"sold-individually","14":"product-type-simple"},"acf":[],"yoast_head":"<!-- This site is optimized with the Yoast SEO plugin v25.3.1 - https:\/\/yoast.com\/wordpress\/plugins\/seo\/ -->\n<title>Blog Yaz\u0131s\u0131 Planlama \u015eablonu - Sales AI Agents<\/title>\n<meta name=\"description\" content=\"Makale yazarken, yaz\u0131 i\u00e7in ama\u00e7 ve hedefler belirleyin. Bu \u015fablonla \u00f6nemli anahtar kelimeleri not edebilir, hedefleri listeleyebilir ve fikirler \u00fczerinde beyin f\u0131rt\u0131nas\u0131 yapabilirsiniz.\" \/>\n<meta name=\"robots\" content=\"index, follow, max-snippet:-1, max-image-preview:large, max-video-preview:-1\" \/>\n<link rel=\"canonical\" href=\"https:\/\/sales-ai-agents.com\/tr\/templates\/planning-blog-post\/\" \/>\n<meta property=\"og:locale\" content=\"tr_TR\" \/>\n<meta property=\"og:type\" content=\"article\" \/>\n<meta property=\"og:title\" content=\"Blog Yaz\u0131s\u0131 Planlama \u015eablonu - Sales AI Agents\" \/>\n<meta property=\"og:description\" content=\"Makale yazarken, yaz\u0131 i\u00e7in ama\u00e7 ve hedefler belirleyin. Bu \u015fablonla \u00f6nemli anahtar kelimeleri not edebilir, hedefleri listeleyebilir ve fikirler \u00fczerinde beyin f\u0131rt\u0131nas\u0131 yapabilirsiniz.\" \/>\n<meta property=\"og:url\" content=\"https:\/\/sales-ai-agents.com\/tr\/templates\/planning-blog-post\/\" \/>\n<meta property=\"og:site_name\" content=\"Sales AI Agents\" \/>\n<meta property=\"article:modified_time\" content=\"2024-01-02T11:55:07+00:00\" \/>\n<meta property=\"og:image\" content=\"https:\/\/sales-ai-agents.com\/wp-content\/uploads\/2022\/09\/Planning-Blog-Post-Template.png\" \/>\n\t<meta property=\"og:image:width\" content=\"1700\" \/>\n\t<meta property=\"og:image:height\" content=\"1100\" \/>\n\t<meta property=\"og:image:type\" content=\"image\/png\" \/>\n<meta name=\"twitter:card\" content=\"summary_large_image\" \/>\n<script type=\"application\/ld+json\" class=\"yoast-schema-graph\">{\"@context\":\"https:\/\/schema.org\",\"@graph\":[{\"@type\":\"WebPage\",\"@id\":\"https:\/\/sales-ai-agents.com\/tr\/templates\/planning-blog-post\/\",\"url\":\"https:\/\/sales-ai-agents.com\/tr\/templates\/planning-blog-post\/\",\"name\":\"Blog Yaz\u0131s\u0131 Planlama \u015eablonu - Sales AI Agents\",\"isPartOf\":{\"@id\":\"https:\/\/sales-ai-agents.com\/#website\"},\"primaryImageOfPage\":{\"@id\":\"https:\/\/sales-ai-agents.com\/tr\/templates\/planning-blog-post\/#primaryimage\"},\"image\":{\"@id\":\"https:\/\/sales-ai-agents.com\/tr\/templates\/planning-blog-post\/#primaryimage\"},\"thumbnailUrl\":\"https:\/\/sales-ai-agents.com\/wp-content\/uploads\/2022\/09\/Planning-Blog-Post-Template.png\",\"datePublished\":\"2022-09-26T12:13:44+00:00\",\"dateModified\":\"2024-01-02T11:55:07+00:00\",\"description\":\"Makale yazarken, yaz\u0131 i\u00e7in ama\u00e7 ve hedefler belirleyin. Bu \u015fablonla \u00f6nemli anahtar kelimeleri not edebilir, hedefleri listeleyebilir ve fikirler \u00fczerinde beyin f\u0131rt\u0131nas\u0131 yapabilirsiniz.\",\"inLanguage\":\"tr\",\"potentialAction\":[{\"@type\":\"ReadAction\",\"target\":[\"https:\/\/sales-ai-agents.com\/tr\/templates\/planning-blog-post\/\"]}]},{\"@type\":\"ImageObject\",\"inLanguage\":\"tr\",\"@id\":\"https:\/\/sales-ai-agents.com\/tr\/templates\/planning-blog-post\/#primaryimage\",\"url\":\"https:\/\/sales-ai-agents.com\/wp-content\/uploads\/2022\/09\/Planning-Blog-Post-Template.png\",\"contentUrl\":\"https:\/\/sales-ai-agents.com\/wp-content\/uploads\/2022\/09\/Planning-Blog-Post-Template.png\",\"width\":1700,\"height\":1100},{\"@type\":\"WebSite\",\"@id\":\"https:\/\/sales-ai-agents.com\/#website\",\"url\":\"https:\/\/sales-ai-agents.com\/\",\"name\":\"FuseBase\",\"description\":\"Sales AI Agents - Free Online Collaboration Software for Remote Teams. Build your wikis, client portals and more with the Nimbus Platform collaboration tool ? A perfect space for online work\",\"publisher\":{\"@id\":\"https:\/\/sales-ai-agents.com\/#organization\"},\"potentialAction\":[{\"@type\":\"SearchAction\",\"target\":{\"@type\":\"EntryPoint\",\"urlTemplate\":\"https:\/\/sales-ai-agents.com\/?s={search_term_string}\"},\"query-input\":{\"@type\":\"PropertyValueSpecification\",\"valueRequired\":true,\"valueName\":\"search_term_string\"}}],\"inLanguage\":\"tr\"},{\"@type\":\"Organization\",\"@id\":\"https:\/\/sales-ai-agents.com\/#organization\",\"name\":\"FuseBase\",\"url\":\"https:\/\/sales-ai-agents.com\/\",\"logo\":{\"@type\":\"ImageObject\",\"inLanguage\":\"tr\",\"@id\":\"https:\/\/sales-ai-agents.com\/#\/schema\/logo\/image\/\",\"url\":\"https:\/\/sales-ai-agents.com\/wp-content\/uploads\/2023\/11\/icon-7.svg\",\"contentUrl\":\"https:\/\/sales-ai-agents.com\/wp-content\/uploads\/2023\/11\/icon-7.svg\",\"width\":128,\"height\":128,\"caption\":\"FuseBase\"},\"image\":{\"@id\":\"https:\/\/sales-ai-agents.com\/#\/schema\/logo\/image\/\"}}]}<\/script>\n<!-- \/ Yoast SEO plugin. -->","yoast_head_json":{"title":"Blog Yaz\u0131s\u0131 Planlama \u015eablonu - Sales AI Agents","description":"Makale yazarken, yaz\u0131 i\u00e7in ama\u00e7 ve hedefler belirleyin. Bu \u015fablonla \u00f6nemli anahtar kelimeleri not edebilir, hedefleri listeleyebilir ve fikirler \u00fczerinde beyin f\u0131rt\u0131nas\u0131 yapabilirsiniz.","robots":{"index":"index","follow":"follow","max-snippet":"max-snippet:-1","max-image-preview":"max-image-preview:large","max-video-preview":"max-video-preview:-1"},"canonical":"https:\/\/sales-ai-agents.com\/tr\/templates\/planning-blog-post\/","og_locale":"tr_TR","og_type":"article","og_title":"Blog Yaz\u0131s\u0131 Planlama \u015eablonu - Sales AI Agents","og_description":"Makale yazarken, yaz\u0131 i\u00e7in ama\u00e7 ve hedefler belirleyin. Bu \u015fablonla \u00f6nemli anahtar kelimeleri not edebilir, hedefleri listeleyebilir ve fikirler \u00fczerinde beyin f\u0131rt\u0131nas\u0131 yapabilirsiniz.","og_url":"https:\/\/sales-ai-agents.com\/tr\/templates\/planning-blog-post\/","og_site_name":"Sales AI Agents","article_modified_time":"2024-01-02T11:55:07+00:00","og_image":[{"width":1700,"height":1100,"url":"https:\/\/sales-ai-agents.com\/wp-content\/uploads\/2022\/09\/Planning-Blog-Post-Template.png","type":"image\/png"}],"twitter_card":"summary_large_image","schema":{"@context":"https:\/\/schema.org","@graph":[{"@type":"WebPage","@id":"https:\/\/sales-ai-agents.com\/tr\/templates\/planning-blog-post\/","url":"https:\/\/sales-ai-agents.com\/tr\/templates\/planning-blog-post\/","name":"Blog Yaz\u0131s\u0131 Planlama \u015eablonu - Sales AI Agents","isPartOf":{"@id":"https:\/\/sales-ai-agents.com\/#website"},"primaryImageOfPage":{"@id":"https:\/\/sales-ai-agents.com\/tr\/templates\/planning-blog-post\/#primaryimage"},"image":{"@id":"https:\/\/sales-ai-agents.com\/tr\/templates\/planning-blog-post\/#primaryimage"},"thumbnailUrl":"https:\/\/sales-ai-agents.com\/wp-content\/uploads\/2022\/09\/Planning-Blog-Post-Template.png","datePublished":"2022-09-26T12:13:44+00:00","dateModified":"2024-01-02T11:55:07+00:00","description":"Makale yazarken, yaz\u0131 i\u00e7in ama\u00e7 ve hedefler belirleyin. Bu \u015fablonla \u00f6nemli anahtar kelimeleri not edebilir, hedefleri listeleyebilir ve fikirler \u00fczerinde beyin f\u0131rt\u0131nas\u0131 yapabilirsiniz.","inLanguage":"tr","potentialAction":[{"@type":"ReadAction","target":["https:\/\/sales-ai-agents.com\/tr\/templates\/planning-blog-post\/"]}]},{"@type":"ImageObject","inLanguage":"tr","@id":"https:\/\/sales-ai-agents.com\/tr\/templates\/planning-blog-post\/#primaryimage","url":"https:\/\/sales-ai-agents.com\/wp-content\/uploads\/2022\/09\/Planning-Blog-Post-Template.png","contentUrl":"https:\/\/sales-ai-agents.com\/wp-content\/uploads\/2022\/09\/Planning-Blog-Post-Template.png","width":1700,"height":1100},{"@type":"WebSite","@id":"https:\/\/sales-ai-agents.com\/#website","url":"https:\/\/sales-ai-agents.com\/","name":"FuseBase","description":"Sales AI Agents - Free Online Collaboration Software for Remote Teams. Build your wikis, client portals and more with the Nimbus Platform collaboration tool ? A perfect space for online work","publisher":{"@id":"https:\/\/sales-ai-agents.com\/#organization"},"potentialAction":[{"@type":"SearchAction","target":{"@type":"EntryPoint","urlTemplate":"https:\/\/sales-ai-agents.com\/?s={search_term_string}"},"query-input":{"@type":"PropertyValueSpecification","valueRequired":true,"valueName":"search_term_string"}}],"inLanguage":"tr"},{"@type":"Organization","@id":"https:\/\/sales-ai-agents.com\/#organization","name":"FuseBase","url":"https:\/\/sales-ai-agents.com\/","logo":{"@type":"ImageObject","inLanguage":"tr","@id":"https:\/\/sales-ai-agents.com\/#\/schema\/logo\/image\/","url":"https:\/\/sales-ai-agents.com\/wp-content\/uploads\/2023\/11\/icon-7.svg","contentUrl":"https:\/\/sales-ai-agents.com\/wp-content\/uploads\/2023\/11\/icon-7.svg","width":128,"height":128,"caption":"FuseBase"},"image":{"@id":"https:\/\/sales-ai-agents.com\/#\/schema\/logo\/image\/"}}]}},"_links":{"self":[{"href":"https:\/\/sales-ai-agents.com\/tr\/wp-json\/wp\/v2\/product\/57603","targetHints":{"allow":["GET"]}}],"collection":[{"href":"https:\/\/sales-ai-agents.com\/tr\/wp-json\/wp\/v2\/product"}],"about":[{"href":"https:\/\/sales-ai-agents.com\/tr\/wp-json\/wp\/v2\/types\/product"}],"wp:featuredmedia":[{"embeddable":true,"href":"https:\/\/sales-ai-agents.com\/tr\/wp-json\/wp\/v2\/media\/57604"}],"wp:attachment":[{"href":"https:\/\/sales-ai-agents.com\/tr\/wp-json\/wp\/v2\/media?parent=57603"}],"wp:term":[{"taxonomy":"product_brand","embeddable":true,"href":"https:\/\/sales-ai-agents.com\/tr\/wp-json\/wp\/v2\/product_brand?post=57603"},{"taxonomy":"product_cat","embeddable":true,"href":"https:\/\/sales-ai-agents.com\/tr\/wp-json\/wp\/v2\/product_cat?post=57603"},{"taxonomy":"product_tag","embeddable":true,"href":"https:\/\/sales-ai-agents.com\/tr\/wp-json\/wp\/v2\/product_tag?post=57603"}],"curies":[{"name":"wp","href":"https:\/\/api.w.org\/{rel}","templated":true}]}}