{"id":57607,"date":"2022-09-26T12:13:40","date_gmt":"2022-09-26T12:13:40","guid":{"rendered":"https:\/\/sales-ai-agents.com\/templates\/food-log\/"},"modified":"2024-01-02T13:18:16","modified_gmt":"2024-01-02T13:18:16","slug":"food-log","status":"publish","type":"product","link":"https:\/\/sales-ai-agents.com\/tr\/templates\/food-log\/","title":{"rendered":"Yemek G\u00fcnl\u00fc\u011f\u00fc"},"content":{"rendered":"<p>&nbsp;<\/p>\n<h2>Yemek G\u00fcnl\u00fc\u011f\u00fc \u015eablonu<\/h2>\n<p class=\"desc-text\">G\u00fcn boyunca yediklerinizi ve i\u00e7tiklerinizi takip etmek i\u00e7in yemek g\u00fcnl\u00fc\u011f\u00fc \u015fablonumuzu kullan\u0131n. G\u0131da g\u00fcnl\u00fc\u011f\u00fc, kilo kontrol\u00fc, kilo verme ve iyi sa\u011fl\u0131k al\u0131\u015fkanl\u0131klar\u0131 geli\u015ftirmek i\u00e7in \u00e7ok yararl\u0131d\u0131r. Genellikle g\u00fcnl\u00fck bir kalori hedefi belirlersiniz ve bu hedefe ula\u015fman\u0131za yard\u0131mc\u0131 olmas\u0131 i\u00e7in yemek g\u00fcnl\u00fc\u011f\u00fcn\u00fc kullan\u0131rs\u0131n\u0131z.<\/p>\n<h5>Nas\u0131l kullan\u0131l\u0131r?<\/h5>\n<ul class=\"desc-item_list\">\n<li class=\"desc-item_list__point\">Ula\u015fmak istedi\u011finiz tarihi ve g\u00fcnl\u00fck kalori hedefini girin<\/li>\n<li class=\"desc-item_list__point\">G\u00fcn boyunca yedi\u011finiz her yiyece\u011fi ve i\u00e7ti\u011finiz her i\u00e7ece\u011fi ekleyin<\/li>\n<li class=\"desc-item_list__point\">\u00d6\u011f\u00fcn\u00fc, saati ve kaloriyi not edin<\/li>\n<li class=\"desc-item_list__point\">Gerekirse yorum ekleyin<\/li>\n<li class=\"desc-item_list__point\">G\u00fcnl\u00fck toplam kalori miktar\u0131n\u0131 takip edin<\/li>\n<\/ul>\n","protected":false},"excerpt":{"rendered":"<p>G\u00fcn boyunca yediklerinizi ve i\u00e7tiklerinizi takip etmek i\u00e7in \u00fccretsiz yemek g\u00fcnl\u00fc\u011f\u00fc \u015fablonumuzu kullan\u0131n. G\u00fcnl\u00fck bir kalori hedefi belirleyin ve bu hedefe ula\u015fman\u0131za yard\u0131mc\u0131 olmas\u0131 i\u00e7in yemek g\u00fcnl\u00fc\u011f\u00fcn\u00fc kullan\u0131n!<\/p>\n","protected":false},"featured_media":57608,"template":"","meta":{"_acf_changed":false,"inline_featured_image":false},"product_brand":[],"product_cat":[257,259,256],"product_tag":[],"class_list":{"0":"post-57607","1":"product","2":"type-product","3":"status-publish","4":"has-post-thumbnail","6":"product_cat-personal","7":"product_cat-personal-health","8":"product_cat-organizers-planners","10":"first","11":"instock","12":"virtual","13":"sold-individually","14":"product-type-simple"},"acf":[],"yoast_head":"<!-- This site is optimized with the Yoast SEO plugin v25.3.1 - https:\/\/yoast.com\/wordpress\/plugins\/seo\/ -->\n<title>G\u0131da G\u00fcnl\u00fc\u011f\u00fc \u015eablonu - Sales AI Agents<\/title>\n<meta name=\"description\" content=\"G\u00fcn boyunca yediklerinizi ve i\u00e7tiklerinizi takip etmek i\u00e7in \u00fccretsiz yemek g\u00fcnl\u00fc\u011f\u00fc \u015fablonumuzu kullan\u0131n. G\u00fcnl\u00fck bir kalori hedefi belirleyin ve bu hedefe ula\u015f\u0131n!\" \/>\n<meta name=\"robots\" content=\"index, follow, max-snippet:-1, max-image-preview:large, max-video-preview:-1\" \/>\n<link rel=\"canonical\" href=\"https:\/\/sales-ai-agents.com\/tr\/templates\/food-log\/\" \/>\n<meta property=\"og:locale\" content=\"tr_TR\" \/>\n<meta property=\"og:type\" content=\"article\" \/>\n<meta property=\"og:title\" content=\"G\u0131da G\u00fcnl\u00fc\u011f\u00fc \u015eablonu - Sales AI Agents\" \/>\n<meta property=\"og:description\" content=\"G\u00fcn boyunca yediklerinizi ve i\u00e7tiklerinizi takip etmek i\u00e7in \u00fccretsiz yemek g\u00fcnl\u00fc\u011f\u00fc \u015fablonumuzu kullan\u0131n. G\u00fcnl\u00fck bir kalori hedefi belirleyin ve bu hedefe ula\u015f\u0131n!\" \/>\n<meta property=\"og:url\" content=\"https:\/\/sales-ai-agents.com\/tr\/templates\/food-log\/\" \/>\n<meta property=\"og:site_name\" content=\"Sales AI Agents\" \/>\n<meta property=\"article:modified_time\" content=\"2024-01-02T13:18:16+00:00\" \/>\n<meta property=\"og:image\" content=\"https:\/\/sales-ai-agents.com\/wp-content\/uploads\/2023\/01\/image-preview121916.png\" \/>\n\t<meta property=\"og:image:width\" content=\"1078\" \/>\n\t<meta property=\"og:image:height\" content=\"823\" \/>\n\t<meta property=\"og:image:type\" content=\"image\/png\" \/>\n<meta name=\"twitter:card\" content=\"summary_large_image\" \/>\n<script type=\"application\/ld+json\" class=\"yoast-schema-graph\">{\"@context\":\"https:\/\/schema.org\",\"@graph\":[{\"@type\":\"WebPage\",\"@id\":\"https:\/\/sales-ai-agents.com\/tr\/templates\/food-log\/\",\"url\":\"https:\/\/sales-ai-agents.com\/tr\/templates\/food-log\/\",\"name\":\"G\u0131da G\u00fcnl\u00fc\u011f\u00fc \u015eablonu - Sales AI Agents\",\"isPartOf\":{\"@id\":\"https:\/\/sales-ai-agents.com\/#website\"},\"primaryImageOfPage\":{\"@id\":\"https:\/\/sales-ai-agents.com\/tr\/templates\/food-log\/#primaryimage\"},\"image\":{\"@id\":\"https:\/\/sales-ai-agents.com\/tr\/templates\/food-log\/#primaryimage\"},\"thumbnailUrl\":\"https:\/\/sales-ai-agents.com\/wp-content\/uploads\/2023\/01\/image-preview121916.png\",\"datePublished\":\"2022-09-26T12:13:40+00:00\",\"dateModified\":\"2024-01-02T13:18:16+00:00\",\"description\":\"G\u00fcn boyunca yediklerinizi ve i\u00e7tiklerinizi takip etmek i\u00e7in \u00fccretsiz yemek g\u00fcnl\u00fc\u011f\u00fc \u015fablonumuzu kullan\u0131n. G\u00fcnl\u00fck bir kalori hedefi belirleyin ve bu hedefe ula\u015f\u0131n!\",\"inLanguage\":\"tr\",\"potentialAction\":[{\"@type\":\"ReadAction\",\"target\":[\"https:\/\/sales-ai-agents.com\/tr\/templates\/food-log\/\"]}]},{\"@type\":\"ImageObject\",\"inLanguage\":\"tr\",\"@id\":\"https:\/\/sales-ai-agents.com\/tr\/templates\/food-log\/#primaryimage\",\"url\":\"https:\/\/sales-ai-agents.com\/wp-content\/uploads\/2023\/01\/image-preview121916.png\",\"contentUrl\":\"https:\/\/sales-ai-agents.com\/wp-content\/uploads\/2023\/01\/image-preview121916.png\",\"width\":1078,\"height\":823},{\"@type\":\"WebSite\",\"@id\":\"https:\/\/sales-ai-agents.com\/#website\",\"url\":\"https:\/\/sales-ai-agents.com\/\",\"name\":\"FuseBase\",\"description\":\"Sales AI Agents - Free Online Collaboration Software for Remote Teams. Build your wikis, client portals and more with the Nimbus Platform collaboration tool ? A perfect space for online work\",\"publisher\":{\"@id\":\"https:\/\/sales-ai-agents.com\/#organization\"},\"potentialAction\":[{\"@type\":\"SearchAction\",\"target\":{\"@type\":\"EntryPoint\",\"urlTemplate\":\"https:\/\/sales-ai-agents.com\/?s={search_term_string}\"},\"query-input\":{\"@type\":\"PropertyValueSpecification\",\"valueRequired\":true,\"valueName\":\"search_term_string\"}}],\"inLanguage\":\"tr\"},{\"@type\":\"Organization\",\"@id\":\"https:\/\/sales-ai-agents.com\/#organization\",\"name\":\"FuseBase\",\"url\":\"https:\/\/sales-ai-agents.com\/\",\"logo\":{\"@type\":\"ImageObject\",\"inLanguage\":\"tr\",\"@id\":\"https:\/\/sales-ai-agents.com\/#\/schema\/logo\/image\/\",\"url\":\"https:\/\/sales-ai-agents.com\/wp-content\/uploads\/2023\/11\/icon-7.svg\",\"contentUrl\":\"https:\/\/sales-ai-agents.com\/wp-content\/uploads\/2023\/11\/icon-7.svg\",\"width\":128,\"height\":128,\"caption\":\"FuseBase\"},\"image\":{\"@id\":\"https:\/\/sales-ai-agents.com\/#\/schema\/logo\/image\/\"}}]}<\/script>\n<!-- \/ Yoast SEO plugin. -->","yoast_head_json":{"title":"G\u0131da G\u00fcnl\u00fc\u011f\u00fc \u015eablonu - Sales AI Agents","description":"G\u00fcn boyunca yediklerinizi ve i\u00e7tiklerinizi takip etmek i\u00e7in \u00fccretsiz yemek g\u00fcnl\u00fc\u011f\u00fc \u015fablonumuzu kullan\u0131n. G\u00fcnl\u00fck bir kalori hedefi belirleyin ve bu hedefe ula\u015f\u0131n!","robots":{"index":"index","follow":"follow","max-snippet":"max-snippet:-1","max-image-preview":"max-image-preview:large","max-video-preview":"max-video-preview:-1"},"canonical":"https:\/\/sales-ai-agents.com\/tr\/templates\/food-log\/","og_locale":"tr_TR","og_type":"article","og_title":"G\u0131da G\u00fcnl\u00fc\u011f\u00fc \u015eablonu - Sales AI Agents","og_description":"G\u00fcn boyunca yediklerinizi ve i\u00e7tiklerinizi takip etmek i\u00e7in \u00fccretsiz yemek g\u00fcnl\u00fc\u011f\u00fc \u015fablonumuzu kullan\u0131n. G\u00fcnl\u00fck bir kalori hedefi belirleyin ve bu hedefe ula\u015f\u0131n!","og_url":"https:\/\/sales-ai-agents.com\/tr\/templates\/food-log\/","og_site_name":"Sales AI Agents","article_modified_time":"2024-01-02T13:18:16+00:00","og_image":[{"width":1078,"height":823,"url":"https:\/\/sales-ai-agents.com\/wp-content\/uploads\/2023\/01\/image-preview121916.png","type":"image\/png"}],"twitter_card":"summary_large_image","schema":{"@context":"https:\/\/schema.org","@graph":[{"@type":"WebPage","@id":"https:\/\/sales-ai-agents.com\/tr\/templates\/food-log\/","url":"https:\/\/sales-ai-agents.com\/tr\/templates\/food-log\/","name":"G\u0131da G\u00fcnl\u00fc\u011f\u00fc \u015eablonu - Sales AI Agents","isPartOf":{"@id":"https:\/\/sales-ai-agents.com\/#website"},"primaryImageOfPage":{"@id":"https:\/\/sales-ai-agents.com\/tr\/templates\/food-log\/#primaryimage"},"image":{"@id":"https:\/\/sales-ai-agents.com\/tr\/templates\/food-log\/#primaryimage"},"thumbnailUrl":"https:\/\/sales-ai-agents.com\/wp-content\/uploads\/2023\/01\/image-preview121916.png","datePublished":"2022-09-26T12:13:40+00:00","dateModified":"2024-01-02T13:18:16+00:00","description":"G\u00fcn boyunca yediklerinizi ve i\u00e7tiklerinizi takip etmek i\u00e7in \u00fccretsiz yemek g\u00fcnl\u00fc\u011f\u00fc \u015fablonumuzu kullan\u0131n. G\u00fcnl\u00fck bir kalori hedefi belirleyin ve bu hedefe ula\u015f\u0131n!","inLanguage":"tr","potentialAction":[{"@type":"ReadAction","target":["https:\/\/sales-ai-agents.com\/tr\/templates\/food-log\/"]}]},{"@type":"ImageObject","inLanguage":"tr","@id":"https:\/\/sales-ai-agents.com\/tr\/templates\/food-log\/#primaryimage","url":"https:\/\/sales-ai-agents.com\/wp-content\/uploads\/2023\/01\/image-preview121916.png","contentUrl":"https:\/\/sales-ai-agents.com\/wp-content\/uploads\/2023\/01\/image-preview121916.png","width":1078,"height":823},{"@type":"WebSite","@id":"https:\/\/sales-ai-agents.com\/#website","url":"https:\/\/sales-ai-agents.com\/","name":"FuseBase","description":"Sales AI Agents - Free Online Collaboration Software for Remote Teams. Build your wikis, client portals and more with the Nimbus Platform collaboration tool ? A perfect space for online work","publisher":{"@id":"https:\/\/sales-ai-agents.com\/#organization"},"potentialAction":[{"@type":"SearchAction","target":{"@type":"EntryPoint","urlTemplate":"https:\/\/sales-ai-agents.com\/?s={search_term_string}"},"query-input":{"@type":"PropertyValueSpecification","valueRequired":true,"valueName":"search_term_string"}}],"inLanguage":"tr"},{"@type":"Organization","@id":"https:\/\/sales-ai-agents.com\/#organization","name":"FuseBase","url":"https:\/\/sales-ai-agents.com\/","logo":{"@type":"ImageObject","inLanguage":"tr","@id":"https:\/\/sales-ai-agents.com\/#\/schema\/logo\/image\/","url":"https:\/\/sales-ai-agents.com\/wp-content\/uploads\/2023\/11\/icon-7.svg","contentUrl":"https:\/\/sales-ai-agents.com\/wp-content\/uploads\/2023\/11\/icon-7.svg","width":128,"height":128,"caption":"FuseBase"},"image":{"@id":"https:\/\/sales-ai-agents.com\/#\/schema\/logo\/image\/"}}]}},"_links":{"self":[{"href":"https:\/\/sales-ai-agents.com\/tr\/wp-json\/wp\/v2\/product\/57607","targetHints":{"allow":["GET"]}}],"collection":[{"href":"https:\/\/sales-ai-agents.com\/tr\/wp-json\/wp\/v2\/product"}],"about":[{"href":"https:\/\/sales-ai-agents.com\/tr\/wp-json\/wp\/v2\/types\/product"}],"wp:featuredmedia":[{"embeddable":true,"href":"https:\/\/sales-ai-agents.com\/tr\/wp-json\/wp\/v2\/media\/57608"}],"wp:attachment":[{"href":"https:\/\/sales-ai-agents.com\/tr\/wp-json\/wp\/v2\/media?parent=57607"}],"wp:term":[{"taxonomy":"product_brand","embeddable":true,"href":"https:\/\/sales-ai-agents.com\/tr\/wp-json\/wp\/v2\/product_brand?post=57607"},{"taxonomy":"product_cat","embeddable":true,"href":"https:\/\/sales-ai-agents.com\/tr\/wp-json\/wp\/v2\/product_cat?post=57607"},{"taxonomy":"product_tag","embeddable":true,"href":"https:\/\/sales-ai-agents.com\/tr\/wp-json\/wp\/v2\/product_tag?post=57607"}],"curies":[{"name":"wp","href":"https:\/\/api.w.org\/{rel}","templated":true}]}}