{"id":57614,"date":"2022-09-26T12:13:33","date_gmt":"2022-09-26T12:13:33","guid":{"rendered":"https:\/\/sales-ai-agents.com\/templates\/minimalist-weekly-planner\/"},"modified":"2024-01-02T13:08:09","modified_gmt":"2024-01-02T13:08:09","slug":"minimalist-weekly-planner","status":"publish","type":"product","link":"https:\/\/sales-ai-agents.com\/tr\/templates\/minimalist-weekly-planner\/","title":{"rendered":"Minimalist Haftal\u0131k Planlay\u0131c\u0131"},"content":{"rendered":"<p>&nbsp;<\/p>\n<h2>Minimalist Haftal\u0131k Planlay\u0131c\u0131 \u015eablonu<\/h2>\n<p class=\"desc-text\">Minimalist haftal\u0131k planlay\u0131c\u0131m\u0131z, haftan\u0131z\u0131 kolayl\u0131kla y\u00f6netebilmeniz i\u00e7in temiz bir tablo ve yap\u0131lacaklar listesi i\u00e7erir. Haftal\u0131k g\u00f6revlerinizi, sorumluluklar\u0131n\u0131z\u0131, son tarihlerinizi ve etkinliklerinizi belirleyin. Her etkinlik uygun g\u00fcn i\u00e7in etiketlenmi\u015f bir kutuya konur. Tamamlanan \u00f6\u011feleri kontrol etmek i\u00e7in g\u00f6rev listesini kullan\u0131n, b\u00f6ylece t\u00fcm yar\u0131m kalm\u0131\u015f i\u015flerinizi tamamlad\u0131\u011f\u0131n\u0131zdan emin olabilirsiniz.<\/p>\n<h5>Nas\u0131l kullan\u0131l\u0131r?<\/h5>\n<ul class=\"desc-item_list\">\n<li class=\"desc-item_list__point\">Haftan\u0131n etkinliklerini ve son teslim tarihlerini d\u00fc\u015f\u00fcn\u00fcn<\/li>\n<li class=\"desc-item_list__point\">Tabloyu program\u0131n\u0131zla doldurun<\/li>\n<li class=\"desc-item_list__point\">Her g\u00f6rev g\u00fcne g\u00f6re ayr\u0131 bir kutuya konur<\/li>\n<li class=\"desc-item_list__point\">Yap\u0131lacaklar listesinde belirli g\u00f6revleri listeleyin<\/li>\n<li class=\"desc-item_list__point\">Tamamlad\u0131\u011f\u0131n\u0131z g\u00f6revleri ilerledik\u00e7e kontrol edin<\/li>\n<\/ul>\n","protected":false},"excerpt":{"rendered":"<p>\u00dccretsiz minimalist haftal\u0131k planlay\u0131c\u0131m\u0131z temiz bir masa ve yap\u0131lacaklar listesi i\u00e7eriyor. Haftal\u0131k g\u00f6revlerinizi, sorumluluklar\u0131n\u0131z\u0131, son tarihlerinizi ve etkinliklerinizi kolayca d\u00fczenleyin.<\/p>\n","protected":false},"featured_media":57615,"template":"","meta":{"_acf_changed":false,"inline_featured_image":false},"product_brand":[],"product_cat":[257,266,256],"product_tag":[],"class_list":{"0":"post-57614","1":"product","2":"type-product","3":"status-publish","4":"has-post-thumbnail","6":"product_cat-personal","7":"product_cat-personal-work","8":"product_cat-organizers-planners","10":"first","11":"instock","12":"virtual","13":"sold-individually","14":"product-type-simple"},"acf":[],"yoast_head":"<!-- This site is optimized with the Yoast SEO plugin v25.3.1 - https:\/\/yoast.com\/wordpress\/plugins\/seo\/ -->\n<title>Minimalist Haftal\u0131k Planlay\u0131c\u0131 \u015eablonu - Sales AI Agents<\/title>\n<meta name=\"description\" content=\"\u00dccretsiz minimalist haftal\u0131k planlay\u0131c\u0131m\u0131z temiz bir masa ve yap\u0131lacaklar listesi i\u00e7eriyor. Haftal\u0131k g\u00f6revlerinizi, sorumluluklar\u0131n\u0131z\u0131, son tarihlerinizi ve etkinliklerinizi kolayca d\u00fczenleyin.\" \/>\n<meta name=\"robots\" content=\"index, follow, max-snippet:-1, max-image-preview:large, max-video-preview:-1\" \/>\n<link rel=\"canonical\" href=\"https:\/\/sales-ai-agents.com\/tr\/templates\/minimalist-weekly-planner\/\" \/>\n<meta property=\"og:locale\" content=\"tr_TR\" \/>\n<meta property=\"og:type\" content=\"article\" \/>\n<meta property=\"og:title\" content=\"Minimalist Haftal\u0131k Planlay\u0131c\u0131 \u015eablonu - Sales AI Agents\" \/>\n<meta property=\"og:description\" content=\"\u00dccretsiz minimalist haftal\u0131k planlay\u0131c\u0131m\u0131z temiz bir masa ve yap\u0131lacaklar listesi i\u00e7eriyor. Haftal\u0131k g\u00f6revlerinizi, sorumluluklar\u0131n\u0131z\u0131, son tarihlerinizi ve etkinliklerinizi kolayca d\u00fczenleyin.\" \/>\n<meta property=\"og:url\" content=\"https:\/\/sales-ai-agents.com\/tr\/templates\/minimalist-weekly-planner\/\" \/>\n<meta property=\"og:site_name\" content=\"Sales AI Agents\" \/>\n<meta property=\"article:modified_time\" content=\"2024-01-02T13:08:09+00:00\" \/>\n<meta property=\"og:image\" content=\"https:\/\/sales-ai-agents.com\/wp-content\/uploads\/2023\/01\/image-preview121911.png\" \/>\n\t<meta property=\"og:image:width\" content=\"1078\" \/>\n\t<meta property=\"og:image:height\" content=\"1571\" \/>\n\t<meta property=\"og:image:type\" content=\"image\/png\" \/>\n<meta name=\"twitter:card\" content=\"summary_large_image\" \/>\n<script type=\"application\/ld+json\" class=\"yoast-schema-graph\">{\"@context\":\"https:\/\/schema.org\",\"@graph\":[{\"@type\":\"WebPage\",\"@id\":\"https:\/\/sales-ai-agents.com\/tr\/templates\/minimalist-weekly-planner\/\",\"url\":\"https:\/\/sales-ai-agents.com\/tr\/templates\/minimalist-weekly-planner\/\",\"name\":\"Minimalist Haftal\u0131k Planlay\u0131c\u0131 \u015eablonu - Sales AI Agents\",\"isPartOf\":{\"@id\":\"https:\/\/sales-ai-agents.com\/#website\"},\"primaryImageOfPage\":{\"@id\":\"https:\/\/sales-ai-agents.com\/tr\/templates\/minimalist-weekly-planner\/#primaryimage\"},\"image\":{\"@id\":\"https:\/\/sales-ai-agents.com\/tr\/templates\/minimalist-weekly-planner\/#primaryimage\"},\"thumbnailUrl\":\"https:\/\/sales-ai-agents.com\/wp-content\/uploads\/2023\/01\/image-preview121911.png\",\"datePublished\":\"2022-09-26T12:13:33+00:00\",\"dateModified\":\"2024-01-02T13:08:09+00:00\",\"description\":\"\u00dccretsiz minimalist haftal\u0131k planlay\u0131c\u0131m\u0131z temiz bir masa ve yap\u0131lacaklar listesi i\u00e7eriyor. Haftal\u0131k g\u00f6revlerinizi, sorumluluklar\u0131n\u0131z\u0131, son tarihlerinizi ve etkinliklerinizi kolayca d\u00fczenleyin.\",\"inLanguage\":\"tr\",\"potentialAction\":[{\"@type\":\"ReadAction\",\"target\":[\"https:\/\/sales-ai-agents.com\/tr\/templates\/minimalist-weekly-planner\/\"]}]},{\"@type\":\"ImageObject\",\"inLanguage\":\"tr\",\"@id\":\"https:\/\/sales-ai-agents.com\/tr\/templates\/minimalist-weekly-planner\/#primaryimage\",\"url\":\"https:\/\/sales-ai-agents.com\/wp-content\/uploads\/2023\/01\/image-preview121911.png\",\"contentUrl\":\"https:\/\/sales-ai-agents.com\/wp-content\/uploads\/2023\/01\/image-preview121911.png\",\"width\":1078,\"height\":1571},{\"@type\":\"WebSite\",\"@id\":\"https:\/\/sales-ai-agents.com\/#website\",\"url\":\"https:\/\/sales-ai-agents.com\/\",\"name\":\"FuseBase\",\"description\":\"Sales AI Agents - Free Online Collaboration Software for Remote Teams. Build your wikis, client portals and more with the Nimbus Platform collaboration tool ? A perfect space for online work\",\"publisher\":{\"@id\":\"https:\/\/sales-ai-agents.com\/#organization\"},\"potentialAction\":[{\"@type\":\"SearchAction\",\"target\":{\"@type\":\"EntryPoint\",\"urlTemplate\":\"https:\/\/sales-ai-agents.com\/?s={search_term_string}\"},\"query-input\":{\"@type\":\"PropertyValueSpecification\",\"valueRequired\":true,\"valueName\":\"search_term_string\"}}],\"inLanguage\":\"tr\"},{\"@type\":\"Organization\",\"@id\":\"https:\/\/sales-ai-agents.com\/#organization\",\"name\":\"FuseBase\",\"url\":\"https:\/\/sales-ai-agents.com\/\",\"logo\":{\"@type\":\"ImageObject\",\"inLanguage\":\"tr\",\"@id\":\"https:\/\/sales-ai-agents.com\/#\/schema\/logo\/image\/\",\"url\":\"https:\/\/sales-ai-agents.com\/wp-content\/uploads\/2023\/11\/icon-7.svg\",\"contentUrl\":\"https:\/\/sales-ai-agents.com\/wp-content\/uploads\/2023\/11\/icon-7.svg\",\"width\":128,\"height\":128,\"caption\":\"FuseBase\"},\"image\":{\"@id\":\"https:\/\/sales-ai-agents.com\/#\/schema\/logo\/image\/\"}}]}<\/script>\n<!-- \/ Yoast SEO plugin. -->","yoast_head_json":{"title":"Minimalist Haftal\u0131k Planlay\u0131c\u0131 \u015eablonu - Sales AI Agents","description":"\u00dccretsiz minimalist haftal\u0131k planlay\u0131c\u0131m\u0131z temiz bir masa ve yap\u0131lacaklar listesi i\u00e7eriyor. Haftal\u0131k g\u00f6revlerinizi, sorumluluklar\u0131n\u0131z\u0131, son tarihlerinizi ve etkinliklerinizi kolayca d\u00fczenleyin.","robots":{"index":"index","follow":"follow","max-snippet":"max-snippet:-1","max-image-preview":"max-image-preview:large","max-video-preview":"max-video-preview:-1"},"canonical":"https:\/\/sales-ai-agents.com\/tr\/templates\/minimalist-weekly-planner\/","og_locale":"tr_TR","og_type":"article","og_title":"Minimalist Haftal\u0131k Planlay\u0131c\u0131 \u015eablonu - Sales AI Agents","og_description":"\u00dccretsiz minimalist haftal\u0131k planlay\u0131c\u0131m\u0131z temiz bir masa ve yap\u0131lacaklar listesi i\u00e7eriyor. Haftal\u0131k g\u00f6revlerinizi, sorumluluklar\u0131n\u0131z\u0131, son tarihlerinizi ve etkinliklerinizi kolayca d\u00fczenleyin.","og_url":"https:\/\/sales-ai-agents.com\/tr\/templates\/minimalist-weekly-planner\/","og_site_name":"Sales AI Agents","article_modified_time":"2024-01-02T13:08:09+00:00","og_image":[{"width":1078,"height":1571,"url":"https:\/\/sales-ai-agents.com\/wp-content\/uploads\/2023\/01\/image-preview121911.png","type":"image\/png"}],"twitter_card":"summary_large_image","schema":{"@context":"https:\/\/schema.org","@graph":[{"@type":"WebPage","@id":"https:\/\/sales-ai-agents.com\/tr\/templates\/minimalist-weekly-planner\/","url":"https:\/\/sales-ai-agents.com\/tr\/templates\/minimalist-weekly-planner\/","name":"Minimalist Haftal\u0131k Planlay\u0131c\u0131 \u015eablonu - Sales AI Agents","isPartOf":{"@id":"https:\/\/sales-ai-agents.com\/#website"},"primaryImageOfPage":{"@id":"https:\/\/sales-ai-agents.com\/tr\/templates\/minimalist-weekly-planner\/#primaryimage"},"image":{"@id":"https:\/\/sales-ai-agents.com\/tr\/templates\/minimalist-weekly-planner\/#primaryimage"},"thumbnailUrl":"https:\/\/sales-ai-agents.com\/wp-content\/uploads\/2023\/01\/image-preview121911.png","datePublished":"2022-09-26T12:13:33+00:00","dateModified":"2024-01-02T13:08:09+00:00","description":"\u00dccretsiz minimalist haftal\u0131k planlay\u0131c\u0131m\u0131z temiz bir masa ve yap\u0131lacaklar listesi i\u00e7eriyor. Haftal\u0131k g\u00f6revlerinizi, sorumluluklar\u0131n\u0131z\u0131, son tarihlerinizi ve etkinliklerinizi kolayca d\u00fczenleyin.","inLanguage":"tr","potentialAction":[{"@type":"ReadAction","target":["https:\/\/sales-ai-agents.com\/tr\/templates\/minimalist-weekly-planner\/"]}]},{"@type":"ImageObject","inLanguage":"tr","@id":"https:\/\/sales-ai-agents.com\/tr\/templates\/minimalist-weekly-planner\/#primaryimage","url":"https:\/\/sales-ai-agents.com\/wp-content\/uploads\/2023\/01\/image-preview121911.png","contentUrl":"https:\/\/sales-ai-agents.com\/wp-content\/uploads\/2023\/01\/image-preview121911.png","width":1078,"height":1571},{"@type":"WebSite","@id":"https:\/\/sales-ai-agents.com\/#website","url":"https:\/\/sales-ai-agents.com\/","name":"FuseBase","description":"Sales AI Agents - Free Online Collaboration Software for Remote Teams. Build your wikis, client portals and more with the Nimbus Platform collaboration tool ? A perfect space for online work","publisher":{"@id":"https:\/\/sales-ai-agents.com\/#organization"},"potentialAction":[{"@type":"SearchAction","target":{"@type":"EntryPoint","urlTemplate":"https:\/\/sales-ai-agents.com\/?s={search_term_string}"},"query-input":{"@type":"PropertyValueSpecification","valueRequired":true,"valueName":"search_term_string"}}],"inLanguage":"tr"},{"@type":"Organization","@id":"https:\/\/sales-ai-agents.com\/#organization","name":"FuseBase","url":"https:\/\/sales-ai-agents.com\/","logo":{"@type":"ImageObject","inLanguage":"tr","@id":"https:\/\/sales-ai-agents.com\/#\/schema\/logo\/image\/","url":"https:\/\/sales-ai-agents.com\/wp-content\/uploads\/2023\/11\/icon-7.svg","contentUrl":"https:\/\/sales-ai-agents.com\/wp-content\/uploads\/2023\/11\/icon-7.svg","width":128,"height":128,"caption":"FuseBase"},"image":{"@id":"https:\/\/sales-ai-agents.com\/#\/schema\/logo\/image\/"}}]}},"_links":{"self":[{"href":"https:\/\/sales-ai-agents.com\/tr\/wp-json\/wp\/v2\/product\/57614","targetHints":{"allow":["GET"]}}],"collection":[{"href":"https:\/\/sales-ai-agents.com\/tr\/wp-json\/wp\/v2\/product"}],"about":[{"href":"https:\/\/sales-ai-agents.com\/tr\/wp-json\/wp\/v2\/types\/product"}],"wp:featuredmedia":[{"embeddable":true,"href":"https:\/\/sales-ai-agents.com\/tr\/wp-json\/wp\/v2\/media\/57615"}],"wp:attachment":[{"href":"https:\/\/sales-ai-agents.com\/tr\/wp-json\/wp\/v2\/media?parent=57614"}],"wp:term":[{"taxonomy":"product_brand","embeddable":true,"href":"https:\/\/sales-ai-agents.com\/tr\/wp-json\/wp\/v2\/product_brand?post=57614"},{"taxonomy":"product_cat","embeddable":true,"href":"https:\/\/sales-ai-agents.com\/tr\/wp-json\/wp\/v2\/product_cat?post=57614"},{"taxonomy":"product_tag","embeddable":true,"href":"https:\/\/sales-ai-agents.com\/tr\/wp-json\/wp\/v2\/product_tag?post=57614"}],"curies":[{"name":"wp","href":"https:\/\/api.w.org\/{rel}","templated":true}]}}